{"id":20568,"date":"2019-07-08T18:07:13","date_gmt":"2019-07-08T16:07:13","guid":{"rendered":"https:\/\/www.maxima-dia.com\/?page_id=20568"},"modified":"2019-09-12T11:49:00","modified_gmt":"2019-09-12T09:49:00","slug":"maszyny-do-ciecia","status":"publish","type":"page","link":"https:\/\/www.maxima-dia.com\/pl\/maszyny-do-ciecia\/","title":{"rendered":"Maszyny do Ci\u0119cia"},"content":{"rendered":"<div class=\"wpb-content-wrapper\"><p>[vc_row bottom_padding=&#8221;50&#8243;][vc_column width=&#8221;1\/1&#8243;][vc_column_text]W tej sekcji przedstawiamy wszystkie maszyny budowlane do ci\u0119cia narz\u0119dziami diamentowymi z oferty Maximy, takie jak bruzdownice, szlifierki, pi\u0142y sto\u0142owe, pi\u0142y do pod\u0142\u00f3g, seri\u0119 zag\u0119szczarek Vibramax do prac wyko\u0144czeniowych, sprz\u0119t dla firm budowlanych i drogowych. Wszystkie nasze maszyny s\u0105 produkowane w Unii Europejskiej <img loading=\"lazy\" decoding=\"async\" class=\"wp-image-6471\" src=\"\/wp-content\/uploads\/2011\/09\/eu_flag.png\" alt=\"\" width=\"18\" height=\"15\"> oraz posiadaj\u0105 certyfikat <strong>CE<\/strong>.[\/vc_column_text][\/vc_column][\/vc_row][vc_row][vc_column width=&#8221;1\/1&#8243;][vc_basic_grid post_type=&#8221;custom&#8221; element_width=&#8221;3&#8243; gap=&#8221;10&#8243; item=&#8221;15386&#8243; initial_loading_animation=&#8221;none&#8221; grid_id=&#8221;vc_gid:1568281557335-0351f9a5-ed3f-8&#8243; custom_query=&#8221;post_type=page&amp;post_parent=20568&amp;sort_column=menu_order&amp;orderby=menu_order&amp;order=ASC&amp;post_status=publish&amp;posts_per_page=100&#8243;][\/vc_column][\/vc_row]<\/p>\n<\/div>","protected":false},"excerpt":{"rendered":"<p>[vc_row bottom_padding=&#8221;50&#8243;][vc_column width=&#8221;1\/1&#8243;][vc_column_text]W tej sekcji przedstawiamy wszystkie maszyny budowlane do ci\u0119cia narz\u0119dziami diamentowymi z oferty Maximy, takie jak bruzdownice, szlifierki, pi\u0142y sto\u0142owe, pi\u0142y do pod\u0142\u00f3g, seri\u0119 zag\u0119szczarek Vibramax do prac wyko\u0144czeniowych, sprz\u0119t dla firm budowlanych i drogowych. Wszystkie nasze maszyny s\u0105 produkowane w Unii Europejskiej oraz posiadaj\u0105 certyfikat CE.[\/vc_column_text][\/vc_column][\/vc_row][vc_row][vc_column width=&#8221;1\/1&#8243;][vc_basic_grid post_type=&#8221;custom&#8221; element_width=&#8221;3&#8243; gap=&#8221;10&#8243; item=&#8221;15386&#8243; initial_loading_animation=&#8221;none&#8221; grid_id=&#8221;vc_gid:1568281557335-0351f9a5-ed3f-8&#8243; custom_query=&#8221;post_type=page&amp;post_parent=20568&amp;sort_column=menu_order&amp;orderby=menu_order&amp;order=ASC&amp;post_status=publish&amp;posts_per_page=100&#8243;][\/vc_column][\/vc_row]<\/p>\n","protected":false},"author":29,"featured_media":0,"parent":0,"menu_order":278,"comment_status":"closed","ping_status":"closed","template":"","meta":{"ngg_post_thumbnail":0,"_joinchat":[],"footnotes":""},"class_list":["post-20568","page","type-page","status-publish","hentry"],"yoast_head":"<!-- This site is optimized with the Yoast SEO plugin v25.5 - https:\/\/yoast.com\/wordpress\/plugins\/seo\/ -->\n<title>Maszyny do Ci\u0119cia - Maxima SpA<\/title>\n<meta name=\"robots\" content=\"index, follow, max-snippet:-1, max-image-preview:large, max-video-preview:-1\" \/>\n<link rel=\"canonical\" href=\"https:\/\/www.maxima-dia.com\/pl\/maszyny-do-ciecia\/\" \/>\n<meta property=\"og:locale\" content=\"pl_PL\" \/>\n<meta property=\"og:type\" content=\"article\" \/>\n<meta property=\"og:title\" content=\"Maszyny do Ci\u0119cia - Maxima SpA\" \/>\n<meta property=\"og:description\" content=\"[vc_row bottom_padding=&#8221;50&#8243;][vc_column width=&#8221;1\/1&#8243;][vc_column_text]W tej sekcji przedstawiamy wszystkie maszyny budowlane do ci\u0119cia narz\u0119dziami diamentowymi z oferty Maximy, takie jak bruzdownice, szlifierki, pi\u0142y sto\u0142owe, pi\u0142y do pod\u0142\u00f3g, seri\u0119 zag\u0119szczarek Vibramax do prac wyko\u0144czeniowych, sprz\u0119t dla firm budowlanych i drogowych. Wszystkie nasze maszyny s\u0105 produkowane w Unii Europejskiej oraz posiadaj\u0105 certyfikat CE.[\/vc_column_text][\/vc_column][\/vc_row][vc_row][vc_column width=&#8221;1\/1&#8243;][vc_basic_grid post_type=&#8221;custom&#8221; element_width=&#8221;3&#8243; gap=&#8221;10&#8243; item=&#8221;15386&#8243; initial_loading_animation=&#8221;none&#8221; grid_id=&#8221;vc_gid:1568281557335-0351f9a5-ed3f-8&#8243; custom_query=&#8221;post_type=page&amp;post_parent=20568&amp;sort_column=menu_order&amp;orderby=menu_order&amp;order=ASC&amp;post_status=publish&amp;posts_per_page=100&#8243;][\/vc_column][\/vc_row]\" \/>\n<meta property=\"og:url\" content=\"https:\/\/www.maxima-dia.com\/pl\/maszyny-do-ciecia\/\" \/>\n<meta property=\"og:site_name\" content=\"Maxima SpA\" \/>\n<meta property=\"article:publisher\" content=\"https:\/\/www.facebook.com\/Maxima-spa-106098566139597\" \/>\n<meta property=\"article:modified_time\" content=\"2019-09-12T09:49:00+00:00\" \/>\n<meta property=\"og:image\" content=\"https:\/\/www.maxima-dia.com\/wp-content\/uploads\/2011\/09\/eu_flag.png\" \/>\n<meta name=\"twitter:card\" content=\"summary_large_image\" \/>\n<meta name=\"twitter:site\" content=\"@Maximadia\" \/>\n<meta name=\"twitter:label1\" content=\"Szacowany czas czytania\" \/>\n\t<meta name=\"twitter:data1\" content=\"1 minuta\" \/>\n<script type=\"application\/ld+json\" class=\"yoast-schema-graph\">{\"@context\":\"https:\/\/schema.org\",\"@graph\":[{\"@type\":\"WebPage\",\"@id\":\"https:\/\/www.maxima-dia.com\/pl\/maszyny-do-ciecia\/\",\"url\":\"https:\/\/www.maxima-dia.com\/pl\/maszyny-do-ciecia\/\",\"name\":\"Maszyny do Ci\u0119cia - Maxima SpA\",\"isPartOf\":{\"@id\":\"https:\/\/www.maxima-dia.com\/pl\/#website\"},\"datePublished\":\"2019-07-08T16:07:13+00:00\",\"dateModified\":\"2019-09-12T09:49:00+00:00\",\"breadcrumb\":{\"@id\":\"https:\/\/www.maxima-dia.com\/pl\/maszyny-do-ciecia\/#breadcrumb\"},\"inLanguage\":\"pl-PL\",\"potentialAction\":[{\"@type\":\"ReadAction\",\"target\":[\"https:\/\/www.maxima-dia.com\/pl\/maszyny-do-ciecia\/\"]}]},{\"@type\":\"BreadcrumbList\",\"@id\":\"https:\/\/www.maxima-dia.com\/pl\/maszyny-do-ciecia\/#breadcrumb\",\"itemListElement\":[{\"@type\":\"ListItem\",\"position\":1,\"name\":\"Home\",\"item\":\"https:\/\/www.maxima-dia.com\/pl\/\"},{\"@type\":\"ListItem\",\"position\":2,\"name\":\"Maszyny do Ci\u0119cia\"}]},{\"@type\":\"WebSite\",\"@id\":\"https:\/\/www.maxima-dia.com\/pl\/#website\",\"url\":\"https:\/\/www.maxima-dia.com\/pl\/\",\"name\":\"Maxima SpA\",\"description\":\"Only for the real professionals\",\"potentialAction\":[{\"@type\":\"SearchAction\",\"target\":{\"@type\":\"EntryPoint\",\"urlTemplate\":\"https:\/\/www.maxima-dia.com\/pl\/?s={search_term_string}\"},\"query-input\":{\"@type\":\"PropertyValueSpecification\",\"valueRequired\":true,\"valueName\":\"search_term_string\"}}],\"inLanguage\":\"pl-PL\"}]}<\/script>\n<!-- \/ Yoast SEO plugin. -->","yoast_head_json":{"title":"Maszyny do Ci\u0119cia - Maxima SpA","robots":{"index":"index","follow":"follow","max-snippet":"max-snippet:-1","max-image-preview":"max-image-preview:large","max-video-preview":"max-video-preview:-1"},"canonical":"https:\/\/www.maxima-dia.com\/pl\/maszyny-do-ciecia\/","og_locale":"pl_PL","og_type":"article","og_title":"Maszyny do Ci\u0119cia - Maxima SpA","og_description":"[vc_row bottom_padding=&#8221;50&#8243;][vc_column width=&#8221;1\/1&#8243;][vc_column_text]W tej sekcji przedstawiamy wszystkie maszyny budowlane do ci\u0119cia narz\u0119dziami diamentowymi z oferty Maximy, takie jak bruzdownice, szlifierki, pi\u0142y sto\u0142owe, pi\u0142y do pod\u0142\u00f3g, seri\u0119 zag\u0119szczarek Vibramax do prac wyko\u0144czeniowych, sprz\u0119t dla firm budowlanych i drogowych. Wszystkie nasze maszyny s\u0105 produkowane w Unii Europejskiej oraz posiadaj\u0105 certyfikat CE.[\/vc_column_text][\/vc_column][\/vc_row][vc_row][vc_column width=&#8221;1\/1&#8243;][vc_basic_grid post_type=&#8221;custom&#8221; element_width=&#8221;3&#8243; gap=&#8221;10&#8243; item=&#8221;15386&#8243; initial_loading_animation=&#8221;none&#8221; grid_id=&#8221;vc_gid:1568281557335-0351f9a5-ed3f-8&#8243; custom_query=&#8221;post_type=page&amp;post_parent=20568&amp;sort_column=menu_order&amp;orderby=menu_order&amp;order=ASC&amp;post_status=publish&amp;posts_per_page=100&#8243;][\/vc_column][\/vc_row]","og_url":"https:\/\/www.maxima-dia.com\/pl\/maszyny-do-ciecia\/","og_site_name":"Maxima SpA","article_publisher":"https:\/\/www.facebook.com\/Maxima-spa-106098566139597","article_modified_time":"2019-09-12T09:49:00+00:00","og_image":[{"url":"https:\/\/www.maxima-dia.com\/wp-content\/uploads\/2011\/09\/eu_flag.png","type":"","width":"","height":""}],"twitter_card":"summary_large_image","twitter_site":"@Maximadia","twitter_misc":{"Szacowany czas czytania":"1 minuta"},"schema":{"@context":"https:\/\/schema.org","@graph":[{"@type":"WebPage","@id":"https:\/\/www.maxima-dia.com\/pl\/maszyny-do-ciecia\/","url":"https:\/\/www.maxima-dia.com\/pl\/maszyny-do-ciecia\/","name":"Maszyny do Ci\u0119cia - Maxima SpA","isPartOf":{"@id":"https:\/\/www.maxima-dia.com\/pl\/#website"},"datePublished":"2019-07-08T16:07:13+00:00","dateModified":"2019-09-12T09:49:00+00:00","breadcrumb":{"@id":"https:\/\/www.maxima-dia.com\/pl\/maszyny-do-ciecia\/#breadcrumb"},"inLanguage":"pl-PL","potentialAction":[{"@type":"ReadAction","target":["https:\/\/www.maxima-dia.com\/pl\/maszyny-do-ciecia\/"]}]},{"@type":"BreadcrumbList","@id":"https:\/\/www.maxima-dia.com\/pl\/maszyny-do-ciecia\/#breadcrumb","itemListElement":[{"@type":"ListItem","position":1,"name":"Home","item":"https:\/\/www.maxima-dia.com\/pl\/"},{"@type":"ListItem","position":2,"name":"Maszyny do Ci\u0119cia"}]},{"@type":"WebSite","@id":"https:\/\/www.maxima-dia.com\/pl\/#website","url":"https:\/\/www.maxima-dia.com\/pl\/","name":"Maxima SpA","description":"Only for the real professionals","potentialAction":[{"@type":"SearchAction","target":{"@type":"EntryPoint","urlTemplate":"https:\/\/www.maxima-dia.com\/pl\/?s={search_term_string}"},"query-input":{"@type":"PropertyValueSpecification","valueRequired":true,"valueName":"search_term_string"}}],"inLanguage":"pl-PL"}]}},"_links":{"self":[{"href":"https:\/\/www.maxima-dia.com\/pl\/wp-json\/wp\/v2\/pages\/20568"}],"collection":[{"href":"https:\/\/www.maxima-dia.com\/pl\/wp-json\/wp\/v2\/pages"}],"about":[{"href":"https:\/\/www.maxima-dia.com\/pl\/wp-json\/wp\/v2\/types\/page"}],"author":[{"embeddable":true,"href":"https:\/\/www.maxima-dia.com\/pl\/wp-json\/wp\/v2\/users\/29"}],"replies":[{"embeddable":true,"href":"https:\/\/www.maxima-dia.com\/pl\/wp-json\/wp\/v2\/comments?post=20568"}],"version-history":[{"count":0,"href":"https:\/\/www.maxima-dia.com\/pl\/wp-json\/wp\/v2\/pages\/20568\/revisions"}],"wp:attachment":[{"href":"https:\/\/www.maxima-dia.com\/pl\/wp-json\/wp\/v2\/media?parent=20568"}],"curies":[{"name":"wp","href":"https:\/\/api.w.org\/{rel}","templated":true}]}}