{"id":20616,"date":"2019-07-09T10:46:03","date_gmt":"2019-07-09T08:46:03","guid":{"rendered":"https:\/\/www.maxima-dia.com\/?page_id=20616"},"modified":"2019-07-09T12:28:20","modified_gmt":"2019-07-09T10:28:20","slug":"maxi-1000","status":"publish","type":"page","link":"https:\/\/www.maxima-dia.com\/pl\/maszyny-do-ciecia\/maxi-1000\/","title":{"rendered":"Maxi 1000"},"content":{"rendered":"<div class=\"wpb-content-wrapper\"><p>[vc_row][vc_column text_align=&#8221;center&#8221; width=&#8221;1\/4&#8243;][vc_column_text]<a href=\"\/wp-content\/uploads\/2017\/02\/maxi-1000.jpg\"><img loading=\"lazy\" decoding=\"async\" class=\"alignnone size-thumbnail wp-image-13886\" src=\"\/wp-content\/uploads\/2017\/02\/maxi-1000-150x150.jpg\" alt=\"MAXI 1000\" width=\"150\" height=\"150\" srcset=\"https:\/\/www.maxima-dia.com\/wp-content\/uploads\/2017\/02\/maxi-1000-150x150.jpg 150w, https:\/\/www.maxima-dia.com\/wp-content\/uploads\/2017\/02\/maxi-1000-300x300.jpg 300w, https:\/\/www.maxima-dia.com\/wp-content\/uploads\/2017\/02\/maxi-1000-768x768.jpg 768w, https:\/\/www.maxima-dia.com\/wp-content\/uploads\/2017\/02\/maxi-1000-1024x1024.jpg 1024w, https:\/\/www.maxima-dia.com\/wp-content\/uploads\/2017\/02\/maxi-1000-80x80.jpg 80w, https:\/\/www.maxima-dia.com\/wp-content\/uploads\/2017\/02\/maxi-1000-500x500.jpg 500w, https:\/\/www.maxima-dia.com\/wp-content\/uploads\/2017\/02\/maxi-1000-1000x1000.jpg 1000w, https:\/\/www.maxima-dia.com\/wp-content\/uploads\/2017\/02\/maxi-1000.jpg 1200w\" sizes=\"(max-width: 150px) 100vw, 150px\" \/><\/a><\/p>\n<p>Wyprodukowany w UE <img loading=\"lazy\" decoding=\"async\" src=\"\/wp-content\/uploads\/2013\/11\/eu.png\" alt=\"eu\" width=\"24\" height=\"16\"> &#8211; certyfikat CE[\/vc_column_text][\/vc_column][vc_column width=&#8221;3\/4&#8243;][vc_column_text]Rynek ewoluuje, a oferta produkt\u00f3w pod\u0105\u017ca za nowymi wymaganiami. Coraz bardziej popularne konstrukcje z du\u017cymi blokami wymagaj\u0105 u\u017cycia maszyn, kt\u00f3re mog\u0105 je ci\u0105\u0107. Dlatego stworzono <strong>Maxi 1000<\/strong>: wysoko\u015b\u0107 ci\u0119cia wynosi ponad 40 cm i ponad 60 cm przy dw\u00f3ch ci\u0119ciach, silnik tr\u00f3jfazowy 10 KM zapewnia \u0142atwe i natychmiastowe podej\u015bcie do wielu potrzeb zwi\u0105zanych z budow\u0105. Maszyna jest dostarczana z tarcz\u0105 <strong>Laser Red Silent<\/strong> wyprodukowany\u0105 technik\u0105 \u201eDetenso\u201d.<\/p>\n<table class=\"tabellafotocarotaggio\" style=\"width: 100%;\">\n<tbody>\n<tr>\n<td style=\"width: 33%; text-align: center;\"><a href=\"\/wp-content\/uploads\/2017\/02\/maxi-1000-f1.jpg\"><img loading=\"lazy\" decoding=\"async\" class=\"alignnone wp-image-13873 size-thumbnail\" src=\"\/wp-content\/uploads\/2017\/02\/maxi-1000-f1-150x150.jpg\" width=\"150\" height=\"150\"><\/a><\/td>\n<td style=\"width: 33%; text-align: center;\"><a href=\"\/wp-content\/uploads\/2017\/02\/maxi-1000-f2.jpg\"><img loading=\"lazy\" decoding=\"async\" class=\"alignnone wp-image-13685 size-thumbnail\" src=\"\/wp-content\/uploads\/2017\/02\/maxi-1000-f2-150x150.jpg\" width=\"150\" height=\"150\"><\/a><\/td>\n<td style=\"width: 33%; text-align: center;\"><a href=\"\/wp-content\/uploads\/2017\/02\/maxi-1000-f3.jpg\"><img loading=\"lazy\" decoding=\"async\" class=\"alignnone wp-image-13686 size-thumbnail\" src=\"\/wp-content\/uploads\/2017\/02\/maxi-1000-f3-150x150.jpg\" width=\"150\" height=\"150\"><\/a><\/td>\n<\/tr>\n<\/tbody>\n<\/table>\n<p class=\"p1\">&nbsp;<\/p>\n<table class=\"tabellatecnica\" style=\"width: 100%; height: 144px;\" border=\"0\" cellspacing=\"0\" cellpadding=\"0\">\n<thead>\n<tr style=\"height: 24px;\">\n<td class=\"testata\" style=\"height: 24px;\" colspan=\"2\">TECHNICAL FEATURES<\/td>\n<\/tr>\n<\/thead>\n<tbody>\n<tr style=\"height: 24px;\">\n<td class=\"coltesto1\" style=\"width: 50%; height: 24px;\">Dost\u0119pne przy 400 V &#8211; 10 Hp \u2013 7,4 kW<\/td>\n<td class=\"coltesto2\" style=\"width: 50%; height: 24px;\">G\u0142owica przytwierdzona<\/td>\n<\/tr>\n<tr style=\"height: 24px;\">\n<td class=\"coltesto1\" style=\"width: 50%; height: 24px;\">1000 mm \u015brednicy. Ostrza &#8211; otw\u00f3r 60 mm + PIN<\/td>\n<td class=\"coltesto2\" style=\"width: 50%; height: 24px;\">W\u00f3zek przesuwny na regulowanych \u0142o\u017cyskach wodoszczelnych<\/td>\n<\/tr>\n<tr style=\"height: 24px;\">\n<td class=\"coltesto1\" style=\"width: 50%; height: 48px;\" rowspan=\"2\">Wysoko\u015b\u0107 ci\u0119cia jednorazowo maks 400 mm<br \/>\nPonad 600 mm w dw\u00f3ch ci\u0119ciach<\/td>\n<td class=\"coltesto2\" style=\"width: 50%; height: 24px;\">Regulowane prowadnice w\u00f3zka<\/td>\n<\/tr>\n<tr style=\"height: 24px;\">\n<td class=\"coltesto2\" style=\"width: 50%; height: 24px;\">Wymiary (szer. X g\u0142. X wys.): 190 x 90 x 180 cm<\/td>\n<\/tr>\n<tr style=\"height: 24px;\">\n<td class=\"coltesto2\" style=\"width: 50%; height: 24px;\">D\u0142ugo\u015b\u0107 ci\u0119cia Max 1300 mm<\/td>\n<td class=\"coltesto2\" style=\"width: 50%; height: 24px;\">Waga: 300 Kg<\/td>\n<\/tr>\n<\/tbody>\n<\/table>\n<p>[\/vc_column_text][\/vc_column][\/vc_row]<\/p>\n<\/div>","protected":false},"excerpt":{"rendered":"<p>[vc_row][vc_column text_align=&#8221;center&#8221; width=&#8221;1\/4&#8243;][vc_column_text] Wyprodukowany w UE &#8211; certyfikat CE[\/vc_column_text][\/vc_column][vc_column width=&#8221;3\/4&#8243;][vc_column_text]Rynek ewoluuje, a oferta produkt\u00f3w pod\u0105\u017ca za nowymi wymaganiami. Coraz bardziej popularne konstrukcje z du\u017cymi blokami wymagaj\u0105 u\u017cycia maszyn, kt\u00f3re mog\u0105 je ci\u0105\u0107. Dlatego stworzono Maxi 1000: wysoko\u015b\u0107 ci\u0119cia wynosi ponad 40 cm i ponad 60 cm przy dw\u00f3ch ci\u0119ciach, silnik tr\u00f3jfazowy 10 KM zapewnia \u0142atwe i natychmiastowe podej\u015bcie do wielu potrzeb zwi\u0105zanych z budow\u0105. Maszyna jest dostarczana z tarcz\u0105 Laser Red Silent wyprodukowany\u0105 technik\u0105 \u201eDetenso\u201d. &nbsp; TECHNICAL FEATURES Dost\u0119pne przy 400 V &#8211; 10 Hp \u2013 7,4 kW G\u0142owica przytwierdzona 1000 mm \u015brednicy. Ostrza &#8211; otw\u00f3r 60 mm + PIN W\u00f3zek przesuwny na regulowanych \u0142o\u017cyskach wodoszczelnych Wysoko\u015b\u0107 ci\u0119cia jednorazowo maks 400 mm Ponad 600 mm w dw\u00f3ch ci\u0119ciach Regulowane prowadnice w\u00f3zka Wymiary (szer. X g\u0142. X wys.): 190 x 90 x 180 cm D\u0142ugo\u015b\u0107 ci\u0119cia Max 1300 mm Waga: 300 Kg [\/vc_column_text][\/vc_column][\/vc_row]<\/p>\n","protected":false},"author":29,"featured_media":20619,"parent":20568,"menu_order":6,"comment_status":"closed","ping_status":"closed","template":"","meta":{"ngg_post_thumbnail":0,"_joinchat":[],"footnotes":""},"class_list":["post-20616","page","type-page","status-publish","has-post-thumbnail","hentry"],"yoast_head":"<!-- This site is optimized with the Yoast SEO plugin v25.5 - https:\/\/yoast.com\/wordpress\/plugins\/seo\/ -->\n<title>Maxi 1000 - Maxima SpA<\/title>\n<meta name=\"robots\" content=\"index, follow, max-snippet:-1, max-image-preview:large, max-video-preview:-1\" \/>\n<link rel=\"canonical\" href=\"https:\/\/www.maxima-dia.com\/pl\/maszyny-do-ciecia\/maxi-1000\/\" \/>\n<meta property=\"og:locale\" content=\"pl_PL\" \/>\n<meta property=\"og:type\" content=\"article\" \/>\n<meta property=\"og:title\" content=\"Maxi 1000 - Maxima SpA\" \/>\n<meta property=\"og:description\" content=\"[vc_row][vc_column text_align=&#8221;center&#8221; width=&#8221;1\/4&#8243;][vc_column_text] Wyprodukowany w UE &#8211; certyfikat CE[\/vc_column_text][\/vc_column][vc_column width=&#8221;3\/4&#8243;][vc_column_text]Rynek ewoluuje, a oferta produkt\u00f3w pod\u0105\u017ca za nowymi wymaganiami. Coraz bardziej popularne konstrukcje z du\u017cymi blokami wymagaj\u0105 u\u017cycia maszyn, kt\u00f3re mog\u0105 je ci\u0105\u0107. Dlatego stworzono Maxi 1000: wysoko\u015b\u0107 ci\u0119cia wynosi ponad 40 cm i ponad 60 cm przy dw\u00f3ch ci\u0119ciach, silnik tr\u00f3jfazowy 10 KM zapewnia \u0142atwe i natychmiastowe podej\u015bcie do wielu potrzeb zwi\u0105zanych z budow\u0105. Maszyna jest dostarczana z tarcz\u0105 Laser Red Silent wyprodukowany\u0105 technik\u0105 \u201eDetenso\u201d. &nbsp; TECHNICAL FEATURES Dost\u0119pne przy 400 V &#8211; 10 Hp \u2013 7,4 kW G\u0142owica przytwierdzona 1000 mm \u015brednicy. Ostrza &#8211; otw\u00f3r 60 mm + PIN W\u00f3zek przesuwny na regulowanych \u0142o\u017cyskach wodoszczelnych Wysoko\u015b\u0107 ci\u0119cia jednorazowo maks 400 mm Ponad 600 mm w dw\u00f3ch ci\u0119ciach Regulowane prowadnice w\u00f3zka Wymiary (szer. X g\u0142. X wys.): 190 x 90 x 180 cm D\u0142ugo\u015b\u0107 ci\u0119cia Max 1300 mm Waga: 300 Kg [\/vc_column_text][\/vc_column][\/vc_row]\" \/>\n<meta property=\"og:url\" content=\"https:\/\/www.maxima-dia.com\/pl\/maszyny-do-ciecia\/maxi-1000\/\" \/>\n<meta property=\"og:site_name\" content=\"Maxima SpA\" \/>\n<meta property=\"article:publisher\" content=\"https:\/\/www.facebook.com\/Maxima-spa-106098566139597\" \/>\n<meta property=\"article:modified_time\" content=\"2019-07-09T10:28:20+00:00\" \/>\n<meta property=\"og:image\" content=\"https:\/\/www.maxima-dia.com\/wp-content\/uploads\/2019\/07\/maxi-1000.jpg\" \/>\n\t<meta property=\"og:image:width\" content=\"1200\" \/>\n\t<meta property=\"og:image:height\" content=\"1200\" \/>\n\t<meta property=\"og:image:type\" content=\"image\/jpeg\" \/>\n<meta name=\"twitter:card\" content=\"summary_large_image\" \/>\n<meta name=\"twitter:site\" content=\"@Maximadia\" \/>\n<meta name=\"twitter:label1\" content=\"Szacowany czas czytania\" \/>\n\t<meta name=\"twitter:data1\" content=\"1 minuta\" \/>\n<script type=\"application\/ld+json\" class=\"yoast-schema-graph\">{\"@context\":\"https:\/\/schema.org\",\"@graph\":[{\"@type\":\"WebPage\",\"@id\":\"https:\/\/www.maxima-dia.com\/pl\/maszyny-do-ciecia\/maxi-1000\/\",\"url\":\"https:\/\/www.maxima-dia.com\/pl\/maszyny-do-ciecia\/maxi-1000\/\",\"name\":\"Maxi 1000 - Maxima SpA\",\"isPartOf\":{\"@id\":\"https:\/\/www.maxima-dia.com\/pl\/#website\"},\"primaryImageOfPage\":{\"@id\":\"https:\/\/www.maxima-dia.com\/pl\/maszyny-do-ciecia\/maxi-1000\/#primaryimage\"},\"image\":{\"@id\":\"https:\/\/www.maxima-dia.com\/pl\/maszyny-do-ciecia\/maxi-1000\/#primaryimage\"},\"thumbnailUrl\":\"https:\/\/www.maxima-dia.com\/wp-content\/uploads\/2019\/07\/maxi-1000.jpg\",\"datePublished\":\"2019-07-09T08:46:03+00:00\",\"dateModified\":\"2019-07-09T10:28:20+00:00\",\"breadcrumb\":{\"@id\":\"https:\/\/www.maxima-dia.com\/pl\/maszyny-do-ciecia\/maxi-1000\/#breadcrumb\"},\"inLanguage\":\"pl-PL\",\"potentialAction\":[{\"@type\":\"ReadAction\",\"target\":[\"https:\/\/www.maxima-dia.com\/pl\/maszyny-do-ciecia\/maxi-1000\/\"]}]},{\"@type\":\"ImageObject\",\"inLanguage\":\"pl-PL\",\"@id\":\"https:\/\/www.maxima-dia.com\/pl\/maszyny-do-ciecia\/maxi-1000\/#primaryimage\",\"url\":\"https:\/\/www.maxima-dia.com\/wp-content\/uploads\/2019\/07\/maxi-1000.jpg\",\"contentUrl\":\"https:\/\/www.maxima-dia.com\/wp-content\/uploads\/2019\/07\/maxi-1000.jpg\",\"width\":1200,\"height\":1200},{\"@type\":\"BreadcrumbList\",\"@id\":\"https:\/\/www.maxima-dia.com\/pl\/maszyny-do-ciecia\/maxi-1000\/#breadcrumb\",\"itemListElement\":[{\"@type\":\"ListItem\",\"position\":1,\"name\":\"Home\",\"item\":\"https:\/\/www.maxima-dia.com\/pl\/\"},{\"@type\":\"ListItem\",\"position\":2,\"name\":\"Maszyny do Ci\u0119cia\",\"item\":\"https:\/\/www.maxima-dia.com\/pl\/maszyny-do-ciecia\/\"},{\"@type\":\"ListItem\",\"position\":3,\"name\":\"Maxi 1000\"}]},{\"@type\":\"WebSite\",\"@id\":\"https:\/\/www.maxima-dia.com\/pl\/#website\",\"url\":\"https:\/\/www.maxima-dia.com\/pl\/\",\"name\":\"Maxima SpA\",\"description\":\"Only for the real professionals\",\"potentialAction\":[{\"@type\":\"SearchAction\",\"target\":{\"@type\":\"EntryPoint\",\"urlTemplate\":\"https:\/\/www.maxima-dia.com\/pl\/?s={search_term_string}\"},\"query-input\":{\"@type\":\"PropertyValueSpecification\",\"valueRequired\":true,\"valueName\":\"search_term_string\"}}],\"inLanguage\":\"pl-PL\"}]}<\/script>\n<!-- \/ Yoast SEO plugin. -->","yoast_head_json":{"title":"Maxi 1000 - Maxima SpA","robots":{"index":"index","follow":"follow","max-snippet":"max-snippet:-1","max-image-preview":"max-image-preview:large","max-video-preview":"max-video-preview:-1"},"canonical":"https:\/\/www.maxima-dia.com\/pl\/maszyny-do-ciecia\/maxi-1000\/","og_locale":"pl_PL","og_type":"article","og_title":"Maxi 1000 - Maxima SpA","og_description":"[vc_row][vc_column text_align=&#8221;center&#8221; width=&#8221;1\/4&#8243;][vc_column_text] Wyprodukowany w UE &#8211; certyfikat CE[\/vc_column_text][\/vc_column][vc_column width=&#8221;3\/4&#8243;][vc_column_text]Rynek ewoluuje, a oferta produkt\u00f3w pod\u0105\u017ca za nowymi wymaganiami. Coraz bardziej popularne konstrukcje z du\u017cymi blokami wymagaj\u0105 u\u017cycia maszyn, kt\u00f3re mog\u0105 je ci\u0105\u0107. Dlatego stworzono Maxi 1000: wysoko\u015b\u0107 ci\u0119cia wynosi ponad 40 cm i ponad 60 cm przy dw\u00f3ch ci\u0119ciach, silnik tr\u00f3jfazowy 10 KM zapewnia \u0142atwe i natychmiastowe podej\u015bcie do wielu potrzeb zwi\u0105zanych z budow\u0105. Maszyna jest dostarczana z tarcz\u0105 Laser Red Silent wyprodukowany\u0105 technik\u0105 \u201eDetenso\u201d. &nbsp; TECHNICAL FEATURES Dost\u0119pne przy 400 V &#8211; 10 Hp \u2013 7,4 kW G\u0142owica przytwierdzona 1000 mm \u015brednicy. Ostrza &#8211; otw\u00f3r 60 mm + PIN W\u00f3zek przesuwny na regulowanych \u0142o\u017cyskach wodoszczelnych Wysoko\u015b\u0107 ci\u0119cia jednorazowo maks 400 mm Ponad 600 mm w dw\u00f3ch ci\u0119ciach Regulowane prowadnice w\u00f3zka Wymiary (szer. X g\u0142. X wys.): 190 x 90 x 180 cm D\u0142ugo\u015b\u0107 ci\u0119cia Max 1300 mm Waga: 300 Kg [\/vc_column_text][\/vc_column][\/vc_row]","og_url":"https:\/\/www.maxima-dia.com\/pl\/maszyny-do-ciecia\/maxi-1000\/","og_site_name":"Maxima SpA","article_publisher":"https:\/\/www.facebook.com\/Maxima-spa-106098566139597","article_modified_time":"2019-07-09T10:28:20+00:00","og_image":[{"width":1200,"height":1200,"url":"https:\/\/www.maxima-dia.com\/wp-content\/uploads\/2019\/07\/maxi-1000.jpg","type":"image\/jpeg"}],"twitter_card":"summary_large_image","twitter_site":"@Maximadia","twitter_misc":{"Szacowany czas czytania":"1 minuta"},"schema":{"@context":"https:\/\/schema.org","@graph":[{"@type":"WebPage","@id":"https:\/\/www.maxima-dia.com\/pl\/maszyny-do-ciecia\/maxi-1000\/","url":"https:\/\/www.maxima-dia.com\/pl\/maszyny-do-ciecia\/maxi-1000\/","name":"Maxi 1000 - Maxima SpA","isPartOf":{"@id":"https:\/\/www.maxima-dia.com\/pl\/#website"},"primaryImageOfPage":{"@id":"https:\/\/www.maxima-dia.com\/pl\/maszyny-do-ciecia\/maxi-1000\/#primaryimage"},"image":{"@id":"https:\/\/www.maxima-dia.com\/pl\/maszyny-do-ciecia\/maxi-1000\/#primaryimage"},"thumbnailUrl":"https:\/\/www.maxima-dia.com\/wp-content\/uploads\/2019\/07\/maxi-1000.jpg","datePublished":"2019-07-09T08:46:03+00:00","dateModified":"2019-07-09T10:28:20+00:00","breadcrumb":{"@id":"https:\/\/www.maxima-dia.com\/pl\/maszyny-do-ciecia\/maxi-1000\/#breadcrumb"},"inLanguage":"pl-PL","potentialAction":[{"@type":"ReadAction","target":["https:\/\/www.maxima-dia.com\/pl\/maszyny-do-ciecia\/maxi-1000\/"]}]},{"@type":"ImageObject","inLanguage":"pl-PL","@id":"https:\/\/www.maxima-dia.com\/pl\/maszyny-do-ciecia\/maxi-1000\/#primaryimage","url":"https:\/\/www.maxima-dia.com\/wp-content\/uploads\/2019\/07\/maxi-1000.jpg","contentUrl":"https:\/\/www.maxima-dia.com\/wp-content\/uploads\/2019\/07\/maxi-1000.jpg","width":1200,"height":1200},{"@type":"BreadcrumbList","@id":"https:\/\/www.maxima-dia.com\/pl\/maszyny-do-ciecia\/maxi-1000\/#breadcrumb","itemListElement":[{"@type":"ListItem","position":1,"name":"Home","item":"https:\/\/www.maxima-dia.com\/pl\/"},{"@type":"ListItem","position":2,"name":"Maszyny do Ci\u0119cia","item":"https:\/\/www.maxima-dia.com\/pl\/maszyny-do-ciecia\/"},{"@type":"ListItem","position":3,"name":"Maxi 1000"}]},{"@type":"WebSite","@id":"https:\/\/www.maxima-dia.com\/pl\/#website","url":"https:\/\/www.maxima-dia.com\/pl\/","name":"Maxima SpA","description":"Only for the real professionals","potentialAction":[{"@type":"SearchAction","target":{"@type":"EntryPoint","urlTemplate":"https:\/\/www.maxima-dia.com\/pl\/?s={search_term_string}"},"query-input":{"@type":"PropertyValueSpecification","valueRequired":true,"valueName":"search_term_string"}}],"inLanguage":"pl-PL"}]}},"_links":{"self":[{"href":"https:\/\/www.maxima-dia.com\/pl\/wp-json\/wp\/v2\/pages\/20616"}],"collection":[{"href":"https:\/\/www.maxima-dia.com\/pl\/wp-json\/wp\/v2\/pages"}],"about":[{"href":"https:\/\/www.maxima-dia.com\/pl\/wp-json\/wp\/v2\/types\/page"}],"author":[{"embeddable":true,"href":"https:\/\/www.maxima-dia.com\/pl\/wp-json\/wp\/v2\/users\/29"}],"replies":[{"embeddable":true,"href":"https:\/\/www.maxima-dia.com\/pl\/wp-json\/wp\/v2\/comments?post=20616"}],"version-history":[{"count":0,"href":"https:\/\/www.maxima-dia.com\/pl\/wp-json\/wp\/v2\/pages\/20616\/revisions"}],"up":[{"embeddable":true,"href":"https:\/\/www.maxima-dia.com\/pl\/wp-json\/wp\/v2\/pages\/20568"}],"wp:featuredmedia":[{"embeddable":true,"href":"https:\/\/www.maxima-dia.com\/pl\/wp-json\/wp\/v2\/media\/20619"}],"wp:attachment":[{"href":"https:\/\/www.maxima-dia.com\/pl\/wp-json\/wp\/v2\/media?parent=20616"}],"curies":[{"name":"wp","href":"https:\/\/api.w.org\/{rel}","templated":true}]}}