{"id":20628,"date":"2019-07-09T10:53:05","date_gmt":"2019-07-09T08:53:05","guid":{"rendered":"https:\/\/www.maxima-dia.com\/?page_id=20628"},"modified":"2019-07-09T10:57:09","modified_gmt":"2019-07-09T08:57:09","slug":"motomax-350","status":"publish","type":"page","link":"https:\/\/www.maxima-dia.com\/pl\/maszyny-do-ciecia\/motomax-350\/","title":{"rendered":"Motomax 350"},"content":{"rendered":"<div class=\"wpb-content-wrapper\"><p>[vc_row][vc_column text_align=&#8221;center&#8221; width=&#8221;1\/4&#8243;][vc_column_text]<a href=\"\/wp-content\/uploads\/2017\/02\/motomax-350.jpg\"><img loading=\"lazy\" decoding=\"async\" class=\"alignnone wp-image-13892 size-thumbnail\" src=\"\/wp-content\/uploads\/2017\/02\/motomax-350-150x150.jpg\" alt=\"MOTOMAX 350\" width=\"150\" height=\"150\" srcset=\"https:\/\/www.maxima-dia.com\/wp-content\/uploads\/2017\/02\/motomax-350-150x150.jpg 150w, https:\/\/www.maxima-dia.com\/wp-content\/uploads\/2017\/02\/motomax-350-300x300.jpg 300w, https:\/\/www.maxima-dia.com\/wp-content\/uploads\/2017\/02\/motomax-350-768x768.jpg 768w, https:\/\/www.maxima-dia.com\/wp-content\/uploads\/2017\/02\/motomax-350-1024x1024.jpg 1024w, https:\/\/www.maxima-dia.com\/wp-content\/uploads\/2017\/02\/motomax-350-80x80.jpg 80w, https:\/\/www.maxima-dia.com\/wp-content\/uploads\/2017\/02\/motomax-350-500x500.jpg 500w, https:\/\/www.maxima-dia.com\/wp-content\/uploads\/2017\/02\/motomax-350-1000x1000.jpg 1000w, https:\/\/www.maxima-dia.com\/wp-content\/uploads\/2017\/02\/motomax-350.jpg 1200w\" sizes=\"(max-width: 150px) 100vw, 150px\" \/><\/a><\/p>\n<p>Wyprodukowany w UE <img loading=\"lazy\" decoding=\"async\" src=\"\/wp-content\/uploads\/2013\/11\/eu.png\" alt=\"eu\" width=\"24\" height=\"16\"> &#8211; certyfikat CE[\/vc_column_text][\/vc_column][vc_column width=&#8221;3\/4&#8243;][vc_column_text]Zasilana paliwem pi\u0142a MOTOMAX 350 z silnikiem dwusuwowym wykorzystuje system EasyLube \u2122 do elektronicznego dodawania oleju do paliwa, eliminuj\u0105c k\u0142opotliwe mieszanie i potencjalne problemy z mieszaniem paliwa (zdj\u0119cie 1). Maszyna jest wyposa\u017cona w wytrz\u0105sark\u0119 filtra (zdj\u0119cie 2). Rozruch jest \u0142atwy, z elektronicznym zap\u0142onem i bez r\u0119cznego d\u0142awika do ci\u0105gni\u0119cia. Mocny silnik o mocy 5,5 KM z tarcz\u0105 diamentow\u0105 350 mm i 9500 obr.\/min do ci\u0119cia betonu, stali, asfaltu, odlew\u00f3w, kamieni i wielu innych.<\/p>\n<table class=\"tabellafotocarotaggio\" style=\"width: 100%;\">\n<tbody>\n<tr>\n<td style=\"width: 50%; text-align: center;\"><a href=\"\/wp-content\/uploads\/2017\/02\/motomax-350-f1.jpg\"><img loading=\"lazy\" decoding=\"async\" class=\"alignnone wp-image-13890 size-thumbnail\" src=\"\/wp-content\/uploads\/2017\/02\/motomax-350-f1-150x150.jpg\" alt=\"\" width=\"150\" height=\"150\" srcset=\"https:\/\/www.maxima-dia.com\/wp-content\/uploads\/2017\/02\/motomax-350-f1-150x150.jpg 150w, https:\/\/www.maxima-dia.com\/wp-content\/uploads\/2017\/02\/motomax-350-f1-80x80.jpg 80w, https:\/\/www.maxima-dia.com\/wp-content\/uploads\/2017\/02\/motomax-350-f1-500x500.jpg 500w, https:\/\/www.maxima-dia.com\/wp-content\/uploads\/2017\/02\/motomax-350-f1-1000x1000.jpg 1000w\" sizes=\"(max-width: 150px) 100vw, 150px\" \/><\/a><\/td>\n<td style=\"width: 50%; text-align: center;\"><a href=\"\/wp-content\/uploads\/2017\/02\/motomax-350-f2.jpg\"><img loading=\"lazy\" decoding=\"async\" class=\"alignnone wp-image-13891 size-thumbnail\" src=\"\/wp-content\/uploads\/2017\/02\/motomax-350-f2-150x150.jpg\" alt=\"\" width=\"150\" height=\"150\" srcset=\"https:\/\/www.maxima-dia.com\/wp-content\/uploads\/2017\/02\/motomax-350-f2-150x150.jpg 150w, https:\/\/www.maxima-dia.com\/wp-content\/uploads\/2017\/02\/motomax-350-f2-80x80.jpg 80w, https:\/\/www.maxima-dia.com\/wp-content\/uploads\/2017\/02\/motomax-350-f2-500x500.jpg 500w, https:\/\/www.maxima-dia.com\/wp-content\/uploads\/2017\/02\/motomax-350-f2-1000x1000.jpg 1000w\" sizes=\"(max-width: 150px) 100vw, 150px\" \/><\/a><\/td>\n<\/tr>\n<\/tbody>\n<\/table>\n<p>&nbsp;<\/p>\n<p><strong>Funkcje:<\/strong><\/p>\n<ul>\n<li>Opatentowany system Easy Lube\u2122 automatycznie miesza olej i paliwo w celu uzyskania maksymalnej wydajno\u015bci i zapobiegania uszkodzeniom<\/li>\n<li>\u0141atwe uruchamianie<\/li>\n<li>Doskona\u0142e wywa\u017cenie<\/li>\n<li>Trwa\u0142o\u015b\u0107<\/li>\n<li>Niskie koszty utrzymania<\/li>\n<li>Niskie wibracje, emisje py\u0142u i ha\u0142as<\/li>\n<\/ul>\n<table class=\"tabellatecnica\" style=\"width: 100%;\" border=\"0\" cellspacing=\"0\" cellpadding=\"0\">\n<thead>\n<tr style=\"height: 24px;\">\n<td class=\"testata\" style=\"height: 24px;\" colspan=\"2\">W\u0142a\u015bciwo\u015bci techniczne<\/td>\n<\/tr>\n<\/thead>\n<tbody>\n<tr style=\"height: 24px;\">\n<td class=\"coltesto1\" style=\"width: 50%; height: 24px;\">Jednocylindrowy silnik dwusuwowy, p\u0142ukanie 4-kana\u0142owe<\/td>\n<td class=\"coltesto2\" style=\"width: 50%; height: 24px;\">Filtr powietrza: papierowy<\/td>\n<\/tr>\n<tr style=\"height: 24px;\">\n<td class=\"coltesto1\" style=\"width: 50%; height: 24px;\">Pojemno\u015b\u0107 silnika: 81 cm3<\/td>\n<td class=\"coltesto2\" style=\"width: 50%; height: 24px;\">\u015arednica tarczy do ci\u0119cia 350 mm \/ 14 inc<\/td>\n<\/tr>\n<tr style=\"height: 24px;\">\n<td class=\"coltesto1\" style=\"width: 50%; height: 24px;\">Max. Moc przy obrotach: 5,6 KM \/ 9300 obr \/ min<\/td>\n<td class=\"coltesto2\" style=\"width: 50%; height: 24px;\">Maksymalna g\u0142\u0119boko\u015b\u0107 ci\u0119cia: 125 mm \/ 5 inc<\/td>\n<\/tr>\n<tr style=\"height: 24px;\">\n<td class=\"coltesto2\" style=\"width: 50%; height: 24px;\">Maksymalna dopuszczalna pr\u0119dko\u015b\u0107: 9500 + &#8211; 200 obr \/ min<\/td>\n<td class=\"coltesto2\" style=\"width: 50%; height: 24px;\">Wymiary (szer. X g\u0142. X wys.): 430 x 267 x 775 mm<\/td>\n<\/tr>\n<tr style=\"height: 24px;\">\n<td class=\"coltesto2\" style=\"width: 50%; height: 24px;\">Pojemno\u015b\u0107 zbiornika paliwa: 0,9 l<\/td>\n<td class=\"coltesto2\" style=\"width: 50%; height: 24px;\">Waga: 10,5 Kg<\/td>\n<\/tr>\n<tr style=\"height: 24px;\">\n<td class=\"coltesto2\" style=\"width: 50%; height: 24px;\">Pojemno\u015b\u0107 zbiornika oleju: 0,32 l<\/td>\n<td class=\"coltesto2\" style=\"width: 50%; height: 24px;\">&nbsp;<\/td>\n<\/tr>\n<\/tbody>\n<\/table>\n<p>[\/vc_column_text][\/vc_column][\/vc_row]<\/p>\n<\/div>","protected":false},"excerpt":{"rendered":"<p>[vc_row][vc_column text_align=&#8221;center&#8221; width=&#8221;1\/4&#8243;][vc_column_text] Wyprodukowany w UE &#8211; certyfikat CE[\/vc_column_text][\/vc_column][vc_column width=&#8221;3\/4&#8243;][vc_column_text]Zasilana paliwem pi\u0142a MOTOMAX 350 z silnikiem dwusuwowym wykorzystuje system EasyLube \u2122 do elektronicznego dodawania oleju do paliwa, eliminuj\u0105c k\u0142opotliwe mieszanie i potencjalne problemy z mieszaniem paliwa (zdj\u0119cie 1). Maszyna jest wyposa\u017cona w wytrz\u0105sark\u0119 filtra (zdj\u0119cie 2). Rozruch jest \u0142atwy, z elektronicznym zap\u0142onem i bez r\u0119cznego d\u0142awika do ci\u0105gni\u0119cia. Mocny silnik o mocy 5,5 KM z tarcz\u0105 diamentow\u0105 350 mm i 9500 obr.\/min do ci\u0119cia betonu, stali, asfaltu, odlew\u00f3w, kamieni i wielu innych. &nbsp; Funkcje: Opatentowany system Easy Lube\u2122 automatycznie miesza olej i paliwo w celu uzyskania maksymalnej wydajno\u015bci i zapobiegania uszkodzeniom \u0141atwe uruchamianie Doskona\u0142e wywa\u017cenie Trwa\u0142o\u015b\u0107 Niskie koszty utrzymania Niskie wibracje, emisje py\u0142u i ha\u0142as W\u0142a\u015bciwo\u015bci techniczne Jednocylindrowy silnik dwusuwowy, p\u0142ukanie 4-kana\u0142owe Filtr powietrza: papierowy Pojemno\u015b\u0107 silnika: 81 cm3 \u015arednica tarczy do ci\u0119cia 350 mm \/ 14 inc Max. Moc przy obrotach: 5,6 KM \/ 9300 obr \/ min Maksymalna g\u0142\u0119boko\u015b\u0107 ci\u0119cia: 125 mm \/ 5 inc Maksymalna dopuszczalna pr\u0119dko\u015b\u0107: 9500 + &#8211; 200 obr \/ min Wymiary (szer. X g\u0142. X wys.): 430 x 267 x 775 mm Pojemno\u015b\u0107 zbiornika paliwa: 0,9 l Waga: 10,5 Kg Pojemno\u015b\u0107 zbiornika oleju: 0,32 l &nbsp; [\/vc_column_text][\/vc_column][\/vc_row]<\/p>\n","protected":false},"author":29,"featured_media":20631,"parent":20568,"menu_order":8,"comment_status":"closed","ping_status":"closed","template":"","meta":{"ngg_post_thumbnail":0,"_joinchat":[],"footnotes":""},"class_list":["post-20628","page","type-page","status-publish","has-post-thumbnail","hentry"],"yoast_head":"<!-- This site is optimized with the Yoast SEO plugin v25.5 - https:\/\/yoast.com\/wordpress\/plugins\/seo\/ -->\n<title>Motomax 350 - Maxima SpA<\/title>\n<meta name=\"robots\" content=\"index, follow, max-snippet:-1, max-image-preview:large, max-video-preview:-1\" \/>\n<link rel=\"canonical\" href=\"https:\/\/www.maxima-dia.com\/pl\/maszyny-do-ciecia\/motomax-350\/\" \/>\n<meta property=\"og:locale\" content=\"pl_PL\" \/>\n<meta property=\"og:type\" content=\"article\" \/>\n<meta property=\"og:title\" content=\"Motomax 350 - Maxima SpA\" \/>\n<meta property=\"og:description\" content=\"[vc_row][vc_column text_align=&#8221;center&#8221; width=&#8221;1\/4&#8243;][vc_column_text] Wyprodukowany w UE &#8211; certyfikat CE[\/vc_column_text][\/vc_column][vc_column width=&#8221;3\/4&#8243;][vc_column_text]Zasilana paliwem pi\u0142a MOTOMAX 350 z silnikiem dwusuwowym wykorzystuje system EasyLube \u2122 do elektronicznego dodawania oleju do paliwa, eliminuj\u0105c k\u0142opotliwe mieszanie i potencjalne problemy z mieszaniem paliwa (zdj\u0119cie 1). Maszyna jest wyposa\u017cona w wytrz\u0105sark\u0119 filtra (zdj\u0119cie 2). Rozruch jest \u0142atwy, z elektronicznym zap\u0142onem i bez r\u0119cznego d\u0142awika do ci\u0105gni\u0119cia. Mocny silnik o mocy 5,5 KM z tarcz\u0105 diamentow\u0105 350 mm i 9500 obr.\/min do ci\u0119cia betonu, stali, asfaltu, odlew\u00f3w, kamieni i wielu innych. &nbsp; Funkcje: Opatentowany system Easy Lube\u2122 automatycznie miesza olej i paliwo w celu uzyskania maksymalnej wydajno\u015bci i zapobiegania uszkodzeniom \u0141atwe uruchamianie Doskona\u0142e wywa\u017cenie Trwa\u0142o\u015b\u0107 Niskie koszty utrzymania Niskie wibracje, emisje py\u0142u i ha\u0142as W\u0142a\u015bciwo\u015bci techniczne Jednocylindrowy silnik dwusuwowy, p\u0142ukanie 4-kana\u0142owe Filtr powietrza: papierowy Pojemno\u015b\u0107 silnika: 81 cm3 \u015arednica tarczy do ci\u0119cia 350 mm \/ 14 inc Max. Moc przy obrotach: 5,6 KM \/ 9300 obr \/ min Maksymalna g\u0142\u0119boko\u015b\u0107 ci\u0119cia: 125 mm \/ 5 inc Maksymalna dopuszczalna pr\u0119dko\u015b\u0107: 9500 + &#8211; 200 obr \/ min Wymiary (szer. X g\u0142. X wys.): 430 x 267 x 775 mm Pojemno\u015b\u0107 zbiornika paliwa: 0,9 l Waga: 10,5 Kg Pojemno\u015b\u0107 zbiornika oleju: 0,32 l &nbsp; [\/vc_column_text][\/vc_column][\/vc_row]\" \/>\n<meta property=\"og:url\" content=\"https:\/\/www.maxima-dia.com\/pl\/maszyny-do-ciecia\/motomax-350\/\" \/>\n<meta property=\"og:site_name\" content=\"Maxima SpA\" \/>\n<meta property=\"article:publisher\" content=\"https:\/\/www.facebook.com\/Maxima-spa-106098566139597\" \/>\n<meta property=\"article:modified_time\" content=\"2019-07-09T08:57:09+00:00\" \/>\n<meta property=\"og:image\" content=\"https:\/\/www.maxima-dia.com\/wp-content\/uploads\/2017\/02\/motomax-350.jpg\" \/>\n\t<meta property=\"og:image:width\" content=\"1200\" \/>\n\t<meta property=\"og:image:height\" content=\"1200\" \/>\n\t<meta property=\"og:image:type\" content=\"image\/jpeg\" \/>\n<meta name=\"twitter:card\" content=\"summary_large_image\" \/>\n<meta name=\"twitter:site\" content=\"@Maximadia\" \/>\n<meta name=\"twitter:label1\" content=\"Szacowany czas czytania\" \/>\n\t<meta name=\"twitter:data1\" content=\"1 minuta\" \/>\n<script type=\"application\/ld+json\" class=\"yoast-schema-graph\">{\"@context\":\"https:\/\/schema.org\",\"@graph\":[{\"@type\":\"WebPage\",\"@id\":\"https:\/\/www.maxima-dia.com\/pl\/maszyny-do-ciecia\/motomax-350\/\",\"url\":\"https:\/\/www.maxima-dia.com\/pl\/maszyny-do-ciecia\/motomax-350\/\",\"name\":\"Motomax 350 - Maxima SpA\",\"isPartOf\":{\"@id\":\"https:\/\/www.maxima-dia.com\/pl\/#website\"},\"primaryImageOfPage\":{\"@id\":\"https:\/\/www.maxima-dia.com\/pl\/maszyny-do-ciecia\/motomax-350\/#primaryimage\"},\"image\":{\"@id\":\"https:\/\/www.maxima-dia.com\/pl\/maszyny-do-ciecia\/motomax-350\/#primaryimage\"},\"thumbnailUrl\":\"https:\/\/www.maxima-dia.com\/wp-content\/uploads\/2017\/02\/motomax-350.jpg\",\"datePublished\":\"2019-07-09T08:53:05+00:00\",\"dateModified\":\"2019-07-09T08:57:09+00:00\",\"breadcrumb\":{\"@id\":\"https:\/\/www.maxima-dia.com\/pl\/maszyny-do-ciecia\/motomax-350\/#breadcrumb\"},\"inLanguage\":\"pl-PL\",\"potentialAction\":[{\"@type\":\"ReadAction\",\"target\":[\"https:\/\/www.maxima-dia.com\/pl\/maszyny-do-ciecia\/motomax-350\/\"]}]},{\"@type\":\"ImageObject\",\"inLanguage\":\"pl-PL\",\"@id\":\"https:\/\/www.maxima-dia.com\/pl\/maszyny-do-ciecia\/motomax-350\/#primaryimage\",\"url\":\"https:\/\/www.maxima-dia.com\/wp-content\/uploads\/2017\/02\/motomax-350.jpg\",\"contentUrl\":\"https:\/\/www.maxima-dia.com\/wp-content\/uploads\/2017\/02\/motomax-350.jpg\",\"width\":1200,\"height\":1200},{\"@type\":\"BreadcrumbList\",\"@id\":\"https:\/\/www.maxima-dia.com\/pl\/maszyny-do-ciecia\/motomax-350\/#breadcrumb\",\"itemListElement\":[{\"@type\":\"ListItem\",\"position\":1,\"name\":\"Home\",\"item\":\"https:\/\/www.maxima-dia.com\/pl\/\"},{\"@type\":\"ListItem\",\"position\":2,\"name\":\"Maszyny do Ci\u0119cia\",\"item\":\"https:\/\/www.maxima-dia.com\/pl\/maszyny-do-ciecia\/\"},{\"@type\":\"ListItem\",\"position\":3,\"name\":\"Motomax 350\"}]},{\"@type\":\"WebSite\",\"@id\":\"https:\/\/www.maxima-dia.com\/pl\/#website\",\"url\":\"https:\/\/www.maxima-dia.com\/pl\/\",\"name\":\"Maxima SpA\",\"description\":\"Only for the real professionals\",\"potentialAction\":[{\"@type\":\"SearchAction\",\"target\":{\"@type\":\"EntryPoint\",\"urlTemplate\":\"https:\/\/www.maxima-dia.com\/pl\/?s={search_term_string}\"},\"query-input\":{\"@type\":\"PropertyValueSpecification\",\"valueRequired\":true,\"valueName\":\"search_term_string\"}}],\"inLanguage\":\"pl-PL\"}]}<\/script>\n<!-- \/ Yoast SEO plugin. -->","yoast_head_json":{"title":"Motomax 350 - Maxima SpA","robots":{"index":"index","follow":"follow","max-snippet":"max-snippet:-1","max-image-preview":"max-image-preview:large","max-video-preview":"max-video-preview:-1"},"canonical":"https:\/\/www.maxima-dia.com\/pl\/maszyny-do-ciecia\/motomax-350\/","og_locale":"pl_PL","og_type":"article","og_title":"Motomax 350 - Maxima SpA","og_description":"[vc_row][vc_column text_align=&#8221;center&#8221; width=&#8221;1\/4&#8243;][vc_column_text] Wyprodukowany w UE &#8211; certyfikat CE[\/vc_column_text][\/vc_column][vc_column width=&#8221;3\/4&#8243;][vc_column_text]Zasilana paliwem pi\u0142a MOTOMAX 350 z silnikiem dwusuwowym wykorzystuje system EasyLube \u2122 do elektronicznego dodawania oleju do paliwa, eliminuj\u0105c k\u0142opotliwe mieszanie i potencjalne problemy z mieszaniem paliwa (zdj\u0119cie 1). Maszyna jest wyposa\u017cona w wytrz\u0105sark\u0119 filtra (zdj\u0119cie 2). Rozruch jest \u0142atwy, z elektronicznym zap\u0142onem i bez r\u0119cznego d\u0142awika do ci\u0105gni\u0119cia. Mocny silnik o mocy 5,5 KM z tarcz\u0105 diamentow\u0105 350 mm i 9500 obr.\/min do ci\u0119cia betonu, stali, asfaltu, odlew\u00f3w, kamieni i wielu innych. &nbsp; Funkcje: Opatentowany system Easy Lube\u2122 automatycznie miesza olej i paliwo w celu uzyskania maksymalnej wydajno\u015bci i zapobiegania uszkodzeniom \u0141atwe uruchamianie Doskona\u0142e wywa\u017cenie Trwa\u0142o\u015b\u0107 Niskie koszty utrzymania Niskie wibracje, emisje py\u0142u i ha\u0142as W\u0142a\u015bciwo\u015bci techniczne Jednocylindrowy silnik dwusuwowy, p\u0142ukanie 4-kana\u0142owe Filtr powietrza: papierowy Pojemno\u015b\u0107 silnika: 81 cm3 \u015arednica tarczy do ci\u0119cia 350 mm \/ 14 inc Max. Moc przy obrotach: 5,6 KM \/ 9300 obr \/ min Maksymalna g\u0142\u0119boko\u015b\u0107 ci\u0119cia: 125 mm \/ 5 inc Maksymalna dopuszczalna pr\u0119dko\u015b\u0107: 9500 + &#8211; 200 obr \/ min Wymiary (szer. X g\u0142. X wys.): 430 x 267 x 775 mm Pojemno\u015b\u0107 zbiornika paliwa: 0,9 l Waga: 10,5 Kg Pojemno\u015b\u0107 zbiornika oleju: 0,32 l &nbsp; [\/vc_column_text][\/vc_column][\/vc_row]","og_url":"https:\/\/www.maxima-dia.com\/pl\/maszyny-do-ciecia\/motomax-350\/","og_site_name":"Maxima SpA","article_publisher":"https:\/\/www.facebook.com\/Maxima-spa-106098566139597","article_modified_time":"2019-07-09T08:57:09+00:00","og_image":[{"width":1200,"height":1200,"url":"https:\/\/www.maxima-dia.com\/wp-content\/uploads\/2017\/02\/motomax-350.jpg","type":"image\/jpeg"}],"twitter_card":"summary_large_image","twitter_site":"@Maximadia","twitter_misc":{"Szacowany czas czytania":"1 minuta"},"schema":{"@context":"https:\/\/schema.org","@graph":[{"@type":"WebPage","@id":"https:\/\/www.maxima-dia.com\/pl\/maszyny-do-ciecia\/motomax-350\/","url":"https:\/\/www.maxima-dia.com\/pl\/maszyny-do-ciecia\/motomax-350\/","name":"Motomax 350 - Maxima SpA","isPartOf":{"@id":"https:\/\/www.maxima-dia.com\/pl\/#website"},"primaryImageOfPage":{"@id":"https:\/\/www.maxima-dia.com\/pl\/maszyny-do-ciecia\/motomax-350\/#primaryimage"},"image":{"@id":"https:\/\/www.maxima-dia.com\/pl\/maszyny-do-ciecia\/motomax-350\/#primaryimage"},"thumbnailUrl":"https:\/\/www.maxima-dia.com\/wp-content\/uploads\/2017\/02\/motomax-350.jpg","datePublished":"2019-07-09T08:53:05+00:00","dateModified":"2019-07-09T08:57:09+00:00","breadcrumb":{"@id":"https:\/\/www.maxima-dia.com\/pl\/maszyny-do-ciecia\/motomax-350\/#breadcrumb"},"inLanguage":"pl-PL","potentialAction":[{"@type":"ReadAction","target":["https:\/\/www.maxima-dia.com\/pl\/maszyny-do-ciecia\/motomax-350\/"]}]},{"@type":"ImageObject","inLanguage":"pl-PL","@id":"https:\/\/www.maxima-dia.com\/pl\/maszyny-do-ciecia\/motomax-350\/#primaryimage","url":"https:\/\/www.maxima-dia.com\/wp-content\/uploads\/2017\/02\/motomax-350.jpg","contentUrl":"https:\/\/www.maxima-dia.com\/wp-content\/uploads\/2017\/02\/motomax-350.jpg","width":1200,"height":1200},{"@type":"BreadcrumbList","@id":"https:\/\/www.maxima-dia.com\/pl\/maszyny-do-ciecia\/motomax-350\/#breadcrumb","itemListElement":[{"@type":"ListItem","position":1,"name":"Home","item":"https:\/\/www.maxima-dia.com\/pl\/"},{"@type":"ListItem","position":2,"name":"Maszyny do Ci\u0119cia","item":"https:\/\/www.maxima-dia.com\/pl\/maszyny-do-ciecia\/"},{"@type":"ListItem","position":3,"name":"Motomax 350"}]},{"@type":"WebSite","@id":"https:\/\/www.maxima-dia.com\/pl\/#website","url":"https:\/\/www.maxima-dia.com\/pl\/","name":"Maxima SpA","description":"Only for the real professionals","potentialAction":[{"@type":"SearchAction","target":{"@type":"EntryPoint","urlTemplate":"https:\/\/www.maxima-dia.com\/pl\/?s={search_term_string}"},"query-input":{"@type":"PropertyValueSpecification","valueRequired":true,"valueName":"search_term_string"}}],"inLanguage":"pl-PL"}]}},"_links":{"self":[{"href":"https:\/\/www.maxima-dia.com\/pl\/wp-json\/wp\/v2\/pages\/20628"}],"collection":[{"href":"https:\/\/www.maxima-dia.com\/pl\/wp-json\/wp\/v2\/pages"}],"about":[{"href":"https:\/\/www.maxima-dia.com\/pl\/wp-json\/wp\/v2\/types\/page"}],"author":[{"embeddable":true,"href":"https:\/\/www.maxima-dia.com\/pl\/wp-json\/wp\/v2\/users\/29"}],"replies":[{"embeddable":true,"href":"https:\/\/www.maxima-dia.com\/pl\/wp-json\/wp\/v2\/comments?post=20628"}],"version-history":[{"count":0,"href":"https:\/\/www.maxima-dia.com\/pl\/wp-json\/wp\/v2\/pages\/20628\/revisions"}],"up":[{"embeddable":true,"href":"https:\/\/www.maxima-dia.com\/pl\/wp-json\/wp\/v2\/pages\/20568"}],"wp:featuredmedia":[{"embeddable":true,"href":"https:\/\/www.maxima-dia.com\/pl\/wp-json\/wp\/v2\/media\/20631"}],"wp:attachment":[{"href":"https:\/\/www.maxima-dia.com\/pl\/wp-json\/wp\/v2\/media?parent=20628"}],"curies":[{"name":"wp","href":"https:\/\/api.w.org\/{rel}","templated":true}]}}