{"id":20645,"date":"2019-07-09T11:10:00","date_gmt":"2019-07-09T09:10:00","guid":{"rendered":"https:\/\/www.maxima-dia.com\/?page_id=20645"},"modified":"2019-07-10T17:00:04","modified_gmt":"2019-07-10T15:00:04","slug":"pavimax-400","status":"publish","type":"page","link":"https:\/\/www.maxima-dia.com\/pl\/maszyny-do-ciecia\/pavimax-400\/","title":{"rendered":"Pavimax 400"},"content":{"rendered":"<div class=\"wpb-content-wrapper\"><p>[vc_row][vc_column text_align=&#8221;center&#8221; width=&#8221;1\/4&#8243;][vc_column_text]<a href=\"\/wp-content\/uploads\/2017\/02\/pavimax-400.jpg\"><img loading=\"lazy\" decoding=\"async\" class=\"alignnone size-thumbnail wp-image-13902\" src=\"\/wp-content\/uploads\/2017\/02\/pavimax-400-150x150.jpg\" alt=\"PAVIMAX 400\" width=\"150\" height=\"150\" srcset=\"https:\/\/www.maxima-dia.com\/wp-content\/uploads\/2017\/02\/pavimax-400-150x150.jpg 150w, https:\/\/www.maxima-dia.com\/wp-content\/uploads\/2017\/02\/pavimax-400-300x300.jpg 300w, https:\/\/www.maxima-dia.com\/wp-content\/uploads\/2017\/02\/pavimax-400-768x768.jpg 768w, https:\/\/www.maxima-dia.com\/wp-content\/uploads\/2017\/02\/pavimax-400-1024x1024.jpg 1024w, https:\/\/www.maxima-dia.com\/wp-content\/uploads\/2017\/02\/pavimax-400-80x80.jpg 80w, https:\/\/www.maxima-dia.com\/wp-content\/uploads\/2017\/02\/pavimax-400-500x500.jpg 500w, https:\/\/www.maxima-dia.com\/wp-content\/uploads\/2017\/02\/pavimax-400-1000x1000.jpg 1000w, https:\/\/www.maxima-dia.com\/wp-content\/uploads\/2017\/02\/pavimax-400.jpg 1200w\" sizes=\"(max-width: 150px) 100vw, 150px\" \/><\/a><\/p>\n<p>Wyprodukowany w UE <img loading=\"lazy\" decoding=\"async\" src=\"\/wp-content\/uploads\/2013\/11\/eu.png\" alt=\"eu\" width=\"24\" height=\"16\"> &#8211; certyfikat CE[\/vc_column_text][\/vc_column][vc_column width=&#8221;3\/4&#8243;][vc_column_text]Wyposa\u017cony w tarcze diamentowe o \u015brednicy 400 mm i silnik Honda GSX-270. G\u0142\u0119boko\u015b\u0107 ci\u0119cia 14,5 cm jest idealna do pracy w budownictwie mieszkaniowym i drogowym, cho\u0107 wa\u017cy tylko 95 kg. Solidny i stabilny, dzi\u0119ki kr\u00f3tkiej podstawie ko\u0142a i zbiornikowi wody zamontowanemu nad silnikiem, jest precyzyjny i bardzo dobrze wywa\u017cony. Maszyna jest dostarczana z tarcz\u0105 diamentow\u0105 o \u015brednicy 400 mm do wyboru przez klienta &#8211; nale\u017cy j\u0105 okre\u015bli\u0107 podczas zam\u00f3wienia.<\/p>\n<table class=\"tabellafotocarotaggio\" style=\"width: 100%;\">\n<tbody>\n<tr>\n<td style=\"width: 20%; text-align: center;\"><a href=\"\/wp-content\/uploads\/2017\/02\/pavimax-400-f1.jpg\"><img loading=\"lazy\" decoding=\"async\" class=\"alignnone wp-image-13894 size-thumbnail\" src=\"\/wp-content\/uploads\/2017\/02\/pavimax-400-f1-150x150.jpg\" width=\"150\" height=\"150\"><\/a><\/td>\n<td style=\"width: 20%; text-align: center;\"><a href=\"\/wp-content\/uploads\/2017\/02\/pavimax-400-f2.jpg\"><img loading=\"lazy\" decoding=\"async\" class=\"alignnone wp-image-13894 size-thumbnail\" src=\"\/wp-content\/uploads\/2017\/02\/pavimax-400-f2-150x150.jpg\" width=\"150\" height=\"150\"><\/a><\/td>\n<td style=\"width: 20%; text-align: center;\"><a href=\"\/wp-content\/uploads\/2017\/02\/pavimax-400-f3.jpg\"><img loading=\"lazy\" decoding=\"async\" class=\"alignnone wp-image-13894 size-thumbnail\" src=\"\/wp-content\/uploads\/2017\/02\/pavimax-400-f3-150x150.jpg\" width=\"150\" height=\"150\"><\/a><\/td>\n<td style=\"width: 20%; text-align: center;\"><a href=\"\/wp-content\/uploads\/2017\/02\/pavimax-400-f4.jpg\"><img loading=\"lazy\" decoding=\"async\" class=\"alignnone wp-image-13894 size-thumbnail\" src=\"\/wp-content\/uploads\/2017\/02\/pavimax-400-f4-150x150.jpg\" width=\"150\" height=\"150\"><\/a><\/td>\n<td style=\"width: 20%; text-align: center;\"><a href=\"\/wp-content\/uploads\/2017\/02\/pavimax-400-f5.jpg\"><img loading=\"lazy\" decoding=\"async\" class=\"alignnone wp-image-13894 size-thumbnail\" src=\"\/wp-content\/uploads\/2017\/02\/pavimax-400-f5-150x150.jpg\" width=\"150\" height=\"150\"><\/a><\/td>\n<\/tr>\n<\/tbody>\n<\/table>\n<p class=\"p1\">&nbsp;<\/p>\n<table class=\"tabellatecnica\" style=\"width: 100%;\" border=\"0\" cellspacing=\"0\" cellpadding=\"0\">\n<thead>\n<tr>\n<td class=\"testata\" colspan=\"2\">W\u0142a\u015bciwo\u015bci techniczne<\/td>\n<\/tr>\n<\/thead>\n<tbody>\n<tr>\n<td class=\"coltesto1\" style=\"width: 50%;\">Ostrze o \u015brednicy 400 mm &#8211; otw\u00f3r 25,4 mm<\/td>\n<td class=\"coltesto2\" style=\"width: 50%;\">33 litrowy zbiornik na wod\u0119<\/td>\n<\/tr>\n<tr>\n<td class=\"coltesto1\" style=\"width: 50%;\">G\u0142\u0119boko\u015b\u0107 ci\u0119cia 14,5 cm (z ostrzem 400)<\/td>\n<td class=\"coltesto2\" style=\"width: 50%;\">Wymiary (szer. X g\u0142. X wys.): 112x55x106 cm<\/td>\n<\/tr>\n<tr>\n<td class=\"coltesto1\" style=\"width: 50%;\">Honda GX270 7 kW silnik &#8211; 9 KM<\/td>\n<td class=\"coltesto2\" style=\"width: 50%;\">Waga 103 Kg<\/td>\n<\/tr>\n<tr>\n<td class=\"coltesto2\" style=\"width: 50%;\">3600 obrot\u00f3w na minut\u0119<\/td>\n<td class=\"coltesto2\" style=\"width: 50%;\">&nbsp;<\/td>\n<\/tr>\n<\/tbody>\n<\/table>\n<p>[\/vc_column_text][\/vc_column][\/vc_row]<\/p>\n<\/div>","protected":false},"excerpt":{"rendered":"<p>[vc_row][vc_column text_align=&#8221;center&#8221; width=&#8221;1\/4&#8243;][vc_column_text] Wyprodukowany w UE &#8211; certyfikat CE[\/vc_column_text][\/vc_column][vc_column width=&#8221;3\/4&#8243;][vc_column_text]Wyposa\u017cony w tarcze diamentowe o \u015brednicy 400 mm i silnik Honda GSX-270. G\u0142\u0119boko\u015b\u0107 ci\u0119cia 14,5 cm jest idealna do pracy w budownictwie mieszkaniowym i drogowym, cho\u0107 wa\u017cy tylko 95 kg. Solidny i stabilny, dzi\u0119ki kr\u00f3tkiej podstawie ko\u0142a i zbiornikowi wody zamontowanemu nad silnikiem, jest precyzyjny i bardzo dobrze wywa\u017cony. Maszyna jest dostarczana z tarcz\u0105 diamentow\u0105 o \u015brednicy 400 mm do wyboru przez klienta &#8211; nale\u017cy j\u0105 okre\u015bli\u0107 podczas zam\u00f3wienia. &nbsp; W\u0142a\u015bciwo\u015bci techniczne Ostrze o \u015brednicy 400 mm &#8211; otw\u00f3r 25,4 mm 33 litrowy zbiornik na wod\u0119 G\u0142\u0119boko\u015b\u0107 ci\u0119cia 14,5 cm (z ostrzem 400) Wymiary (szer. X g\u0142. X wys.): 112x55x106 cm Honda GX270 7 kW silnik &#8211; 9 KM Waga 103 Kg 3600 obrot\u00f3w na minut\u0119 &nbsp; [\/vc_column_text][\/vc_column][\/vc_row]<\/p>\n","protected":false},"author":29,"featured_media":20648,"parent":20568,"menu_order":10,"comment_status":"closed","ping_status":"closed","template":"","meta":{"ngg_post_thumbnail":0,"_joinchat":[],"footnotes":""},"class_list":["post-20645","page","type-page","status-publish","has-post-thumbnail","hentry"],"yoast_head":"<!-- This site is optimized with the Yoast SEO plugin v25.5 - https:\/\/yoast.com\/wordpress\/plugins\/seo\/ -->\n<title>Pavimax 400 - Maxima SpA<\/title>\n<meta name=\"robots\" content=\"index, follow, max-snippet:-1, max-image-preview:large, max-video-preview:-1\" \/>\n<link rel=\"canonical\" href=\"https:\/\/www.maxima-dia.com\/pl\/maszyny-do-ciecia\/pavimax-400\/\" \/>\n<meta property=\"og:locale\" content=\"pl_PL\" \/>\n<meta property=\"og:type\" content=\"article\" \/>\n<meta property=\"og:title\" content=\"Pavimax 400 - Maxima SpA\" \/>\n<meta property=\"og:description\" content=\"[vc_row][vc_column text_align=&#8221;center&#8221; width=&#8221;1\/4&#8243;][vc_column_text] Wyprodukowany w UE &#8211; certyfikat CE[\/vc_column_text][\/vc_column][vc_column width=&#8221;3\/4&#8243;][vc_column_text]Wyposa\u017cony w tarcze diamentowe o \u015brednicy 400 mm i silnik Honda GSX-270. G\u0142\u0119boko\u015b\u0107 ci\u0119cia 14,5 cm jest idealna do pracy w budownictwie mieszkaniowym i drogowym, cho\u0107 wa\u017cy tylko 95 kg. Solidny i stabilny, dzi\u0119ki kr\u00f3tkiej podstawie ko\u0142a i zbiornikowi wody zamontowanemu nad silnikiem, jest precyzyjny i bardzo dobrze wywa\u017cony. Maszyna jest dostarczana z tarcz\u0105 diamentow\u0105 o \u015brednicy 400 mm do wyboru przez klienta &#8211; nale\u017cy j\u0105 okre\u015bli\u0107 podczas zam\u00f3wienia. &nbsp; W\u0142a\u015bciwo\u015bci techniczne Ostrze o \u015brednicy 400 mm &#8211; otw\u00f3r 25,4 mm 33 litrowy zbiornik na wod\u0119 G\u0142\u0119boko\u015b\u0107 ci\u0119cia 14,5 cm (z ostrzem 400) Wymiary (szer. X g\u0142. X wys.): 112x55x106 cm Honda GX270 7 kW silnik &#8211; 9 KM Waga 103 Kg 3600 obrot\u00f3w na minut\u0119 &nbsp; [\/vc_column_text][\/vc_column][\/vc_row]\" \/>\n<meta property=\"og:url\" content=\"https:\/\/www.maxima-dia.com\/pl\/maszyny-do-ciecia\/pavimax-400\/\" \/>\n<meta property=\"og:site_name\" content=\"Maxima SpA\" \/>\n<meta property=\"article:publisher\" content=\"https:\/\/www.facebook.com\/Maxima-spa-106098566139597\" \/>\n<meta property=\"article:modified_time\" content=\"2019-07-10T15:00:04+00:00\" \/>\n<meta property=\"og:image\" content=\"https:\/\/www.maxima-dia.com\/wp-content\/uploads\/2019\/07\/pavimax-400.jpg\" \/>\n\t<meta property=\"og:image:width\" content=\"1200\" \/>\n\t<meta property=\"og:image:height\" content=\"1200\" \/>\n\t<meta property=\"og:image:type\" content=\"image\/jpeg\" \/>\n<meta name=\"twitter:card\" content=\"summary_large_image\" \/>\n<meta name=\"twitter:site\" content=\"@Maximadia\" \/>\n<meta name=\"twitter:label1\" content=\"Szacowany czas czytania\" \/>\n\t<meta name=\"twitter:data1\" content=\"1 minuta\" \/>\n<script type=\"application\/ld+json\" class=\"yoast-schema-graph\">{\"@context\":\"https:\/\/schema.org\",\"@graph\":[{\"@type\":\"WebPage\",\"@id\":\"https:\/\/www.maxima-dia.com\/pl\/maszyny-do-ciecia\/pavimax-400\/\",\"url\":\"https:\/\/www.maxima-dia.com\/pl\/maszyny-do-ciecia\/pavimax-400\/\",\"name\":\"Pavimax 400 - Maxima SpA\",\"isPartOf\":{\"@id\":\"https:\/\/www.maxima-dia.com\/pl\/#website\"},\"primaryImageOfPage\":{\"@id\":\"https:\/\/www.maxima-dia.com\/pl\/maszyny-do-ciecia\/pavimax-400\/#primaryimage\"},\"image\":{\"@id\":\"https:\/\/www.maxima-dia.com\/pl\/maszyny-do-ciecia\/pavimax-400\/#primaryimage\"},\"thumbnailUrl\":\"https:\/\/www.maxima-dia.com\/wp-content\/uploads\/2019\/07\/pavimax-400.jpg\",\"datePublished\":\"2019-07-09T09:10:00+00:00\",\"dateModified\":\"2019-07-10T15:00:04+00:00\",\"breadcrumb\":{\"@id\":\"https:\/\/www.maxima-dia.com\/pl\/maszyny-do-ciecia\/pavimax-400\/#breadcrumb\"},\"inLanguage\":\"pl-PL\",\"potentialAction\":[{\"@type\":\"ReadAction\",\"target\":[\"https:\/\/www.maxima-dia.com\/pl\/maszyny-do-ciecia\/pavimax-400\/\"]}]},{\"@type\":\"ImageObject\",\"inLanguage\":\"pl-PL\",\"@id\":\"https:\/\/www.maxima-dia.com\/pl\/maszyny-do-ciecia\/pavimax-400\/#primaryimage\",\"url\":\"https:\/\/www.maxima-dia.com\/wp-content\/uploads\/2019\/07\/pavimax-400.jpg\",\"contentUrl\":\"https:\/\/www.maxima-dia.com\/wp-content\/uploads\/2019\/07\/pavimax-400.jpg\",\"width\":1200,\"height\":1200},{\"@type\":\"BreadcrumbList\",\"@id\":\"https:\/\/www.maxima-dia.com\/pl\/maszyny-do-ciecia\/pavimax-400\/#breadcrumb\",\"itemListElement\":[{\"@type\":\"ListItem\",\"position\":1,\"name\":\"Home\",\"item\":\"https:\/\/www.maxima-dia.com\/pl\/\"},{\"@type\":\"ListItem\",\"position\":2,\"name\":\"Maszyny do Ci\u0119cia\",\"item\":\"https:\/\/www.maxima-dia.com\/pl\/maszyny-do-ciecia\/\"},{\"@type\":\"ListItem\",\"position\":3,\"name\":\"Pavimax 400\"}]},{\"@type\":\"WebSite\",\"@id\":\"https:\/\/www.maxima-dia.com\/pl\/#website\",\"url\":\"https:\/\/www.maxima-dia.com\/pl\/\",\"name\":\"Maxima SpA\",\"description\":\"Only for the real professionals\",\"potentialAction\":[{\"@type\":\"SearchAction\",\"target\":{\"@type\":\"EntryPoint\",\"urlTemplate\":\"https:\/\/www.maxima-dia.com\/pl\/?s={search_term_string}\"},\"query-input\":{\"@type\":\"PropertyValueSpecification\",\"valueRequired\":true,\"valueName\":\"search_term_string\"}}],\"inLanguage\":\"pl-PL\"}]}<\/script>\n<!-- \/ Yoast SEO plugin. -->","yoast_head_json":{"title":"Pavimax 400 - Maxima SpA","robots":{"index":"index","follow":"follow","max-snippet":"max-snippet:-1","max-image-preview":"max-image-preview:large","max-video-preview":"max-video-preview:-1"},"canonical":"https:\/\/www.maxima-dia.com\/pl\/maszyny-do-ciecia\/pavimax-400\/","og_locale":"pl_PL","og_type":"article","og_title":"Pavimax 400 - Maxima SpA","og_description":"[vc_row][vc_column text_align=&#8221;center&#8221; width=&#8221;1\/4&#8243;][vc_column_text] Wyprodukowany w UE &#8211; certyfikat CE[\/vc_column_text][\/vc_column][vc_column width=&#8221;3\/4&#8243;][vc_column_text]Wyposa\u017cony w tarcze diamentowe o \u015brednicy 400 mm i silnik Honda GSX-270. G\u0142\u0119boko\u015b\u0107 ci\u0119cia 14,5 cm jest idealna do pracy w budownictwie mieszkaniowym i drogowym, cho\u0107 wa\u017cy tylko 95 kg. Solidny i stabilny, dzi\u0119ki kr\u00f3tkiej podstawie ko\u0142a i zbiornikowi wody zamontowanemu nad silnikiem, jest precyzyjny i bardzo dobrze wywa\u017cony. Maszyna jest dostarczana z tarcz\u0105 diamentow\u0105 o \u015brednicy 400 mm do wyboru przez klienta &#8211; nale\u017cy j\u0105 okre\u015bli\u0107 podczas zam\u00f3wienia. &nbsp; W\u0142a\u015bciwo\u015bci techniczne Ostrze o \u015brednicy 400 mm &#8211; otw\u00f3r 25,4 mm 33 litrowy zbiornik na wod\u0119 G\u0142\u0119boko\u015b\u0107 ci\u0119cia 14,5 cm (z ostrzem 400) Wymiary (szer. X g\u0142. X wys.): 112x55x106 cm Honda GX270 7 kW silnik &#8211; 9 KM Waga 103 Kg 3600 obrot\u00f3w na minut\u0119 &nbsp; [\/vc_column_text][\/vc_column][\/vc_row]","og_url":"https:\/\/www.maxima-dia.com\/pl\/maszyny-do-ciecia\/pavimax-400\/","og_site_name":"Maxima SpA","article_publisher":"https:\/\/www.facebook.com\/Maxima-spa-106098566139597","article_modified_time":"2019-07-10T15:00:04+00:00","og_image":[{"width":1200,"height":1200,"url":"https:\/\/www.maxima-dia.com\/wp-content\/uploads\/2019\/07\/pavimax-400.jpg","type":"image\/jpeg"}],"twitter_card":"summary_large_image","twitter_site":"@Maximadia","twitter_misc":{"Szacowany czas czytania":"1 minuta"},"schema":{"@context":"https:\/\/schema.org","@graph":[{"@type":"WebPage","@id":"https:\/\/www.maxima-dia.com\/pl\/maszyny-do-ciecia\/pavimax-400\/","url":"https:\/\/www.maxima-dia.com\/pl\/maszyny-do-ciecia\/pavimax-400\/","name":"Pavimax 400 - Maxima SpA","isPartOf":{"@id":"https:\/\/www.maxima-dia.com\/pl\/#website"},"primaryImageOfPage":{"@id":"https:\/\/www.maxima-dia.com\/pl\/maszyny-do-ciecia\/pavimax-400\/#primaryimage"},"image":{"@id":"https:\/\/www.maxima-dia.com\/pl\/maszyny-do-ciecia\/pavimax-400\/#primaryimage"},"thumbnailUrl":"https:\/\/www.maxima-dia.com\/wp-content\/uploads\/2019\/07\/pavimax-400.jpg","datePublished":"2019-07-09T09:10:00+00:00","dateModified":"2019-07-10T15:00:04+00:00","breadcrumb":{"@id":"https:\/\/www.maxima-dia.com\/pl\/maszyny-do-ciecia\/pavimax-400\/#breadcrumb"},"inLanguage":"pl-PL","potentialAction":[{"@type":"ReadAction","target":["https:\/\/www.maxima-dia.com\/pl\/maszyny-do-ciecia\/pavimax-400\/"]}]},{"@type":"ImageObject","inLanguage":"pl-PL","@id":"https:\/\/www.maxima-dia.com\/pl\/maszyny-do-ciecia\/pavimax-400\/#primaryimage","url":"https:\/\/www.maxima-dia.com\/wp-content\/uploads\/2019\/07\/pavimax-400.jpg","contentUrl":"https:\/\/www.maxima-dia.com\/wp-content\/uploads\/2019\/07\/pavimax-400.jpg","width":1200,"height":1200},{"@type":"BreadcrumbList","@id":"https:\/\/www.maxima-dia.com\/pl\/maszyny-do-ciecia\/pavimax-400\/#breadcrumb","itemListElement":[{"@type":"ListItem","position":1,"name":"Home","item":"https:\/\/www.maxima-dia.com\/pl\/"},{"@type":"ListItem","position":2,"name":"Maszyny do Ci\u0119cia","item":"https:\/\/www.maxima-dia.com\/pl\/maszyny-do-ciecia\/"},{"@type":"ListItem","position":3,"name":"Pavimax 400"}]},{"@type":"WebSite","@id":"https:\/\/www.maxima-dia.com\/pl\/#website","url":"https:\/\/www.maxima-dia.com\/pl\/","name":"Maxima SpA","description":"Only for the real professionals","potentialAction":[{"@type":"SearchAction","target":{"@type":"EntryPoint","urlTemplate":"https:\/\/www.maxima-dia.com\/pl\/?s={search_term_string}"},"query-input":{"@type":"PropertyValueSpecification","valueRequired":true,"valueName":"search_term_string"}}],"inLanguage":"pl-PL"}]}},"_links":{"self":[{"href":"https:\/\/www.maxima-dia.com\/pl\/wp-json\/wp\/v2\/pages\/20645"}],"collection":[{"href":"https:\/\/www.maxima-dia.com\/pl\/wp-json\/wp\/v2\/pages"}],"about":[{"href":"https:\/\/www.maxima-dia.com\/pl\/wp-json\/wp\/v2\/types\/page"}],"author":[{"embeddable":true,"href":"https:\/\/www.maxima-dia.com\/pl\/wp-json\/wp\/v2\/users\/29"}],"replies":[{"embeddable":true,"href":"https:\/\/www.maxima-dia.com\/pl\/wp-json\/wp\/v2\/comments?post=20645"}],"version-history":[{"count":0,"href":"https:\/\/www.maxima-dia.com\/pl\/wp-json\/wp\/v2\/pages\/20645\/revisions"}],"up":[{"embeddable":true,"href":"https:\/\/www.maxima-dia.com\/pl\/wp-json\/wp\/v2\/pages\/20568"}],"wp:featuredmedia":[{"embeddable":true,"href":"https:\/\/www.maxima-dia.com\/pl\/wp-json\/wp\/v2\/media\/20648"}],"wp:attachment":[{"href":"https:\/\/www.maxima-dia.com\/pl\/wp-json\/wp\/v2\/media?parent=20645"}],"curies":[{"name":"wp","href":"https:\/\/api.w.org\/{rel}","templated":true}]}}