{"id":20691,"date":"2019-07-10T14:11:00","date_gmt":"2019-07-10T12:11:00","guid":{"rendered":"https:\/\/www.maxima-dia.com\/?page_id=20691"},"modified":"2019-07-10T14:16:05","modified_gmt":"2019-07-10T12:16:05","slug":"vibramax-60-12","status":"publish","type":"page","link":"https:\/\/www.maxima-dia.com\/pl\/maszyny-budowlane-do-zageszczania\/vibramax-60-12\/","title":{"rendered":"Vibramax 60\/12"},"content":{"rendered":"<div class=\"wpb-content-wrapper\"><p>[vc_row][vc_column text_align=&#8221;center&#8221; width=&#8221;1\/4&#8243;][vc_column_text]<a href=\"\/wp-content\/uploads\/2017\/02\/vibramax.jpg\"><img loading=\"lazy\" decoding=\"async\" class=\"alignnone size-thumbnail wp-image-13928\" src=\"\/wp-content\/uploads\/2017\/02\/vibramax-150x150.jpg\" alt=\"VIBRAMAX 60\/12\" width=\"150\" height=\"150\" srcset=\"https:\/\/www.maxima-dia.com\/wp-content\/uploads\/2017\/02\/vibramax-150x150.jpg 150w, https:\/\/www.maxima-dia.com\/wp-content\/uploads\/2017\/02\/vibramax-300x300.jpg 300w, https:\/\/www.maxima-dia.com\/wp-content\/uploads\/2017\/02\/vibramax-768x768.jpg 768w, https:\/\/www.maxima-dia.com\/wp-content\/uploads\/2017\/02\/vibramax-1024x1024.jpg 1024w, https:\/\/www.maxima-dia.com\/wp-content\/uploads\/2017\/02\/vibramax-80x80.jpg 80w, https:\/\/www.maxima-dia.com\/wp-content\/uploads\/2017\/02\/vibramax-500x500.jpg 500w, https:\/\/www.maxima-dia.com\/wp-content\/uploads\/2017\/02\/vibramax-1000x1000.jpg 1000w, https:\/\/www.maxima-dia.com\/wp-content\/uploads\/2017\/02\/vibramax.jpg 1200w\" sizes=\"(max-width: 150px) 100vw, 150px\" \/><\/a><\/p>\n<p>made in EU&nbsp;<img loading=\"lazy\" decoding=\"async\" src=\"\/wp-content\/uploads\/2013\/11\/eu.png\" alt=\"eu\" width=\"24\" height=\"16\"> &#8211; certificate&nbsp;<span style=\"font-family: arial,helvetica,sans-serif;\">CE<\/span>[\/vc_column_text][\/vc_column][vc_column width=&#8221;3\/4&#8243;][vc_column_text]<strong>Vibramax 60\/12<\/strong> jest maszyn\u0105 do ma\u0142ych, profesjonalnych prac ,\u0142atwa w transporcie i u\u017cytkowaniu. Kompaktowo\u015b\u0107 p\u0142yty i silnika sprawia, \u017ce \u200b\u200bidealnie nadaje si\u0119 do u\u017cytku na prywatnych podw\u00f3rkach i ogrodach lub do wk\u0142adek w podw\u00f3jnych ci\u0119ciach na asfalcie. Silnik Hondy gwarantuje wydajno\u015b\u0107 i niezawodno\u015b\u0107. Nadaje si\u0119 r\u00f3wnie\u017c do \u017cwiru, piasku. Jest wyposa\u017cona w listw\u0119 zderzaka (zdj\u0119cie 1).<\/p>\n<table class=\"tabellafotocarotaggio\" style=\"width: 100%;\">\n<tbody>\n<tr>\n<td style=\"width: 50%; text-align: center;\"><a href=\"\/wp-content\/uploads\/2017\/02\/vibramax-f1.jpg\"><img loading=\"lazy\" decoding=\"async\" class=\"alignnone wp-image-13926 size-thumbnail\" src=\"\/wp-content\/uploads\/2017\/02\/vibramax-f1-150x150.jpg\" width=\"150\" height=\"150\" srcset=\"https:\/\/www.maxima-dia.com\/wp-content\/uploads\/2017\/02\/vibramax-f1-150x150.jpg 150w, https:\/\/www.maxima-dia.com\/wp-content\/uploads\/2017\/02\/vibramax-f1-80x80.jpg 80w, https:\/\/www.maxima-dia.com\/wp-content\/uploads\/2017\/02\/vibramax-f1-500x500.jpg 500w\" sizes=\"(max-width: 150px) 100vw, 150px\" \/><\/a><\/td>\n<td style=\"width: 50%; text-align: center;\"><a href=\"\/wp-content\/uploads\/2017\/02\/vibramax-f2.jpg\"><img loading=\"lazy\" decoding=\"async\" class=\"alignnone wp-image-13894 size-thumbnail\" src=\"\/wp-content\/uploads\/2017\/02\/vibramax-f2-150x150.jpg\" width=\"150\" height=\"150\"><\/a><\/td>\n<\/tr>\n<\/tbody>\n<\/table>\n<p>&nbsp;<\/p>\n<table class=\"tabellatecnica\" style=\"width: 100%; height: 192px;\" border=\"0\" cellspacing=\"0\" cellpadding=\"0\">\n<thead>\n<tr style=\"height: 24px;\">\n<td class=\"testata\" style=\"height: 24px;\" colspan=\"2\">W\u0142a\u015bciwo\u015bci techniczne<\/td>\n<\/tr>\n<\/thead>\n<tbody>\n<tr style=\"height: 24px;\">\n<td class=\"coltesto1\" style=\"width: 50%; height: 24px;\">Si\u0142a od\u015brodkowa 12 Kn<\/td>\n<td class=\"coltesto2\" style=\"width: 50%; height: 24px;\">Cz\u0119stotliwo\u015b\u0107 92 Hz<\/td>\n<\/tr>\n<tr style=\"height: 24px;\">\n<td class=\"coltesto1\" style=\"width: 50%; height: 24px;\">Szeroko\u015b\u0107 p\u0142yty 330 mm<\/td>\n<td class=\"coltesto2\" style=\"width: 50%; height: 24px;\">maksymalna pr\u0119dko\u015b\u0107 30 m \/ min<\/td>\n<\/tr>\n<tr style=\"height: 24px;\">\n<td class=\"coltesto1\" style=\"width: 50%; height: 24px;\">D\u0142ugo\u015b\u0107 p\u0142yty 450 mm<\/td>\n<td class=\"coltesto2\" style=\"width: 50%; height: 24px;\">Nachylenie Max 40%<\/td>\n<\/tr>\n<tr style=\"height: 24px;\">\n<td class=\"coltesto2\" style=\"width: 50%; height: 24px;\">Silnik GX120 Honda na benzynie bezo\u0142owiowej<\/td>\n<td class=\"coltesto2\" style=\"width: 50%; height: 24px;\">Wymiary &#8211; zamkni\u0119te (szer. X g\u0142. X wys.): 710 x 320 850&nbsp;&nbsp;mm<\/td>\n<\/tr>\n<tr style=\"height: 24px;\">\n<td class=\"coltesto2\" style=\"width: 50%; height: 24px;\">Moc silnika 2,6 kW \/ 3,5 KM<\/td>\n<td class=\"coltesto2\" style=\"width: 50%; height: 48px;\" rowspan=\"2\">W komplecie zbiornik na wod\u0119 i zestaw k\u00f3\u0142<\/td>\n<\/tr>\n<tr style=\"height: 24px;\">\n<td class=\"coltesto2\" style=\"width: 50%; height: 24px;\">3600 obrot\u00f3w na minut\u0119<\/td>\n<\/tr>\n<tr style=\"height: 24px;\">\n<td class=\"coltesto2\" style=\"width: 50%; height: 24px;\">Ci\u015bnienie statyczne powierzchni 0,067 kg \/ cm2<\/td>\n<td class=\"coltesto2\" style=\"width: 50%; height: 24px;\">Waga 67 Kg<\/td>\n<\/tr>\n<\/tbody>\n<\/table>\n<p>&nbsp;[\/vc_column_text][\/vc_column][\/vc_row]<\/p>\n<\/div>","protected":false},"excerpt":{"rendered":"<p>[vc_row][vc_column text_align=&#8221;center&#8221; width=&#8221;1\/4&#8243;][vc_column_text] made in EU&nbsp; &#8211; certificate&nbsp;CE[\/vc_column_text][\/vc_column][vc_column width=&#8221;3\/4&#8243;][vc_column_text]Vibramax 60\/12 jest maszyn\u0105 do ma\u0142ych, profesjonalnych prac ,\u0142atwa w transporcie i u\u017cytkowaniu. Kompaktowo\u015b\u0107 p\u0142yty i silnika sprawia, \u017ce \u200b\u200bidealnie nadaje si\u0119 do u\u017cytku na prywatnych podw\u00f3rkach i ogrodach lub do wk\u0142adek w podw\u00f3jnych ci\u0119ciach na asfalcie. Silnik Hondy gwarantuje wydajno\u015b\u0107 i niezawodno\u015b\u0107. Nadaje si\u0119 r\u00f3wnie\u017c do \u017cwiru, piasku. Jest wyposa\u017cona w listw\u0119 zderzaka (zdj\u0119cie 1). &nbsp; W\u0142a\u015bciwo\u015bci techniczne Si\u0142a od\u015brodkowa 12 Kn Cz\u0119stotliwo\u015b\u0107 92 Hz Szeroko\u015b\u0107 p\u0142yty 330 mm maksymalna pr\u0119dko\u015b\u0107 30 m \/ min D\u0142ugo\u015b\u0107 p\u0142yty 450 mm Nachylenie Max 40% Silnik GX120 Honda na benzynie bezo\u0142owiowej Wymiary &#8211; zamkni\u0119te (szer. X g\u0142. X wys.): 710 x 320 850&nbsp;&nbsp;mm Moc silnika 2,6 kW \/ 3,5 KM W komplecie zbiornik na wod\u0119 i zestaw k\u00f3\u0142 3600 obrot\u00f3w na minut\u0119 Ci\u015bnienie statyczne powierzchni 0,067 kg \/ cm2 Waga 67 Kg &nbsp;[\/vc_column_text][\/vc_column][\/vc_row]<\/p>\n","protected":false},"author":29,"featured_media":20695,"parent":33190,"menu_order":2,"comment_status":"closed","ping_status":"closed","template":"","meta":{"ngg_post_thumbnail":0,"_joinchat":[],"footnotes":""},"class_list":["post-20691","page","type-page","status-publish","has-post-thumbnail","hentry"],"yoast_head":"<!-- This site is optimized with the Yoast SEO plugin v25.5 - https:\/\/yoast.com\/wordpress\/plugins\/seo\/ -->\n<title>Vibramax 60\/12 - Maxima SpA<\/title>\n<meta name=\"robots\" content=\"index, follow, max-snippet:-1, max-image-preview:large, max-video-preview:-1\" \/>\n<link rel=\"canonical\" href=\"https:\/\/www.maxima-dia.com\/pl\/maszyny-budowlane-do-zageszczania\/vibramax-60-12\/\" \/>\n<meta property=\"og:locale\" content=\"pl_PL\" \/>\n<meta property=\"og:type\" content=\"article\" \/>\n<meta property=\"og:title\" content=\"Vibramax 60\/12 - Maxima SpA\" \/>\n<meta property=\"og:description\" content=\"[vc_row][vc_column text_align=&#8221;center&#8221; width=&#8221;1\/4&#8243;][vc_column_text] made in EU&nbsp; &#8211; certificate&nbsp;CE[\/vc_column_text][\/vc_column][vc_column width=&#8221;3\/4&#8243;][vc_column_text]Vibramax 60\/12 jest maszyn\u0105 do ma\u0142ych, profesjonalnych prac ,\u0142atwa w transporcie i u\u017cytkowaniu. Kompaktowo\u015b\u0107 p\u0142yty i silnika sprawia, \u017ce \u200b\u200bidealnie nadaje si\u0119 do u\u017cytku na prywatnych podw\u00f3rkach i ogrodach lub do wk\u0142adek w podw\u00f3jnych ci\u0119ciach na asfalcie. Silnik Hondy gwarantuje wydajno\u015b\u0107 i niezawodno\u015b\u0107. Nadaje si\u0119 r\u00f3wnie\u017c do \u017cwiru, piasku. Jest wyposa\u017cona w listw\u0119 zderzaka (zdj\u0119cie 1). &nbsp; W\u0142a\u015bciwo\u015bci techniczne Si\u0142a od\u015brodkowa 12 Kn Cz\u0119stotliwo\u015b\u0107 92 Hz Szeroko\u015b\u0107 p\u0142yty 330 mm maksymalna pr\u0119dko\u015b\u0107 30 m \/ min D\u0142ugo\u015b\u0107 p\u0142yty 450 mm Nachylenie Max 40% Silnik GX120 Honda na benzynie bezo\u0142owiowej Wymiary &#8211; zamkni\u0119te (szer. X g\u0142. X wys.): 710 x 320 850&nbsp;&nbsp;mm Moc silnika 2,6 kW \/ 3,5 KM W komplecie zbiornik na wod\u0119 i zestaw k\u00f3\u0142 3600 obrot\u00f3w na minut\u0119 Ci\u015bnienie statyczne powierzchni 0,067 kg \/ cm2 Waga 67 Kg &nbsp;[\/vc_column_text][\/vc_column][\/vc_row]\" \/>\n<meta property=\"og:url\" content=\"https:\/\/www.maxima-dia.com\/pl\/maszyny-budowlane-do-zageszczania\/vibramax-60-12\/\" \/>\n<meta property=\"og:site_name\" content=\"Maxima SpA\" \/>\n<meta property=\"article:publisher\" content=\"https:\/\/www.facebook.com\/Maxima-spa-106098566139597\" \/>\n<meta property=\"article:modified_time\" content=\"2019-07-10T12:16:05+00:00\" \/>\n<meta property=\"og:image\" content=\"https:\/\/www.maxima-dia.com\/wp-content\/uploads\/2019\/07\/vibramax.jpg\" \/>\n\t<meta property=\"og:image:width\" content=\"1200\" \/>\n\t<meta property=\"og:image:height\" content=\"1200\" \/>\n\t<meta property=\"og:image:type\" content=\"image\/jpeg\" \/>\n<meta name=\"twitter:card\" content=\"summary_large_image\" \/>\n<meta name=\"twitter:site\" content=\"@Maximadia\" \/>\n<meta name=\"twitter:label1\" content=\"Szacowany czas czytania\" \/>\n\t<meta name=\"twitter:data1\" content=\"1 minuta\" \/>\n<script type=\"application\/ld+json\" class=\"yoast-schema-graph\">{\"@context\":\"https:\/\/schema.org\",\"@graph\":[{\"@type\":\"WebPage\",\"@id\":\"https:\/\/www.maxima-dia.com\/pl\/maszyny-budowlane-do-zageszczania\/vibramax-60-12\/\",\"url\":\"https:\/\/www.maxima-dia.com\/pl\/maszyny-budowlane-do-zageszczania\/vibramax-60-12\/\",\"name\":\"Vibramax 60\/12 - Maxima SpA\",\"isPartOf\":{\"@id\":\"https:\/\/www.maxima-dia.com\/pl\/#website\"},\"primaryImageOfPage\":{\"@id\":\"https:\/\/www.maxima-dia.com\/pl\/maszyny-budowlane-do-zageszczania\/vibramax-60-12\/#primaryimage\"},\"image\":{\"@id\":\"https:\/\/www.maxima-dia.com\/pl\/maszyny-budowlane-do-zageszczania\/vibramax-60-12\/#primaryimage\"},\"thumbnailUrl\":\"https:\/\/www.maxima-dia.com\/wp-content\/uploads\/2019\/07\/vibramax.jpg\",\"datePublished\":\"2019-07-10T12:11:00+00:00\",\"dateModified\":\"2019-07-10T12:16:05+00:00\",\"breadcrumb\":{\"@id\":\"https:\/\/www.maxima-dia.com\/pl\/maszyny-budowlane-do-zageszczania\/vibramax-60-12\/#breadcrumb\"},\"inLanguage\":\"pl-PL\",\"potentialAction\":[{\"@type\":\"ReadAction\",\"target\":[\"https:\/\/www.maxima-dia.com\/pl\/maszyny-budowlane-do-zageszczania\/vibramax-60-12\/\"]}]},{\"@type\":\"ImageObject\",\"inLanguage\":\"pl-PL\",\"@id\":\"https:\/\/www.maxima-dia.com\/pl\/maszyny-budowlane-do-zageszczania\/vibramax-60-12\/#primaryimage\",\"url\":\"https:\/\/www.maxima-dia.com\/wp-content\/uploads\/2019\/07\/vibramax.jpg\",\"contentUrl\":\"https:\/\/www.maxima-dia.com\/wp-content\/uploads\/2019\/07\/vibramax.jpg\",\"width\":1200,\"height\":1200},{\"@type\":\"BreadcrumbList\",\"@id\":\"https:\/\/www.maxima-dia.com\/pl\/maszyny-budowlane-do-zageszczania\/vibramax-60-12\/#breadcrumb\",\"itemListElement\":[{\"@type\":\"ListItem\",\"position\":1,\"name\":\"Home\",\"item\":\"https:\/\/www.maxima-dia.com\/pl\/\"},{\"@type\":\"ListItem\",\"position\":2,\"name\":\"Maszyny do Ci\u0119cia\",\"item\":\"https:\/\/www.maxima-dia.com\/pl\/maszyny-do-ciecia\/\"},{\"@type\":\"ListItem\",\"position\":3,\"name\":\"Vibramax 60\/12\"}]},{\"@type\":\"WebSite\",\"@id\":\"https:\/\/www.maxima-dia.com\/pl\/#website\",\"url\":\"https:\/\/www.maxima-dia.com\/pl\/\",\"name\":\"Maxima SpA\",\"description\":\"Only for the real professionals\",\"potentialAction\":[{\"@type\":\"SearchAction\",\"target\":{\"@type\":\"EntryPoint\",\"urlTemplate\":\"https:\/\/www.maxima-dia.com\/pl\/?s={search_term_string}\"},\"query-input\":{\"@type\":\"PropertyValueSpecification\",\"valueRequired\":true,\"valueName\":\"search_term_string\"}}],\"inLanguage\":\"pl-PL\"}]}<\/script>\n<!-- \/ Yoast SEO plugin. -->","yoast_head_json":{"title":"Vibramax 60\/12 - Maxima SpA","robots":{"index":"index","follow":"follow","max-snippet":"max-snippet:-1","max-image-preview":"max-image-preview:large","max-video-preview":"max-video-preview:-1"},"canonical":"https:\/\/www.maxima-dia.com\/pl\/maszyny-budowlane-do-zageszczania\/vibramax-60-12\/","og_locale":"pl_PL","og_type":"article","og_title":"Vibramax 60\/12 - Maxima SpA","og_description":"[vc_row][vc_column text_align=&#8221;center&#8221; width=&#8221;1\/4&#8243;][vc_column_text] made in EU&nbsp; &#8211; certificate&nbsp;CE[\/vc_column_text][\/vc_column][vc_column width=&#8221;3\/4&#8243;][vc_column_text]Vibramax 60\/12 jest maszyn\u0105 do ma\u0142ych, profesjonalnych prac ,\u0142atwa w transporcie i u\u017cytkowaniu. Kompaktowo\u015b\u0107 p\u0142yty i silnika sprawia, \u017ce \u200b\u200bidealnie nadaje si\u0119 do u\u017cytku na prywatnych podw\u00f3rkach i ogrodach lub do wk\u0142adek w podw\u00f3jnych ci\u0119ciach na asfalcie. Silnik Hondy gwarantuje wydajno\u015b\u0107 i niezawodno\u015b\u0107. Nadaje si\u0119 r\u00f3wnie\u017c do \u017cwiru, piasku. Jest wyposa\u017cona w listw\u0119 zderzaka (zdj\u0119cie 1). &nbsp; W\u0142a\u015bciwo\u015bci techniczne Si\u0142a od\u015brodkowa 12 Kn Cz\u0119stotliwo\u015b\u0107 92 Hz Szeroko\u015b\u0107 p\u0142yty 330 mm maksymalna pr\u0119dko\u015b\u0107 30 m \/ min D\u0142ugo\u015b\u0107 p\u0142yty 450 mm Nachylenie Max 40% Silnik GX120 Honda na benzynie bezo\u0142owiowej Wymiary &#8211; zamkni\u0119te (szer. X g\u0142. X wys.): 710 x 320 850&nbsp;&nbsp;mm Moc silnika 2,6 kW \/ 3,5 KM W komplecie zbiornik na wod\u0119 i zestaw k\u00f3\u0142 3600 obrot\u00f3w na minut\u0119 Ci\u015bnienie statyczne powierzchni 0,067 kg \/ cm2 Waga 67 Kg &nbsp;[\/vc_column_text][\/vc_column][\/vc_row]","og_url":"https:\/\/www.maxima-dia.com\/pl\/maszyny-budowlane-do-zageszczania\/vibramax-60-12\/","og_site_name":"Maxima SpA","article_publisher":"https:\/\/www.facebook.com\/Maxima-spa-106098566139597","article_modified_time":"2019-07-10T12:16:05+00:00","og_image":[{"width":1200,"height":1200,"url":"https:\/\/www.maxima-dia.com\/wp-content\/uploads\/2019\/07\/vibramax.jpg","type":"image\/jpeg"}],"twitter_card":"summary_large_image","twitter_site":"@Maximadia","twitter_misc":{"Szacowany czas czytania":"1 minuta"},"schema":{"@context":"https:\/\/schema.org","@graph":[{"@type":"WebPage","@id":"https:\/\/www.maxima-dia.com\/pl\/maszyny-budowlane-do-zageszczania\/vibramax-60-12\/","url":"https:\/\/www.maxima-dia.com\/pl\/maszyny-budowlane-do-zageszczania\/vibramax-60-12\/","name":"Vibramax 60\/12 - Maxima SpA","isPartOf":{"@id":"https:\/\/www.maxima-dia.com\/pl\/#website"},"primaryImageOfPage":{"@id":"https:\/\/www.maxima-dia.com\/pl\/maszyny-budowlane-do-zageszczania\/vibramax-60-12\/#primaryimage"},"image":{"@id":"https:\/\/www.maxima-dia.com\/pl\/maszyny-budowlane-do-zageszczania\/vibramax-60-12\/#primaryimage"},"thumbnailUrl":"https:\/\/www.maxima-dia.com\/wp-content\/uploads\/2019\/07\/vibramax.jpg","datePublished":"2019-07-10T12:11:00+00:00","dateModified":"2019-07-10T12:16:05+00:00","breadcrumb":{"@id":"https:\/\/www.maxima-dia.com\/pl\/maszyny-budowlane-do-zageszczania\/vibramax-60-12\/#breadcrumb"},"inLanguage":"pl-PL","potentialAction":[{"@type":"ReadAction","target":["https:\/\/www.maxima-dia.com\/pl\/maszyny-budowlane-do-zageszczania\/vibramax-60-12\/"]}]},{"@type":"ImageObject","inLanguage":"pl-PL","@id":"https:\/\/www.maxima-dia.com\/pl\/maszyny-budowlane-do-zageszczania\/vibramax-60-12\/#primaryimage","url":"https:\/\/www.maxima-dia.com\/wp-content\/uploads\/2019\/07\/vibramax.jpg","contentUrl":"https:\/\/www.maxima-dia.com\/wp-content\/uploads\/2019\/07\/vibramax.jpg","width":1200,"height":1200},{"@type":"BreadcrumbList","@id":"https:\/\/www.maxima-dia.com\/pl\/maszyny-budowlane-do-zageszczania\/vibramax-60-12\/#breadcrumb","itemListElement":[{"@type":"ListItem","position":1,"name":"Home","item":"https:\/\/www.maxima-dia.com\/pl\/"},{"@type":"ListItem","position":2,"name":"Maszyny do Ci\u0119cia","item":"https:\/\/www.maxima-dia.com\/pl\/maszyny-do-ciecia\/"},{"@type":"ListItem","position":3,"name":"Vibramax 60\/12"}]},{"@type":"WebSite","@id":"https:\/\/www.maxima-dia.com\/pl\/#website","url":"https:\/\/www.maxima-dia.com\/pl\/","name":"Maxima SpA","description":"Only for the real professionals","potentialAction":[{"@type":"SearchAction","target":{"@type":"EntryPoint","urlTemplate":"https:\/\/www.maxima-dia.com\/pl\/?s={search_term_string}"},"query-input":{"@type":"PropertyValueSpecification","valueRequired":true,"valueName":"search_term_string"}}],"inLanguage":"pl-PL"}]}},"_links":{"self":[{"href":"https:\/\/www.maxima-dia.com\/pl\/wp-json\/wp\/v2\/pages\/20691"}],"collection":[{"href":"https:\/\/www.maxima-dia.com\/pl\/wp-json\/wp\/v2\/pages"}],"about":[{"href":"https:\/\/www.maxima-dia.com\/pl\/wp-json\/wp\/v2\/types\/page"}],"author":[{"embeddable":true,"href":"https:\/\/www.maxima-dia.com\/pl\/wp-json\/wp\/v2\/users\/29"}],"replies":[{"embeddable":true,"href":"https:\/\/www.maxima-dia.com\/pl\/wp-json\/wp\/v2\/comments?post=20691"}],"version-history":[{"count":0,"href":"https:\/\/www.maxima-dia.com\/pl\/wp-json\/wp\/v2\/pages\/20691\/revisions"}],"up":[{"embeddable":true,"href":"https:\/\/www.maxima-dia.com\/pl\/wp-json\/wp\/v2\/pages\/33190"}],"wp:featuredmedia":[{"embeddable":true,"href":"https:\/\/www.maxima-dia.com\/pl\/wp-json\/wp\/v2\/media\/20695"}],"wp:attachment":[{"href":"https:\/\/www.maxima-dia.com\/pl\/wp-json\/wp\/v2\/media?parent=20691"}],"curies":[{"name":"wp","href":"https:\/\/api.w.org\/{rel}","templated":true}]}}