{"id":20704,"date":"2019-07-10T17:07:41","date_gmt":"2019-07-10T15:07:41","guid":{"rendered":"https:\/\/www.maxima-dia.com\/?page_id=20704"},"modified":"2019-07-10T17:11:11","modified_gmt":"2019-07-10T15:11:11","slug":"vibramax-95-18","status":"publish","type":"page","link":"https:\/\/www.maxima-dia.com\/pl\/maszyny-budowlane-do-zageszczania\/vibramax-95-18\/","title":{"rendered":"Vibramax 95\/18"},"content":{"rendered":"<div class=\"wpb-content-wrapper\"><p>[vc_row][vc_column text_align=&#8221;center&#8221; width=&#8221;1\/4&#8243;][vc_column_text]<a href=\"\/wp-content\/uploads\/2017\/02\/vibramax-95-18.jpg\"><img loading=\"lazy\" decoding=\"async\" class=\"alignnone size-thumbnail wp-image-13925\" src=\"\/wp-content\/uploads\/2017\/02\/vibramax-95-18-150x150.jpg\" alt=\"VIBRAMAX 95\/18\" width=\"150\" height=\"150\" srcset=\"https:\/\/www.maxima-dia.com\/wp-content\/uploads\/2017\/02\/vibramax-95-18-150x150.jpg 150w, https:\/\/www.maxima-dia.com\/wp-content\/uploads\/2017\/02\/vibramax-95-18-300x300.jpg 300w, https:\/\/www.maxima-dia.com\/wp-content\/uploads\/2017\/02\/vibramax-95-18-768x768.jpg 768w, https:\/\/www.maxima-dia.com\/wp-content\/uploads\/2017\/02\/vibramax-95-18-1024x1024.jpg 1024w, https:\/\/www.maxima-dia.com\/wp-content\/uploads\/2017\/02\/vibramax-95-18-80x80.jpg 80w, https:\/\/www.maxima-dia.com\/wp-content\/uploads\/2017\/02\/vibramax-95-18-500x500.jpg 500w, https:\/\/www.maxima-dia.com\/wp-content\/uploads\/2017\/02\/vibramax-95-18-1000x1000.jpg 1000w, https:\/\/www.maxima-dia.com\/wp-content\/uploads\/2017\/02\/vibramax-95-18.jpg 1200w\" sizes=\"(max-width: 150px) 100vw, 150px\" \/><\/a><\/p>\n<p>made in EU&nbsp;<img loading=\"lazy\" decoding=\"async\" src=\"\/wp-content\/uploads\/2013\/11\/eu.png\" alt=\"eu\" width=\"24\" height=\"16\"> &#8211; certificate&nbsp;<span style=\"font-family: arial,helvetica,sans-serif;\">CE<\/span>[\/vc_column_text][\/vc_column][vc_column width=&#8221;3\/4&#8243;][vc_column_text]Wymiary i specyfikacje techniczne stawiaj\u0105 t\u0119 maszyn\u0119 w samym \u015brodku gamy zag\u0119szczaczy i tak naprawd\u0119 ka\u017cdemu odpowiada <strong>Vibramax 95\/18<\/strong>: jego odpowiednia si\u0142a od\u015brodkowa, wymiary p\u0142yty i waga sprawiaj\u0105, \u017ce idealnie nadaje si\u0119 zar\u00f3wno do intensywnego, jak i okazjonalnego u\u017cytkowania, r\u00f3wnie\u017c do wynajmu . Idealny dla tych, kt\u00f3rzy cz\u0119sto u\u017cywaj\u0105 p\u0142yty wibracyjnej na asfalcie, \u017cwirze lub zag\u0119szczonym kamieniu. Jest wyposa\u017cony w listw\u0119 zderzaka (zdj\u0119cie 1) i dostarczany z d\u017awigni\u0105 regulacji przepustnicy (zdj\u0119cie 2).<\/p>\n<table class=\"tabellafotocarotaggio\" style=\"width: 100%;\">\n<tbody>\n<tr>\n<td style=\"width: 50%; text-align: center;\"><a href=\"\/wp-content\/uploads\/2017\/02\/vibramax-95-18-f1.jpg\"><img loading=\"lazy\" decoding=\"async\" class=\"alignnone wp-image-13923 size-thumbnail\" src=\"\/wp-content\/uploads\/2017\/02\/vibramax-95-18-f1-150x150.jpg\" width=\"150\" height=\"150\" srcset=\"https:\/\/www.maxima-dia.com\/wp-content\/uploads\/2017\/02\/vibramax-95-18-f1-150x150.jpg 150w, https:\/\/www.maxima-dia.com\/wp-content\/uploads\/2017\/02\/vibramax-95-18-f1-80x80.jpg 80w, https:\/\/www.maxima-dia.com\/wp-content\/uploads\/2017\/02\/vibramax-95-18-f1-500x500.jpg 500w\" sizes=\"(max-width: 150px) 100vw, 150px\" \/><\/a><\/td>\n<td style=\"width: 50%; text-align: center;\"><a href=\"\/wp-content\/uploads\/2017\/02\/vibramax-95-18-f2.jpg\"><img loading=\"lazy\" decoding=\"async\" class=\"alignnone wp-image-13924 size-thumbnail\" src=\"\/wp-content\/uploads\/2017\/02\/vibramax-95-18-f2-150x150.jpg\" width=\"150\" height=\"150\" srcset=\"https:\/\/www.maxima-dia.com\/wp-content\/uploads\/2017\/02\/vibramax-95-18-f2-150x150.jpg 150w, https:\/\/www.maxima-dia.com\/wp-content\/uploads\/2017\/02\/vibramax-95-18-f2-80x80.jpg 80w, https:\/\/www.maxima-dia.com\/wp-content\/uploads\/2017\/02\/vibramax-95-18-f2-500x500.jpg 500w\" sizes=\"(max-width: 150px) 100vw, 150px\" \/><\/a><\/td>\n<\/tr>\n<\/tbody>\n<\/table>\n<p style=\"text-align: justify;\">&nbsp;<\/p>\n<table class=\"tabellatecnica\" style=\"width: 100%;\" border=\"0\" cellspacing=\"0\" cellpadding=\"0\">\n<thead>\n<tr>\n<td class=\"testata\" style=\"width: 100%;\" colspan=\"2\">W\u0142a\u015bciwo\u015bci techniczne<\/td>\n<\/tr>\n<\/thead>\n<tbody>\n<tr>\n<td class=\"coltesto1\" style=\"width: 50%;\">Si\u0142a od\u015brodkowa 18 Kn<\/td>\n<td class=\"coltesto2\" style=\"width: 50%;\">Cz\u0119stotliwo\u015b\u0107 100 Hz<\/td>\n<\/tr>\n<tr>\n<td class=\"coltesto1\" style=\"width: 50%;\">Szeroko\u015b\u0107 p\u0142yty: 450 mm<\/td>\n<td class=\"coltesto2\" style=\"width: 50%;\">maksymalna pr\u0119dko\u015b\u0107 25 m \/ min<\/td>\n<\/tr>\n<tr>\n<td class=\"coltesto1\" style=\"width: 50%;\">D\u0142ugo\u015b\u0107 p\u0142yty: 565 mm<\/td>\n<td class=\"coltesto2\" style=\"width: 50%;\">Nachylenie Max. 30%<\/td>\n<\/tr>\n<tr>\n<td class=\"coltesto2\" style=\"width: 50%;\">Silnik GX160 K1 Honda na benzynie bezo\u0142owiowej&nbsp;<\/td>\n<td class=\"coltesto2\" style=\"width: 50%;\">Wymiary &#8211; zamkni\u0119te (szer. X g\u0142. X wys.): 450 x 565 x 765 mm (910 otwartych)<\/td>\n<\/tr>\n<tr>\n<td class=\"coltesto2\" style=\"width: 50%;\">Moc silnika 4,0 kW \/ 5,5 KM<\/td>\n<td class=\"coltesto2\" style=\"width: 50%;\" rowspan=\"2\">W komplecie zbiornik na wod\u0119 i zestaw k\u00f3\u0142<\/td>\n<\/tr>\n<tr>\n<td class=\"coltesto2\" style=\"width: 50%;\">3600 obrot\u00f3w na minut\u0119<\/td>\n<\/tr>\n<tr>\n<td class=\"coltesto2\" style=\"width: 50%;\">Ci\u015bnienie statyczne powierzchni 0,067 kg \/ cm2<\/td>\n<td class=\"coltesto2\" style=\"width: 50%;\">Waga 95 Kg<\/td>\n<\/tr>\n<\/tbody>\n<\/table>\n<p>[\/vc_column_text][\/vc_column][\/vc_row]<\/p>\n<\/div>","protected":false},"excerpt":{"rendered":"<p>[vc_row][vc_column text_align=&#8221;center&#8221; width=&#8221;1\/4&#8243;][vc_column_text] made in EU&nbsp; &#8211; certificate&nbsp;CE[\/vc_column_text][\/vc_column][vc_column width=&#8221;3\/4&#8243;][vc_column_text]Wymiary i specyfikacje techniczne stawiaj\u0105 t\u0119 maszyn\u0119 w samym \u015brodku gamy zag\u0119szczaczy i tak naprawd\u0119 ka\u017cdemu odpowiada Vibramax 95\/18: jego odpowiednia si\u0142a od\u015brodkowa, wymiary p\u0142yty i waga sprawiaj\u0105, \u017ce idealnie nadaje si\u0119 zar\u00f3wno do intensywnego, jak i okazjonalnego u\u017cytkowania, r\u00f3wnie\u017c do wynajmu . Idealny dla tych, kt\u00f3rzy cz\u0119sto u\u017cywaj\u0105 p\u0142yty wibracyjnej na asfalcie, \u017cwirze lub zag\u0119szczonym kamieniu. Jest wyposa\u017cony w listw\u0119 zderzaka (zdj\u0119cie 1) i dostarczany z d\u017awigni\u0105 regulacji przepustnicy (zdj\u0119cie 2). &nbsp; W\u0142a\u015bciwo\u015bci techniczne Si\u0142a od\u015brodkowa 18 Kn Cz\u0119stotliwo\u015b\u0107 100 Hz Szeroko\u015b\u0107 p\u0142yty: 450 mm maksymalna pr\u0119dko\u015b\u0107 25 m \/ min D\u0142ugo\u015b\u0107 p\u0142yty: 565 mm Nachylenie Max. 30% Silnik GX160 K1 Honda na benzynie bezo\u0142owiowej&nbsp; Wymiary &#8211; zamkni\u0119te (szer. X g\u0142. X wys.): 450 x 565 x 765 mm (910 otwartych) Moc silnika 4,0 kW \/ 5,5 KM W komplecie zbiornik na wod\u0119 i zestaw k\u00f3\u0142 3600 obrot\u00f3w na minut\u0119 Ci\u015bnienie statyczne powierzchni 0,067 kg \/ cm2 Waga 95 Kg [\/vc_column_text][\/vc_column][\/vc_row]<\/p>\n","protected":false},"author":29,"featured_media":20706,"parent":33190,"menu_order":3,"comment_status":"closed","ping_status":"closed","template":"","meta":{"ngg_post_thumbnail":0,"_joinchat":[],"footnotes":""},"class_list":["post-20704","page","type-page","status-publish","has-post-thumbnail","hentry"],"yoast_head":"<!-- This site is optimized with the Yoast SEO plugin v25.5 - https:\/\/yoast.com\/wordpress\/plugins\/seo\/ -->\n<title>Vibramax 95\/18 - Maxima SpA<\/title>\n<meta name=\"robots\" content=\"index, follow, max-snippet:-1, max-image-preview:large, max-video-preview:-1\" \/>\n<link rel=\"canonical\" href=\"https:\/\/www.maxima-dia.com\/pl\/maszyny-budowlane-do-zageszczania\/vibramax-95-18\/\" \/>\n<meta property=\"og:locale\" content=\"pl_PL\" \/>\n<meta property=\"og:type\" content=\"article\" \/>\n<meta property=\"og:title\" content=\"Vibramax 95\/18 - Maxima SpA\" \/>\n<meta property=\"og:description\" content=\"[vc_row][vc_column text_align=&#8221;center&#8221; width=&#8221;1\/4&#8243;][vc_column_text] made in EU&nbsp; &#8211; certificate&nbsp;CE[\/vc_column_text][\/vc_column][vc_column width=&#8221;3\/4&#8243;][vc_column_text]Wymiary i specyfikacje techniczne stawiaj\u0105 t\u0119 maszyn\u0119 w samym \u015brodku gamy zag\u0119szczaczy i tak naprawd\u0119 ka\u017cdemu odpowiada Vibramax 95\/18: jego odpowiednia si\u0142a od\u015brodkowa, wymiary p\u0142yty i waga sprawiaj\u0105, \u017ce idealnie nadaje si\u0119 zar\u00f3wno do intensywnego, jak i okazjonalnego u\u017cytkowania, r\u00f3wnie\u017c do wynajmu . Idealny dla tych, kt\u00f3rzy cz\u0119sto u\u017cywaj\u0105 p\u0142yty wibracyjnej na asfalcie, \u017cwirze lub zag\u0119szczonym kamieniu. Jest wyposa\u017cony w listw\u0119 zderzaka (zdj\u0119cie 1) i dostarczany z d\u017awigni\u0105 regulacji przepustnicy (zdj\u0119cie 2). &nbsp; W\u0142a\u015bciwo\u015bci techniczne Si\u0142a od\u015brodkowa 18 Kn Cz\u0119stotliwo\u015b\u0107 100 Hz Szeroko\u015b\u0107 p\u0142yty: 450 mm maksymalna pr\u0119dko\u015b\u0107 25 m \/ min D\u0142ugo\u015b\u0107 p\u0142yty: 565 mm Nachylenie Max. 30% Silnik GX160 K1 Honda na benzynie bezo\u0142owiowej&nbsp; Wymiary &#8211; zamkni\u0119te (szer. X g\u0142. X wys.): 450 x 565 x 765 mm (910 otwartych) Moc silnika 4,0 kW \/ 5,5 KM W komplecie zbiornik na wod\u0119 i zestaw k\u00f3\u0142 3600 obrot\u00f3w na minut\u0119 Ci\u015bnienie statyczne powierzchni 0,067 kg \/ cm2 Waga 95 Kg [\/vc_column_text][\/vc_column][\/vc_row]\" \/>\n<meta property=\"og:url\" content=\"https:\/\/www.maxima-dia.com\/pl\/maszyny-budowlane-do-zageszczania\/vibramax-95-18\/\" \/>\n<meta property=\"og:site_name\" content=\"Maxima SpA\" \/>\n<meta property=\"article:publisher\" content=\"https:\/\/www.facebook.com\/Maxima-spa-106098566139597\" \/>\n<meta property=\"article:modified_time\" content=\"2019-07-10T15:11:11+00:00\" \/>\n<meta property=\"og:image\" content=\"https:\/\/www.maxima-dia.com\/wp-content\/uploads\/2017\/02\/vibramax-95-18.jpg\" \/>\n\t<meta property=\"og:image:width\" content=\"1200\" \/>\n\t<meta property=\"og:image:height\" content=\"1200\" \/>\n\t<meta property=\"og:image:type\" content=\"image\/jpeg\" \/>\n<meta name=\"twitter:card\" content=\"summary_large_image\" \/>\n<meta name=\"twitter:site\" content=\"@Maximadia\" \/>\n<meta name=\"twitter:label1\" content=\"Szacowany czas czytania\" \/>\n\t<meta name=\"twitter:data1\" content=\"1 minuta\" \/>\n<script type=\"application\/ld+json\" class=\"yoast-schema-graph\">{\"@context\":\"https:\/\/schema.org\",\"@graph\":[{\"@type\":\"WebPage\",\"@id\":\"https:\/\/www.maxima-dia.com\/pl\/maszyny-budowlane-do-zageszczania\/vibramax-95-18\/\",\"url\":\"https:\/\/www.maxima-dia.com\/pl\/maszyny-budowlane-do-zageszczania\/vibramax-95-18\/\",\"name\":\"Vibramax 95\/18 - Maxima SpA\",\"isPartOf\":{\"@id\":\"https:\/\/www.maxima-dia.com\/pl\/#website\"},\"primaryImageOfPage\":{\"@id\":\"https:\/\/www.maxima-dia.com\/pl\/maszyny-budowlane-do-zageszczania\/vibramax-95-18\/#primaryimage\"},\"image\":{\"@id\":\"https:\/\/www.maxima-dia.com\/pl\/maszyny-budowlane-do-zageszczania\/vibramax-95-18\/#primaryimage\"},\"thumbnailUrl\":\"https:\/\/www.maxima-dia.com\/wp-content\/uploads\/2017\/02\/vibramax-95-18.jpg\",\"datePublished\":\"2019-07-10T15:07:41+00:00\",\"dateModified\":\"2019-07-10T15:11:11+00:00\",\"breadcrumb\":{\"@id\":\"https:\/\/www.maxima-dia.com\/pl\/maszyny-budowlane-do-zageszczania\/vibramax-95-18\/#breadcrumb\"},\"inLanguage\":\"pl-PL\",\"potentialAction\":[{\"@type\":\"ReadAction\",\"target\":[\"https:\/\/www.maxima-dia.com\/pl\/maszyny-budowlane-do-zageszczania\/vibramax-95-18\/\"]}]},{\"@type\":\"ImageObject\",\"inLanguage\":\"pl-PL\",\"@id\":\"https:\/\/www.maxima-dia.com\/pl\/maszyny-budowlane-do-zageszczania\/vibramax-95-18\/#primaryimage\",\"url\":\"https:\/\/www.maxima-dia.com\/wp-content\/uploads\/2017\/02\/vibramax-95-18.jpg\",\"contentUrl\":\"https:\/\/www.maxima-dia.com\/wp-content\/uploads\/2017\/02\/vibramax-95-18.jpg\",\"width\":1200,\"height\":1200},{\"@type\":\"BreadcrumbList\",\"@id\":\"https:\/\/www.maxima-dia.com\/pl\/maszyny-budowlane-do-zageszczania\/vibramax-95-18\/#breadcrumb\",\"itemListElement\":[{\"@type\":\"ListItem\",\"position\":1,\"name\":\"Home\",\"item\":\"https:\/\/www.maxima-dia.com\/pl\/\"},{\"@type\":\"ListItem\",\"position\":2,\"name\":\"Maszyny do Ci\u0119cia\",\"item\":\"https:\/\/www.maxima-dia.com\/pl\/maszyny-do-ciecia\/\"},{\"@type\":\"ListItem\",\"position\":3,\"name\":\"Vibramax 95\/18\"}]},{\"@type\":\"WebSite\",\"@id\":\"https:\/\/www.maxima-dia.com\/pl\/#website\",\"url\":\"https:\/\/www.maxima-dia.com\/pl\/\",\"name\":\"Maxima SpA\",\"description\":\"Only for the real professionals\",\"potentialAction\":[{\"@type\":\"SearchAction\",\"target\":{\"@type\":\"EntryPoint\",\"urlTemplate\":\"https:\/\/www.maxima-dia.com\/pl\/?s={search_term_string}\"},\"query-input\":{\"@type\":\"PropertyValueSpecification\",\"valueRequired\":true,\"valueName\":\"search_term_string\"}}],\"inLanguage\":\"pl-PL\"}]}<\/script>\n<!-- \/ Yoast SEO plugin. -->","yoast_head_json":{"title":"Vibramax 95\/18 - Maxima SpA","robots":{"index":"index","follow":"follow","max-snippet":"max-snippet:-1","max-image-preview":"max-image-preview:large","max-video-preview":"max-video-preview:-1"},"canonical":"https:\/\/www.maxima-dia.com\/pl\/maszyny-budowlane-do-zageszczania\/vibramax-95-18\/","og_locale":"pl_PL","og_type":"article","og_title":"Vibramax 95\/18 - Maxima SpA","og_description":"[vc_row][vc_column text_align=&#8221;center&#8221; width=&#8221;1\/4&#8243;][vc_column_text] made in EU&nbsp; &#8211; certificate&nbsp;CE[\/vc_column_text][\/vc_column][vc_column width=&#8221;3\/4&#8243;][vc_column_text]Wymiary i specyfikacje techniczne stawiaj\u0105 t\u0119 maszyn\u0119 w samym \u015brodku gamy zag\u0119szczaczy i tak naprawd\u0119 ka\u017cdemu odpowiada Vibramax 95\/18: jego odpowiednia si\u0142a od\u015brodkowa, wymiary p\u0142yty i waga sprawiaj\u0105, \u017ce idealnie nadaje si\u0119 zar\u00f3wno do intensywnego, jak i okazjonalnego u\u017cytkowania, r\u00f3wnie\u017c do wynajmu . Idealny dla tych, kt\u00f3rzy cz\u0119sto u\u017cywaj\u0105 p\u0142yty wibracyjnej na asfalcie, \u017cwirze lub zag\u0119szczonym kamieniu. Jest wyposa\u017cony w listw\u0119 zderzaka (zdj\u0119cie 1) i dostarczany z d\u017awigni\u0105 regulacji przepustnicy (zdj\u0119cie 2). &nbsp; W\u0142a\u015bciwo\u015bci techniczne Si\u0142a od\u015brodkowa 18 Kn Cz\u0119stotliwo\u015b\u0107 100 Hz Szeroko\u015b\u0107 p\u0142yty: 450 mm maksymalna pr\u0119dko\u015b\u0107 25 m \/ min D\u0142ugo\u015b\u0107 p\u0142yty: 565 mm Nachylenie Max. 30% Silnik GX160 K1 Honda na benzynie bezo\u0142owiowej&nbsp; Wymiary &#8211; zamkni\u0119te (szer. X g\u0142. X wys.): 450 x 565 x 765 mm (910 otwartych) Moc silnika 4,0 kW \/ 5,5 KM W komplecie zbiornik na wod\u0119 i zestaw k\u00f3\u0142 3600 obrot\u00f3w na minut\u0119 Ci\u015bnienie statyczne powierzchni 0,067 kg \/ cm2 Waga 95 Kg [\/vc_column_text][\/vc_column][\/vc_row]","og_url":"https:\/\/www.maxima-dia.com\/pl\/maszyny-budowlane-do-zageszczania\/vibramax-95-18\/","og_site_name":"Maxima SpA","article_publisher":"https:\/\/www.facebook.com\/Maxima-spa-106098566139597","article_modified_time":"2019-07-10T15:11:11+00:00","og_image":[{"width":1200,"height":1200,"url":"https:\/\/www.maxima-dia.com\/wp-content\/uploads\/2017\/02\/vibramax-95-18.jpg","type":"image\/jpeg"}],"twitter_card":"summary_large_image","twitter_site":"@Maximadia","twitter_misc":{"Szacowany czas czytania":"1 minuta"},"schema":{"@context":"https:\/\/schema.org","@graph":[{"@type":"WebPage","@id":"https:\/\/www.maxima-dia.com\/pl\/maszyny-budowlane-do-zageszczania\/vibramax-95-18\/","url":"https:\/\/www.maxima-dia.com\/pl\/maszyny-budowlane-do-zageszczania\/vibramax-95-18\/","name":"Vibramax 95\/18 - Maxima SpA","isPartOf":{"@id":"https:\/\/www.maxima-dia.com\/pl\/#website"},"primaryImageOfPage":{"@id":"https:\/\/www.maxima-dia.com\/pl\/maszyny-budowlane-do-zageszczania\/vibramax-95-18\/#primaryimage"},"image":{"@id":"https:\/\/www.maxima-dia.com\/pl\/maszyny-budowlane-do-zageszczania\/vibramax-95-18\/#primaryimage"},"thumbnailUrl":"https:\/\/www.maxima-dia.com\/wp-content\/uploads\/2017\/02\/vibramax-95-18.jpg","datePublished":"2019-07-10T15:07:41+00:00","dateModified":"2019-07-10T15:11:11+00:00","breadcrumb":{"@id":"https:\/\/www.maxima-dia.com\/pl\/maszyny-budowlane-do-zageszczania\/vibramax-95-18\/#breadcrumb"},"inLanguage":"pl-PL","potentialAction":[{"@type":"ReadAction","target":["https:\/\/www.maxima-dia.com\/pl\/maszyny-budowlane-do-zageszczania\/vibramax-95-18\/"]}]},{"@type":"ImageObject","inLanguage":"pl-PL","@id":"https:\/\/www.maxima-dia.com\/pl\/maszyny-budowlane-do-zageszczania\/vibramax-95-18\/#primaryimage","url":"https:\/\/www.maxima-dia.com\/wp-content\/uploads\/2017\/02\/vibramax-95-18.jpg","contentUrl":"https:\/\/www.maxima-dia.com\/wp-content\/uploads\/2017\/02\/vibramax-95-18.jpg","width":1200,"height":1200},{"@type":"BreadcrumbList","@id":"https:\/\/www.maxima-dia.com\/pl\/maszyny-budowlane-do-zageszczania\/vibramax-95-18\/#breadcrumb","itemListElement":[{"@type":"ListItem","position":1,"name":"Home","item":"https:\/\/www.maxima-dia.com\/pl\/"},{"@type":"ListItem","position":2,"name":"Maszyny do Ci\u0119cia","item":"https:\/\/www.maxima-dia.com\/pl\/maszyny-do-ciecia\/"},{"@type":"ListItem","position":3,"name":"Vibramax 95\/18"}]},{"@type":"WebSite","@id":"https:\/\/www.maxima-dia.com\/pl\/#website","url":"https:\/\/www.maxima-dia.com\/pl\/","name":"Maxima SpA","description":"Only for the real professionals","potentialAction":[{"@type":"SearchAction","target":{"@type":"EntryPoint","urlTemplate":"https:\/\/www.maxima-dia.com\/pl\/?s={search_term_string}"},"query-input":{"@type":"PropertyValueSpecification","valueRequired":true,"valueName":"search_term_string"}}],"inLanguage":"pl-PL"}]}},"_links":{"self":[{"href":"https:\/\/www.maxima-dia.com\/pl\/wp-json\/wp\/v2\/pages\/20704"}],"collection":[{"href":"https:\/\/www.maxima-dia.com\/pl\/wp-json\/wp\/v2\/pages"}],"about":[{"href":"https:\/\/www.maxima-dia.com\/pl\/wp-json\/wp\/v2\/types\/page"}],"author":[{"embeddable":true,"href":"https:\/\/www.maxima-dia.com\/pl\/wp-json\/wp\/v2\/users\/29"}],"replies":[{"embeddable":true,"href":"https:\/\/www.maxima-dia.com\/pl\/wp-json\/wp\/v2\/comments?post=20704"}],"version-history":[{"count":0,"href":"https:\/\/www.maxima-dia.com\/pl\/wp-json\/wp\/v2\/pages\/20704\/revisions"}],"up":[{"embeddable":true,"href":"https:\/\/www.maxima-dia.com\/pl\/wp-json\/wp\/v2\/pages\/33190"}],"wp:featuredmedia":[{"embeddable":true,"href":"https:\/\/www.maxima-dia.com\/pl\/wp-json\/wp\/v2\/media\/20706"}],"wp:attachment":[{"href":"https:\/\/www.maxima-dia.com\/pl\/wp-json\/wp\/v2\/media?parent=20704"}],"curies":[{"name":"wp","href":"https:\/\/api.w.org\/{rel}","templated":true}]}}