{"id":20716,"date":"2019-07-11T15:20:19","date_gmt":"2019-07-11T13:20:19","guid":{"rendered":"https:\/\/www.maxima-dia.com\/?page_id=20716"},"modified":"2021-07-23T10:39:32","modified_gmt":"2021-07-23T08:39:32","slug":"stoneware-red-core-bit","status":"publish","type":"page","link":"https:\/\/www.maxima-dia.com\/pl\/wiertla-do-wiercenia-na-sucho\/stoneware-red-core-bit\/","title":{"rendered":"Stoneware Red Core Bit"},"content":{"rendered":"<div class=\"wpb-content-wrapper\"><p>[vc_row][vc_column text_align=&#8221;center&#8221; width=&#8221;1\/4&#8243;][vc_column_text]<a href=\"\/wp-content\/uploads\/2017\/02\/foretto-rosso-gres.jpg\" rel=\"g1\"><img loading=\"lazy\" decoding=\"async\" class=\"alignnone wp-image-13753 size-thumbnail\" src=\"\/wp-content\/uploads\/2017\/02\/foretto-rosso-gres-150x150.jpg\" alt=\"FORETTO ROSSO GRES\" width=\"150\" height=\"150\" srcset=\"https:\/\/www.maxima-dia.com\/wp-content\/uploads\/2017\/02\/foretto-rosso-gres-150x150.jpg 150w, https:\/\/www.maxima-dia.com\/wp-content\/uploads\/2017\/02\/foretto-rosso-gres-300x300.jpg 300w, https:\/\/www.maxima-dia.com\/wp-content\/uploads\/2017\/02\/foretto-rosso-gres-768x768.jpg 768w, https:\/\/www.maxima-dia.com\/wp-content\/uploads\/2017\/02\/foretto-rosso-gres-1024x1024.jpg 1024w, https:\/\/www.maxima-dia.com\/wp-content\/uploads\/2017\/02\/foretto-rosso-gres-80x80.jpg 80w, https:\/\/www.maxima-dia.com\/wp-content\/uploads\/2017\/02\/foretto-rosso-gres-500x500.jpg 500w, https:\/\/www.maxima-dia.com\/wp-content\/uploads\/2017\/02\/foretto-rosso-gres-1000x1000.jpg 1000w, https:\/\/www.maxima-dia.com\/wp-content\/uploads\/2017\/02\/foretto-rosso-gres.jpg 1200w\" sizes=\"(max-width: 150px) 100vw, 150px\" \/><\/a>[\/vc_column_text][\/vc_column][vc_column width=&#8221;3\/4&#8243;][vc_column_text]<strong>Do Wiertarki.<\/strong><br \/>\n<strong>Do gresu porcelanowego i ceramiki w og\u00f3le.<\/strong><br \/>\nNie gwarantuje si\u0119 wydajno\u015bci dla granitu i marmuru. U\u017cywa\u0107 z wkr\u0119tark\u0105 lub wiertark\u0105 od 13 mm. Zalecenie do prawid\u0142owej pracy na sucho: wiercenie bez udaru, optymalna liczba obrot\u00f3w 1500 obr \/ min. W celu uzyskania najlepszych rezultat\u00f3w ch\u0142odzi\u0107 podczas wiercenia, usuwaj\u0105c i ponownie wk\u0142adaj\u0105c narz\u0119dzie wielokrotnie w otw\u00f3r. Rozpocznij wiercenie pod k\u0105tem 45 \u00b0, wykonuj\u0105c ruchy okr\u0119\u017cne.&nbsp;&nbsp;&nbsp;&nbsp;&nbsp;&nbsp;&nbsp;&nbsp;&nbsp;&nbsp;&nbsp;&nbsp;&nbsp;&nbsp;&nbsp;&nbsp;&nbsp;&nbsp;&nbsp;&nbsp;&nbsp;&nbsp;&nbsp;&nbsp;&nbsp;&nbsp;&nbsp;&nbsp;&nbsp;&nbsp;&nbsp;&nbsp;&nbsp;&nbsp;&nbsp;&nbsp;&nbsp;&nbsp;&nbsp;&nbsp;&nbsp;&nbsp;&nbsp;&nbsp;&nbsp;&nbsp;&nbsp;&nbsp;&nbsp;&nbsp;&nbsp;&nbsp;&nbsp;&nbsp;&nbsp;&nbsp;&nbsp;&nbsp;&nbsp;&nbsp;&nbsp;&nbsp;&nbsp;&nbsp;&nbsp;&nbsp;&nbsp;&nbsp;&nbsp;&nbsp;&nbsp;&nbsp;&nbsp;&nbsp;&nbsp;&nbsp;&nbsp;&nbsp; &nbsp;&nbsp;&nbsp;&nbsp;&nbsp;&nbsp;&nbsp;&nbsp;&nbsp;&nbsp;&nbsp;&nbsp;&nbsp;&nbsp;&nbsp;&nbsp;&nbsp;&nbsp;&nbsp;&nbsp;&nbsp;&nbsp;&nbsp;&nbsp;&nbsp;&nbsp;&nbsp;&nbsp;&nbsp;&nbsp;&nbsp;&nbsp;&nbsp;&nbsp;&nbsp;&nbsp;&nbsp;&nbsp;&nbsp;&nbsp;&nbsp;&nbsp;&nbsp;&nbsp;&nbsp;&nbsp;&nbsp;&nbsp;&nbsp;&nbsp;&nbsp;&nbsp;<\/p>\n<p><strong>Do szlifierki.<\/strong><br \/>\n<strong>Do gresu porcelanowego, ceramiki i kamieni naturalnych.<\/strong> Nie gwarantuje si\u0119 wydajno\u015bci dla granitu i marmuru. U\u017cywaj do szlifierek. Zalecenie do prawid\u0142owej pracy na sucho:: wiercenie bez udaru optymalna liczba obrot\u00f3w 11.000 \/ 13.000 obr \/ min. W celu uzyskania najlepszych rezultat\u00f3w ch\u0142odzi\u0107 podczas wiercenia, usuwaj\u0105c i ponownie wk\u0142adaj\u0105c narz\u0119dzie wielokrotnie w otw\u00f3r. Rozpocznij wiercenie pod k\u0105tem 45 \u00b0, wykonuj\u0105c ruchy okr\u0119\u017cne. Ostrze\u017cenie: gdy narz\u0119dzie nie jest ju\u017c ostre, wymaga wymiany, nawet je\u015bli przedstawia ten sam rozmiar i wygl\u0105d, jak w przypadku nowego.<br \/>\n<strong>D\u0142ugo\u015b\u0107 koronki rdzeniowej: 35 mm.<\/strong><\/p>\n<table class=\"tabellatecnica\" style=\"width: 99.7968%; height: 496px;\" border=\"0\" cellspacing=\"0\" cellpadding=\"0\">\n<thead>\n<tr style=\"height: 24px;\">\n<td class=\"testata\" style=\"height: 24px; width: 99.7968%;\" colspan=\"2\">Tabela techniczna<\/td>\n<\/tr>\n<\/thead>\n<tbody>\n<tr style=\"height: 35px;\">\n<td class=\"prima\" style=\"height: 35px; width: 83.0285%;\">Utwardzony beton \/ ceg\u0142y \/ dach\u00f3wki<\/td>\n<td class=\"seconda\" style=\"height: 24px; width: 16.7683%;\">&nbsp;<\/td>\n<\/tr>\n<tr style=\"height: 35px;\">\n<td class=\"prima\" style=\"height: 35px; width: 83.0285%;\">S\u0142aby \u017celbet<\/td>\n<td class=\"seconda\" style=\"height: 24px; width: 16.7683%;\">&nbsp;<\/td>\n<\/tr>\n<tr style=\"height: 35px;\">\n<td class=\"prima\" style=\"height: 35px; width: 83.0285%;\">Wysoce zbrojony beton<\/td>\n<td class=\"seconda\" style=\"height: 24px; width: 16.7683%;\">&nbsp;<\/td>\n<\/tr>\n<tr style=\"height: 35px;\">\n<td class=\"prima\" style=\"height: 35px; width: 83.0285%;\">Granit \/ Kamie\u0144 naturalny \/ Porfiry<\/td>\n<td class=\"seconda\" style=\"height: 35px; width: 16.7683%;\"><b class=\"txtred\">\u2605<\/b><\/td>\n<\/tr>\n<tr style=\"height: 35px;\">\n<td class=\"prima\" style=\"height: 35px; width: 83.0285%;\">Marmur<\/td>\n<td class=\"seconda\" style=\"height: 35px; width: 16.7683%;\"><b class=\"txtred\">\u2605<\/b><\/td>\n<\/tr>\n<tr style=\"height: 35px;\">\n<td class=\"prima\" style=\"height: 35px; width: 83.0285%;\">Materia\u0142y ogniotrwa\u0142e<\/td>\n<td class=\"seconda\" style=\"height: 24px; width: 16.7683%;\">&nbsp;<\/td>\n<\/tr>\n<tr style=\"height: 35px;\">\n<td class=\"prima\" style=\"height: 35px; width: 83.0285%;\">\n<div dir=\"ltr\" data-angle=\"0\" data-font-name=\"g_font_4859_0\" data-canvas-width=\"160.9459263954163\">Piaskowiec \/ Umyte \u017cwirowe p\u0142yty<\/div>\n<\/td>\n<td class=\"seconda\" style=\"height: 24px; width: 16.7683%;\">&nbsp;<\/td>\n<\/tr>\n<tr style=\"height: 35px;\">\n<td class=\"prima\" style=\"height: 35px; width: 83.0285%;\">\n<div dir=\"ltr\" data-angle=\"0\" data-font-name=\"g_font_4859_0\" data-canvas-width=\"133.13664529037476\">Podw\u00f3jnie wypalane p\u0142ytki ceramiczne<\/div>\n<\/td>\n<td class=\"seconda\" style=\"height: 35px; width: 16.7683%;\"><b class=\"txtred\">\u2605<\/b><b class=\"txtred\">\u2605<\/b><b class=\"txtred\">\u2605<\/b><\/td>\n<\/tr>\n<tr style=\"height: 35px;\">\n<td class=\"prima\" style=\"height: 35px; width: 83.0285%;\">\n<div dir=\"ltr\" data-angle=\"0\" data-font-name=\"g_font_4859_0\" data-canvas-width=\"133.13664529037476\">\n<div dir=\"ltr\" data-angle=\"0\" data-font-name=\"g_font_4859_0\" data-canvas-width=\"128.0793650894165\">Single fired ceramic tiles<\/div>\n<\/div>\n<\/td>\n<td class=\"seconda\" style=\"height: 35px; width: 16.7683%;\"><b class=\"txtred\">\u2605<\/b><b class=\"txtred\">\u2605<\/b><b class=\"txtred\">\u2605<\/b><\/td>\n<\/tr>\n<tr style=\"height: 35px;\">\n<td class=\"prima\" style=\"height: 35px; width: 83.0285%;\">P\u0142ytki ceramiczne wypalane pojedynczo<\/td>\n<td class=\"seconda\" style=\"height: 35px; width: 16.7683%;\"><b class=\"txtred\">\u2605<\/b><b class=\"txtred\">\u2605<\/b><b class=\"txtred\">\u2605<\/b><\/td>\n<\/tr>\n<tr style=\"height: 35px;\">\n<td class=\"prima\" style=\"height: 35px; width: 83.0285%;\">\n<div dir=\"ltr\" data-angle=\"0\" data-font-name=\"g_font_4859_0\" data-canvas-width=\"172.2470468444824\">\n<div dir=\"ltr\" data-angle=\"0\" data-font-name=\"g_font_4859_0\" data-canvas-width=\"69.90336277770997\">\u015awie\u017cy cement<\/div>\n<\/div>\n<\/td>\n<td class=\"seconda\" style=\"height: 24px; width: 16.7683%;\">&nbsp;<\/td>\n<\/tr>\n<tr style=\"height: 24px;\">\n<td class=\"prima\" style=\"height: 24px; width: 83.0285%;\">Asfalt<\/td>\n<td class=\"seconda\" style=\"height: 24px; width: 16.7683%;\">&nbsp;<\/td>\n<\/tr>\n<tr style=\"height: 24px;\">\n<td class=\"intervallo\" style=\"height: 24px; width: 99.7968%;\" colspan=\"2\">&nbsp;<\/td>\n<\/tr>\n<tr style=\"height: 35px;\">\n<td class=\"prima\" style=\"height: 35px; width: 83.0285%;\">Pr\u0119dko\u015b\u0107 ci\u0119cia<\/td>\n<td class=\"seconda\" style=\"height: 35px; width: 16.7683%;\"><b class=\"txtred\">\u2605<\/b><b class=\"txtred\">\u2605<\/b><\/td>\n<\/tr>\n<tr style=\"height: 24px;\">\n<td class=\"prima\" style=\"height: 24px; width: 83.0285%;\">\u015arednie \u017cycie dodatkowe<\/td>\n<td class=\"seconda\" style=\"height: 35px; width: 16.7683%;\"><b class=\"txtred\">\u2605<\/b><b class=\"txtred\">\u2605<\/b><\/td>\n<\/tr>\n<tr style=\"height: 35px;\">\n<td class=\"legenda\" style=\"height: 35px; width: 99.7968%;\" colspan=\"2\"><strong>Wystarczaj\u0105cy<\/strong> <b class=\"txtred\">\u2605<\/b> &nbsp;&nbsp; &nbsp;<strong>\u015aredni<\/strong><b class=\"txtred\">\u2605<\/b><b class=\"txtred\">\u2605<\/b> &nbsp;&nbsp; &nbsp;<strong>Dobry<\/strong><b class=\"txtred\">\u2605<\/b><b class=\"txtred\">\u2605<\/b><b class=\"txtred\">\u2605<\/b> &nbsp;&nbsp; &nbsp;<strong>Doskona\u0142y<\/strong><b class=\"txtred\">\u2605<\/b><b class=\"txtred\">\u2605<\/b><b class=\"txtred\">\u2605<\/b><b class=\"txtred\">\u2605<\/b> &nbsp;&nbsp; &nbsp;<strong>Wspania\u0142y<\/strong>&nbsp;<b class=\"txtred\">\u2605<\/b><b class=\"txtred\">\u2605<\/b><b class=\"txtred\">\u2605<\/b><b class=\"txtred\">\u2605<\/b><b class=\"txtred\">\u2605<\/b><\/td>\n<\/tr>\n<\/tbody>\n<\/table>\n<p>&nbsp;<\/p>\n<table class=\"tabellatecnica\" style=\"width: 80%;\" border=\"0\" cellspacing=\"0\" cellpadding=\"0\">\n<thead>\n<tr>\n<td class=\"testata\" colspan=\"2\">Dost\u0119pne \u015brednice<\/td>\n<\/tr>\n<\/thead>\n<tbody>\n<tr>\n<td style=\"width: 50%;\"><img loading=\"lazy\" decoding=\"async\" class=\"alignleft\" src=\"\/wp-content\/uploads\/2013\/11\/s-m1.png\" alt=\"\" width=\"170\" height=\"40\">6-8-10-12-14<\/td>\n<td style=\"width: 50%;\"><img loading=\"lazy\" decoding=\"async\" class=\"alignleft\" src=\"\/wp-content\/uploads\/2013\/10\/s-taglio1.png\" alt=\"\" width=\"152\" height=\"71\">6-8-10-12-14-16-18-20-25-30-35-40-45-50-55-60-70-80-90-100<\/td>\n<\/tr>\n<\/tbody>\n<\/table>\n<p>&nbsp;[\/vc_column_text][\/vc_column][\/vc_row]<\/p>\n<\/div>","protected":false},"excerpt":{"rendered":"<p>[vc_row][vc_column text_align=&#8221;center&#8221; width=&#8221;1\/4&#8243;][vc_column_text][\/vc_column_text][\/vc_column][vc_column width=&#8221;3\/4&#8243;][vc_column_text]Do Wiertarki. Do gresu porcelanowego i ceramiki w og\u00f3le. Nie gwarantuje si\u0119 wydajno\u015bci dla granitu i marmuru. U\u017cywa\u0107 z wkr\u0119tark\u0105 lub wiertark\u0105 od 13 mm. Zalecenie do prawid\u0142owej pracy na sucho: wiercenie bez udaru, optymalna liczba obrot\u00f3w 1500 obr \/ min. W celu uzyskania najlepszych rezultat\u00f3w ch\u0142odzi\u0107 podczas wiercenia, usuwaj\u0105c i ponownie wk\u0142adaj\u0105c narz\u0119dzie wielokrotnie w otw\u00f3r. Rozpocznij wiercenie pod k\u0105tem 45 \u00b0, wykonuj\u0105c ruchy okr\u0119\u017cne.&nbsp;&nbsp;&nbsp;&nbsp;&nbsp;&nbsp;&nbsp;&nbsp;&nbsp;&nbsp;&nbsp;&nbsp;&nbsp;&nbsp;&nbsp;&nbsp;&nbsp;&nbsp;&nbsp;&nbsp;&nbsp;&nbsp;&nbsp;&nbsp;&nbsp;&nbsp;&nbsp;&nbsp;&nbsp;&nbsp;&nbsp;&nbsp;&nbsp;&nbsp;&nbsp;&nbsp;&nbsp;&nbsp;&nbsp;&nbsp;&nbsp;&nbsp;&nbsp;&nbsp;&nbsp;&nbsp;&nbsp;&nbsp;&nbsp;&nbsp;&nbsp;&nbsp;&nbsp;&nbsp;&nbsp;&nbsp;&nbsp;&nbsp;&nbsp;&nbsp;&nbsp;&nbsp;&nbsp;&nbsp;&nbsp;&nbsp;&nbsp;&nbsp;&nbsp;&nbsp;&nbsp;&nbsp;&nbsp;&nbsp;&nbsp;&nbsp;&nbsp;&nbsp; &nbsp;&nbsp;&nbsp;&nbsp;&nbsp;&nbsp;&nbsp;&nbsp;&nbsp;&nbsp;&nbsp;&nbsp;&nbsp;&nbsp;&nbsp;&nbsp;&nbsp;&nbsp;&nbsp;&nbsp;&nbsp;&nbsp;&nbsp;&nbsp;&nbsp;&nbsp;&nbsp;&nbsp;&nbsp;&nbsp;&nbsp;&nbsp;&nbsp;&nbsp;&nbsp;&nbsp;&nbsp;&nbsp;&nbsp;&nbsp;&nbsp;&nbsp;&nbsp;&nbsp;&nbsp;&nbsp;&nbsp;&nbsp;&nbsp;&nbsp;&nbsp;&nbsp; Do szlifierki. Do gresu porcelanowego, ceramiki i kamieni naturalnych. Nie gwarantuje si\u0119 wydajno\u015bci dla granitu i marmuru. U\u017cywaj do szlifierek. Zalecenie do prawid\u0142owej pracy na sucho:: wiercenie bez udaru optymalna liczba obrot\u00f3w 11.000 \/ 13.000 obr \/ min. W celu uzyskania najlepszych rezultat\u00f3w ch\u0142odzi\u0107 podczas wiercenia, usuwaj\u0105c i ponownie wk\u0142adaj\u0105c narz\u0119dzie wielokrotnie w otw\u00f3r. Rozpocznij wiercenie pod k\u0105tem 45 \u00b0, wykonuj\u0105c ruchy okr\u0119\u017cne. Ostrze\u017cenie: gdy narz\u0119dzie nie jest ju\u017c ostre, wymaga wymiany, nawet je\u015bli przedstawia ten sam rozmiar i wygl\u0105d, jak w przypadku nowego. D\u0142ugo\u015b\u0107 koronki rdzeniowej: 35 mm. Tabela techniczna Utwardzony beton \/ ceg\u0142y \/ dach\u00f3wki &nbsp; S\u0142aby \u017celbet &nbsp; Wysoce zbrojony beton &nbsp; Granit \/ Kamie\u0144 naturalny \/ Porfiry \u2605 Marmur \u2605 Materia\u0142y ogniotrwa\u0142e &nbsp; Piaskowiec \/ Umyte \u017cwirowe p\u0142yty &nbsp; Podw\u00f3jnie wypalane p\u0142ytki ceramiczne \u2605\u2605\u2605 Single fired [&hellip;]<\/p>\n","protected":false},"author":29,"featured_media":20718,"parent":20712,"menu_order":2,"comment_status":"closed","ping_status":"closed","template":"","meta":{"ngg_post_thumbnail":0,"_joinchat":[],"footnotes":""},"class_list":["post-20716","page","type-page","status-publish","has-post-thumbnail","hentry"],"yoast_head":"<!-- This site is optimized with the Yoast SEO plugin v25.5 - https:\/\/yoast.com\/wordpress\/plugins\/seo\/ -->\n<title>Stoneware Red Core Bit - Maxima SpA<\/title>\n<meta name=\"robots\" content=\"index, follow, max-snippet:-1, max-image-preview:large, max-video-preview:-1\" \/>\n<link rel=\"canonical\" href=\"https:\/\/www.maxima-dia.com\/pl\/wiertla-do-wiercenia-na-sucho\/stoneware-red-core-bit\/\" \/>\n<meta property=\"og:locale\" content=\"pl_PL\" \/>\n<meta property=\"og:type\" content=\"article\" \/>\n<meta property=\"og:title\" content=\"Stoneware Red Core Bit - Maxima SpA\" \/>\n<meta property=\"og:description\" content=\"[vc_row][vc_column text_align=&#8221;center&#8221; width=&#8221;1\/4&#8243;][vc_column_text][\/vc_column_text][\/vc_column][vc_column width=&#8221;3\/4&#8243;][vc_column_text]Do Wiertarki. Do gresu porcelanowego i ceramiki w og\u00f3le. Nie gwarantuje si\u0119 wydajno\u015bci dla granitu i marmuru. U\u017cywa\u0107 z wkr\u0119tark\u0105 lub wiertark\u0105 od 13 mm. Zalecenie do prawid\u0142owej pracy na sucho: wiercenie bez udaru, optymalna liczba obrot\u00f3w 1500 obr \/ min. W celu uzyskania najlepszych rezultat\u00f3w ch\u0142odzi\u0107 podczas wiercenia, usuwaj\u0105c i ponownie wk\u0142adaj\u0105c narz\u0119dzie wielokrotnie w otw\u00f3r. Rozpocznij wiercenie pod k\u0105tem 45 \u00b0, wykonuj\u0105c ruchy okr\u0119\u017cne.&nbsp;&nbsp;&nbsp;&nbsp;&nbsp;&nbsp;&nbsp;&nbsp;&nbsp;&nbsp;&nbsp;&nbsp;&nbsp;&nbsp;&nbsp;&nbsp;&nbsp;&nbsp;&nbsp;&nbsp;&nbsp;&nbsp;&nbsp;&nbsp;&nbsp;&nbsp;&nbsp;&nbsp;&nbsp;&nbsp;&nbsp;&nbsp;&nbsp;&nbsp;&nbsp;&nbsp;&nbsp;&nbsp;&nbsp;&nbsp;&nbsp;&nbsp;&nbsp;&nbsp;&nbsp;&nbsp;&nbsp;&nbsp;&nbsp;&nbsp;&nbsp;&nbsp;&nbsp;&nbsp;&nbsp;&nbsp;&nbsp;&nbsp;&nbsp;&nbsp;&nbsp;&nbsp;&nbsp;&nbsp;&nbsp;&nbsp;&nbsp;&nbsp;&nbsp;&nbsp;&nbsp;&nbsp;&nbsp;&nbsp;&nbsp;&nbsp;&nbsp;&nbsp; &nbsp;&nbsp;&nbsp;&nbsp;&nbsp;&nbsp;&nbsp;&nbsp;&nbsp;&nbsp;&nbsp;&nbsp;&nbsp;&nbsp;&nbsp;&nbsp;&nbsp;&nbsp;&nbsp;&nbsp;&nbsp;&nbsp;&nbsp;&nbsp;&nbsp;&nbsp;&nbsp;&nbsp;&nbsp;&nbsp;&nbsp;&nbsp;&nbsp;&nbsp;&nbsp;&nbsp;&nbsp;&nbsp;&nbsp;&nbsp;&nbsp;&nbsp;&nbsp;&nbsp;&nbsp;&nbsp;&nbsp;&nbsp;&nbsp;&nbsp;&nbsp;&nbsp; Do szlifierki. Do gresu porcelanowego, ceramiki i kamieni naturalnych. Nie gwarantuje si\u0119 wydajno\u015bci dla granitu i marmuru. U\u017cywaj do szlifierek. Zalecenie do prawid\u0142owej pracy na sucho:: wiercenie bez udaru optymalna liczba obrot\u00f3w 11.000 \/ 13.000 obr \/ min. W celu uzyskania najlepszych rezultat\u00f3w ch\u0142odzi\u0107 podczas wiercenia, usuwaj\u0105c i ponownie wk\u0142adaj\u0105c narz\u0119dzie wielokrotnie w otw\u00f3r. Rozpocznij wiercenie pod k\u0105tem 45 \u00b0, wykonuj\u0105c ruchy okr\u0119\u017cne. Ostrze\u017cenie: gdy narz\u0119dzie nie jest ju\u017c ostre, wymaga wymiany, nawet je\u015bli przedstawia ten sam rozmiar i wygl\u0105d, jak w przypadku nowego. D\u0142ugo\u015b\u0107 koronki rdzeniowej: 35 mm. Tabela techniczna Utwardzony beton \/ ceg\u0142y \/ dach\u00f3wki &nbsp; S\u0142aby \u017celbet &nbsp; Wysoce zbrojony beton &nbsp; Granit \/ Kamie\u0144 naturalny \/ Porfiry \u2605 Marmur \u2605 Materia\u0142y ogniotrwa\u0142e &nbsp; Piaskowiec \/ Umyte \u017cwirowe p\u0142yty &nbsp; Podw\u00f3jnie wypalane p\u0142ytki ceramiczne \u2605\u2605\u2605 Single fired [&hellip;]\" \/>\n<meta property=\"og:url\" content=\"https:\/\/www.maxima-dia.com\/pl\/wiertla-do-wiercenia-na-sucho\/stoneware-red-core-bit\/\" \/>\n<meta property=\"og:site_name\" content=\"Maxima SpA\" \/>\n<meta property=\"article:publisher\" content=\"https:\/\/www.facebook.com\/Maxima-spa-106098566139597\" \/>\n<meta property=\"article:modified_time\" content=\"2021-07-23T08:39:32+00:00\" \/>\n<meta property=\"og:image\" content=\"https:\/\/www.maxima-dia.com\/wp-content\/uploads\/2017\/02\/foretto-rosso-gres.jpg\" \/>\n\t<meta property=\"og:image:width\" content=\"1200\" \/>\n\t<meta property=\"og:image:height\" content=\"1200\" \/>\n\t<meta property=\"og:image:type\" content=\"image\/jpeg\" \/>\n<meta name=\"twitter:card\" content=\"summary_large_image\" \/>\n<meta name=\"twitter:site\" content=\"@Maximadia\" \/>\n<meta name=\"twitter:label1\" content=\"Szacowany czas czytania\" \/>\n\t<meta name=\"twitter:data1\" content=\"8 minut\" \/>\n<script type=\"application\/ld+json\" class=\"yoast-schema-graph\">{\"@context\":\"https:\/\/schema.org\",\"@graph\":[{\"@type\":\"WebPage\",\"@id\":\"https:\/\/www.maxima-dia.com\/pl\/wiertla-do-wiercenia-na-sucho\/stoneware-red-core-bit\/\",\"url\":\"https:\/\/www.maxima-dia.com\/pl\/wiertla-do-wiercenia-na-sucho\/stoneware-red-core-bit\/\",\"name\":\"Stoneware Red Core Bit - Maxima SpA\",\"isPartOf\":{\"@id\":\"https:\/\/www.maxima-dia.com\/pl\/#website\"},\"primaryImageOfPage\":{\"@id\":\"https:\/\/www.maxima-dia.com\/pl\/wiertla-do-wiercenia-na-sucho\/stoneware-red-core-bit\/#primaryimage\"},\"image\":{\"@id\":\"https:\/\/www.maxima-dia.com\/pl\/wiertla-do-wiercenia-na-sucho\/stoneware-red-core-bit\/#primaryimage\"},\"thumbnailUrl\":\"https:\/\/www.maxima-dia.com\/wp-content\/uploads\/2017\/02\/foretto-rosso-gres.jpg\",\"datePublished\":\"2019-07-11T13:20:19+00:00\",\"dateModified\":\"2021-07-23T08:39:32+00:00\",\"breadcrumb\":{\"@id\":\"https:\/\/www.maxima-dia.com\/pl\/wiertla-do-wiercenia-na-sucho\/stoneware-red-core-bit\/#breadcrumb\"},\"inLanguage\":\"pl-PL\",\"potentialAction\":[{\"@type\":\"ReadAction\",\"target\":[\"https:\/\/www.maxima-dia.com\/pl\/wiertla-do-wiercenia-na-sucho\/stoneware-red-core-bit\/\"]}]},{\"@type\":\"ImageObject\",\"inLanguage\":\"pl-PL\",\"@id\":\"https:\/\/www.maxima-dia.com\/pl\/wiertla-do-wiercenia-na-sucho\/stoneware-red-core-bit\/#primaryimage\",\"url\":\"https:\/\/www.maxima-dia.com\/wp-content\/uploads\/2017\/02\/foretto-rosso-gres.jpg\",\"contentUrl\":\"https:\/\/www.maxima-dia.com\/wp-content\/uploads\/2017\/02\/foretto-rosso-gres.jpg\",\"width\":1200,\"height\":1200},{\"@type\":\"BreadcrumbList\",\"@id\":\"https:\/\/www.maxima-dia.com\/pl\/wiertla-do-wiercenia-na-sucho\/stoneware-red-core-bit\/#breadcrumb\",\"itemListElement\":[{\"@type\":\"ListItem\",\"position\":1,\"name\":\"Home\",\"item\":\"https:\/\/www.maxima-dia.com\/pl\/\"},{\"@type\":\"ListItem\",\"position\":2,\"name\":\"Wiert\u0142a do Wiercenia na sucho\",\"item\":\"https:\/\/www.maxima-dia.com\/pl\/wiertla-do-wiercenia-na-sucho\/\"},{\"@type\":\"ListItem\",\"position\":3,\"name\":\"Stoneware Red Core Bit\"}]},{\"@type\":\"WebSite\",\"@id\":\"https:\/\/www.maxima-dia.com\/pl\/#website\",\"url\":\"https:\/\/www.maxima-dia.com\/pl\/\",\"name\":\"Maxima SpA\",\"description\":\"Only for the real professionals\",\"potentialAction\":[{\"@type\":\"SearchAction\",\"target\":{\"@type\":\"EntryPoint\",\"urlTemplate\":\"https:\/\/www.maxima-dia.com\/pl\/?s={search_term_string}\"},\"query-input\":{\"@type\":\"PropertyValueSpecification\",\"valueRequired\":true,\"valueName\":\"search_term_string\"}}],\"inLanguage\":\"pl-PL\"}]}<\/script>\n<!-- \/ Yoast SEO plugin. -->","yoast_head_json":{"title":"Stoneware Red Core Bit - Maxima SpA","robots":{"index":"index","follow":"follow","max-snippet":"max-snippet:-1","max-image-preview":"max-image-preview:large","max-video-preview":"max-video-preview:-1"},"canonical":"https:\/\/www.maxima-dia.com\/pl\/wiertla-do-wiercenia-na-sucho\/stoneware-red-core-bit\/","og_locale":"pl_PL","og_type":"article","og_title":"Stoneware Red Core Bit - Maxima SpA","og_description":"[vc_row][vc_column text_align=&#8221;center&#8221; width=&#8221;1\/4&#8243;][vc_column_text][\/vc_column_text][\/vc_column][vc_column width=&#8221;3\/4&#8243;][vc_column_text]Do Wiertarki. Do gresu porcelanowego i ceramiki w og\u00f3le. Nie gwarantuje si\u0119 wydajno\u015bci dla granitu i marmuru. U\u017cywa\u0107 z wkr\u0119tark\u0105 lub wiertark\u0105 od 13 mm. Zalecenie do prawid\u0142owej pracy na sucho: wiercenie bez udaru, optymalna liczba obrot\u00f3w 1500 obr \/ min. W celu uzyskania najlepszych rezultat\u00f3w ch\u0142odzi\u0107 podczas wiercenia, usuwaj\u0105c i ponownie wk\u0142adaj\u0105c narz\u0119dzie wielokrotnie w otw\u00f3r. Rozpocznij wiercenie pod k\u0105tem 45 \u00b0, wykonuj\u0105c ruchy okr\u0119\u017cne.&nbsp;&nbsp;&nbsp;&nbsp;&nbsp;&nbsp;&nbsp;&nbsp;&nbsp;&nbsp;&nbsp;&nbsp;&nbsp;&nbsp;&nbsp;&nbsp;&nbsp;&nbsp;&nbsp;&nbsp;&nbsp;&nbsp;&nbsp;&nbsp;&nbsp;&nbsp;&nbsp;&nbsp;&nbsp;&nbsp;&nbsp;&nbsp;&nbsp;&nbsp;&nbsp;&nbsp;&nbsp;&nbsp;&nbsp;&nbsp;&nbsp;&nbsp;&nbsp;&nbsp;&nbsp;&nbsp;&nbsp;&nbsp;&nbsp;&nbsp;&nbsp;&nbsp;&nbsp;&nbsp;&nbsp;&nbsp;&nbsp;&nbsp;&nbsp;&nbsp;&nbsp;&nbsp;&nbsp;&nbsp;&nbsp;&nbsp;&nbsp;&nbsp;&nbsp;&nbsp;&nbsp;&nbsp;&nbsp;&nbsp;&nbsp;&nbsp;&nbsp;&nbsp; &nbsp;&nbsp;&nbsp;&nbsp;&nbsp;&nbsp;&nbsp;&nbsp;&nbsp;&nbsp;&nbsp;&nbsp;&nbsp;&nbsp;&nbsp;&nbsp;&nbsp;&nbsp;&nbsp;&nbsp;&nbsp;&nbsp;&nbsp;&nbsp;&nbsp;&nbsp;&nbsp;&nbsp;&nbsp;&nbsp;&nbsp;&nbsp;&nbsp;&nbsp;&nbsp;&nbsp;&nbsp;&nbsp;&nbsp;&nbsp;&nbsp;&nbsp;&nbsp;&nbsp;&nbsp;&nbsp;&nbsp;&nbsp;&nbsp;&nbsp;&nbsp;&nbsp; Do szlifierki. Do gresu porcelanowego, ceramiki i kamieni naturalnych. Nie gwarantuje si\u0119 wydajno\u015bci dla granitu i marmuru. U\u017cywaj do szlifierek. Zalecenie do prawid\u0142owej pracy na sucho:: wiercenie bez udaru optymalna liczba obrot\u00f3w 11.000 \/ 13.000 obr \/ min. W celu uzyskania najlepszych rezultat\u00f3w ch\u0142odzi\u0107 podczas wiercenia, usuwaj\u0105c i ponownie wk\u0142adaj\u0105c narz\u0119dzie wielokrotnie w otw\u00f3r. Rozpocznij wiercenie pod k\u0105tem 45 \u00b0, wykonuj\u0105c ruchy okr\u0119\u017cne. Ostrze\u017cenie: gdy narz\u0119dzie nie jest ju\u017c ostre, wymaga wymiany, nawet je\u015bli przedstawia ten sam rozmiar i wygl\u0105d, jak w przypadku nowego. D\u0142ugo\u015b\u0107 koronki rdzeniowej: 35 mm. Tabela techniczna Utwardzony beton \/ ceg\u0142y \/ dach\u00f3wki &nbsp; S\u0142aby \u017celbet &nbsp; Wysoce zbrojony beton &nbsp; Granit \/ Kamie\u0144 naturalny \/ Porfiry \u2605 Marmur \u2605 Materia\u0142y ogniotrwa\u0142e &nbsp; Piaskowiec \/ Umyte \u017cwirowe p\u0142yty &nbsp; Podw\u00f3jnie wypalane p\u0142ytki ceramiczne \u2605\u2605\u2605 Single fired [&hellip;]","og_url":"https:\/\/www.maxima-dia.com\/pl\/wiertla-do-wiercenia-na-sucho\/stoneware-red-core-bit\/","og_site_name":"Maxima SpA","article_publisher":"https:\/\/www.facebook.com\/Maxima-spa-106098566139597","article_modified_time":"2021-07-23T08:39:32+00:00","og_image":[{"width":1200,"height":1200,"url":"https:\/\/www.maxima-dia.com\/wp-content\/uploads\/2017\/02\/foretto-rosso-gres.jpg","type":"image\/jpeg"}],"twitter_card":"summary_large_image","twitter_site":"@Maximadia","twitter_misc":{"Szacowany czas czytania":"8 minut"},"schema":{"@context":"https:\/\/schema.org","@graph":[{"@type":"WebPage","@id":"https:\/\/www.maxima-dia.com\/pl\/wiertla-do-wiercenia-na-sucho\/stoneware-red-core-bit\/","url":"https:\/\/www.maxima-dia.com\/pl\/wiertla-do-wiercenia-na-sucho\/stoneware-red-core-bit\/","name":"Stoneware Red Core Bit - Maxima SpA","isPartOf":{"@id":"https:\/\/www.maxima-dia.com\/pl\/#website"},"primaryImageOfPage":{"@id":"https:\/\/www.maxima-dia.com\/pl\/wiertla-do-wiercenia-na-sucho\/stoneware-red-core-bit\/#primaryimage"},"image":{"@id":"https:\/\/www.maxima-dia.com\/pl\/wiertla-do-wiercenia-na-sucho\/stoneware-red-core-bit\/#primaryimage"},"thumbnailUrl":"https:\/\/www.maxima-dia.com\/wp-content\/uploads\/2017\/02\/foretto-rosso-gres.jpg","datePublished":"2019-07-11T13:20:19+00:00","dateModified":"2021-07-23T08:39:32+00:00","breadcrumb":{"@id":"https:\/\/www.maxima-dia.com\/pl\/wiertla-do-wiercenia-na-sucho\/stoneware-red-core-bit\/#breadcrumb"},"inLanguage":"pl-PL","potentialAction":[{"@type":"ReadAction","target":["https:\/\/www.maxima-dia.com\/pl\/wiertla-do-wiercenia-na-sucho\/stoneware-red-core-bit\/"]}]},{"@type":"ImageObject","inLanguage":"pl-PL","@id":"https:\/\/www.maxima-dia.com\/pl\/wiertla-do-wiercenia-na-sucho\/stoneware-red-core-bit\/#primaryimage","url":"https:\/\/www.maxima-dia.com\/wp-content\/uploads\/2017\/02\/foretto-rosso-gres.jpg","contentUrl":"https:\/\/www.maxima-dia.com\/wp-content\/uploads\/2017\/02\/foretto-rosso-gres.jpg","width":1200,"height":1200},{"@type":"BreadcrumbList","@id":"https:\/\/www.maxima-dia.com\/pl\/wiertla-do-wiercenia-na-sucho\/stoneware-red-core-bit\/#breadcrumb","itemListElement":[{"@type":"ListItem","position":1,"name":"Home","item":"https:\/\/www.maxima-dia.com\/pl\/"},{"@type":"ListItem","position":2,"name":"Wiert\u0142a do Wiercenia na sucho","item":"https:\/\/www.maxima-dia.com\/pl\/wiertla-do-wiercenia-na-sucho\/"},{"@type":"ListItem","position":3,"name":"Stoneware Red Core Bit"}]},{"@type":"WebSite","@id":"https:\/\/www.maxima-dia.com\/pl\/#website","url":"https:\/\/www.maxima-dia.com\/pl\/","name":"Maxima SpA","description":"Only for the real professionals","potentialAction":[{"@type":"SearchAction","target":{"@type":"EntryPoint","urlTemplate":"https:\/\/www.maxima-dia.com\/pl\/?s={search_term_string}"},"query-input":{"@type":"PropertyValueSpecification","valueRequired":true,"valueName":"search_term_string"}}],"inLanguage":"pl-PL"}]}},"_links":{"self":[{"href":"https:\/\/www.maxima-dia.com\/pl\/wp-json\/wp\/v2\/pages\/20716"}],"collection":[{"href":"https:\/\/www.maxima-dia.com\/pl\/wp-json\/wp\/v2\/pages"}],"about":[{"href":"https:\/\/www.maxima-dia.com\/pl\/wp-json\/wp\/v2\/types\/page"}],"author":[{"embeddable":true,"href":"https:\/\/www.maxima-dia.com\/pl\/wp-json\/wp\/v2\/users\/29"}],"replies":[{"embeddable":true,"href":"https:\/\/www.maxima-dia.com\/pl\/wp-json\/wp\/v2\/comments?post=20716"}],"version-history":[{"count":0,"href":"https:\/\/www.maxima-dia.com\/pl\/wp-json\/wp\/v2\/pages\/20716\/revisions"}],"up":[{"embeddable":true,"href":"https:\/\/www.maxima-dia.com\/pl\/wp-json\/wp\/v2\/pages\/20712"}],"wp:featuredmedia":[{"embeddable":true,"href":"https:\/\/www.maxima-dia.com\/pl\/wp-json\/wp\/v2\/media\/20718"}],"wp:attachment":[{"href":"https:\/\/www.maxima-dia.com\/pl\/wp-json\/wp\/v2\/media?parent=20716"}],"curies":[{"name":"wp","href":"https:\/\/api.w.org\/{rel}","templated":true}]}}