{"id":20774,"date":"2019-07-11T16:07:43","date_gmt":"2019-07-11T14:07:43","guid":{"rendered":"https:\/\/www.maxima-dia.com\/?page_id=20774"},"modified":"2021-07-28T10:09:20","modified_gmt":"2021-07-28T08:09:20","slug":"laser-450-core-bit","status":"publish","type":"page","link":"https:\/\/www.maxima-dia.com\/pl\/wiertla-diamentowe-koronowe-na-mokro\/laser-450-core-bit\/","title":{"rendered":"Laser 450 Core Bit"},"content":{"rendered":"<div class=\"wpb-content-wrapper\"><p>[vc_row][vc_column text_align=&#8221;center&#8221; width=&#8221;1\/4&#8243;][vc_column_text]<\/p>\n<p style=\"text-align: justify;\"><a href=\"\/wp-content\/uploads\/2017\/02\/foretto-oro-450-1.jpg\" rel=\"g1\"><img loading=\"lazy\" decoding=\"async\" class=\"alignnone wp-image-13749 size-thumbnail\" src=\"\/wp-content\/uploads\/2017\/02\/foretto-oro-450-1-150x150.jpg\" alt=\"FORETTO ORO 450\" width=\"150\" height=\"150\" srcset=\"https:\/\/www.maxima-dia.com\/wp-content\/uploads\/2017\/02\/foretto-oro-450-1-150x150.jpg 150w, https:\/\/www.maxima-dia.com\/wp-content\/uploads\/2017\/02\/foretto-oro-450-1-300x300.jpg 300w, https:\/\/www.maxima-dia.com\/wp-content\/uploads\/2017\/02\/foretto-oro-450-1-768x768.jpg 768w, https:\/\/www.maxima-dia.com\/wp-content\/uploads\/2017\/02\/foretto-oro-450-1-1024x1024.jpg 1024w, https:\/\/www.maxima-dia.com\/wp-content\/uploads\/2017\/02\/foretto-oro-450-1-80x80.jpg 80w, https:\/\/www.maxima-dia.com\/wp-content\/uploads\/2017\/02\/foretto-oro-450-1-500x500.jpg 500w, https:\/\/www.maxima-dia.com\/wp-content\/uploads\/2017\/02\/foretto-oro-450-1-1000x1000.jpg 1000w, https:\/\/www.maxima-dia.com\/wp-content\/uploads\/2017\/02\/foretto-oro-450-1.jpg 1200w\" sizes=\"(max-width: 150px) 100vw, 150px\" \/><\/a><\/p>\n<p style=\"text-align: justify;\"><a href=\"\/wp-content\/uploads\/2017\/02\/foretto-oro-450-2.jpg\" rel=\"g1\"><img loading=\"lazy\" decoding=\"async\" class=\"alignnone wp-image-13750 size-thumbnail\" src=\"\/wp-content\/uploads\/2017\/02\/foretto-oro-450-2-150x150.jpg\" alt=\"FORETTO ORO 450\" width=\"150\" height=\"150\" srcset=\"https:\/\/www.maxima-dia.com\/wp-content\/uploads\/2017\/02\/foretto-oro-450-2-150x150.jpg 150w, https:\/\/www.maxima-dia.com\/wp-content\/uploads\/2017\/02\/foretto-oro-450-2-300x300.jpg 300w, https:\/\/www.maxima-dia.com\/wp-content\/uploads\/2017\/02\/foretto-oro-450-2-768x768.jpg 768w, https:\/\/www.maxima-dia.com\/wp-content\/uploads\/2017\/02\/foretto-oro-450-2-1024x1024.jpg 1024w, https:\/\/www.maxima-dia.com\/wp-content\/uploads\/2017\/02\/foretto-oro-450-2-80x80.jpg 80w, https:\/\/www.maxima-dia.com\/wp-content\/uploads\/2017\/02\/foretto-oro-450-2-500x500.jpg 500w, https:\/\/www.maxima-dia.com\/wp-content\/uploads\/2017\/02\/foretto-oro-450-2-1000x1000.jpg 1000w, https:\/\/www.maxima-dia.com\/wp-content\/uploads\/2017\/02\/foretto-oro-450-2.jpg 1200w\" sizes=\"(max-width: 150px) 100vw, 150px\" \/><\/a><\/p>\n<p>[\/vc_column_text][\/vc_column][vc_column width=&#8221;3\/4&#8243;][vc_column_text]<\/p>\n<p style=\"text-align: justify;\">Idealne do wykonywania otwor\u00f3w o \u015bredniej lub du\u017cej \u015brednicy, to wiert\u0142o jest montowane na maszynach ze z\u0142\u0105czem 1 \u00bc \u201d. W przypadku wiercenia na mokro narz\u0119dzie to ma doskona\u0142\u0105 wydajno\u015b\u0107 i doskona\u0142\u0105 pr\u0119dko\u015b\u0107 wiercenia dzi\u0119ki spirali utworzonej w korpusie, kt\u00f3ra u\u0142atwia usuwanie zanieczyszcze\u0144 z otworu. Proponowane jest w szerokim wyborze \u015brednic od 12 do 500 mm.<br \/>\n<strong>D\u0142ugo\u015b\u0107 wiert\u0142a koronowego: 450 mm.<\/strong><\/p>\n<p class=\"p2\">\u2022 Wiert\u0142a koronowe mog\u0105 by\u0107 dostarczane na \u017cyczenie o dowolnej \u015brednicy i d\u0142ugo\u015bci<br \/>\n\u2022 \u015aredni czas dostawy dla \u015brednic innych ni\u017c okre\u015blone w niniejszym dokumencie: 15 dni roboczych<br \/>\n\u2022 Mo\u017cliwo\u015b\u0107 lutowania i naprawy wierte\u0142 o dowolnej \u015brednicy lub marce za pomoc\u0105 metody lutowania twardego<br \/>\n\u2022 Dost\u0119pne s\u0105 oddzielne segmenty<\/p>\n<table class=\"tabellatecnica\" style=\"width: 99.7959%;\" border=\"0\" cellspacing=\"0\" cellpadding=\"0\">\n<thead>\n<tr>\n<td class=\"testata\" style=\"width: 99.7959%;\" colspan=\"2\">Tabela techniczna<\/td>\n<\/tr>\n<\/thead>\n<tbody>\n<tr style=\"height: 35px;\">\n<td class=\"prima\" style=\"height: 35px; width: 75%;\">Utwardzony beton \/ ceg\u0142y \/ dach\u00f3wki<\/td>\n<td class=\"seconda\" style=\"width: 24.7959%;\"><b class=\"txtred\">\u2605<\/b><b class=\"txtred\">\u2605<\/b><b class=\"txtred\">\u2605<\/b><b class=\"txtred\">\u2605<\/b><b class=\"txtred\">\u2605<\/b><\/td>\n<\/tr>\n<tr style=\"height: 35px;\">\n<td class=\"prima\" style=\"height: 35px; width: 75%;\">S\u0142aby \u017celbet<\/td>\n<td class=\"seconda\" style=\"width: 24.7959%;\"><b class=\"txtred\">\u2605<\/b><b class=\"txtred\">\u2605<\/b><b class=\"txtred\">\u2605<\/b><b class=\"txtred\">\u2605<\/b><b class=\"txtred\">\u2605<\/b><\/td>\n<\/tr>\n<tr style=\"height: 35px;\">\n<td class=\"prima\" style=\"height: 35px; width: 75%;\">Wysoce zbrojony beton<\/td>\n<td class=\"seconda\" style=\"width: 24.7959%;\"><b class=\"txtred\">\u2605<\/b><b class=\"txtred\">\u2605<\/b><b class=\"txtred\">\u2605<\/b><b class=\"txtred\">\u2605<\/b><b class=\"txtred\">\u2605<\/b><\/td>\n<\/tr>\n<tr style=\"height: 35px;\">\n<td class=\"prima\" style=\"height: 35px; width: 75%;\">Granit \/ Kamie\u0144 naturalny \/ Porfiry<\/td>\n<td class=\"seconda\" style=\"width: 24.7959%;\"><b class=\"txtred\">\u2605<\/b><b class=\"txtred\">\u2605<\/b><b class=\"txtred\">\u2605<\/b><\/td>\n<\/tr>\n<tr style=\"height: 35px;\">\n<td class=\"prima\" style=\"height: 35px; width: 75%;\">Marmur<\/td>\n<td class=\"seconda\" style=\"width: 24.7959%;\">&nbsp;<\/td>\n<\/tr>\n<tr style=\"height: 35px;\">\n<td class=\"prima\" style=\"height: 35px; width: 75%;\">Materia\u0142y ogniotrwa\u0142e<\/td>\n<td class=\"seconda\" style=\"width: 24.7959%;\"><b class=\"txtred\">\u2605<\/b><b class=\"txtred\">\u2605<\/b><b class=\"txtred\">\u2605<\/b><\/td>\n<\/tr>\n<tr style=\"height: 35px;\">\n<td class=\"prima\" style=\"height: 35px; width: 75%;\">\n<div dir=\"ltr\" data-angle=\"0\" data-font-name=\"g_font_4859_0\" data-canvas-width=\"160.9459263954163\">Piaskowiec \/ Umyte \u017cwirowe p\u0142yty<\/div>\n<\/td>\n<td class=\"seconda\" style=\"width: 24.7959%;\"><b class=\"txtred\">\u2605<\/b><b class=\"txtred\">\u2605<\/b><b class=\"txtred\">\u2605<\/b><\/td>\n<\/tr>\n<tr style=\"height: 35px;\">\n<td class=\"prima\" style=\"height: 35px; width: 75%;\">\n<div dir=\"ltr\" data-angle=\"0\" data-font-name=\"g_font_4859_0\" data-canvas-width=\"133.13664529037476\">Podw\u00f3jnie wypalane p\u0142ytki ceramiczne<\/div>\n<\/td>\n<td class=\"seconda\" style=\"width: 24.7959%;\"><b class=\"txtred\">\u2605<\/b><\/td>\n<\/tr>\n<tr style=\"height: 35px;\">\n<td class=\"prima\" style=\"height: 35px; width: 75%;\">\n<div dir=\"ltr\" data-angle=\"0\" data-font-name=\"g_font_4859_0\" data-canvas-width=\"133.13664529037476\">\n<div dir=\"ltr\" data-angle=\"0\" data-font-name=\"g_font_4859_0\" data-canvas-width=\"128.0793650894165\">Single fired ceramic tiles<\/div>\n<\/div>\n<\/td>\n<td class=\"seconda\" style=\"width: 24.7959%;\"><b class=\"txtred\">\u2605<\/b><\/td>\n<\/tr>\n<tr style=\"height: 35px;\">\n<td class=\"prima\" style=\"height: 35px; width: 75%;\">P\u0142ytki ceramiczne wypalane pojedynczo<\/td>\n<td class=\"seconda\" style=\"width: 24.7959%;\">&nbsp;<\/td>\n<\/tr>\n<tr style=\"height: 35px;\">\n<td class=\"prima\" style=\"height: 35px; width: 75%;\">\n<div dir=\"ltr\" data-angle=\"0\" data-font-name=\"g_font_4859_0\" data-canvas-width=\"172.2470468444824\">\n<div dir=\"ltr\" data-angle=\"0\" data-font-name=\"g_font_4859_0\" data-canvas-width=\"69.90336277770997\">\u015awie\u017cy cement<\/div>\n<\/div>\n<\/td>\n<td class=\"seconda\" style=\"width: 24.7959%;\"><b class=\"txtred\">\u2605<\/b><\/td>\n<\/tr>\n<tr style=\"height: 24px;\">\n<td class=\"prima\" style=\"height: 24px; width: 75%;\">Asfalt<\/td>\n<td class=\"seconda\" style=\"width: 24.7959%;\"><b class=\"txtred\">\u2605<\/b><\/td>\n<\/tr>\n<tr>\n<td class=\"intervallo\" style=\"width: 99.7959%;\" colspan=\"2\">&nbsp;<\/td>\n<\/tr>\n<tr style=\"height: 35px;\">\n<td class=\"prima\" style=\"height: 35px; width: 75%;\">Pr\u0119dko\u015b\u0107 ci\u0119cia<\/td>\n<td class=\"seconda\" style=\"width: 24.7959%;\"><b class=\"txtred\">\u2605<\/b><b class=\"txtred\">\u2605<\/b><b class=\"txtred\">\u2605<\/b><b class=\"txtred\">\u2605<\/b><b class=\"txtred\">\u2605<\/b><\/td>\n<\/tr>\n<tr style=\"height: 24px;\">\n<td class=\"prima\" style=\"height: 24px; width: 75%;\">\u015arednie \u017cycie dodatkowe<\/td>\n<td class=\"seconda\" style=\"width: 24.7959%;\"><b class=\"txtred\">\u2605<\/b><b class=\"txtred\">\u2605<\/b><b class=\"txtred\">\u2605<\/b><b class=\"txtred\">\u2605<\/b><\/td>\n<\/tr>\n<tr>\n<td class=\"legenda\" style=\"width: 99.7959%;\" colspan=\"2\"><strong>Wystarczaj\u0105cy<\/strong> <b class=\"txtred\">\u2605<\/b> &nbsp;&nbsp; &nbsp;<strong>\u015aredni<\/strong><b class=\"txtred\">\u2605<\/b><b class=\"txtred\">\u2605<\/b> &nbsp;&nbsp; &nbsp;<strong>Dobry<\/strong><b class=\"txtred\">\u2605<\/b><b class=\"txtred\">\u2605<\/b><b class=\"txtred\">\u2605<\/b> &nbsp;&nbsp; &nbsp;<strong>Doskona\u0142y<\/strong><b class=\"txtred\">\u2605<\/b><b class=\"txtred\">\u2605<\/b><b class=\"txtred\">\u2605<\/b><b class=\"txtred\">\u2605<\/b> &nbsp;&nbsp; &nbsp;<strong>Wspania\u0142y<\/strong>&nbsp;<b class=\"txtred\">\u2605<\/b><b class=\"txtred\">\u2605<\/b><b class=\"txtred\">\u2605<\/b><b class=\"txtred\">\u2605<\/b><b class=\"txtred\">\u2605<\/b><\/td>\n<\/tr>\n<\/tbody>\n<\/table>\n<p>&nbsp;<\/p>\n<table class=\"tabellatecnica\" style=\"width: 80%;\" border=\"0\" cellspacing=\"0\" cellpadding=\"0\">\n<thead>\n<tr>\n<td class=\"testata\">Dost\u0119pne \u015brednice<\/td>\n<\/tr>\n<\/thead>\n<tbody>\n<tr>\n<td><img loading=\"lazy\" decoding=\"async\" class=\"alignleft\" src=\"\/wp-content\/uploads\/2013\/11\/s-m3.png\" alt=\"s-m3\" width=\"60\" height=\"60\">12-14-15-16-18-20-21-22-24-25-26-28-32-35-42-45-52-56<br \/>\n62-66-72-76-82-86-92-102-107-112-122-127-132-142-152<br \/>\n162-172-182-192-202-215-225-250-300-350-400-450-500<\/td>\n<\/tr>\n<\/tbody>\n<\/table>\n<p>&nbsp;[\/vc_column_text][\/vc_column][\/vc_row]<\/p>\n<\/div>","protected":false},"excerpt":{"rendered":"<p>[vc_row][vc_column text_align=&#8221;center&#8221; width=&#8221;1\/4&#8243;][vc_column_text] [\/vc_column_text][\/vc_column][vc_column width=&#8221;3\/4&#8243;][vc_column_text] Idealne do wykonywania otwor\u00f3w o \u015bredniej lub du\u017cej \u015brednicy, to wiert\u0142o jest montowane na maszynach ze z\u0142\u0105czem 1 \u00bc \u201d. W przypadku wiercenia na mokro narz\u0119dzie to ma doskona\u0142\u0105 wydajno\u015b\u0107 i doskona\u0142\u0105 pr\u0119dko\u015b\u0107 wiercenia dzi\u0119ki spirali utworzonej w korpusie, kt\u00f3ra u\u0142atwia usuwanie zanieczyszcze\u0144 z otworu. Proponowane jest w szerokim wyborze \u015brednic od 12 do 500 mm. D\u0142ugo\u015b\u0107 wiert\u0142a koronowego: 450 mm. \u2022 Wiert\u0142a koronowe mog\u0105 by\u0107 dostarczane na \u017cyczenie o dowolnej \u015brednicy i d\u0142ugo\u015bci \u2022 \u015aredni czas dostawy dla \u015brednic innych ni\u017c okre\u015blone w niniejszym dokumencie: 15 dni roboczych \u2022 Mo\u017cliwo\u015b\u0107 lutowania i naprawy wierte\u0142 o dowolnej \u015brednicy lub marce za pomoc\u0105 metody lutowania twardego \u2022 Dost\u0119pne s\u0105 oddzielne segmenty Tabela techniczna Utwardzony beton \/ ceg\u0142y \/ dach\u00f3wki \u2605\u2605\u2605\u2605\u2605 S\u0142aby \u017celbet \u2605\u2605\u2605\u2605\u2605 Wysoce zbrojony beton \u2605\u2605\u2605\u2605\u2605 Granit \/ Kamie\u0144 naturalny \/ Porfiry \u2605\u2605\u2605 Marmur &nbsp; Materia\u0142y ogniotrwa\u0142e \u2605\u2605\u2605 Piaskowiec \/ Umyte \u017cwirowe p\u0142yty \u2605\u2605\u2605 Podw\u00f3jnie wypalane p\u0142ytki ceramiczne \u2605 Single fired ceramic tiles \u2605 P\u0142ytki ceramiczne wypalane pojedynczo &nbsp; \u015awie\u017cy cement \u2605 Asfalt \u2605 &nbsp; Pr\u0119dko\u015b\u0107 ci\u0119cia \u2605\u2605\u2605\u2605\u2605 \u015arednie \u017cycie dodatkowe \u2605\u2605\u2605\u2605 Wystarczaj\u0105cy \u2605 &nbsp;&nbsp; &nbsp;\u015aredni\u2605\u2605 &nbsp;&nbsp; &nbsp;Dobry\u2605\u2605\u2605 &nbsp;&nbsp; &nbsp;Doskona\u0142y\u2605\u2605\u2605\u2605 &nbsp;&nbsp; &nbsp;Wspania\u0142y&nbsp;\u2605\u2605\u2605\u2605\u2605 &nbsp; Dost\u0119pne \u015brednice 12-14-15-16-18-20-21-22-24-25-26-28-32-35-42-45-52-56 62-66-72-76-82-86-92-102-107-112-122-127-132-142-152 162-172-182-192-202-215-225-250-300-350-400-450-500 &nbsp;[\/vc_column_text][\/vc_column][\/vc_row]<\/p>\n","protected":false},"author":29,"featured_media":20776,"parent":20755,"menu_order":3,"comment_status":"closed","ping_status":"closed","template":"","meta":{"ngg_post_thumbnail":0,"_joinchat":[],"footnotes":""},"class_list":["post-20774","page","type-page","status-publish","has-post-thumbnail","hentry"],"yoast_head":"<!-- This site is optimized with the Yoast SEO plugin v25.5 - https:\/\/yoast.com\/wordpress\/plugins\/seo\/ -->\n<title>Laser 450 Core Bit - Maxima SpA<\/title>\n<meta name=\"robots\" content=\"index, follow, max-snippet:-1, max-image-preview:large, max-video-preview:-1\" \/>\n<link rel=\"canonical\" href=\"https:\/\/www.maxima-dia.com\/pl\/wiertla-diamentowe-koronowe-na-mokro\/laser-450-core-bit\/\" \/>\n<meta property=\"og:locale\" content=\"pl_PL\" \/>\n<meta property=\"og:type\" content=\"article\" \/>\n<meta property=\"og:title\" content=\"Laser 450 Core Bit - Maxima SpA\" \/>\n<meta property=\"og:description\" content=\"[vc_row][vc_column text_align=&#8221;center&#8221; width=&#8221;1\/4&#8243;][vc_column_text] [\/vc_column_text][\/vc_column][vc_column width=&#8221;3\/4&#8243;][vc_column_text] Idealne do wykonywania otwor\u00f3w o \u015bredniej lub du\u017cej \u015brednicy, to wiert\u0142o jest montowane na maszynach ze z\u0142\u0105czem 1 \u00bc \u201d. W przypadku wiercenia na mokro narz\u0119dzie to ma doskona\u0142\u0105 wydajno\u015b\u0107 i doskona\u0142\u0105 pr\u0119dko\u015b\u0107 wiercenia dzi\u0119ki spirali utworzonej w korpusie, kt\u00f3ra u\u0142atwia usuwanie zanieczyszcze\u0144 z otworu. Proponowane jest w szerokim wyborze \u015brednic od 12 do 500 mm. D\u0142ugo\u015b\u0107 wiert\u0142a koronowego: 450 mm. \u2022 Wiert\u0142a koronowe mog\u0105 by\u0107 dostarczane na \u017cyczenie o dowolnej \u015brednicy i d\u0142ugo\u015bci \u2022 \u015aredni czas dostawy dla \u015brednic innych ni\u017c okre\u015blone w niniejszym dokumencie: 15 dni roboczych \u2022 Mo\u017cliwo\u015b\u0107 lutowania i naprawy wierte\u0142 o dowolnej \u015brednicy lub marce za pomoc\u0105 metody lutowania twardego \u2022 Dost\u0119pne s\u0105 oddzielne segmenty Tabela techniczna Utwardzony beton \/ ceg\u0142y \/ dach\u00f3wki \u2605\u2605\u2605\u2605\u2605 S\u0142aby \u017celbet \u2605\u2605\u2605\u2605\u2605 Wysoce zbrojony beton \u2605\u2605\u2605\u2605\u2605 Granit \/ Kamie\u0144 naturalny \/ Porfiry \u2605\u2605\u2605 Marmur &nbsp; Materia\u0142y ogniotrwa\u0142e \u2605\u2605\u2605 Piaskowiec \/ Umyte \u017cwirowe p\u0142yty \u2605\u2605\u2605 Podw\u00f3jnie wypalane p\u0142ytki ceramiczne \u2605 Single fired ceramic tiles \u2605 P\u0142ytki ceramiczne wypalane pojedynczo &nbsp; \u015awie\u017cy cement \u2605 Asfalt \u2605 &nbsp; Pr\u0119dko\u015b\u0107 ci\u0119cia \u2605\u2605\u2605\u2605\u2605 \u015arednie \u017cycie dodatkowe \u2605\u2605\u2605\u2605 Wystarczaj\u0105cy \u2605 &nbsp;&nbsp; &nbsp;\u015aredni\u2605\u2605 &nbsp;&nbsp; &nbsp;Dobry\u2605\u2605\u2605 &nbsp;&nbsp; &nbsp;Doskona\u0142y\u2605\u2605\u2605\u2605 &nbsp;&nbsp; &nbsp;Wspania\u0142y&nbsp;\u2605\u2605\u2605\u2605\u2605 &nbsp; Dost\u0119pne \u015brednice 12-14-15-16-18-20-21-22-24-25-26-28-32-35-42-45-52-56 62-66-72-76-82-86-92-102-107-112-122-127-132-142-152 162-172-182-192-202-215-225-250-300-350-400-450-500 &nbsp;[\/vc_column_text][\/vc_column][\/vc_row]\" \/>\n<meta property=\"og:url\" content=\"https:\/\/www.maxima-dia.com\/pl\/wiertla-diamentowe-koronowe-na-mokro\/laser-450-core-bit\/\" \/>\n<meta property=\"og:site_name\" content=\"Maxima SpA\" \/>\n<meta property=\"article:publisher\" content=\"https:\/\/www.facebook.com\/Maxima-spa-106098566139597\" \/>\n<meta property=\"article:modified_time\" content=\"2021-07-28T08:09:20+00:00\" \/>\n<meta property=\"og:image\" content=\"https:\/\/www.maxima-dia.com\/wp-content\/uploads\/2017\/02\/foretto-oro-450-1.jpg\" \/>\n\t<meta property=\"og:image:width\" content=\"1200\" \/>\n\t<meta property=\"og:image:height\" content=\"1200\" \/>\n\t<meta property=\"og:image:type\" content=\"image\/jpeg\" \/>\n<meta name=\"twitter:card\" content=\"summary_large_image\" \/>\n<meta name=\"twitter:site\" content=\"@Maximadia\" \/>\n<meta name=\"twitter:label1\" content=\"Szacowany czas czytania\" \/>\n\t<meta name=\"twitter:data1\" content=\"12 minut\" \/>\n<script type=\"application\/ld+json\" class=\"yoast-schema-graph\">{\"@context\":\"https:\/\/schema.org\",\"@graph\":[{\"@type\":\"WebPage\",\"@id\":\"https:\/\/www.maxima-dia.com\/pl\/wiertla-diamentowe-koronowe-na-mokro\/laser-450-core-bit\/\",\"url\":\"https:\/\/www.maxima-dia.com\/pl\/wiertla-diamentowe-koronowe-na-mokro\/laser-450-core-bit\/\",\"name\":\"Laser 450 Core Bit - Maxima SpA\",\"isPartOf\":{\"@id\":\"https:\/\/www.maxima-dia.com\/pl\/#website\"},\"primaryImageOfPage\":{\"@id\":\"https:\/\/www.maxima-dia.com\/pl\/wiertla-diamentowe-koronowe-na-mokro\/laser-450-core-bit\/#primaryimage\"},\"image\":{\"@id\":\"https:\/\/www.maxima-dia.com\/pl\/wiertla-diamentowe-koronowe-na-mokro\/laser-450-core-bit\/#primaryimage\"},\"thumbnailUrl\":\"https:\/\/www.maxima-dia.com\/wp-content\/uploads\/2017\/02\/foretto-oro-450-1.jpg\",\"datePublished\":\"2019-07-11T14:07:43+00:00\",\"dateModified\":\"2021-07-28T08:09:20+00:00\",\"breadcrumb\":{\"@id\":\"https:\/\/www.maxima-dia.com\/pl\/wiertla-diamentowe-koronowe-na-mokro\/laser-450-core-bit\/#breadcrumb\"},\"inLanguage\":\"pl-PL\",\"potentialAction\":[{\"@type\":\"ReadAction\",\"target\":[\"https:\/\/www.maxima-dia.com\/pl\/wiertla-diamentowe-koronowe-na-mokro\/laser-450-core-bit\/\"]}]},{\"@type\":\"ImageObject\",\"inLanguage\":\"pl-PL\",\"@id\":\"https:\/\/www.maxima-dia.com\/pl\/wiertla-diamentowe-koronowe-na-mokro\/laser-450-core-bit\/#primaryimage\",\"url\":\"https:\/\/www.maxima-dia.com\/wp-content\/uploads\/2017\/02\/foretto-oro-450-1.jpg\",\"contentUrl\":\"https:\/\/www.maxima-dia.com\/wp-content\/uploads\/2017\/02\/foretto-oro-450-1.jpg\",\"width\":1200,\"height\":1200},{\"@type\":\"BreadcrumbList\",\"@id\":\"https:\/\/www.maxima-dia.com\/pl\/wiertla-diamentowe-koronowe-na-mokro\/laser-450-core-bit\/#breadcrumb\",\"itemListElement\":[{\"@type\":\"ListItem\",\"position\":1,\"name\":\"Home\",\"item\":\"https:\/\/www.maxima-dia.com\/pl\/\"},{\"@type\":\"ListItem\",\"position\":2,\"name\":\"Wiert\u0142a Diamentowe Koronowe na mokro\",\"item\":\"https:\/\/www.maxima-dia.com\/pl\/wiertla-diamentowe-koronowe-na-mokro\/\"},{\"@type\":\"ListItem\",\"position\":3,\"name\":\"Laser 450 Core Bit\"}]},{\"@type\":\"WebSite\",\"@id\":\"https:\/\/www.maxima-dia.com\/pl\/#website\",\"url\":\"https:\/\/www.maxima-dia.com\/pl\/\",\"name\":\"Maxima SpA\",\"description\":\"Only for the real professionals\",\"potentialAction\":[{\"@type\":\"SearchAction\",\"target\":{\"@type\":\"EntryPoint\",\"urlTemplate\":\"https:\/\/www.maxima-dia.com\/pl\/?s={search_term_string}\"},\"query-input\":{\"@type\":\"PropertyValueSpecification\",\"valueRequired\":true,\"valueName\":\"search_term_string\"}}],\"inLanguage\":\"pl-PL\"}]}<\/script>\n<!-- \/ Yoast SEO plugin. -->","yoast_head_json":{"title":"Laser 450 Core Bit - Maxima SpA","robots":{"index":"index","follow":"follow","max-snippet":"max-snippet:-1","max-image-preview":"max-image-preview:large","max-video-preview":"max-video-preview:-1"},"canonical":"https:\/\/www.maxima-dia.com\/pl\/wiertla-diamentowe-koronowe-na-mokro\/laser-450-core-bit\/","og_locale":"pl_PL","og_type":"article","og_title":"Laser 450 Core Bit - Maxima SpA","og_description":"[vc_row][vc_column text_align=&#8221;center&#8221; width=&#8221;1\/4&#8243;][vc_column_text] [\/vc_column_text][\/vc_column][vc_column width=&#8221;3\/4&#8243;][vc_column_text] Idealne do wykonywania otwor\u00f3w o \u015bredniej lub du\u017cej \u015brednicy, to wiert\u0142o jest montowane na maszynach ze z\u0142\u0105czem 1 \u00bc \u201d. W przypadku wiercenia na mokro narz\u0119dzie to ma doskona\u0142\u0105 wydajno\u015b\u0107 i doskona\u0142\u0105 pr\u0119dko\u015b\u0107 wiercenia dzi\u0119ki spirali utworzonej w korpusie, kt\u00f3ra u\u0142atwia usuwanie zanieczyszcze\u0144 z otworu. Proponowane jest w szerokim wyborze \u015brednic od 12 do 500 mm. D\u0142ugo\u015b\u0107 wiert\u0142a koronowego: 450 mm. \u2022 Wiert\u0142a koronowe mog\u0105 by\u0107 dostarczane na \u017cyczenie o dowolnej \u015brednicy i d\u0142ugo\u015bci \u2022 \u015aredni czas dostawy dla \u015brednic innych ni\u017c okre\u015blone w niniejszym dokumencie: 15 dni roboczych \u2022 Mo\u017cliwo\u015b\u0107 lutowania i naprawy wierte\u0142 o dowolnej \u015brednicy lub marce za pomoc\u0105 metody lutowania twardego \u2022 Dost\u0119pne s\u0105 oddzielne segmenty Tabela techniczna Utwardzony beton \/ ceg\u0142y \/ dach\u00f3wki \u2605\u2605\u2605\u2605\u2605 S\u0142aby \u017celbet \u2605\u2605\u2605\u2605\u2605 Wysoce zbrojony beton \u2605\u2605\u2605\u2605\u2605 Granit \/ Kamie\u0144 naturalny \/ Porfiry \u2605\u2605\u2605 Marmur &nbsp; Materia\u0142y ogniotrwa\u0142e \u2605\u2605\u2605 Piaskowiec \/ Umyte \u017cwirowe p\u0142yty \u2605\u2605\u2605 Podw\u00f3jnie wypalane p\u0142ytki ceramiczne \u2605 Single fired ceramic tiles \u2605 P\u0142ytki ceramiczne wypalane pojedynczo &nbsp; \u015awie\u017cy cement \u2605 Asfalt \u2605 &nbsp; Pr\u0119dko\u015b\u0107 ci\u0119cia \u2605\u2605\u2605\u2605\u2605 \u015arednie \u017cycie dodatkowe \u2605\u2605\u2605\u2605 Wystarczaj\u0105cy \u2605 &nbsp;&nbsp; &nbsp;\u015aredni\u2605\u2605 &nbsp;&nbsp; &nbsp;Dobry\u2605\u2605\u2605 &nbsp;&nbsp; &nbsp;Doskona\u0142y\u2605\u2605\u2605\u2605 &nbsp;&nbsp; &nbsp;Wspania\u0142y&nbsp;\u2605\u2605\u2605\u2605\u2605 &nbsp; Dost\u0119pne \u015brednice 12-14-15-16-18-20-21-22-24-25-26-28-32-35-42-45-52-56 62-66-72-76-82-86-92-102-107-112-122-127-132-142-152 162-172-182-192-202-215-225-250-300-350-400-450-500 &nbsp;[\/vc_column_text][\/vc_column][\/vc_row]","og_url":"https:\/\/www.maxima-dia.com\/pl\/wiertla-diamentowe-koronowe-na-mokro\/laser-450-core-bit\/","og_site_name":"Maxima SpA","article_publisher":"https:\/\/www.facebook.com\/Maxima-spa-106098566139597","article_modified_time":"2021-07-28T08:09:20+00:00","og_image":[{"width":1200,"height":1200,"url":"https:\/\/www.maxima-dia.com\/wp-content\/uploads\/2017\/02\/foretto-oro-450-1.jpg","type":"image\/jpeg"}],"twitter_card":"summary_large_image","twitter_site":"@Maximadia","twitter_misc":{"Szacowany czas czytania":"12 minut"},"schema":{"@context":"https:\/\/schema.org","@graph":[{"@type":"WebPage","@id":"https:\/\/www.maxima-dia.com\/pl\/wiertla-diamentowe-koronowe-na-mokro\/laser-450-core-bit\/","url":"https:\/\/www.maxima-dia.com\/pl\/wiertla-diamentowe-koronowe-na-mokro\/laser-450-core-bit\/","name":"Laser 450 Core Bit - Maxima SpA","isPartOf":{"@id":"https:\/\/www.maxima-dia.com\/pl\/#website"},"primaryImageOfPage":{"@id":"https:\/\/www.maxima-dia.com\/pl\/wiertla-diamentowe-koronowe-na-mokro\/laser-450-core-bit\/#primaryimage"},"image":{"@id":"https:\/\/www.maxima-dia.com\/pl\/wiertla-diamentowe-koronowe-na-mokro\/laser-450-core-bit\/#primaryimage"},"thumbnailUrl":"https:\/\/www.maxima-dia.com\/wp-content\/uploads\/2017\/02\/foretto-oro-450-1.jpg","datePublished":"2019-07-11T14:07:43+00:00","dateModified":"2021-07-28T08:09:20+00:00","breadcrumb":{"@id":"https:\/\/www.maxima-dia.com\/pl\/wiertla-diamentowe-koronowe-na-mokro\/laser-450-core-bit\/#breadcrumb"},"inLanguage":"pl-PL","potentialAction":[{"@type":"ReadAction","target":["https:\/\/www.maxima-dia.com\/pl\/wiertla-diamentowe-koronowe-na-mokro\/laser-450-core-bit\/"]}]},{"@type":"ImageObject","inLanguage":"pl-PL","@id":"https:\/\/www.maxima-dia.com\/pl\/wiertla-diamentowe-koronowe-na-mokro\/laser-450-core-bit\/#primaryimage","url":"https:\/\/www.maxima-dia.com\/wp-content\/uploads\/2017\/02\/foretto-oro-450-1.jpg","contentUrl":"https:\/\/www.maxima-dia.com\/wp-content\/uploads\/2017\/02\/foretto-oro-450-1.jpg","width":1200,"height":1200},{"@type":"BreadcrumbList","@id":"https:\/\/www.maxima-dia.com\/pl\/wiertla-diamentowe-koronowe-na-mokro\/laser-450-core-bit\/#breadcrumb","itemListElement":[{"@type":"ListItem","position":1,"name":"Home","item":"https:\/\/www.maxima-dia.com\/pl\/"},{"@type":"ListItem","position":2,"name":"Wiert\u0142a Diamentowe Koronowe na mokro","item":"https:\/\/www.maxima-dia.com\/pl\/wiertla-diamentowe-koronowe-na-mokro\/"},{"@type":"ListItem","position":3,"name":"Laser 450 Core Bit"}]},{"@type":"WebSite","@id":"https:\/\/www.maxima-dia.com\/pl\/#website","url":"https:\/\/www.maxima-dia.com\/pl\/","name":"Maxima SpA","description":"Only for the real professionals","potentialAction":[{"@type":"SearchAction","target":{"@type":"EntryPoint","urlTemplate":"https:\/\/www.maxima-dia.com\/pl\/?s={search_term_string}"},"query-input":{"@type":"PropertyValueSpecification","valueRequired":true,"valueName":"search_term_string"}}],"inLanguage":"pl-PL"}]}},"_links":{"self":[{"href":"https:\/\/www.maxima-dia.com\/pl\/wp-json\/wp\/v2\/pages\/20774"}],"collection":[{"href":"https:\/\/www.maxima-dia.com\/pl\/wp-json\/wp\/v2\/pages"}],"about":[{"href":"https:\/\/www.maxima-dia.com\/pl\/wp-json\/wp\/v2\/types\/page"}],"author":[{"embeddable":true,"href":"https:\/\/www.maxima-dia.com\/pl\/wp-json\/wp\/v2\/users\/29"}],"replies":[{"embeddable":true,"href":"https:\/\/www.maxima-dia.com\/pl\/wp-json\/wp\/v2\/comments?post=20774"}],"version-history":[{"count":0,"href":"https:\/\/www.maxima-dia.com\/pl\/wp-json\/wp\/v2\/pages\/20774\/revisions"}],"up":[{"embeddable":true,"href":"https:\/\/www.maxima-dia.com\/pl\/wp-json\/wp\/v2\/pages\/20755"}],"wp:featuredmedia":[{"embeddable":true,"href":"https:\/\/www.maxima-dia.com\/pl\/wp-json\/wp\/v2\/media\/20776"}],"wp:attachment":[{"href":"https:\/\/www.maxima-dia.com\/pl\/wp-json\/wp\/v2\/media?parent=20774"}],"curies":[{"name":"wp","href":"https:\/\/api.w.org\/{rel}","templated":true}]}}