{"id":20784,"date":"2019-07-11T16:16:56","date_gmt":"2019-07-11T14:16:56","guid":{"rendered":"https:\/\/www.maxima-dia.com\/?page_id=20784"},"modified":"2019-07-11T16:20:21","modified_gmt":"2019-07-11T14:20:21","slug":"wierceniemodulowe","status":"publish","type":"page","link":"https:\/\/www.maxima-dia.com\/pl\/wiertla-diamentowe-koronowe-na-mokro\/wierceniemodulowe\/","title":{"rendered":"Wierceniemodu\u0142owe"},"content":{"rendered":"<div class=\"wpb-content-wrapper\"><p>[vc_row][vc_column text_align=&#8221;center&#8221; width=&#8221;1\/4&#8243;][vc_column_text]<\/p>\n<p style=\"text-align: justify;\"><a href=\"\/wp-content\/uploads\/2017\/02\/carotaggio-continuo.jpg\"><img loading=\"lazy\" decoding=\"async\" class=\"alignnone size-thumbnail wp-image-13734\" src=\"\/wp-content\/uploads\/2017\/02\/carotaggio-continuo-150x150.jpg\" alt=\"CAROTAGGIO CONTINUO\" width=\"150\" height=\"150\" srcset=\"https:\/\/www.maxima-dia.com\/wp-content\/uploads\/2017\/02\/carotaggio-continuo-150x150.jpg 150w, https:\/\/www.maxima-dia.com\/wp-content\/uploads\/2017\/02\/carotaggio-continuo-300x300.jpg 300w, https:\/\/www.maxima-dia.com\/wp-content\/uploads\/2017\/02\/carotaggio-continuo-768x768.jpg 768w, https:\/\/www.maxima-dia.com\/wp-content\/uploads\/2017\/02\/carotaggio-continuo-1024x1024.jpg 1024w, https:\/\/www.maxima-dia.com\/wp-content\/uploads\/2017\/02\/carotaggio-continuo-80x80.jpg 80w, https:\/\/www.maxima-dia.com\/wp-content\/uploads\/2017\/02\/carotaggio-continuo-500x500.jpg 500w, https:\/\/www.maxima-dia.com\/wp-content\/uploads\/2017\/02\/carotaggio-continuo-1000x1000.jpg 1000w, https:\/\/www.maxima-dia.com\/wp-content\/uploads\/2017\/02\/carotaggio-continuo.jpg 1200w\" sizes=\"(max-width: 150px) 100vw, 150px\" \/><\/a><\/p>\n<p style=\"text-align: justify;\"><img loading=\"lazy\" decoding=\"async\" class=\"wp-image-11772\" src=\"\/wp-content\/uploads\/2013\/11\/saldatolaser.jpg\" alt=\"saldato laser\" width=\"128\" height=\"39\"><\/p>\n<p>[\/vc_column_text][\/vc_column][vc_column width=&#8221;3\/4&#8243;][vc_column_text]Ta linia wierte\u0142 diamentowych doskonale nadaje si\u0119 do wykonywania otwor\u00f3w o g\u0142\u0119boko\u015bci ponad 2 metr\u00f3w. Kiedy nie jest mo\u017cliwe usuni\u0119cie rdzenia gruzu, w przeciwie\u0144stwie do konwencjonalnego wiercenia, w tym systemie otw\u00f3r mo\u017cna wykona\u0107 poprzez stopniowe przykr\u0119canie przed\u0142u\u017ce\u0144 jeden po drugim, utrzymuj\u0105c rdze\u0144 gruzu wewn\u0105trz wierte\u0142 a\u017c do zako\u0144czenia wiercenia. Na \u017cyczenie system ten jest r\u00f3wnie\u017c wyposa\u017cony w odkurzacze rdzeniowe i stabilizatory, kt\u00f3re utrzymuj\u0105 koron\u0119 na torze podczas wiercenia. Poniewa\u017c wiercenie to jest na wysokim poziomie technicznym, sugerujemy skontaktowanie si\u0119 wcze\u015bniej z technikiem Maxima w celu uzyskania porady i udzielenia wskaz\u00f3wek technicznych, aby zapewni\u0107 doskona\u0142y wynik. W przypadku nietypowych zastosowa\u0144 technik b\u0119dzie r\u00f3wnie\u017c dost\u0119pny do pomocy na miejscu. Narz\u0119dzie jest dost\u0119pne w trzech r\u00f3\u017cnych wersjach:<\/p>\n<p style=\"text-align: justify;\">Impregnowana, osadzana i polikrystaliczna, a wszystkie trzy mo\u017cna zam\u00f3wi\u0107 na mokro lub spr\u0119\u017cone powietrze.<\/p>\n<p style=\"text-align: justify;\">Na \u017c\u0105danie dost\u0119pne s\u0105 r\u00f3wnie\u017c te \u015brednice: 92 102 102 112,137,152,162,182,202,212,252,262,302<br \/>\n\u015aredni czas dostawy: 15 dni roboczych<\/p>\n<table class=\"tabellatecnica\" style=\"width: 80%;\" border=\"0\" cellspacing=\"0\" cellpadding=\"0\">\n<thead>\n<tr>\n<td class=\"testata\" colspan=\"2\">Tabela techniczna<\/td>\n<\/tr>\n<\/thead>\n<tbody>\n<tr>\n<td class=\"prima\" colspan=\"2\"><span style=\"color: #ff0000;\"><strong>Impregnowane korony<\/strong><\/span><br \/>\n<strong>Suitable for drilling:<\/strong> Granite \u2013 Porphyries &#8211; Stone &#8211; Concrete<br \/>\nReinforced concrete \u2013 Highly reinforced concrete<\/td>\n<\/tr>\n<tr>\n<td class=\"prima\"><strong>MODEL<\/strong><\/td>\n<td class=\"seconda\"><strong>MATERIAL<\/strong><\/td>\n<\/tr>\n<tr>\n<td class=\"prima\"><strong>Mx1<\/strong><\/td>\n<td class=\"seconda\">For soft materials<\/td>\n<\/tr>\n<tr>\n<td class=\"prima\"><strong>Mx3<\/strong><\/td>\n<td class=\"seconda\">For medium materials, i.e. reinforced concrete<\/td>\n<\/tr>\n<tr>\n<td class=\"prima\"><strong>Mx4<\/strong><\/td>\n<td class=\"seconda\">For medium hard materials, i.e. highly reinforced concrete<\/td>\n<\/tr>\n<tr>\n<td class=\"prima\"><strong>Mx5<\/strong><\/td>\n<td class=\"seconda\">For hard materials, i.e. granite<\/td>\n<\/tr>\n<tr>\n<td class=\"prima\" colspan=\"2\"><span style=\"color: #ff0000;\"><strong>Korona<\/strong><\/span><br \/>\n<strong>Suitable for drilling:<\/strong>&nbsp;Hollow bricks \u2013 Solid bricks \u2013 Not reinforced&nbsp;concrete \u2013 Marble &#8211; Clay &#8211; Sandstone \u2013 Calcareous mate<\/td>\n<\/tr>\n<tr>\n<td class=\"prima\" colspan=\"2\"><span style=\"color: #ff0000;\"><strong>Polycrys. Korony<\/strong><\/span><br \/>\n<strong>Suitable for drilling:<\/strong> Hollow bricks \u2013 Solid bricks &#8211; Tufo \u2013 Lime &#8211;&nbsp;Plaster<\/td>\n<\/tr>\n<\/tbody>\n<\/table>\n<p>&nbsp;<\/p>\n<table class=\"tabellatecnica\" style=\"width: 80%;\" border=\"0\" cellspacing=\"0\" cellpadding=\"0\">\n<thead>\n<tr>\n<td class=\"testata\">Dost\u0119pne \u015brednice<\/td>\n<\/tr>\n<\/thead>\n<tbody>\n<tr>\n<td><img loading=\"lazy\" decoding=\"async\" class=\"alignleft\" src=\"\/wp-content\/uploads\/2013\/11\/s-m3.png\" alt=\"s-m3\" width=\"60\" height=\"60\">20-25-30-35-40-45-50-64-72-82<\/td>\n<\/tr>\n<\/tbody>\n<\/table>\n<p>&nbsp;[\/vc_column_text][\/vc_column][\/vc_row]<\/p>\n<\/div>","protected":false},"excerpt":{"rendered":"<p>[vc_row][vc_column text_align=&#8221;center&#8221; width=&#8221;1\/4&#8243;][vc_column_text] [\/vc_column_text][\/vc_column][vc_column width=&#8221;3\/4&#8243;][vc_column_text]Ta linia wierte\u0142 diamentowych doskonale nadaje si\u0119 do wykonywania otwor\u00f3w o g\u0142\u0119boko\u015bci ponad 2 metr\u00f3w. Kiedy nie jest mo\u017cliwe usuni\u0119cie rdzenia gruzu, w przeciwie\u0144stwie do konwencjonalnego wiercenia, w tym systemie otw\u00f3r mo\u017cna wykona\u0107 poprzez stopniowe przykr\u0119canie przed\u0142u\u017ce\u0144 jeden po drugim, utrzymuj\u0105c rdze\u0144 gruzu wewn\u0105trz wierte\u0142 a\u017c do zako\u0144czenia wiercenia. Na \u017cyczenie system ten jest r\u00f3wnie\u017c wyposa\u017cony w odkurzacze rdzeniowe i stabilizatory, kt\u00f3re utrzymuj\u0105 koron\u0119 na torze podczas wiercenia. Poniewa\u017c wiercenie to jest na wysokim poziomie technicznym, sugerujemy skontaktowanie si\u0119 wcze\u015bniej z technikiem Maxima w celu uzyskania porady i udzielenia wskaz\u00f3wek technicznych, aby zapewni\u0107 doskona\u0142y wynik. W przypadku nietypowych zastosowa\u0144 technik b\u0119dzie r\u00f3wnie\u017c dost\u0119pny do pomocy na miejscu. Narz\u0119dzie jest dost\u0119pne w trzech r\u00f3\u017cnych wersjach: Impregnowana, osadzana i polikrystaliczna, a wszystkie trzy mo\u017cna zam\u00f3wi\u0107 na mokro lub spr\u0119\u017cone powietrze. Na \u017c\u0105danie dost\u0119pne s\u0105 r\u00f3wnie\u017c te \u015brednice: 92 102 102 112,137,152,162,182,202,212,252,262,302 \u015aredni czas dostawy: 15 dni roboczych Tabela techniczna Impregnowane korony Suitable for drilling: Granite \u2013 Porphyries &#8211; Stone &#8211; Concrete Reinforced concrete \u2013 Highly reinforced concrete MODEL MATERIAL Mx1 For soft materials Mx3 For medium materials, i.e. reinforced concrete Mx4 For medium hard materials, i.e. highly reinforced concrete Mx5 For hard materials, i.e. granite Korona Suitable for [&hellip;]<\/p>\n","protected":false},"author":29,"featured_media":20786,"parent":20755,"menu_order":7,"comment_status":"closed","ping_status":"closed","template":"","meta":{"ngg_post_thumbnail":0,"_joinchat":[],"footnotes":""},"class_list":["post-20784","page","type-page","status-publish","has-post-thumbnail","hentry"],"yoast_head":"<!-- This site is optimized with the Yoast SEO plugin v25.5 - https:\/\/yoast.com\/wordpress\/plugins\/seo\/ -->\n<title>Wierceniemodu\u0142owe - Maxima SpA<\/title>\n<meta name=\"robots\" content=\"index, follow, max-snippet:-1, max-image-preview:large, max-video-preview:-1\" \/>\n<link rel=\"canonical\" href=\"https:\/\/www.maxima-dia.com\/pl\/wiertla-diamentowe-koronowe-na-mokro\/wierceniemodulowe\/\" \/>\n<meta property=\"og:locale\" content=\"pl_PL\" \/>\n<meta property=\"og:type\" content=\"article\" \/>\n<meta property=\"og:title\" content=\"Wierceniemodu\u0142owe - Maxima SpA\" \/>\n<meta property=\"og:description\" content=\"[vc_row][vc_column text_align=&#8221;center&#8221; width=&#8221;1\/4&#8243;][vc_column_text] [\/vc_column_text][\/vc_column][vc_column width=&#8221;3\/4&#8243;][vc_column_text]Ta linia wierte\u0142 diamentowych doskonale nadaje si\u0119 do wykonywania otwor\u00f3w o g\u0142\u0119boko\u015bci ponad 2 metr\u00f3w. Kiedy nie jest mo\u017cliwe usuni\u0119cie rdzenia gruzu, w przeciwie\u0144stwie do konwencjonalnego wiercenia, w tym systemie otw\u00f3r mo\u017cna wykona\u0107 poprzez stopniowe przykr\u0119canie przed\u0142u\u017ce\u0144 jeden po drugim, utrzymuj\u0105c rdze\u0144 gruzu wewn\u0105trz wierte\u0142 a\u017c do zako\u0144czenia wiercenia. Na \u017cyczenie system ten jest r\u00f3wnie\u017c wyposa\u017cony w odkurzacze rdzeniowe i stabilizatory, kt\u00f3re utrzymuj\u0105 koron\u0119 na torze podczas wiercenia. Poniewa\u017c wiercenie to jest na wysokim poziomie technicznym, sugerujemy skontaktowanie si\u0119 wcze\u015bniej z technikiem Maxima w celu uzyskania porady i udzielenia wskaz\u00f3wek technicznych, aby zapewni\u0107 doskona\u0142y wynik. W przypadku nietypowych zastosowa\u0144 technik b\u0119dzie r\u00f3wnie\u017c dost\u0119pny do pomocy na miejscu. Narz\u0119dzie jest dost\u0119pne w trzech r\u00f3\u017cnych wersjach: Impregnowana, osadzana i polikrystaliczna, a wszystkie trzy mo\u017cna zam\u00f3wi\u0107 na mokro lub spr\u0119\u017cone powietrze. Na \u017c\u0105danie dost\u0119pne s\u0105 r\u00f3wnie\u017c te \u015brednice: 92 102 102 112,137,152,162,182,202,212,252,262,302 \u015aredni czas dostawy: 15 dni roboczych Tabela techniczna Impregnowane korony Suitable for drilling: Granite \u2013 Porphyries &#8211; Stone &#8211; Concrete Reinforced concrete \u2013 Highly reinforced concrete MODEL MATERIAL Mx1 For soft materials Mx3 For medium materials, i.e. reinforced concrete Mx4 For medium hard materials, i.e. highly reinforced concrete Mx5 For hard materials, i.e. granite Korona Suitable for [&hellip;]\" \/>\n<meta property=\"og:url\" content=\"https:\/\/www.maxima-dia.com\/pl\/wiertla-diamentowe-koronowe-na-mokro\/wierceniemodulowe\/\" \/>\n<meta property=\"og:site_name\" content=\"Maxima SpA\" \/>\n<meta property=\"article:publisher\" content=\"https:\/\/www.facebook.com\/Maxima-spa-106098566139597\" \/>\n<meta property=\"article:modified_time\" content=\"2019-07-11T14:20:21+00:00\" \/>\n<meta property=\"og:image\" content=\"https:\/\/www.maxima-dia.com\/wp-content\/uploads\/2017\/02\/carotaggio-continuo.jpg\" \/>\n\t<meta property=\"og:image:width\" content=\"1200\" \/>\n\t<meta property=\"og:image:height\" content=\"1200\" \/>\n\t<meta property=\"og:image:type\" content=\"image\/jpeg\" \/>\n<meta name=\"twitter:card\" content=\"summary_large_image\" \/>\n<meta name=\"twitter:site\" content=\"@Maximadia\" \/>\n<meta name=\"twitter:label1\" content=\"Szacowany czas czytania\" \/>\n\t<meta name=\"twitter:data1\" content=\"1 minuta\" \/>\n<script type=\"application\/ld+json\" class=\"yoast-schema-graph\">{\"@context\":\"https:\/\/schema.org\",\"@graph\":[{\"@type\":\"WebPage\",\"@id\":\"https:\/\/www.maxima-dia.com\/pl\/wiertla-diamentowe-koronowe-na-mokro\/wierceniemodulowe\/\",\"url\":\"https:\/\/www.maxima-dia.com\/pl\/wiertla-diamentowe-koronowe-na-mokro\/wierceniemodulowe\/\",\"name\":\"Wierceniemodu\u0142owe - Maxima SpA\",\"isPartOf\":{\"@id\":\"https:\/\/www.maxima-dia.com\/pl\/#website\"},\"primaryImageOfPage\":{\"@id\":\"https:\/\/www.maxima-dia.com\/pl\/wiertla-diamentowe-koronowe-na-mokro\/wierceniemodulowe\/#primaryimage\"},\"image\":{\"@id\":\"https:\/\/www.maxima-dia.com\/pl\/wiertla-diamentowe-koronowe-na-mokro\/wierceniemodulowe\/#primaryimage\"},\"thumbnailUrl\":\"https:\/\/www.maxima-dia.com\/wp-content\/uploads\/2017\/02\/carotaggio-continuo.jpg\",\"datePublished\":\"2019-07-11T14:16:56+00:00\",\"dateModified\":\"2019-07-11T14:20:21+00:00\",\"breadcrumb\":{\"@id\":\"https:\/\/www.maxima-dia.com\/pl\/wiertla-diamentowe-koronowe-na-mokro\/wierceniemodulowe\/#breadcrumb\"},\"inLanguage\":\"pl-PL\",\"potentialAction\":[{\"@type\":\"ReadAction\",\"target\":[\"https:\/\/www.maxima-dia.com\/pl\/wiertla-diamentowe-koronowe-na-mokro\/wierceniemodulowe\/\"]}]},{\"@type\":\"ImageObject\",\"inLanguage\":\"pl-PL\",\"@id\":\"https:\/\/www.maxima-dia.com\/pl\/wiertla-diamentowe-koronowe-na-mokro\/wierceniemodulowe\/#primaryimage\",\"url\":\"https:\/\/www.maxima-dia.com\/wp-content\/uploads\/2017\/02\/carotaggio-continuo.jpg\",\"contentUrl\":\"https:\/\/www.maxima-dia.com\/wp-content\/uploads\/2017\/02\/carotaggio-continuo.jpg\",\"width\":1200,\"height\":1200},{\"@type\":\"BreadcrumbList\",\"@id\":\"https:\/\/www.maxima-dia.com\/pl\/wiertla-diamentowe-koronowe-na-mokro\/wierceniemodulowe\/#breadcrumb\",\"itemListElement\":[{\"@type\":\"ListItem\",\"position\":1,\"name\":\"Home\",\"item\":\"https:\/\/www.maxima-dia.com\/pl\/\"},{\"@type\":\"ListItem\",\"position\":2,\"name\":\"Wiert\u0142a Diamentowe Koronowe na mokro\",\"item\":\"https:\/\/www.maxima-dia.com\/pl\/wiertla-diamentowe-koronowe-na-mokro\/\"},{\"@type\":\"ListItem\",\"position\":3,\"name\":\"Wierceniemodu\u0142owe\"}]},{\"@type\":\"WebSite\",\"@id\":\"https:\/\/www.maxima-dia.com\/pl\/#website\",\"url\":\"https:\/\/www.maxima-dia.com\/pl\/\",\"name\":\"Maxima SpA\",\"description\":\"Only for the real professionals\",\"potentialAction\":[{\"@type\":\"SearchAction\",\"target\":{\"@type\":\"EntryPoint\",\"urlTemplate\":\"https:\/\/www.maxima-dia.com\/pl\/?s={search_term_string}\"},\"query-input\":{\"@type\":\"PropertyValueSpecification\",\"valueRequired\":true,\"valueName\":\"search_term_string\"}}],\"inLanguage\":\"pl-PL\"}]}<\/script>\n<!-- \/ Yoast SEO plugin. -->","yoast_head_json":{"title":"Wierceniemodu\u0142owe - Maxima SpA","robots":{"index":"index","follow":"follow","max-snippet":"max-snippet:-1","max-image-preview":"max-image-preview:large","max-video-preview":"max-video-preview:-1"},"canonical":"https:\/\/www.maxima-dia.com\/pl\/wiertla-diamentowe-koronowe-na-mokro\/wierceniemodulowe\/","og_locale":"pl_PL","og_type":"article","og_title":"Wierceniemodu\u0142owe - Maxima SpA","og_description":"[vc_row][vc_column text_align=&#8221;center&#8221; width=&#8221;1\/4&#8243;][vc_column_text] [\/vc_column_text][\/vc_column][vc_column width=&#8221;3\/4&#8243;][vc_column_text]Ta linia wierte\u0142 diamentowych doskonale nadaje si\u0119 do wykonywania otwor\u00f3w o g\u0142\u0119boko\u015bci ponad 2 metr\u00f3w. Kiedy nie jest mo\u017cliwe usuni\u0119cie rdzenia gruzu, w przeciwie\u0144stwie do konwencjonalnego wiercenia, w tym systemie otw\u00f3r mo\u017cna wykona\u0107 poprzez stopniowe przykr\u0119canie przed\u0142u\u017ce\u0144 jeden po drugim, utrzymuj\u0105c rdze\u0144 gruzu wewn\u0105trz wierte\u0142 a\u017c do zako\u0144czenia wiercenia. Na \u017cyczenie system ten jest r\u00f3wnie\u017c wyposa\u017cony w odkurzacze rdzeniowe i stabilizatory, kt\u00f3re utrzymuj\u0105 koron\u0119 na torze podczas wiercenia. Poniewa\u017c wiercenie to jest na wysokim poziomie technicznym, sugerujemy skontaktowanie si\u0119 wcze\u015bniej z technikiem Maxima w celu uzyskania porady i udzielenia wskaz\u00f3wek technicznych, aby zapewni\u0107 doskona\u0142y wynik. W przypadku nietypowych zastosowa\u0144 technik b\u0119dzie r\u00f3wnie\u017c dost\u0119pny do pomocy na miejscu. Narz\u0119dzie jest dost\u0119pne w trzech r\u00f3\u017cnych wersjach: Impregnowana, osadzana i polikrystaliczna, a wszystkie trzy mo\u017cna zam\u00f3wi\u0107 na mokro lub spr\u0119\u017cone powietrze. Na \u017c\u0105danie dost\u0119pne s\u0105 r\u00f3wnie\u017c te \u015brednice: 92 102 102 112,137,152,162,182,202,212,252,262,302 \u015aredni czas dostawy: 15 dni roboczych Tabela techniczna Impregnowane korony Suitable for drilling: Granite \u2013 Porphyries &#8211; Stone &#8211; Concrete Reinforced concrete \u2013 Highly reinforced concrete MODEL MATERIAL Mx1 For soft materials Mx3 For medium materials, i.e. reinforced concrete Mx4 For medium hard materials, i.e. highly reinforced concrete Mx5 For hard materials, i.e. granite Korona Suitable for [&hellip;]","og_url":"https:\/\/www.maxima-dia.com\/pl\/wiertla-diamentowe-koronowe-na-mokro\/wierceniemodulowe\/","og_site_name":"Maxima SpA","article_publisher":"https:\/\/www.facebook.com\/Maxima-spa-106098566139597","article_modified_time":"2019-07-11T14:20:21+00:00","og_image":[{"width":1200,"height":1200,"url":"https:\/\/www.maxima-dia.com\/wp-content\/uploads\/2017\/02\/carotaggio-continuo.jpg","type":"image\/jpeg"}],"twitter_card":"summary_large_image","twitter_site":"@Maximadia","twitter_misc":{"Szacowany czas czytania":"1 minuta"},"schema":{"@context":"https:\/\/schema.org","@graph":[{"@type":"WebPage","@id":"https:\/\/www.maxima-dia.com\/pl\/wiertla-diamentowe-koronowe-na-mokro\/wierceniemodulowe\/","url":"https:\/\/www.maxima-dia.com\/pl\/wiertla-diamentowe-koronowe-na-mokro\/wierceniemodulowe\/","name":"Wierceniemodu\u0142owe - Maxima SpA","isPartOf":{"@id":"https:\/\/www.maxima-dia.com\/pl\/#website"},"primaryImageOfPage":{"@id":"https:\/\/www.maxima-dia.com\/pl\/wiertla-diamentowe-koronowe-na-mokro\/wierceniemodulowe\/#primaryimage"},"image":{"@id":"https:\/\/www.maxima-dia.com\/pl\/wiertla-diamentowe-koronowe-na-mokro\/wierceniemodulowe\/#primaryimage"},"thumbnailUrl":"https:\/\/www.maxima-dia.com\/wp-content\/uploads\/2017\/02\/carotaggio-continuo.jpg","datePublished":"2019-07-11T14:16:56+00:00","dateModified":"2019-07-11T14:20:21+00:00","breadcrumb":{"@id":"https:\/\/www.maxima-dia.com\/pl\/wiertla-diamentowe-koronowe-na-mokro\/wierceniemodulowe\/#breadcrumb"},"inLanguage":"pl-PL","potentialAction":[{"@type":"ReadAction","target":["https:\/\/www.maxima-dia.com\/pl\/wiertla-diamentowe-koronowe-na-mokro\/wierceniemodulowe\/"]}]},{"@type":"ImageObject","inLanguage":"pl-PL","@id":"https:\/\/www.maxima-dia.com\/pl\/wiertla-diamentowe-koronowe-na-mokro\/wierceniemodulowe\/#primaryimage","url":"https:\/\/www.maxima-dia.com\/wp-content\/uploads\/2017\/02\/carotaggio-continuo.jpg","contentUrl":"https:\/\/www.maxima-dia.com\/wp-content\/uploads\/2017\/02\/carotaggio-continuo.jpg","width":1200,"height":1200},{"@type":"BreadcrumbList","@id":"https:\/\/www.maxima-dia.com\/pl\/wiertla-diamentowe-koronowe-na-mokro\/wierceniemodulowe\/#breadcrumb","itemListElement":[{"@type":"ListItem","position":1,"name":"Home","item":"https:\/\/www.maxima-dia.com\/pl\/"},{"@type":"ListItem","position":2,"name":"Wiert\u0142a Diamentowe Koronowe na mokro","item":"https:\/\/www.maxima-dia.com\/pl\/wiertla-diamentowe-koronowe-na-mokro\/"},{"@type":"ListItem","position":3,"name":"Wierceniemodu\u0142owe"}]},{"@type":"WebSite","@id":"https:\/\/www.maxima-dia.com\/pl\/#website","url":"https:\/\/www.maxima-dia.com\/pl\/","name":"Maxima SpA","description":"Only for the real professionals","potentialAction":[{"@type":"SearchAction","target":{"@type":"EntryPoint","urlTemplate":"https:\/\/www.maxima-dia.com\/pl\/?s={search_term_string}"},"query-input":{"@type":"PropertyValueSpecification","valueRequired":true,"valueName":"search_term_string"}}],"inLanguage":"pl-PL"}]}},"_links":{"self":[{"href":"https:\/\/www.maxima-dia.com\/pl\/wp-json\/wp\/v2\/pages\/20784"}],"collection":[{"href":"https:\/\/www.maxima-dia.com\/pl\/wp-json\/wp\/v2\/pages"}],"about":[{"href":"https:\/\/www.maxima-dia.com\/pl\/wp-json\/wp\/v2\/types\/page"}],"author":[{"embeddable":true,"href":"https:\/\/www.maxima-dia.com\/pl\/wp-json\/wp\/v2\/users\/29"}],"replies":[{"embeddable":true,"href":"https:\/\/www.maxima-dia.com\/pl\/wp-json\/wp\/v2\/comments?post=20784"}],"version-history":[{"count":0,"href":"https:\/\/www.maxima-dia.com\/pl\/wp-json\/wp\/v2\/pages\/20784\/revisions"}],"up":[{"embeddable":true,"href":"https:\/\/www.maxima-dia.com\/pl\/wp-json\/wp\/v2\/pages\/20755"}],"wp:featuredmedia":[{"embeddable":true,"href":"https:\/\/www.maxima-dia.com\/pl\/wp-json\/wp\/v2\/media\/20786"}],"wp:attachment":[{"href":"https:\/\/www.maxima-dia.com\/pl\/wp-json\/wp\/v2\/media?parent=20784"}],"curies":[{"name":"wp","href":"https:\/\/api.w.org\/{rel}","templated":true}]}}