{"id":20842,"date":"2019-07-12T08:19:41","date_gmt":"2019-07-12T06:19:41","guid":{"rendered":"https:\/\/www.maxima-dia.com\/?page_id=20842"},"modified":"2019-07-29T14:40:40","modified_gmt":"2019-07-29T12:40:40","slug":"caromax-800","status":"publish","type":"page","link":"https:\/\/www.maxima-dia.com\/pl\/wiertnice\/caromax-800\/","title":{"rendered":"Caromax 800"},"content":{"rendered":"<div class=\"wpb-content-wrapper\"><p>[vc_row][vc_column text_align=&#8221;center&#8221; width=&#8221;1\/4&#8243;][vc_column_text]<a href=\"\/wp-content\/uploads\/2017\/02\/caromax-800.jpg\"><img loading=\"lazy\" decoding=\"async\" class=\"alignnone size-thumbnail wp-image-13704\" src=\"\/wp-content\/uploads\/2017\/02\/caromax-800-150x150.jpg\" alt=\"CAROMAX 800\" width=\"150\" height=\"150\" srcset=\"https:\/\/www.maxima-dia.com\/wp-content\/uploads\/2017\/02\/caromax-800-150x150.jpg 150w, https:\/\/www.maxima-dia.com\/wp-content\/uploads\/2017\/02\/caromax-800-300x300.jpg 300w, https:\/\/www.maxima-dia.com\/wp-content\/uploads\/2017\/02\/caromax-800-768x768.jpg 768w, https:\/\/www.maxima-dia.com\/wp-content\/uploads\/2017\/02\/caromax-800-1024x1024.jpg 1024w, https:\/\/www.maxima-dia.com\/wp-content\/uploads\/2017\/02\/caromax-800-80x80.jpg 80w, https:\/\/www.maxima-dia.com\/wp-content\/uploads\/2017\/02\/caromax-800-500x500.jpg 500w, https:\/\/www.maxima-dia.com\/wp-content\/uploads\/2017\/02\/caromax-800-1000x1000.jpg 1000w, https:\/\/www.maxima-dia.com\/wp-content\/uploads\/2017\/02\/caromax-800.jpg 1200w\" sizes=\"(max-width: 150px) 100vw, 150px\" \/><\/a><\/p>\n<p><span style=\"font-family: arial,helvetica,sans-serif;\">Wyprodukowany w <img loading=\"lazy\" decoding=\"async\" src=\"\/wp-content\/uploads\/2013\/11\/eu.png\" alt=\"eu\" width=\"24\" height=\"16\"><br \/>\ncertyfikat CE<\/span>[\/vc_column_text][\/vc_column][vc_column width=&#8221;3\/4&#8243;][vc_column_text]Zadaniem tej nowoczesnej wiertnicy jest zaspokojenie codziennych potrzeb u\u017cytkownik\u00f3w narz\u0119dzi do obr\u00f3bki materia\u0142\u00f3w ceramicznych, kt\u00f3re s\u0105 coraz twardsze i bardziej kruche. Dzi\u0119ki wysokiej pr\u0119dko\u015bci obrotowej, ch\u0142odzeniu wod\u0105, elektronicznemu selektorowi pr\u0119dko\u015bci i linii wierte\u0142 koronowych <strong>LASER STONEWARE GOLD<\/strong> opracowanych ad hoc, maszyna ta gwarantuje wiercenie do 68 mm \u015brednicy bez p\u0119kni\u0119\u0107 w kamionce, granicie, marmurze i mozaice szklanej. Pakiet zawiera trzy wiert\u0142a koronowe (\u015brednice 6, 8 i 10 mm), 3 szybkie adaptery oraz zestaw do zbierania &nbsp;wody i centrowania.<\/p>\n<table class=\"tabellafotocarotaggio\">\n<tbody>\n<tr>\n<td>&nbsp;<\/td>\n<td style=\"text-align: center;\"><a href=\"\/wp-content\/uploads\/2017\/02\/caromax-800-gres.jpg\"><img loading=\"lazy\" decoding=\"async\" class=\"alignnone size-thumbnail wp-image-13698\" src=\"\/wp-content\/uploads\/2017\/02\/caromax-800-gres-150x150.jpg\" alt=\"\" width=\"150\" height=\"150\" srcset=\"https:\/\/www.maxima-dia.com\/wp-content\/uploads\/2017\/02\/caromax-800-gres-150x150.jpg 150w, https:\/\/www.maxima-dia.com\/wp-content\/uploads\/2017\/02\/caromax-800-gres-80x80.jpg 80w, https:\/\/www.maxima-dia.com\/wp-content\/uploads\/2017\/02\/caromax-800-gres-500x500.jpg 500w, https:\/\/www.maxima-dia.com\/wp-content\/uploads\/2017\/02\/caromax-800-gres-1000x1000.jpg 1000w\" sizes=\"(max-width: 150px) 100vw, 150px\" \/><\/a><\/td>\n<td style=\"text-align: center;\"><a href=\"\/wp-content\/uploads\/2017\/02\/caromax-800-granito.jpg\"><img loading=\"lazy\" decoding=\"async\" class=\"alignnone size-thumbnail wp-image-13697\" src=\"\/wp-content\/uploads\/2017\/02\/caromax-800-granito-150x150.jpg\" alt=\"\" width=\"150\" height=\"150\" srcset=\"https:\/\/www.maxima-dia.com\/wp-content\/uploads\/2017\/02\/caromax-800-granito-150x150.jpg 150w, https:\/\/www.maxima-dia.com\/wp-content\/uploads\/2017\/02\/caromax-800-granito-80x80.jpg 80w, https:\/\/www.maxima-dia.com\/wp-content\/uploads\/2017\/02\/caromax-800-granito-500x500.jpg 500w, https:\/\/www.maxima-dia.com\/wp-content\/uploads\/2017\/02\/caromax-800-granito-1000x1000.jpg 1000w\" sizes=\"(max-width: 150px) 100vw, 150px\" \/><\/a><\/td>\n<td style=\"text-align: center;\"><a href=\"\/wp-content\/uploads\/2017\/02\/caromax-800-glass.jpg\"><img loading=\"lazy\" decoding=\"async\" class=\"alignnone size-thumbnail wp-image-13696\" src=\"\/wp-content\/uploads\/2017\/02\/caromax-800-glass-150x150.jpg\" alt=\"\" width=\"150\" height=\"150\" srcset=\"https:\/\/www.maxima-dia.com\/wp-content\/uploads\/2017\/02\/caromax-800-glass-150x150.jpg 150w, https:\/\/www.maxima-dia.com\/wp-content\/uploads\/2017\/02\/caromax-800-glass-80x80.jpg 80w, https:\/\/www.maxima-dia.com\/wp-content\/uploads\/2017\/02\/caromax-800-glass-500x500.jpg 500w, https:\/\/www.maxima-dia.com\/wp-content\/uploads\/2017\/02\/caromax-800-glass-1000x1000.jpg 1000w\" sizes=\"(max-width: 150px) 100vw, 150px\" \/><\/a><\/td>\n<\/tr>\n<tr>\n<td>MATERIA\u0141<br \/>\nGRUBO\u015a\u0106<br \/>\nPR\u0118DKO\u015a\u0106<\/td>\n<td style=\"text-align: center;\">Gres<br \/>\n12 mm<br \/>\n7 sek<\/td>\n<td style=\"text-align: center;\">Granit<br \/>\n20 mm<br \/>\n9 sek<\/td>\n<td style=\"text-align: center;\">SZK\u0141O TERAKOTA<br \/>\n5 mm<br \/>\n5 sek<\/td>\n<\/tr>\n<\/tbody>\n<\/table>\n<p>&nbsp;<\/p>\n<table class=\"tabellafotocarotaggio\" style=\"width: 100%;\">\n<tbody>\n<tr>\n<td style=\"width: 33%; text-align: center;\"><a href=\"\/wp-content\/uploads\/2017\/02\/caromax-800-quick-release.jpg\"><img loading=\"lazy\" decoding=\"async\" class=\"alignnone size-thumbnail wp-image-13700\" src=\"\/wp-content\/uploads\/2017\/02\/caromax-800-quick-release-150x150.jpg\" alt=\"\" width=\"150\" height=\"150\" srcset=\"https:\/\/www.maxima-dia.com\/wp-content\/uploads\/2017\/02\/caromax-800-quick-release-150x150.jpg 150w, https:\/\/www.maxima-dia.com\/wp-content\/uploads\/2017\/02\/caromax-800-quick-release-80x80.jpg 80w, https:\/\/www.maxima-dia.com\/wp-content\/uploads\/2017\/02\/caromax-800-quick-release-500x500.jpg 500w, https:\/\/www.maxima-dia.com\/wp-content\/uploads\/2017\/02\/caromax-800-quick-release-1000x1000.jpg 1000w\" sizes=\"(max-width: 150px) 100vw, 150px\" \/><\/a><\/td>\n<td style=\"width: 33%; text-align: center;\"><a href=\"\/wp-content\/uploads\/2017\/02\/caromax-800-water-regulator.jpg\"><img loading=\"lazy\" decoding=\"async\" class=\"alignnone size-thumbnail wp-image-13703\" src=\"\/wp-content\/uploads\/2017\/02\/caromax-800-water-regulator-150x150.jpg\" alt=\"\" width=\"150\" height=\"150\" srcset=\"https:\/\/www.maxima-dia.com\/wp-content\/uploads\/2017\/02\/caromax-800-water-regulator-150x150.jpg 150w, https:\/\/www.maxima-dia.com\/wp-content\/uploads\/2017\/02\/caromax-800-water-regulator-80x80.jpg 80w, https:\/\/www.maxima-dia.com\/wp-content\/uploads\/2017\/02\/caromax-800-water-regulator-500x500.jpg 500w, https:\/\/www.maxima-dia.com\/wp-content\/uploads\/2017\/02\/caromax-800-water-regulator-1000x1000.jpg 1000w\" sizes=\"(max-width: 150px) 100vw, 150px\" \/><\/a><\/td>\n<td style=\"width: 33%; text-align: center;\"><a href=\"\/wp-content\/uploads\/2017\/02\/caromax-800-speed-selector.jpg\"><img loading=\"lazy\" decoding=\"async\" class=\"alignnone size-thumbnail wp-image-13701\" src=\"\/wp-content\/uploads\/2017\/02\/caromax-800-speed-selector-150x150.jpg\" alt=\"\" width=\"150\" height=\"150\" srcset=\"https:\/\/www.maxima-dia.com\/wp-content\/uploads\/2017\/02\/caromax-800-speed-selector-150x150.jpg 150w, https:\/\/www.maxima-dia.com\/wp-content\/uploads\/2017\/02\/caromax-800-speed-selector-80x80.jpg 80w, https:\/\/www.maxima-dia.com\/wp-content\/uploads\/2017\/02\/caromax-800-speed-selector-500x500.jpg 500w, https:\/\/www.maxima-dia.com\/wp-content\/uploads\/2017\/02\/caromax-800-speed-selector-1000x1000.jpg 1000w\" sizes=\"(max-width: 150px) 100vw, 150px\" \/><\/a><\/td>\n<\/tr>\n<tr>\n<td style=\"width: 33%; text-align: center;\">Szybkie wiercenie<\/td>\n<td style=\"width: 33%; text-align: center;\">Regulator wody<\/td>\n<td style=\"width: 33%; text-align: center;\">Prze\u0142\u0105cznik pr\u0119dko\u015bci<\/td>\n<\/tr>\n<tr>\n<td style=\"width: 33%; text-align: center;\">&nbsp;<\/td>\n<td style=\"width: 33%; text-align: center;\">&nbsp;<\/td>\n<td style=\"width: 33%; text-align: center;\">&nbsp;<\/td>\n<\/tr>\n<tr>\n<td style=\"width: 33%; text-align: center;\"><a href=\"\/wp-content\/uploads\/2017\/02\/caromax-800-prcd.jpg\"><img loading=\"lazy\" decoding=\"async\" class=\"alignnone size-thumbnail wp-image-13699\" src=\"\/wp-content\/uploads\/2017\/02\/caromax-800-prcd-150x150.jpg\" alt=\"\" width=\"150\" height=\"150\" srcset=\"https:\/\/www.maxima-dia.com\/wp-content\/uploads\/2017\/02\/caromax-800-prcd-150x150.jpg 150w, https:\/\/www.maxima-dia.com\/wp-content\/uploads\/2017\/02\/caromax-800-prcd-80x80.jpg 80w, https:\/\/www.maxima-dia.com\/wp-content\/uploads\/2017\/02\/caromax-800-prcd-500x500.jpg 500w\" sizes=\"(max-width: 150px) 100vw, 150px\" \/><\/a><\/td>\n<td style=\"width: 33%; text-align: center;\"><a href=\"\/wp-content\/uploads\/2017\/02\/caromax-800-centering-kit.jpg\"><img loading=\"lazy\" decoding=\"async\" class=\"alignnone size-thumbnail wp-image-13695\" src=\"\/wp-content\/uploads\/2017\/02\/caromax-800-centering-kit-150x150.jpg\" alt=\"\" width=\"150\" height=\"150\" srcset=\"https:\/\/www.maxima-dia.com\/wp-content\/uploads\/2017\/02\/caromax-800-centering-kit-150x150.jpg 150w, https:\/\/www.maxima-dia.com\/wp-content\/uploads\/2017\/02\/caromax-800-centering-kit-80x80.jpg 80w, https:\/\/www.maxima-dia.com\/wp-content\/uploads\/2017\/02\/caromax-800-centering-kit-500x500.jpg 500w, https:\/\/www.maxima-dia.com\/wp-content\/uploads\/2017\/02\/caromax-800-centering-kit-1000x1000.jpg 1000w\" sizes=\"(max-width: 150px) 100vw, 150px\" \/><\/a>&nbsp;<\/td>\n<td style=\"width: 33%; text-align: center;\"><a href=\"\/wp-content\/uploads\/2017\/02\/caromax-800-water-connection.jpg\"><img loading=\"lazy\" decoding=\"async\" class=\"alignnone size-thumbnail wp-image-13702\" src=\"\/wp-content\/uploads\/2017\/02\/caromax-800-water-connection-150x150.jpg\" alt=\"\" width=\"150\" height=\"150\" srcset=\"https:\/\/www.maxima-dia.com\/wp-content\/uploads\/2017\/02\/caromax-800-water-connection-150x150.jpg 150w, https:\/\/www.maxima-dia.com\/wp-content\/uploads\/2017\/02\/caromax-800-water-connection-80x80.jpg 80w, https:\/\/www.maxima-dia.com\/wp-content\/uploads\/2017\/02\/caromax-800-water-connection-500x500.jpg 500w, https:\/\/www.maxima-dia.com\/wp-content\/uploads\/2017\/02\/caromax-800-water-connection-1000x1000.jpg 1000w\" sizes=\"(max-width: 150px) 100vw, 150px\" \/><\/a>&nbsp;<\/td>\n<\/tr>\n<tr>\n<td style=\"width: 33%; text-align: center;\">PRCD<\/td>\n<td style=\"width: 33%; text-align: center;\">Zestaw do centrowania i zbierania wody<\/td>\n<td style=\"width: 33%; text-align: center;\">Pod\u0142\u0105czenie wody<\/td>\n<\/tr>\n<\/tbody>\n<\/table>\n<p>&nbsp;<\/p>\n<table class=\"tabellatecnica\" style=\"width: 100%; height: 190px;\" border=\"0\" cellspacing=\"0\" cellpadding=\"0\">\n<thead>\n<tr style=\"height: 24px;\">\n<td class=\"testata\" style=\"height: 24px;\" colspan=\"2\">W\u0142a\u015bciwo\u015bci techniczne<\/td>\n<\/tr>\n<\/thead>\n<tbody>\n<tr style=\"height: 24px;\">\n<td class=\"coltesto1\" style=\"width: 50%; height: 24px;\">Moc : 800 W &#8211; 230 V<\/td>\n<td class=\"coltesto2\" style=\"width: 50%; height: 24px;\">Pojemno\u015b\u0107 zbiornika na wod\u0119: 1L<\/td>\n<\/tr>\n<tr style=\"height: 24px;\">\n<td class=\"coltesto1\" style=\"width: 50%; height: 24px;\">Maksymalna \u015brednica wiercenia: 68 mm<\/td>\n<td class=\"coltesto2\" style=\"width: 50%; height: 24px;\">Przycisk do sterowania przep\u0142ywem wody<\/td>\n<\/tr>\n<tr style=\"height: 35px;\">\n<td class=\"coltesto1\" style=\"width: 50%; height: 70px;\" rowspan=\"2\">2 Pr\u0119dko\u015b\u0107 bez obci\u0105\u017cenia:<br \/>\n1-3600 obr.\/min G\u0142\u0119boko\u015b\u0107 wiercenia: 20 &#8211; 68 mm<br \/>\n2-6400 obr.\/min G\u0142\u0119boko\u015b\u0107 wiercenia: 6-20 mm<\/td>\n<td class=\"coltesto2\" style=\"width: 50%; height: 35px;\">Max depth 60 mm<\/td>\n<\/tr>\n<tr style=\"height: 35px;\">\n<td class=\"coltesto2\" style=\"width: 50%; height: 35px;\">Do\u0142\u0105czona walizka, system centruj\u0105cy, adaptery i wiert\u0142a koronowe 6\/8\/10<\/td>\n<\/tr>\n<tr style=\"height: 24px;\">\n<td class=\"coltesto2\" style=\"width: 50%; height: 24px;\">szybkoz\u0142\u0105cze bit\u00f3w rdzeniowych 1\/2<\/td>\n<td class=\"coltesto2\" style=\"width: 50%; height: 24px;\">Waga 3,4 Kg<\/td>\n<\/tr>\n<tr style=\"height: 24px;\">\n<td class=\"coltesto2\" style=\"width: 50%; height: 24px;\">Zintegrowany prze\u0142\u0105cznik PRCD<\/td>\n<td class=\"coltesto2\" style=\"width: 50%; height: 24px;\">Opcjonalnie: boczny uchwyt z przyciskiem wody<\/td>\n<\/tr>\n<\/tbody>\n<\/table>\n<p>[\/vc_column_text][\/vc_column][\/vc_row]<\/p>\n<\/div>","protected":false},"excerpt":{"rendered":"<p>[vc_row][vc_column text_align=&#8221;center&#8221; width=&#8221;1\/4&#8243;][vc_column_text] Wyprodukowany w certyfikat CE[\/vc_column_text][\/vc_column][vc_column width=&#8221;3\/4&#8243;][vc_column_text]Zadaniem tej nowoczesnej wiertnicy jest zaspokojenie codziennych potrzeb u\u017cytkownik\u00f3w narz\u0119dzi do obr\u00f3bki materia\u0142\u00f3w ceramicznych, kt\u00f3re s\u0105 coraz twardsze i bardziej kruche. Dzi\u0119ki wysokiej pr\u0119dko\u015bci obrotowej, ch\u0142odzeniu wod\u0105, elektronicznemu selektorowi pr\u0119dko\u015bci i linii wierte\u0142 koronowych LASER STONEWARE GOLD opracowanych ad hoc, maszyna ta gwarantuje wiercenie do 68 mm \u015brednicy bez p\u0119kni\u0119\u0107 w kamionce, granicie, marmurze i mozaice szklanej. Pakiet zawiera trzy wiert\u0142a koronowe (\u015brednice 6, 8 i 10 mm), 3 szybkie adaptery oraz zestaw do zbierania &nbsp;wody i centrowania. &nbsp; MATERIA\u0141 GRUBO\u015a\u0106 PR\u0118DKO\u015a\u0106 Gres 12 mm 7 sek Granit 20 mm 9 sek SZK\u0141O TERAKOTA 5 mm 5 sek &nbsp; Szybkie wiercenie Regulator wody Prze\u0142\u0105cznik pr\u0119dko\u015bci &nbsp; &nbsp; &nbsp; &nbsp; &nbsp; PRCD Zestaw do centrowania i zbierania wody Pod\u0142\u0105czenie wody &nbsp; W\u0142a\u015bciwo\u015bci techniczne Moc : 800 W &#8211; 230 V Pojemno\u015b\u0107 zbiornika na wod\u0119: 1L Maksymalna \u015brednica wiercenia: 68 mm Przycisk do sterowania przep\u0142ywem wody 2 Pr\u0119dko\u015b\u0107 bez obci\u0105\u017cenia: 1-3600 obr.\/min G\u0142\u0119boko\u015b\u0107 wiercenia: 20 &#8211; 68 mm 2-6400 obr.\/min G\u0142\u0119boko\u015b\u0107 wiercenia: 6-20 mm Max depth 60 mm Do\u0142\u0105czona walizka, system centruj\u0105cy, adaptery i wiert\u0142a koronowe 6\/8\/10 szybkoz\u0142\u0105cze bit\u00f3w rdzeniowych 1\/2 Waga 3,4 Kg Zintegrowany prze\u0142\u0105cznik PRCD Opcjonalnie: boczny uchwyt z przyciskiem wody [\/vc_column_text][\/vc_column][\/vc_row]<\/p>\n","protected":false},"author":29,"featured_media":20853,"parent":20855,"menu_order":1,"comment_status":"closed","ping_status":"closed","template":"","meta":{"ngg_post_thumbnail":0,"_joinchat":[],"footnotes":""},"class_list":["post-20842","page","type-page","status-publish","has-post-thumbnail","hentry"],"yoast_head":"<!-- This site is optimized with the Yoast SEO plugin v25.5 - https:\/\/yoast.com\/wordpress\/plugins\/seo\/ -->\n<title>Caromax 800 - Maxima SpA<\/title>\n<meta name=\"robots\" content=\"index, follow, max-snippet:-1, max-image-preview:large, max-video-preview:-1\" \/>\n<link rel=\"canonical\" href=\"https:\/\/www.maxima-dia.com\/pl\/wiertnice\/caromax-800\/\" \/>\n<meta property=\"og:locale\" content=\"pl_PL\" \/>\n<meta property=\"og:type\" content=\"article\" \/>\n<meta property=\"og:title\" content=\"Caromax 800 - Maxima SpA\" \/>\n<meta property=\"og:description\" content=\"[vc_row][vc_column text_align=&#8221;center&#8221; width=&#8221;1\/4&#8243;][vc_column_text] Wyprodukowany w certyfikat CE[\/vc_column_text][\/vc_column][vc_column width=&#8221;3\/4&#8243;][vc_column_text]Zadaniem tej nowoczesnej wiertnicy jest zaspokojenie codziennych potrzeb u\u017cytkownik\u00f3w narz\u0119dzi do obr\u00f3bki materia\u0142\u00f3w ceramicznych, kt\u00f3re s\u0105 coraz twardsze i bardziej kruche. Dzi\u0119ki wysokiej pr\u0119dko\u015bci obrotowej, ch\u0142odzeniu wod\u0105, elektronicznemu selektorowi pr\u0119dko\u015bci i linii wierte\u0142 koronowych LASER STONEWARE GOLD opracowanych ad hoc, maszyna ta gwarantuje wiercenie do 68 mm \u015brednicy bez p\u0119kni\u0119\u0107 w kamionce, granicie, marmurze i mozaice szklanej. Pakiet zawiera trzy wiert\u0142a koronowe (\u015brednice 6, 8 i 10 mm), 3 szybkie adaptery oraz zestaw do zbierania &nbsp;wody i centrowania. &nbsp; MATERIA\u0141 GRUBO\u015a\u0106 PR\u0118DKO\u015a\u0106 Gres 12 mm 7 sek Granit 20 mm 9 sek SZK\u0141O TERAKOTA 5 mm 5 sek &nbsp; Szybkie wiercenie Regulator wody Prze\u0142\u0105cznik pr\u0119dko\u015bci &nbsp; &nbsp; &nbsp; &nbsp; &nbsp; PRCD Zestaw do centrowania i zbierania wody Pod\u0142\u0105czenie wody &nbsp; W\u0142a\u015bciwo\u015bci techniczne Moc : 800 W &#8211; 230 V Pojemno\u015b\u0107 zbiornika na wod\u0119: 1L Maksymalna \u015brednica wiercenia: 68 mm Przycisk do sterowania przep\u0142ywem wody 2 Pr\u0119dko\u015b\u0107 bez obci\u0105\u017cenia: 1-3600 obr.\/min G\u0142\u0119boko\u015b\u0107 wiercenia: 20 &#8211; 68 mm 2-6400 obr.\/min G\u0142\u0119boko\u015b\u0107 wiercenia: 6-20 mm Max depth 60 mm Do\u0142\u0105czona walizka, system centruj\u0105cy, adaptery i wiert\u0142a koronowe 6\/8\/10 szybkoz\u0142\u0105cze bit\u00f3w rdzeniowych 1\/2 Waga 3,4 Kg Zintegrowany prze\u0142\u0105cznik PRCD Opcjonalnie: boczny uchwyt z przyciskiem wody [\/vc_column_text][\/vc_column][\/vc_row]\" \/>\n<meta property=\"og:url\" content=\"https:\/\/www.maxima-dia.com\/pl\/wiertnice\/caromax-800\/\" \/>\n<meta property=\"og:site_name\" content=\"Maxima SpA\" \/>\n<meta property=\"article:publisher\" content=\"https:\/\/www.facebook.com\/Maxima-spa-106098566139597\" \/>\n<meta property=\"article:modified_time\" content=\"2019-07-29T12:40:40+00:00\" \/>\n<meta property=\"og:image\" content=\"https:\/\/www.maxima-dia.com\/wp-content\/uploads\/2017\/02\/caromax-800.jpg\" \/>\n\t<meta property=\"og:image:width\" content=\"1200\" \/>\n\t<meta property=\"og:image:height\" content=\"1200\" \/>\n\t<meta property=\"og:image:type\" content=\"image\/jpeg\" \/>\n<meta name=\"twitter:card\" content=\"summary_large_image\" \/>\n<meta name=\"twitter:site\" content=\"@Maximadia\" \/>\n<meta name=\"twitter:label1\" content=\"Szacowany czas czytania\" \/>\n\t<meta name=\"twitter:data1\" content=\"1 minuta\" \/>\n<script type=\"application\/ld+json\" class=\"yoast-schema-graph\">{\"@context\":\"https:\/\/schema.org\",\"@graph\":[{\"@type\":\"WebPage\",\"@id\":\"https:\/\/www.maxima-dia.com\/pl\/wiertnice\/caromax-800\/\",\"url\":\"https:\/\/www.maxima-dia.com\/pl\/wiertnice\/caromax-800\/\",\"name\":\"Caromax 800 - Maxima SpA\",\"isPartOf\":{\"@id\":\"https:\/\/www.maxima-dia.com\/pl\/#website\"},\"primaryImageOfPage\":{\"@id\":\"https:\/\/www.maxima-dia.com\/pl\/wiertnice\/caromax-800\/#primaryimage\"},\"image\":{\"@id\":\"https:\/\/www.maxima-dia.com\/pl\/wiertnice\/caromax-800\/#primaryimage\"},\"thumbnailUrl\":\"https:\/\/www.maxima-dia.com\/wp-content\/uploads\/2017\/02\/caromax-800.jpg\",\"datePublished\":\"2019-07-12T06:19:41+00:00\",\"dateModified\":\"2019-07-29T12:40:40+00:00\",\"breadcrumb\":{\"@id\":\"https:\/\/www.maxima-dia.com\/pl\/wiertnice\/caromax-800\/#breadcrumb\"},\"inLanguage\":\"pl-PL\",\"potentialAction\":[{\"@type\":\"ReadAction\",\"target\":[\"https:\/\/www.maxima-dia.com\/pl\/wiertnice\/caromax-800\/\"]}]},{\"@type\":\"ImageObject\",\"inLanguage\":\"pl-PL\",\"@id\":\"https:\/\/www.maxima-dia.com\/pl\/wiertnice\/caromax-800\/#primaryimage\",\"url\":\"https:\/\/www.maxima-dia.com\/wp-content\/uploads\/2017\/02\/caromax-800.jpg\",\"contentUrl\":\"https:\/\/www.maxima-dia.com\/wp-content\/uploads\/2017\/02\/caromax-800.jpg\",\"width\":1200,\"height\":1200},{\"@type\":\"BreadcrumbList\",\"@id\":\"https:\/\/www.maxima-dia.com\/pl\/wiertnice\/caromax-800\/#breadcrumb\",\"itemListElement\":[{\"@type\":\"ListItem\",\"position\":1,\"name\":\"Home\",\"item\":\"https:\/\/www.maxima-dia.com\/pl\/\"},{\"@type\":\"ListItem\",\"position\":2,\"name\":\"Wiertnice\",\"item\":\"https:\/\/www.maxima-dia.com\/pl\/wiertnice\/\"},{\"@type\":\"ListItem\",\"position\":3,\"name\":\"Caromax 800\"}]},{\"@type\":\"WebSite\",\"@id\":\"https:\/\/www.maxima-dia.com\/pl\/#website\",\"url\":\"https:\/\/www.maxima-dia.com\/pl\/\",\"name\":\"Maxima SpA\",\"description\":\"Only for the real professionals\",\"potentialAction\":[{\"@type\":\"SearchAction\",\"target\":{\"@type\":\"EntryPoint\",\"urlTemplate\":\"https:\/\/www.maxima-dia.com\/pl\/?s={search_term_string}\"},\"query-input\":{\"@type\":\"PropertyValueSpecification\",\"valueRequired\":true,\"valueName\":\"search_term_string\"}}],\"inLanguage\":\"pl-PL\"}]}<\/script>\n<!-- \/ Yoast SEO plugin. -->","yoast_head_json":{"title":"Caromax 800 - Maxima SpA","robots":{"index":"index","follow":"follow","max-snippet":"max-snippet:-1","max-image-preview":"max-image-preview:large","max-video-preview":"max-video-preview:-1"},"canonical":"https:\/\/www.maxima-dia.com\/pl\/wiertnice\/caromax-800\/","og_locale":"pl_PL","og_type":"article","og_title":"Caromax 800 - Maxima SpA","og_description":"[vc_row][vc_column text_align=&#8221;center&#8221; width=&#8221;1\/4&#8243;][vc_column_text] Wyprodukowany w certyfikat CE[\/vc_column_text][\/vc_column][vc_column width=&#8221;3\/4&#8243;][vc_column_text]Zadaniem tej nowoczesnej wiertnicy jest zaspokojenie codziennych potrzeb u\u017cytkownik\u00f3w narz\u0119dzi do obr\u00f3bki materia\u0142\u00f3w ceramicznych, kt\u00f3re s\u0105 coraz twardsze i bardziej kruche. Dzi\u0119ki wysokiej pr\u0119dko\u015bci obrotowej, ch\u0142odzeniu wod\u0105, elektronicznemu selektorowi pr\u0119dko\u015bci i linii wierte\u0142 koronowych LASER STONEWARE GOLD opracowanych ad hoc, maszyna ta gwarantuje wiercenie do 68 mm \u015brednicy bez p\u0119kni\u0119\u0107 w kamionce, granicie, marmurze i mozaice szklanej. Pakiet zawiera trzy wiert\u0142a koronowe (\u015brednice 6, 8 i 10 mm), 3 szybkie adaptery oraz zestaw do zbierania &nbsp;wody i centrowania. &nbsp; MATERIA\u0141 GRUBO\u015a\u0106 PR\u0118DKO\u015a\u0106 Gres 12 mm 7 sek Granit 20 mm 9 sek SZK\u0141O TERAKOTA 5 mm 5 sek &nbsp; Szybkie wiercenie Regulator wody Prze\u0142\u0105cznik pr\u0119dko\u015bci &nbsp; &nbsp; &nbsp; &nbsp; &nbsp; PRCD Zestaw do centrowania i zbierania wody Pod\u0142\u0105czenie wody &nbsp; W\u0142a\u015bciwo\u015bci techniczne Moc : 800 W &#8211; 230 V Pojemno\u015b\u0107 zbiornika na wod\u0119: 1L Maksymalna \u015brednica wiercenia: 68 mm Przycisk do sterowania przep\u0142ywem wody 2 Pr\u0119dko\u015b\u0107 bez obci\u0105\u017cenia: 1-3600 obr.\/min G\u0142\u0119boko\u015b\u0107 wiercenia: 20 &#8211; 68 mm 2-6400 obr.\/min G\u0142\u0119boko\u015b\u0107 wiercenia: 6-20 mm Max depth 60 mm Do\u0142\u0105czona walizka, system centruj\u0105cy, adaptery i wiert\u0142a koronowe 6\/8\/10 szybkoz\u0142\u0105cze bit\u00f3w rdzeniowych 1\/2 Waga 3,4 Kg Zintegrowany prze\u0142\u0105cznik PRCD Opcjonalnie: boczny uchwyt z przyciskiem wody [\/vc_column_text][\/vc_column][\/vc_row]","og_url":"https:\/\/www.maxima-dia.com\/pl\/wiertnice\/caromax-800\/","og_site_name":"Maxima SpA","article_publisher":"https:\/\/www.facebook.com\/Maxima-spa-106098566139597","article_modified_time":"2019-07-29T12:40:40+00:00","og_image":[{"width":1200,"height":1200,"url":"https:\/\/www.maxima-dia.com\/wp-content\/uploads\/2017\/02\/caromax-800.jpg","type":"image\/jpeg"}],"twitter_card":"summary_large_image","twitter_site":"@Maximadia","twitter_misc":{"Szacowany czas czytania":"1 minuta"},"schema":{"@context":"https:\/\/schema.org","@graph":[{"@type":"WebPage","@id":"https:\/\/www.maxima-dia.com\/pl\/wiertnice\/caromax-800\/","url":"https:\/\/www.maxima-dia.com\/pl\/wiertnice\/caromax-800\/","name":"Caromax 800 - Maxima SpA","isPartOf":{"@id":"https:\/\/www.maxima-dia.com\/pl\/#website"},"primaryImageOfPage":{"@id":"https:\/\/www.maxima-dia.com\/pl\/wiertnice\/caromax-800\/#primaryimage"},"image":{"@id":"https:\/\/www.maxima-dia.com\/pl\/wiertnice\/caromax-800\/#primaryimage"},"thumbnailUrl":"https:\/\/www.maxima-dia.com\/wp-content\/uploads\/2017\/02\/caromax-800.jpg","datePublished":"2019-07-12T06:19:41+00:00","dateModified":"2019-07-29T12:40:40+00:00","breadcrumb":{"@id":"https:\/\/www.maxima-dia.com\/pl\/wiertnice\/caromax-800\/#breadcrumb"},"inLanguage":"pl-PL","potentialAction":[{"@type":"ReadAction","target":["https:\/\/www.maxima-dia.com\/pl\/wiertnice\/caromax-800\/"]}]},{"@type":"ImageObject","inLanguage":"pl-PL","@id":"https:\/\/www.maxima-dia.com\/pl\/wiertnice\/caromax-800\/#primaryimage","url":"https:\/\/www.maxima-dia.com\/wp-content\/uploads\/2017\/02\/caromax-800.jpg","contentUrl":"https:\/\/www.maxima-dia.com\/wp-content\/uploads\/2017\/02\/caromax-800.jpg","width":1200,"height":1200},{"@type":"BreadcrumbList","@id":"https:\/\/www.maxima-dia.com\/pl\/wiertnice\/caromax-800\/#breadcrumb","itemListElement":[{"@type":"ListItem","position":1,"name":"Home","item":"https:\/\/www.maxima-dia.com\/pl\/"},{"@type":"ListItem","position":2,"name":"Wiertnice","item":"https:\/\/www.maxima-dia.com\/pl\/wiertnice\/"},{"@type":"ListItem","position":3,"name":"Caromax 800"}]},{"@type":"WebSite","@id":"https:\/\/www.maxima-dia.com\/pl\/#website","url":"https:\/\/www.maxima-dia.com\/pl\/","name":"Maxima SpA","description":"Only for the real professionals","potentialAction":[{"@type":"SearchAction","target":{"@type":"EntryPoint","urlTemplate":"https:\/\/www.maxima-dia.com\/pl\/?s={search_term_string}"},"query-input":{"@type":"PropertyValueSpecification","valueRequired":true,"valueName":"search_term_string"}}],"inLanguage":"pl-PL"}]}},"_links":{"self":[{"href":"https:\/\/www.maxima-dia.com\/pl\/wp-json\/wp\/v2\/pages\/20842"}],"collection":[{"href":"https:\/\/www.maxima-dia.com\/pl\/wp-json\/wp\/v2\/pages"}],"about":[{"href":"https:\/\/www.maxima-dia.com\/pl\/wp-json\/wp\/v2\/types\/page"}],"author":[{"embeddable":true,"href":"https:\/\/www.maxima-dia.com\/pl\/wp-json\/wp\/v2\/users\/29"}],"replies":[{"embeddable":true,"href":"https:\/\/www.maxima-dia.com\/pl\/wp-json\/wp\/v2\/comments?post=20842"}],"version-history":[{"count":0,"href":"https:\/\/www.maxima-dia.com\/pl\/wp-json\/wp\/v2\/pages\/20842\/revisions"}],"up":[{"embeddable":true,"href":"https:\/\/www.maxima-dia.com\/pl\/wp-json\/wp\/v2\/pages\/20855"}],"wp:featuredmedia":[{"embeddable":true,"href":"https:\/\/www.maxima-dia.com\/pl\/wp-json\/wp\/v2\/media\/20853"}],"wp:attachment":[{"href":"https:\/\/www.maxima-dia.com\/pl\/wp-json\/wp\/v2\/media?parent=20842"}],"curies":[{"name":"wp","href":"https:\/\/api.w.org\/{rel}","templated":true}]}}