{"id":21027,"date":"2019-07-25T14:48:19","date_gmt":"2019-07-25T12:48:19","guid":{"rendered":"https:\/\/www.maxima-dia.com\/?page_id=21027"},"modified":"2024-07-19T08:37:34","modified_gmt":"2024-07-19T06:37:34","slug":"caromax-1800-asp","status":"publish","type":"page","link":"https:\/\/www.maxima-dia.com\/pl\/wiertnice\/caromax-1800-asp\/","title":{"rendered":"Caromax 1800 ASP"},"content":{"rendered":"<div class=\"wpb-content-wrapper\"><p>[vc_row][vc_column text_align=&#8221;center&#8221; width=&#8221;1\/4&#8243;][vc_column_text]<a href=\"\/wp-content\/uploads\/2017\/02\/caromax-1800-asp.jpg\"><img loading=\"lazy\" decoding=\"async\" class=\"alignnone wp-image-13718 size-thumbnail\" src=\"\/wp-content\/uploads\/2017\/02\/caromax-1800-asp-150x150.jpg\" alt=\"CAROMAX 1800 ASP\" width=\"150\" height=\"150\" srcset=\"https:\/\/www.maxima-dia.com\/wp-content\/uploads\/2017\/02\/caromax-1800-asp-150x150.jpg 150w, https:\/\/www.maxima-dia.com\/wp-content\/uploads\/2017\/02\/caromax-1800-asp-300x300.jpg 300w, https:\/\/www.maxima-dia.com\/wp-content\/uploads\/2017\/02\/caromax-1800-asp-768x768.jpg 768w, https:\/\/www.maxima-dia.com\/wp-content\/uploads\/2017\/02\/caromax-1800-asp-1024x1024.jpg 1024w, https:\/\/www.maxima-dia.com\/wp-content\/uploads\/2017\/02\/caromax-1800-asp-80x80.jpg 80w, https:\/\/www.maxima-dia.com\/wp-content\/uploads\/2017\/02\/caromax-1800-asp-500x500.jpg 500w, https:\/\/www.maxima-dia.com\/wp-content\/uploads\/2017\/02\/caromax-1800-asp-1000x1000.jpg 1000w, https:\/\/www.maxima-dia.com\/wp-content\/uploads\/2017\/02\/caromax-1800-asp.jpg 1200w\" sizes=\"(max-width: 150px) 100vw, 150px\" \/><\/a><\/p>\n<p><span style=\"font-family: arial,helvetica,sans-serif;\">Wyprodukowany w <img loading=\"lazy\" decoding=\"async\" src=\"\/wp-content\/uploads\/2013\/11\/eu.png\" alt=\"eu\" width=\"24\" height=\"16\"><br \/>\ncertyfikat CE<\/span>[\/vc_column_text][\/vc_column][vc_column width=&#8221;3\/4&#8243;][vc_column_text]CAROMAX 1800 ASP, \u0142\u0105czy 1800 W z mikrowibracjami, dzieki czemu, \u017ce \u200b\u200bta wiertnica ma najlepsz\u0105 wydajno\u015b\u0107 na rynku. Maksymalne \u015brednice wiercenia to wiert\u0142o o \u015brednicy 162\/202 mm. Nadaje si\u0119 do ka\u017cdego zastosowania, na budowie lub w sektorze hydraulicznym, daj\u0105c u\u017cytkownikowi mo\u017cliwo\u015b\u0107 zamontowania zestawu do odsysania py\u0142u. Posiada podw\u00f3jne mechaniczne i elektroniczne sprz\u0119g\u0142o, kt\u00f3re gwarantuje bezpiecze\u0144stwo i d\u0142ug\u0105 \u017cywotno\u015b\u0107. Wiertnica przystosowana do wsp\u00f3\u0142pracy z wiert\u0142ami koronowymi Maxima kt\u00f3re s\u0105 przeznaczone do wiercenia na sucho w betonie zbrojonym.<\/p>\n<p><strong>Funkcje:<\/strong><\/p>\n<ul>\n<li>Elektroniczne sprz\u0119g\u0142o<\/li>\n<li>Sprz\u0119g\u0142o mechaniczne<\/li>\n<li>Mikrowibracje<\/li>\n<li>Przeznaczona si\u0119 do wiercenia zbrojonego betonu na sucho<\/li>\n<\/ul>\n<table class=\"tabellafotocarotaggio\" style=\"width: 100%;\">\n<tbody>\n<tr>\n<td style=\"width: 25%; text-align: center;\"><a href=\"\/wp-content\/uploads\/2017\/02\/caromax-1800-asp-livella.jpg\"><img loading=\"lazy\" decoding=\"async\" class=\"alignnone wp-image-13715 size-thumbnail\" src=\"\/wp-content\/uploads\/2017\/02\/caromax-1800-asp-livella-150x150.jpg\" alt=\"\" width=\"150\" height=\"150\" srcset=\"https:\/\/www.maxima-dia.com\/wp-content\/uploads\/2017\/02\/caromax-1800-asp-livella-150x150.jpg 150w, https:\/\/www.maxima-dia.com\/wp-content\/uploads\/2017\/02\/caromax-1800-asp-livella-80x80.jpg 80w, https:\/\/www.maxima-dia.com\/wp-content\/uploads\/2017\/02\/caromax-1800-asp-livella-500x500.jpg 500w\" sizes=\"(max-width: 150px) 100vw, 150px\" \/><\/a><\/td>\n<td style=\"width: 25%; text-align: center;\"><a href=\"\/wp-content\/uploads\/2017\/02\/caromax-1800-asp-pulsante.jpg\"><img loading=\"lazy\" decoding=\"async\" class=\"alignnone wp-image-13716 size-thumbnail\" src=\"\/wp-content\/uploads\/2017\/02\/caromax-1800-asp-pulsante-150x150.jpg\" alt=\"\" width=\"150\" height=\"150\" srcset=\"https:\/\/www.maxima-dia.com\/wp-content\/uploads\/2017\/02\/caromax-1800-asp-pulsante-150x150.jpg 150w, https:\/\/www.maxima-dia.com\/wp-content\/uploads\/2017\/02\/caromax-1800-asp-pulsante-80x80.jpg 80w, https:\/\/www.maxima-dia.com\/wp-content\/uploads\/2017\/02\/caromax-1800-asp-pulsante-500x500.jpg 500w\" sizes=\"(max-width: 150px) 100vw, 150px\" \/><\/a>&nbsp;<\/td>\n<td style=\"width: 25%; text-align: center;\"><a href=\"\/wp-content\/uploads\/2017\/02\/caromax-1800-asp-led.jpg\"><img loading=\"lazy\" decoding=\"async\" class=\"alignnone wp-image-13714 size-thumbnail\" src=\"\/wp-content\/uploads\/2017\/02\/caromax-1800-asp-led-150x150.jpg\" alt=\"\" width=\"150\" height=\"150\" srcset=\"https:\/\/www.maxima-dia.com\/wp-content\/uploads\/2017\/02\/caromax-1800-asp-led-150x150.jpg 150w, https:\/\/www.maxima-dia.com\/wp-content\/uploads\/2017\/02\/caromax-1800-asp-led-80x80.jpg 80w, https:\/\/www.maxima-dia.com\/wp-content\/uploads\/2017\/02\/caromax-1800-asp-led-500x500.jpg 500w\" sizes=\"(max-width: 150px) 100vw, 150px\" \/><\/a>&nbsp;<\/td>\n<td style=\"width: 25%; text-align: center;\"><a href=\"\/wp-content\/uploads\/2017\/02\/caromax-1800-asp-testa-rotante.jpg\"><img loading=\"lazy\" decoding=\"async\" class=\"alignnone wp-image-13717 size-thumbnail\" src=\"\/wp-content\/uploads\/2017\/02\/caromax-1800-asp-testa-rotante-150x150.jpg\" alt=\"\" width=\"150\" height=\"150\" srcset=\"https:\/\/www.maxima-dia.com\/wp-content\/uploads\/2017\/02\/caromax-1800-asp-testa-rotante-150x150.jpg 150w, https:\/\/www.maxima-dia.com\/wp-content\/uploads\/2017\/02\/caromax-1800-asp-testa-rotante-80x80.jpg 80w, https:\/\/www.maxima-dia.com\/wp-content\/uploads\/2017\/02\/caromax-1800-asp-testa-rotante-500x500.jpg 500w\" sizes=\"(max-width: 150px) 100vw, 150px\" \/><\/a><\/td>\n<\/tr>\n<tr>\n<td style=\"width: 25%; text-align: center;\">Poziomnica<\/td>\n<td style=\"width: 25%; text-align: center;\">W\u0142\u0105cznik mikrowibracji<\/td>\n<td style=\"width: 25%; text-align: center;\">Kontrolka przeci\u0105\u017cenia<\/td>\n<td style=\"width: 25%; text-align: center;\">Obrotowa g\u0142owice<\/td>\n<\/tr>\n<\/tbody>\n<\/table>\n<p>&nbsp;<\/p>\n<table class=\"tabellatecnica\" style=\"width: 100%;\" border=\"0\" cellspacing=\"0\" cellpadding=\"0\">\n<thead>\n<tr>\n<td class=\"testata\" colspan=\"2\">W\u0142a\u015bciwo\u015bci techniczne<\/td>\n<\/tr>\n<\/thead>\n<tbody>\n<tr>\n<td class=\"coltesto1\" style=\"width: 50%;\">Moc: 1800 W &#8211; 230 V<\/td>\n<td class=\"coltesto2\" style=\"width: 50%;\">Przy\u0142\u0105cze: 1\/2 i 1 \u201d1\/4<\/td>\n<\/tr>\n<tr>\n<td class=\"coltesto1\" style=\"width: 50%;\">Maksymalna \u015brednica wiercenia: 202 mm z GOLD Spiral Core Bit<\/td>\n<td class=\"coltesto2\" style=\"width: 50%;\">Sprz\u0119g\u0142o mechaniczne: Tak<\/td>\n<\/tr>\n<tr>\n<td class=\"coltesto1\" style=\"width: 50%;\">Maksymalna \u015brednica wiercenia: 162 mm z Vacuum 300 Core Bit<\/td>\n<td class=\"coltesto2\" style=\"width: 50%;\">Elektroniczne sprz\u0119g\u0142o: Tak<\/td>\n<\/tr>\n<tr>\n<td class=\"coltesto1\" style=\"width: 50%;\">Moment obrotowy: 17 Nm<\/td>\n<td class=\"coltesto2\" style=\"width: 50%;\">W komplecie: Wiertnica z akcesoriami w walizce<\/td>\n<\/tr>\n<tr>\n<td class=\"coltesto2\" style=\"width: 50%;\">Mikrowibracje: 33.000 uderze\u0144 \/ min przy 0.1 Joule<\/td>\n<td class=\"coltesto2\" style=\"width: 50%;\">Waga: 5,8 Kg<\/td>\n<\/tr>\n<tr>\n<td class=\"coltesto2\" style=\"width: 50%;\">Pr\u0119dko\u015b\u0107: 1150 obr \/ min<\/td>\n<td class=\"coltesto2\" style=\"width: 50%;\">&nbsp;<\/td>\n<\/tr>\n<\/tbody>\n<\/table>\n<p>[\/vc_column_text][\/vc_column][\/vc_row]<\/p>\n<\/div>","protected":false},"excerpt":{"rendered":"<p>[vc_row][vc_column text_align=&#8221;center&#8221; width=&#8221;1\/4&#8243;][vc_column_text] Wyprodukowany w certyfikat CE[\/vc_column_text][\/vc_column][vc_column width=&#8221;3\/4&#8243;][vc_column_text]CAROMAX 1800 ASP, \u0142\u0105czy 1800 W z mikrowibracjami, dzieki czemu, \u017ce \u200b\u200bta wiertnica ma najlepsz\u0105 wydajno\u015b\u0107 na rynku. Maksymalne \u015brednice wiercenia to wiert\u0142o o \u015brednicy 162\/202 mm. Nadaje si\u0119 do ka\u017cdego zastosowania, na budowie lub w sektorze hydraulicznym, daj\u0105c u\u017cytkownikowi mo\u017cliwo\u015b\u0107 zamontowania zestawu do odsysania py\u0142u. Posiada podw\u00f3jne mechaniczne i elektroniczne sprz\u0119g\u0142o, kt\u00f3re gwarantuje bezpiecze\u0144stwo i d\u0142ug\u0105 \u017cywotno\u015b\u0107. Wiertnica przystosowana do wsp\u00f3\u0142pracy z wiert\u0142ami koronowymi Maxima kt\u00f3re s\u0105 przeznaczone do wiercenia na sucho w betonie zbrojonym. Funkcje: Elektroniczne sprz\u0119g\u0142o Sprz\u0119g\u0142o mechaniczne Mikrowibracje Przeznaczona si\u0119 do wiercenia zbrojonego betonu na sucho &nbsp; &nbsp; Poziomnica W\u0142\u0105cznik mikrowibracji Kontrolka przeci\u0105\u017cenia Obrotowa g\u0142owice &nbsp; W\u0142a\u015bciwo\u015bci techniczne Moc: 1800 W &#8211; 230 V Przy\u0142\u0105cze: 1\/2 i 1 \u201d1\/4 Maksymalna \u015brednica wiercenia: 202 mm z GOLD Spiral Core Bit Sprz\u0119g\u0142o mechaniczne: Tak Maksymalna \u015brednica wiercenia: 162 mm z Vacuum 300 Core Bit Elektroniczne sprz\u0119g\u0142o: Tak Moment obrotowy: 17 Nm W komplecie: Wiertnica z akcesoriami w walizce Mikrowibracje: 33.000 uderze\u0144 \/ min przy 0.1 Joule Waga: 5,8 Kg Pr\u0119dko\u015b\u0107: 1150 obr \/ min &nbsp; [\/vc_column_text][\/vc_column][\/vc_row]<\/p>\n","protected":false},"author":29,"featured_media":21028,"parent":20855,"menu_order":4,"comment_status":"closed","ping_status":"closed","template":"","meta":{"ngg_post_thumbnail":0,"_joinchat":[],"footnotes":""},"class_list":["post-21027","page","type-page","status-publish","has-post-thumbnail","hentry"],"yoast_head":"<!-- This site is optimized with the Yoast SEO plugin v25.5 - https:\/\/yoast.com\/wordpress\/plugins\/seo\/ -->\n<title>Caromax 1800 ASP - Maxima SpA<\/title>\n<meta name=\"robots\" content=\"index, follow, max-snippet:-1, max-image-preview:large, max-video-preview:-1\" \/>\n<link rel=\"canonical\" href=\"https:\/\/www.maxima-dia.com\/pl\/wiertnice\/caromax-1800-asp\/\" \/>\n<meta property=\"og:locale\" content=\"pl_PL\" \/>\n<meta property=\"og:type\" content=\"article\" \/>\n<meta property=\"og:title\" content=\"Caromax 1800 ASP - Maxima SpA\" \/>\n<meta property=\"og:description\" content=\"[vc_row][vc_column text_align=&#8221;center&#8221; width=&#8221;1\/4&#8243;][vc_column_text] Wyprodukowany w certyfikat CE[\/vc_column_text][\/vc_column][vc_column width=&#8221;3\/4&#8243;][vc_column_text]CAROMAX 1800 ASP, \u0142\u0105czy 1800 W z mikrowibracjami, dzieki czemu, \u017ce \u200b\u200bta wiertnica ma najlepsz\u0105 wydajno\u015b\u0107 na rynku. Maksymalne \u015brednice wiercenia to wiert\u0142o o \u015brednicy 162\/202 mm. Nadaje si\u0119 do ka\u017cdego zastosowania, na budowie lub w sektorze hydraulicznym, daj\u0105c u\u017cytkownikowi mo\u017cliwo\u015b\u0107 zamontowania zestawu do odsysania py\u0142u. Posiada podw\u00f3jne mechaniczne i elektroniczne sprz\u0119g\u0142o, kt\u00f3re gwarantuje bezpiecze\u0144stwo i d\u0142ug\u0105 \u017cywotno\u015b\u0107. Wiertnica przystosowana do wsp\u00f3\u0142pracy z wiert\u0142ami koronowymi Maxima kt\u00f3re s\u0105 przeznaczone do wiercenia na sucho w betonie zbrojonym. Funkcje: Elektroniczne sprz\u0119g\u0142o Sprz\u0119g\u0142o mechaniczne Mikrowibracje Przeznaczona si\u0119 do wiercenia zbrojonego betonu na sucho &nbsp; &nbsp; Poziomnica W\u0142\u0105cznik mikrowibracji Kontrolka przeci\u0105\u017cenia Obrotowa g\u0142owice &nbsp; W\u0142a\u015bciwo\u015bci techniczne Moc: 1800 W &#8211; 230 V Przy\u0142\u0105cze: 1\/2 i 1 \u201d1\/4 Maksymalna \u015brednica wiercenia: 202 mm z GOLD Spiral Core Bit Sprz\u0119g\u0142o mechaniczne: Tak Maksymalna \u015brednica wiercenia: 162 mm z Vacuum 300 Core Bit Elektroniczne sprz\u0119g\u0142o: Tak Moment obrotowy: 17 Nm W komplecie: Wiertnica z akcesoriami w walizce Mikrowibracje: 33.000 uderze\u0144 \/ min przy 0.1 Joule Waga: 5,8 Kg Pr\u0119dko\u015b\u0107: 1150 obr \/ min &nbsp; [\/vc_column_text][\/vc_column][\/vc_row]\" \/>\n<meta property=\"og:url\" content=\"https:\/\/www.maxima-dia.com\/pl\/wiertnice\/caromax-1800-asp\/\" \/>\n<meta property=\"og:site_name\" content=\"Maxima SpA\" \/>\n<meta property=\"article:publisher\" content=\"https:\/\/www.facebook.com\/Maxima-spa-106098566139597\" \/>\n<meta property=\"article:modified_time\" content=\"2024-07-19T06:37:34+00:00\" \/>\n<meta property=\"og:image\" content=\"https:\/\/www.maxima-dia.com\/wp-content\/uploads\/2017\/02\/caromax-1800-asp.jpg\" \/>\n\t<meta property=\"og:image:width\" content=\"1200\" \/>\n\t<meta property=\"og:image:height\" content=\"1200\" \/>\n\t<meta property=\"og:image:type\" content=\"image\/jpeg\" \/>\n<meta name=\"twitter:card\" content=\"summary_large_image\" \/>\n<meta name=\"twitter:site\" content=\"@Maximadia\" \/>\n<meta name=\"twitter:label1\" content=\"Szacowany czas czytania\" \/>\n\t<meta name=\"twitter:data1\" content=\"1 minuta\" \/>\n<script type=\"application\/ld+json\" class=\"yoast-schema-graph\">{\"@context\":\"https:\/\/schema.org\",\"@graph\":[{\"@type\":\"WebPage\",\"@id\":\"https:\/\/www.maxima-dia.com\/pl\/wiertnice\/caromax-1800-asp\/\",\"url\":\"https:\/\/www.maxima-dia.com\/pl\/wiertnice\/caromax-1800-asp\/\",\"name\":\"Caromax 1800 ASP - Maxima SpA\",\"isPartOf\":{\"@id\":\"https:\/\/www.maxima-dia.com\/pl\/#website\"},\"primaryImageOfPage\":{\"@id\":\"https:\/\/www.maxima-dia.com\/pl\/wiertnice\/caromax-1800-asp\/#primaryimage\"},\"image\":{\"@id\":\"https:\/\/www.maxima-dia.com\/pl\/wiertnice\/caromax-1800-asp\/#primaryimage\"},\"thumbnailUrl\":\"https:\/\/www.maxima-dia.com\/wp-content\/uploads\/2017\/02\/caromax-1800-asp.jpg\",\"datePublished\":\"2019-07-25T12:48:19+00:00\",\"dateModified\":\"2024-07-19T06:37:34+00:00\",\"breadcrumb\":{\"@id\":\"https:\/\/www.maxima-dia.com\/pl\/wiertnice\/caromax-1800-asp\/#breadcrumb\"},\"inLanguage\":\"pl-PL\",\"potentialAction\":[{\"@type\":\"ReadAction\",\"target\":[\"https:\/\/www.maxima-dia.com\/pl\/wiertnice\/caromax-1800-asp\/\"]}]},{\"@type\":\"ImageObject\",\"inLanguage\":\"pl-PL\",\"@id\":\"https:\/\/www.maxima-dia.com\/pl\/wiertnice\/caromax-1800-asp\/#primaryimage\",\"url\":\"https:\/\/www.maxima-dia.com\/wp-content\/uploads\/2017\/02\/caromax-1800-asp.jpg\",\"contentUrl\":\"https:\/\/www.maxima-dia.com\/wp-content\/uploads\/2017\/02\/caromax-1800-asp.jpg\",\"width\":1200,\"height\":1200},{\"@type\":\"BreadcrumbList\",\"@id\":\"https:\/\/www.maxima-dia.com\/pl\/wiertnice\/caromax-1800-asp\/#breadcrumb\",\"itemListElement\":[{\"@type\":\"ListItem\",\"position\":1,\"name\":\"Home\",\"item\":\"https:\/\/www.maxima-dia.com\/pl\/\"},{\"@type\":\"ListItem\",\"position\":2,\"name\":\"Wiertnice\",\"item\":\"https:\/\/www.maxima-dia.com\/pl\/wiertnice\/\"},{\"@type\":\"ListItem\",\"position\":3,\"name\":\"Caromax 1800 ASP\"}]},{\"@type\":\"WebSite\",\"@id\":\"https:\/\/www.maxima-dia.com\/pl\/#website\",\"url\":\"https:\/\/www.maxima-dia.com\/pl\/\",\"name\":\"Maxima SpA\",\"description\":\"Only for the real professionals\",\"potentialAction\":[{\"@type\":\"SearchAction\",\"target\":{\"@type\":\"EntryPoint\",\"urlTemplate\":\"https:\/\/www.maxima-dia.com\/pl\/?s={search_term_string}\"},\"query-input\":{\"@type\":\"PropertyValueSpecification\",\"valueRequired\":true,\"valueName\":\"search_term_string\"}}],\"inLanguage\":\"pl-PL\"}]}<\/script>\n<!-- \/ Yoast SEO plugin. -->","yoast_head_json":{"title":"Caromax 1800 ASP - Maxima SpA","robots":{"index":"index","follow":"follow","max-snippet":"max-snippet:-1","max-image-preview":"max-image-preview:large","max-video-preview":"max-video-preview:-1"},"canonical":"https:\/\/www.maxima-dia.com\/pl\/wiertnice\/caromax-1800-asp\/","og_locale":"pl_PL","og_type":"article","og_title":"Caromax 1800 ASP - Maxima SpA","og_description":"[vc_row][vc_column text_align=&#8221;center&#8221; width=&#8221;1\/4&#8243;][vc_column_text] Wyprodukowany w certyfikat CE[\/vc_column_text][\/vc_column][vc_column width=&#8221;3\/4&#8243;][vc_column_text]CAROMAX 1800 ASP, \u0142\u0105czy 1800 W z mikrowibracjami, dzieki czemu, \u017ce \u200b\u200bta wiertnica ma najlepsz\u0105 wydajno\u015b\u0107 na rynku. Maksymalne \u015brednice wiercenia to wiert\u0142o o \u015brednicy 162\/202 mm. Nadaje si\u0119 do ka\u017cdego zastosowania, na budowie lub w sektorze hydraulicznym, daj\u0105c u\u017cytkownikowi mo\u017cliwo\u015b\u0107 zamontowania zestawu do odsysania py\u0142u. Posiada podw\u00f3jne mechaniczne i elektroniczne sprz\u0119g\u0142o, kt\u00f3re gwarantuje bezpiecze\u0144stwo i d\u0142ug\u0105 \u017cywotno\u015b\u0107. Wiertnica przystosowana do wsp\u00f3\u0142pracy z wiert\u0142ami koronowymi Maxima kt\u00f3re s\u0105 przeznaczone do wiercenia na sucho w betonie zbrojonym. Funkcje: Elektroniczne sprz\u0119g\u0142o Sprz\u0119g\u0142o mechaniczne Mikrowibracje Przeznaczona si\u0119 do wiercenia zbrojonego betonu na sucho &nbsp; &nbsp; Poziomnica W\u0142\u0105cznik mikrowibracji Kontrolka przeci\u0105\u017cenia Obrotowa g\u0142owice &nbsp; W\u0142a\u015bciwo\u015bci techniczne Moc: 1800 W &#8211; 230 V Przy\u0142\u0105cze: 1\/2 i 1 \u201d1\/4 Maksymalna \u015brednica wiercenia: 202 mm z GOLD Spiral Core Bit Sprz\u0119g\u0142o mechaniczne: Tak Maksymalna \u015brednica wiercenia: 162 mm z Vacuum 300 Core Bit Elektroniczne sprz\u0119g\u0142o: Tak Moment obrotowy: 17 Nm W komplecie: Wiertnica z akcesoriami w walizce Mikrowibracje: 33.000 uderze\u0144 \/ min przy 0.1 Joule Waga: 5,8 Kg Pr\u0119dko\u015b\u0107: 1150 obr \/ min &nbsp; [\/vc_column_text][\/vc_column][\/vc_row]","og_url":"https:\/\/www.maxima-dia.com\/pl\/wiertnice\/caromax-1800-asp\/","og_site_name":"Maxima SpA","article_publisher":"https:\/\/www.facebook.com\/Maxima-spa-106098566139597","article_modified_time":"2024-07-19T06:37:34+00:00","og_image":[{"width":1200,"height":1200,"url":"https:\/\/www.maxima-dia.com\/wp-content\/uploads\/2017\/02\/caromax-1800-asp.jpg","type":"image\/jpeg"}],"twitter_card":"summary_large_image","twitter_site":"@Maximadia","twitter_misc":{"Szacowany czas czytania":"1 minuta"},"schema":{"@context":"https:\/\/schema.org","@graph":[{"@type":"WebPage","@id":"https:\/\/www.maxima-dia.com\/pl\/wiertnice\/caromax-1800-asp\/","url":"https:\/\/www.maxima-dia.com\/pl\/wiertnice\/caromax-1800-asp\/","name":"Caromax 1800 ASP - Maxima SpA","isPartOf":{"@id":"https:\/\/www.maxima-dia.com\/pl\/#website"},"primaryImageOfPage":{"@id":"https:\/\/www.maxima-dia.com\/pl\/wiertnice\/caromax-1800-asp\/#primaryimage"},"image":{"@id":"https:\/\/www.maxima-dia.com\/pl\/wiertnice\/caromax-1800-asp\/#primaryimage"},"thumbnailUrl":"https:\/\/www.maxima-dia.com\/wp-content\/uploads\/2017\/02\/caromax-1800-asp.jpg","datePublished":"2019-07-25T12:48:19+00:00","dateModified":"2024-07-19T06:37:34+00:00","breadcrumb":{"@id":"https:\/\/www.maxima-dia.com\/pl\/wiertnice\/caromax-1800-asp\/#breadcrumb"},"inLanguage":"pl-PL","potentialAction":[{"@type":"ReadAction","target":["https:\/\/www.maxima-dia.com\/pl\/wiertnice\/caromax-1800-asp\/"]}]},{"@type":"ImageObject","inLanguage":"pl-PL","@id":"https:\/\/www.maxima-dia.com\/pl\/wiertnice\/caromax-1800-asp\/#primaryimage","url":"https:\/\/www.maxima-dia.com\/wp-content\/uploads\/2017\/02\/caromax-1800-asp.jpg","contentUrl":"https:\/\/www.maxima-dia.com\/wp-content\/uploads\/2017\/02\/caromax-1800-asp.jpg","width":1200,"height":1200},{"@type":"BreadcrumbList","@id":"https:\/\/www.maxima-dia.com\/pl\/wiertnice\/caromax-1800-asp\/#breadcrumb","itemListElement":[{"@type":"ListItem","position":1,"name":"Home","item":"https:\/\/www.maxima-dia.com\/pl\/"},{"@type":"ListItem","position":2,"name":"Wiertnice","item":"https:\/\/www.maxima-dia.com\/pl\/wiertnice\/"},{"@type":"ListItem","position":3,"name":"Caromax 1800 ASP"}]},{"@type":"WebSite","@id":"https:\/\/www.maxima-dia.com\/pl\/#website","url":"https:\/\/www.maxima-dia.com\/pl\/","name":"Maxima SpA","description":"Only for the real professionals","potentialAction":[{"@type":"SearchAction","target":{"@type":"EntryPoint","urlTemplate":"https:\/\/www.maxima-dia.com\/pl\/?s={search_term_string}"},"query-input":{"@type":"PropertyValueSpecification","valueRequired":true,"valueName":"search_term_string"}}],"inLanguage":"pl-PL"}]}},"_links":{"self":[{"href":"https:\/\/www.maxima-dia.com\/pl\/wp-json\/wp\/v2\/pages\/21027"}],"collection":[{"href":"https:\/\/www.maxima-dia.com\/pl\/wp-json\/wp\/v2\/pages"}],"about":[{"href":"https:\/\/www.maxima-dia.com\/pl\/wp-json\/wp\/v2\/types\/page"}],"author":[{"embeddable":true,"href":"https:\/\/www.maxima-dia.com\/pl\/wp-json\/wp\/v2\/users\/29"}],"replies":[{"embeddable":true,"href":"https:\/\/www.maxima-dia.com\/pl\/wp-json\/wp\/v2\/comments?post=21027"}],"version-history":[{"count":1,"href":"https:\/\/www.maxima-dia.com\/pl\/wp-json\/wp\/v2\/pages\/21027\/revisions"}],"predecessor-version":[{"id":43892,"href":"https:\/\/www.maxima-dia.com\/pl\/wp-json\/wp\/v2\/pages\/21027\/revisions\/43892"}],"up":[{"embeddable":true,"href":"https:\/\/www.maxima-dia.com\/pl\/wp-json\/wp\/v2\/pages\/20855"}],"wp:featuredmedia":[{"embeddable":true,"href":"https:\/\/www.maxima-dia.com\/pl\/wp-json\/wp\/v2\/media\/21028"}],"wp:attachment":[{"href":"https:\/\/www.maxima-dia.com\/pl\/wp-json\/wp\/v2\/media?parent=21027"}],"curies":[{"name":"wp","href":"https:\/\/api.w.org\/{rel}","templated":true}]}}