{"id":21030,"date":"2019-07-25T14:56:53","date_gmt":"2019-07-25T12:56:53","guid":{"rendered":"https:\/\/www.maxima-dia.com\/?page_id=21030"},"modified":"2025-05-28T16:08:01","modified_gmt":"2025-05-28T14:08:01","slug":"caromax-1800","status":"publish","type":"page","link":"https:\/\/www.maxima-dia.com\/pl\/wiertnice\/caromax-1800\/","title":{"rendered":"Caromax 1800"},"content":{"rendered":"<div class=\"wpb-content-wrapper\"><p>[vc_row][vc_column text_align=&#8221;center&#8221; width=&#8221;1\/4&#8243;][vc_column_text]<a href=\"\/wp-content\/uploads\/2017\/02\/caromax-1800.jpg\"><img loading=\"lazy\" decoding=\"async\" class=\"alignnone size-thumbnail wp-image-13722\" src=\"\/wp-content\/uploads\/2017\/02\/caromax-1800-150x150.jpg\" alt=\"CAROMAX 1800\" width=\"150\" height=\"150\" srcset=\"https:\/\/www.maxima-dia.com\/wp-content\/uploads\/2017\/02\/caromax-1800-150x150.jpg 150w, https:\/\/www.maxima-dia.com\/wp-content\/uploads\/2017\/02\/caromax-1800-300x300.jpg 300w, https:\/\/www.maxima-dia.com\/wp-content\/uploads\/2017\/02\/caromax-1800-768x768.jpg 768w, https:\/\/www.maxima-dia.com\/wp-content\/uploads\/2017\/02\/caromax-1800-1024x1024.jpg 1024w, https:\/\/www.maxima-dia.com\/wp-content\/uploads\/2017\/02\/caromax-1800-80x80.jpg 80w, https:\/\/www.maxima-dia.com\/wp-content\/uploads\/2017\/02\/caromax-1800-500x500.jpg 500w, https:\/\/www.maxima-dia.com\/wp-content\/uploads\/2017\/02\/caromax-1800-1000x1000.jpg 1000w, https:\/\/www.maxima-dia.com\/wp-content\/uploads\/2017\/02\/caromax-1800.jpg 1200w\" sizes=\"(max-width: 150px) 100vw, 150px\" \/><\/a><\/p>\n<p><span style=\"font-family: arial,helvetica,sans-serif;\">Wyprodukowany w <img loading=\"lazy\" decoding=\"async\" src=\"\/wp-content\/uploads\/2013\/11\/eu.png\" alt=\"eu\" width=\"24\" height=\"16\"><br \/>\ncertyfikat CE<\/span>[\/vc_column_text][\/vc_column][vc_column width=&#8221;3\/4&#8243;][vc_column_text]Najlepiej sprzedaj\u0105ca si\u0119 wiertnica na sucho, <strong>CAROMAX 1800<\/strong>, \u0142\u0105czy 1800 W z mikrowibracjami, co powoduje, \u017ce \u200b\u200bta wiertnica ma najlepsz\u0105 wydajno\u015b\u0107 na rynku. Maksymalna \u015brednica wiercenia to 202 mm. Nadaje si\u0119 do ka\u017cdego zastosowania, na budowie lub w sektorze hydraulicznym, daj\u0105c u\u017cytkownikowi mo\u017cliwo\u015b\u0107 zamontowania zestawu do odsysania py\u0142u. Posiada podw\u00f3jne mechaniczne i elektroniczne sprz\u0119g\u0142o, kt\u00f3re gwarantuje bezpiecze\u0144stwo i d\u0142ug\u0105 \u017cywotno\u015b\u0107. Wiertnica przystosowana do wsp\u00f3\u0142pracy z wiert\u0142ami koronowymi Maxima kt\u00f3re s\u0105 przeznaczone &nbsp;do wiercenia na sucho w betonie zbrojonym.<\/p>\n<p><strong>Funkcje:<\/strong><\/p>\n<ul>\n<li>Elektroniczne sprz\u0119g\u0142o<\/li>\n<li>Sprz\u0119g\u0142o mechaniczne<\/li>\n<li>Mikrowibracje<\/li>\n<li>Przeznaczona do wiercenia zbrojonego betonu na sucho<\/li>\n<\/ul>\n<table class=\"tabellafotocarotaggio\" style=\"width: 100%;\">\n<tbody>\n<tr>\n<td style=\"width: 33%; text-align: center;\"><a href=\"\/wp-content\/uploads\/2017\/02\/caromax-1800-livella.jpg\"><img loading=\"lazy\" decoding=\"async\" class=\"alignnone wp-image-13720 size-thumbnail\" src=\"\/wp-content\/uploads\/2017\/02\/caromax-1800-livella-150x150.jpg\" width=\"150\" height=\"150\" srcset=\"https:\/\/www.maxima-dia.com\/wp-content\/uploads\/2017\/02\/caromax-1800-livella-150x150.jpg 150w, https:\/\/www.maxima-dia.com\/wp-content\/uploads\/2017\/02\/caromax-1800-livella-80x80.jpg 80w, https:\/\/www.maxima-dia.com\/wp-content\/uploads\/2017\/02\/caromax-1800-livella-500x500.jpg 500w\" sizes=\"(max-width: 150px) 100vw, 150px\" \/><\/a><\/td>\n<td style=\"width: 33%; text-align: center;\"><a href=\"\/wp-content\/uploads\/2017\/02\/caromax-1800-pulsante.jpg\"><img loading=\"lazy\" decoding=\"async\" class=\"alignnone wp-image-13721 size-thumbnail\" src=\"\/wp-content\/uploads\/2017\/02\/caromax-1800-pulsante-150x150.jpg\" width=\"150\" height=\"150\" srcset=\"https:\/\/www.maxima-dia.com\/wp-content\/uploads\/2017\/02\/caromax-1800-pulsante-150x150.jpg 150w, https:\/\/www.maxima-dia.com\/wp-content\/uploads\/2017\/02\/caromax-1800-pulsante-80x80.jpg 80w, https:\/\/www.maxima-dia.com\/wp-content\/uploads\/2017\/02\/caromax-1800-pulsante-500x500.jpg 500w\" sizes=\"(max-width: 150px) 100vw, 150px\" \/><\/a>&nbsp;<\/td>\n<td style=\"width: 33%; text-align: center;\"><a href=\"\/wp-content\/uploads\/2017\/02\/caromax-1800-led.jpg\"><img loading=\"lazy\" decoding=\"async\" class=\"alignnone wp-image-13719 size-thumbnail\" src=\"\/wp-content\/uploads\/2017\/02\/caromax-1800-led-150x150.jpg\" width=\"150\" height=\"150\" srcset=\"https:\/\/www.maxima-dia.com\/wp-content\/uploads\/2017\/02\/caromax-1800-led-150x150.jpg 150w, https:\/\/www.maxima-dia.com\/wp-content\/uploads\/2017\/02\/caromax-1800-led-80x80.jpg 80w, https:\/\/www.maxima-dia.com\/wp-content\/uploads\/2017\/02\/caromax-1800-led-500x500.jpg 500w\" sizes=\"(max-width: 150px) 100vw, 150px\" \/><\/a>&nbsp;<\/td>\n<\/tr>\n<tr>\n<td style=\"width: 33%; text-align: center;\">Poziomnica<\/td>\n<td style=\"width: 33%; text-align: center;\">W\u0142\u0105cznik mikrowibracji<\/td>\n<td style=\"width: 33%; text-align: center;\">Kontrolka przeci\u0105\u017cenia<\/td>\n<\/tr>\n<\/tbody>\n<\/table>\n<p>&nbsp;<\/p>\n<table class=\"tabellatecnica\" style=\"width: 100%;\" border=\"0\" cellspacing=\"0\" cellpadding=\"0\">\n<thead>\n<tr>\n<td class=\"testata\" style=\"width: 100%;\" colspan=\"2\">W\u0142a\u015bciwo\u015bci techniczne<\/td>\n<\/tr>\n<\/thead>\n<tbody>\n<tr>\n<td class=\"coltesto1\" style=\"width: 50%;\">Moc poch\u0142oni\u0119ta: 1800 W &#8211; 230 V<\/td>\n<td class=\"coltesto2\" style=\"width: 50%;\">Przy\u0142\u0105cze: M18<\/td>\n<\/tr>\n<tr>\n<td class=\"coltesto1\" style=\"width: 50%;\">Maksymalna \u015brednica wiercenia: 202 mm<\/td>\n<td class=\"coltesto2\" style=\"width: 50%;\">Sprz\u0119g\u0142o mechaniczne: Tak<\/td>\n<\/tr>\n<tr>\n<td class=\"coltesto1\" style=\"width: 50%;\">Moment obrotowy: 19 Nm<\/td>\n<td class=\"coltesto2\" style=\"width: 50%;\">Elektroniczne sprz\u0119g\u0142o: Tak<\/td>\n<\/tr>\n<tr>\n<td class=\"coltesto2\" style=\"width: 50%;\">Mikrowibracje: 33.000 uderzenia \/ min przy 0,1 J<\/td>\n<td class=\"coltesto2\" style=\"width: 50%;\">W dostawie: Maszyna z akcesoriami w walizce<\/td>\n<\/tr>\n<tr>\n<td class=\"coltesto2\" style=\"width: 50%;\">Pr\u0119dko\u015b\u0107 bez obci\u0105\u017cenia: 1650 rpm<\/td>\n<td class=\"coltesto2\" style=\"width: 50%;\">Waga: 5,2 Kg<\/td>\n<\/tr>\n<\/tbody>\n<\/table>\n<p>[\/vc_column_text][\/vc_column][\/vc_row]<\/p>\n<\/div>","protected":false},"excerpt":{"rendered":"<p>[vc_row][vc_column text_align=&#8221;center&#8221; width=&#8221;1\/4&#8243;][vc_column_text] Wyprodukowany w certyfikat CE[\/vc_column_text][\/vc_column][vc_column width=&#8221;3\/4&#8243;][vc_column_text]Najlepiej sprzedaj\u0105ca si\u0119 wiertnica na sucho, CAROMAX 1800, \u0142\u0105czy 1800 W z mikrowibracjami, co powoduje, \u017ce \u200b\u200bta wiertnica ma najlepsz\u0105 wydajno\u015b\u0107 na rynku. Maksymalna \u015brednica wiercenia to 202 mm. Nadaje si\u0119 do ka\u017cdego zastosowania, na budowie lub w sektorze hydraulicznym, daj\u0105c u\u017cytkownikowi mo\u017cliwo\u015b\u0107 zamontowania zestawu do odsysania py\u0142u. Posiada podw\u00f3jne mechaniczne i elektroniczne sprz\u0119g\u0142o, kt\u00f3re gwarantuje bezpiecze\u0144stwo i d\u0142ug\u0105 \u017cywotno\u015b\u0107. Wiertnica przystosowana do wsp\u00f3\u0142pracy z wiert\u0142ami koronowymi Maxima kt\u00f3re s\u0105 przeznaczone &nbsp;do wiercenia na sucho w betonie zbrojonym. Funkcje: Elektroniczne sprz\u0119g\u0142o Sprz\u0119g\u0142o mechaniczne Mikrowibracje Przeznaczona do wiercenia zbrojonego betonu na sucho &nbsp; &nbsp; Poziomnica W\u0142\u0105cznik mikrowibracji Kontrolka przeci\u0105\u017cenia &nbsp; W\u0142a\u015bciwo\u015bci techniczne Moc poch\u0142oni\u0119ta: 1800 W &#8211; 230 V Przy\u0142\u0105cze: M18 Maksymalna \u015brednica wiercenia: 202 mm Sprz\u0119g\u0142o mechaniczne: Tak Moment obrotowy: 19 Nm Elektroniczne sprz\u0119g\u0142o: Tak Mikrowibracje: 33.000 uderzenia \/ min przy 0,1 J W dostawie: Maszyna z akcesoriami w walizce Pr\u0119dko\u015b\u0107 bez obci\u0105\u017cenia: 1650 rpm Waga: 5,2 Kg [\/vc_column_text][\/vc_column][\/vc_row]<\/p>\n","protected":false},"author":29,"featured_media":21032,"parent":20855,"menu_order":3,"comment_status":"closed","ping_status":"closed","template":"","meta":{"ngg_post_thumbnail":0,"_joinchat":[],"footnotes":""},"class_list":["post-21030","page","type-page","status-publish","has-post-thumbnail","hentry"],"yoast_head":"<!-- This site is optimized with the Yoast SEO plugin v25.5 - https:\/\/yoast.com\/wordpress\/plugins\/seo\/ -->\n<title>Caromax 1800 - Maxima SpA<\/title>\n<meta name=\"robots\" content=\"index, follow, max-snippet:-1, max-image-preview:large, max-video-preview:-1\" \/>\n<link rel=\"canonical\" href=\"https:\/\/www.maxima-dia.com\/pl\/wiertnice\/caromax-1800\/\" \/>\n<meta property=\"og:locale\" content=\"pl_PL\" \/>\n<meta property=\"og:type\" content=\"article\" \/>\n<meta property=\"og:title\" content=\"Caromax 1800 - Maxima SpA\" \/>\n<meta property=\"og:description\" content=\"[vc_row][vc_column text_align=&#8221;center&#8221; width=&#8221;1\/4&#8243;][vc_column_text] Wyprodukowany w certyfikat CE[\/vc_column_text][\/vc_column][vc_column width=&#8221;3\/4&#8243;][vc_column_text]Najlepiej sprzedaj\u0105ca si\u0119 wiertnica na sucho, CAROMAX 1800, \u0142\u0105czy 1800 W z mikrowibracjami, co powoduje, \u017ce \u200b\u200bta wiertnica ma najlepsz\u0105 wydajno\u015b\u0107 na rynku. Maksymalna \u015brednica wiercenia to 202 mm. Nadaje si\u0119 do ka\u017cdego zastosowania, na budowie lub w sektorze hydraulicznym, daj\u0105c u\u017cytkownikowi mo\u017cliwo\u015b\u0107 zamontowania zestawu do odsysania py\u0142u. Posiada podw\u00f3jne mechaniczne i elektroniczne sprz\u0119g\u0142o, kt\u00f3re gwarantuje bezpiecze\u0144stwo i d\u0142ug\u0105 \u017cywotno\u015b\u0107. Wiertnica przystosowana do wsp\u00f3\u0142pracy z wiert\u0142ami koronowymi Maxima kt\u00f3re s\u0105 przeznaczone &nbsp;do wiercenia na sucho w betonie zbrojonym. Funkcje: Elektroniczne sprz\u0119g\u0142o Sprz\u0119g\u0142o mechaniczne Mikrowibracje Przeznaczona do wiercenia zbrojonego betonu na sucho &nbsp; &nbsp; Poziomnica W\u0142\u0105cznik mikrowibracji Kontrolka przeci\u0105\u017cenia &nbsp; W\u0142a\u015bciwo\u015bci techniczne Moc poch\u0142oni\u0119ta: 1800 W &#8211; 230 V Przy\u0142\u0105cze: M18 Maksymalna \u015brednica wiercenia: 202 mm Sprz\u0119g\u0142o mechaniczne: Tak Moment obrotowy: 19 Nm Elektroniczne sprz\u0119g\u0142o: Tak Mikrowibracje: 33.000 uderzenia \/ min przy 0,1 J W dostawie: Maszyna z akcesoriami w walizce Pr\u0119dko\u015b\u0107 bez obci\u0105\u017cenia: 1650 rpm Waga: 5,2 Kg [\/vc_column_text][\/vc_column][\/vc_row]\" \/>\n<meta property=\"og:url\" content=\"https:\/\/www.maxima-dia.com\/pl\/wiertnice\/caromax-1800\/\" \/>\n<meta property=\"og:site_name\" content=\"Maxima SpA\" \/>\n<meta property=\"article:publisher\" content=\"https:\/\/www.facebook.com\/Maxima-spa-106098566139597\" \/>\n<meta property=\"article:modified_time\" content=\"2025-05-28T14:08:01+00:00\" \/>\n<meta property=\"og:image\" content=\"https:\/\/www.maxima-dia.com\/wp-content\/uploads\/2017\/02\/caromax-1800.jpg\" \/>\n\t<meta property=\"og:image:width\" content=\"1200\" \/>\n\t<meta property=\"og:image:height\" content=\"1200\" \/>\n\t<meta property=\"og:image:type\" content=\"image\/jpeg\" \/>\n<meta name=\"twitter:card\" content=\"summary_large_image\" \/>\n<meta name=\"twitter:site\" content=\"@Maximadia\" \/>\n<meta name=\"twitter:label1\" content=\"Szacowany czas czytania\" \/>\n\t<meta name=\"twitter:data1\" content=\"1 minuta\" \/>\n<script type=\"application\/ld+json\" class=\"yoast-schema-graph\">{\"@context\":\"https:\/\/schema.org\",\"@graph\":[{\"@type\":\"WebPage\",\"@id\":\"https:\/\/www.maxima-dia.com\/pl\/wiertnice\/caromax-1800\/\",\"url\":\"https:\/\/www.maxima-dia.com\/pl\/wiertnice\/caromax-1800\/\",\"name\":\"Caromax 1800 - Maxima SpA\",\"isPartOf\":{\"@id\":\"https:\/\/www.maxima-dia.com\/pl\/#website\"},\"primaryImageOfPage\":{\"@id\":\"https:\/\/www.maxima-dia.com\/pl\/wiertnice\/caromax-1800\/#primaryimage\"},\"image\":{\"@id\":\"https:\/\/www.maxima-dia.com\/pl\/wiertnice\/caromax-1800\/#primaryimage\"},\"thumbnailUrl\":\"https:\/\/www.maxima-dia.com\/wp-content\/uploads\/2017\/02\/caromax-1800.jpg\",\"datePublished\":\"2019-07-25T12:56:53+00:00\",\"dateModified\":\"2025-05-28T14:08:01+00:00\",\"breadcrumb\":{\"@id\":\"https:\/\/www.maxima-dia.com\/pl\/wiertnice\/caromax-1800\/#breadcrumb\"},\"inLanguage\":\"pl-PL\",\"potentialAction\":[{\"@type\":\"ReadAction\",\"target\":[\"https:\/\/www.maxima-dia.com\/pl\/wiertnice\/caromax-1800\/\"]}]},{\"@type\":\"ImageObject\",\"inLanguage\":\"pl-PL\",\"@id\":\"https:\/\/www.maxima-dia.com\/pl\/wiertnice\/caromax-1800\/#primaryimage\",\"url\":\"https:\/\/www.maxima-dia.com\/wp-content\/uploads\/2017\/02\/caromax-1800.jpg\",\"contentUrl\":\"https:\/\/www.maxima-dia.com\/wp-content\/uploads\/2017\/02\/caromax-1800.jpg\",\"width\":1200,\"height\":1200},{\"@type\":\"BreadcrumbList\",\"@id\":\"https:\/\/www.maxima-dia.com\/pl\/wiertnice\/caromax-1800\/#breadcrumb\",\"itemListElement\":[{\"@type\":\"ListItem\",\"position\":1,\"name\":\"Home\",\"item\":\"https:\/\/www.maxima-dia.com\/pl\/\"},{\"@type\":\"ListItem\",\"position\":2,\"name\":\"Wiertnice\",\"item\":\"https:\/\/www.maxima-dia.com\/pl\/wiertnice\/\"},{\"@type\":\"ListItem\",\"position\":3,\"name\":\"Caromax 1800\"}]},{\"@type\":\"WebSite\",\"@id\":\"https:\/\/www.maxima-dia.com\/pl\/#website\",\"url\":\"https:\/\/www.maxima-dia.com\/pl\/\",\"name\":\"Maxima SpA\",\"description\":\"Only for the real professionals\",\"potentialAction\":[{\"@type\":\"SearchAction\",\"target\":{\"@type\":\"EntryPoint\",\"urlTemplate\":\"https:\/\/www.maxima-dia.com\/pl\/?s={search_term_string}\"},\"query-input\":{\"@type\":\"PropertyValueSpecification\",\"valueRequired\":true,\"valueName\":\"search_term_string\"}}],\"inLanguage\":\"pl-PL\"}]}<\/script>\n<!-- \/ Yoast SEO plugin. -->","yoast_head_json":{"title":"Caromax 1800 - Maxima SpA","robots":{"index":"index","follow":"follow","max-snippet":"max-snippet:-1","max-image-preview":"max-image-preview:large","max-video-preview":"max-video-preview:-1"},"canonical":"https:\/\/www.maxima-dia.com\/pl\/wiertnice\/caromax-1800\/","og_locale":"pl_PL","og_type":"article","og_title":"Caromax 1800 - Maxima SpA","og_description":"[vc_row][vc_column text_align=&#8221;center&#8221; width=&#8221;1\/4&#8243;][vc_column_text] Wyprodukowany w certyfikat CE[\/vc_column_text][\/vc_column][vc_column width=&#8221;3\/4&#8243;][vc_column_text]Najlepiej sprzedaj\u0105ca si\u0119 wiertnica na sucho, CAROMAX 1800, \u0142\u0105czy 1800 W z mikrowibracjami, co powoduje, \u017ce \u200b\u200bta wiertnica ma najlepsz\u0105 wydajno\u015b\u0107 na rynku. Maksymalna \u015brednica wiercenia to 202 mm. Nadaje si\u0119 do ka\u017cdego zastosowania, na budowie lub w sektorze hydraulicznym, daj\u0105c u\u017cytkownikowi mo\u017cliwo\u015b\u0107 zamontowania zestawu do odsysania py\u0142u. Posiada podw\u00f3jne mechaniczne i elektroniczne sprz\u0119g\u0142o, kt\u00f3re gwarantuje bezpiecze\u0144stwo i d\u0142ug\u0105 \u017cywotno\u015b\u0107. Wiertnica przystosowana do wsp\u00f3\u0142pracy z wiert\u0142ami koronowymi Maxima kt\u00f3re s\u0105 przeznaczone &nbsp;do wiercenia na sucho w betonie zbrojonym. Funkcje: Elektroniczne sprz\u0119g\u0142o Sprz\u0119g\u0142o mechaniczne Mikrowibracje Przeznaczona do wiercenia zbrojonego betonu na sucho &nbsp; &nbsp; Poziomnica W\u0142\u0105cznik mikrowibracji Kontrolka przeci\u0105\u017cenia &nbsp; W\u0142a\u015bciwo\u015bci techniczne Moc poch\u0142oni\u0119ta: 1800 W &#8211; 230 V Przy\u0142\u0105cze: M18 Maksymalna \u015brednica wiercenia: 202 mm Sprz\u0119g\u0142o mechaniczne: Tak Moment obrotowy: 19 Nm Elektroniczne sprz\u0119g\u0142o: Tak Mikrowibracje: 33.000 uderzenia \/ min przy 0,1 J W dostawie: Maszyna z akcesoriami w walizce Pr\u0119dko\u015b\u0107 bez obci\u0105\u017cenia: 1650 rpm Waga: 5,2 Kg [\/vc_column_text][\/vc_column][\/vc_row]","og_url":"https:\/\/www.maxima-dia.com\/pl\/wiertnice\/caromax-1800\/","og_site_name":"Maxima SpA","article_publisher":"https:\/\/www.facebook.com\/Maxima-spa-106098566139597","article_modified_time":"2025-05-28T14:08:01+00:00","og_image":[{"width":1200,"height":1200,"url":"https:\/\/www.maxima-dia.com\/wp-content\/uploads\/2017\/02\/caromax-1800.jpg","type":"image\/jpeg"}],"twitter_card":"summary_large_image","twitter_site":"@Maximadia","twitter_misc":{"Szacowany czas czytania":"1 minuta"},"schema":{"@context":"https:\/\/schema.org","@graph":[{"@type":"WebPage","@id":"https:\/\/www.maxima-dia.com\/pl\/wiertnice\/caromax-1800\/","url":"https:\/\/www.maxima-dia.com\/pl\/wiertnice\/caromax-1800\/","name":"Caromax 1800 - Maxima SpA","isPartOf":{"@id":"https:\/\/www.maxima-dia.com\/pl\/#website"},"primaryImageOfPage":{"@id":"https:\/\/www.maxima-dia.com\/pl\/wiertnice\/caromax-1800\/#primaryimage"},"image":{"@id":"https:\/\/www.maxima-dia.com\/pl\/wiertnice\/caromax-1800\/#primaryimage"},"thumbnailUrl":"https:\/\/www.maxima-dia.com\/wp-content\/uploads\/2017\/02\/caromax-1800.jpg","datePublished":"2019-07-25T12:56:53+00:00","dateModified":"2025-05-28T14:08:01+00:00","breadcrumb":{"@id":"https:\/\/www.maxima-dia.com\/pl\/wiertnice\/caromax-1800\/#breadcrumb"},"inLanguage":"pl-PL","potentialAction":[{"@type":"ReadAction","target":["https:\/\/www.maxima-dia.com\/pl\/wiertnice\/caromax-1800\/"]}]},{"@type":"ImageObject","inLanguage":"pl-PL","@id":"https:\/\/www.maxima-dia.com\/pl\/wiertnice\/caromax-1800\/#primaryimage","url":"https:\/\/www.maxima-dia.com\/wp-content\/uploads\/2017\/02\/caromax-1800.jpg","contentUrl":"https:\/\/www.maxima-dia.com\/wp-content\/uploads\/2017\/02\/caromax-1800.jpg","width":1200,"height":1200},{"@type":"BreadcrumbList","@id":"https:\/\/www.maxima-dia.com\/pl\/wiertnice\/caromax-1800\/#breadcrumb","itemListElement":[{"@type":"ListItem","position":1,"name":"Home","item":"https:\/\/www.maxima-dia.com\/pl\/"},{"@type":"ListItem","position":2,"name":"Wiertnice","item":"https:\/\/www.maxima-dia.com\/pl\/wiertnice\/"},{"@type":"ListItem","position":3,"name":"Caromax 1800"}]},{"@type":"WebSite","@id":"https:\/\/www.maxima-dia.com\/pl\/#website","url":"https:\/\/www.maxima-dia.com\/pl\/","name":"Maxima SpA","description":"Only for the real professionals","potentialAction":[{"@type":"SearchAction","target":{"@type":"EntryPoint","urlTemplate":"https:\/\/www.maxima-dia.com\/pl\/?s={search_term_string}"},"query-input":{"@type":"PropertyValueSpecification","valueRequired":true,"valueName":"search_term_string"}}],"inLanguage":"pl-PL"}]}},"_links":{"self":[{"href":"https:\/\/www.maxima-dia.com\/pl\/wp-json\/wp\/v2\/pages\/21030"}],"collection":[{"href":"https:\/\/www.maxima-dia.com\/pl\/wp-json\/wp\/v2\/pages"}],"about":[{"href":"https:\/\/www.maxima-dia.com\/pl\/wp-json\/wp\/v2\/types\/page"}],"author":[{"embeddable":true,"href":"https:\/\/www.maxima-dia.com\/pl\/wp-json\/wp\/v2\/users\/29"}],"replies":[{"embeddable":true,"href":"https:\/\/www.maxima-dia.com\/pl\/wp-json\/wp\/v2\/comments?post=21030"}],"version-history":[{"count":1,"href":"https:\/\/www.maxima-dia.com\/pl\/wp-json\/wp\/v2\/pages\/21030\/revisions"}],"predecessor-version":[{"id":46542,"href":"https:\/\/www.maxima-dia.com\/pl\/wp-json\/wp\/v2\/pages\/21030\/revisions\/46542"}],"up":[{"embeddable":true,"href":"https:\/\/www.maxima-dia.com\/pl\/wp-json\/wp\/v2\/pages\/20855"}],"wp:featuredmedia":[{"embeddable":true,"href":"https:\/\/www.maxima-dia.com\/pl\/wp-json\/wp\/v2\/media\/21032"}],"wp:attachment":[{"href":"https:\/\/www.maxima-dia.com\/pl\/wp-json\/wp\/v2\/media?parent=21030"}],"curies":[{"name":"wp","href":"https:\/\/api.w.org\/{rel}","templated":true}]}}