{"id":21036,"date":"2019-07-25T17:52:56","date_gmt":"2019-07-25T15:52:56","guid":{"rendered":"https:\/\/www.maxima-dia.com\/?page_id=21036"},"modified":"2021-08-02T12:03:27","modified_gmt":"2021-08-02T10:03:27","slug":"caromax-2000-wet","status":"publish","type":"page","link":"https:\/\/www.maxima-dia.com\/pl\/wiertnice\/caromax-2000-wet\/","title":{"rendered":"Caromax 2000 Wet"},"content":{"rendered":"<div class=\"wpb-content-wrapper\"><p>[vc_row][vc_column text_align=&#8221;center&#8221; width=&#8221;1\/4&#8243;][vc_column_text]<a href=\"https:\/\/www.maxima-dia.com\/wp-content\/uploads\/2021\/07\/CAROMAX2000.jpg\"><img loading=\"lazy\" decoding=\"async\" class=\"alignnone wp-image-29877 size-thumbnail\" src=\"https:\/\/www.maxima-dia.com\/wp-content\/uploads\/2021\/07\/CAROMAX2000-150x150.jpg\" alt=\"CAROMAX 2000\" width=\"150\" height=\"150\" srcset=\"https:\/\/www.maxima-dia.com\/wp-content\/uploads\/2021\/07\/CAROMAX2000-150x150.jpg 150w, https:\/\/www.maxima-dia.com\/wp-content\/uploads\/2021\/07\/CAROMAX2000-300x300.jpg 300w, https:\/\/www.maxima-dia.com\/wp-content\/uploads\/2021\/07\/CAROMAX2000-1024x1024.jpg 1024w, https:\/\/www.maxima-dia.com\/wp-content\/uploads\/2021\/07\/CAROMAX2000-768x768.jpg 768w, https:\/\/www.maxima-dia.com\/wp-content\/uploads\/2021\/07\/CAROMAX2000-1536x1536.jpg 1536w, https:\/\/www.maxima-dia.com\/wp-content\/uploads\/2021\/07\/CAROMAX2000-80x80.jpg 80w, https:\/\/www.maxima-dia.com\/wp-content\/uploads\/2021\/07\/CAROMAX2000-500x500.jpg 500w, https:\/\/www.maxima-dia.com\/wp-content\/uploads\/2021\/07\/CAROMAX2000-1000x1000.jpg 1000w, https:\/\/www.maxima-dia.com\/wp-content\/uploads\/2021\/07\/CAROMAX2000.jpg 1700w\" sizes=\"(max-width: 150px) 100vw, 150px\" \/><\/a><\/p>\n<p><span style=\"font-family: arial,helvetica,sans-serif;\">Wyprodukowany w <img loading=\"lazy\" decoding=\"async\" src=\"\/wp-content\/uploads\/2013\/11\/eu.png\" alt=\"eu\" width=\"24\" height=\"16\"><br \/>\ncertyfikat CE<\/span>[\/vc_column_text][\/vc_column][vc_column width=&#8221;3\/4&#8243;][vc_column_text]<strong>Caromax 2000 Wet<\/strong> jest wiertnic\u0105, kt\u00f3rej&nbsp; najmocniejsz\u0105 cech\u0105 jest wszechstronno\u015b\u0107. Jest to mocna wiertnica na mokro o mocy 2000 W, i przy\u0142\u0105czach \u00bd i 1 \u201d1\/4 i przygotowana do monta\u017cu na statywie, jest to doskona\u0142a maszyna dla tych, kt\u00f3rzy potrzebuj\u0105 mocy i zwinno\u015bci.<\/p>\n<table class=\"tabellafotocarotaggio\" style=\"width: 100%;\">\n<tbody>\n<tr>\n<td style=\"width: 33%; text-align: center;\"><a href=\"\/wp-content\/uploads\/2017\/02\/caromax-1600-acqua-prcd.jpg\"><img loading=\"lazy\" decoding=\"async\" class=\"alignnone wp-image-13707 size-thumbnail\" src=\"\/wp-content\/uploads\/2017\/02\/caromax-1600-acqua-prcd-150x150.jpg\" width=\"150\" height=\"150\" srcset=\"https:\/\/www.maxima-dia.com\/wp-content\/uploads\/2017\/02\/caromax-1600-acqua-prcd-150x150.jpg 150w, https:\/\/www.maxima-dia.com\/wp-content\/uploads\/2017\/02\/caromax-1600-acqua-prcd-80x80.jpg 80w, https:\/\/www.maxima-dia.com\/wp-content\/uploads\/2017\/02\/caromax-1600-acqua-prcd-500x500.jpg 500w\" sizes=\"(max-width: 150px) 100vw, 150px\" \/><\/a><\/td>\n<td style=\"width: 33%; text-align: center;\"><a href=\"\/wp-content\/uploads\/2017\/02\/caromax-1600-acqua-spirit-level.jpg\"><img loading=\"lazy\" decoding=\"async\" class=\"alignnone wp-image-13708 size-thumbnail\" src=\"\/wp-content\/uploads\/2017\/02\/caromax-1600-acqua-spirit-level-150x150.jpg\" width=\"150\" height=\"150\" srcset=\"https:\/\/www.maxima-dia.com\/wp-content\/uploads\/2017\/02\/caromax-1600-acqua-spirit-level-150x150.jpg 150w, https:\/\/www.maxima-dia.com\/wp-content\/uploads\/2017\/02\/caromax-1600-acqua-spirit-level-80x80.jpg 80w, https:\/\/www.maxima-dia.com\/wp-content\/uploads\/2017\/02\/caromax-1600-acqua-spirit-level-500x500.jpg 500w, https:\/\/www.maxima-dia.com\/wp-content\/uploads\/2017\/02\/caromax-1600-acqua-spirit-level-1000x1000.jpg 1000w\" sizes=\"(max-width: 150px) 100vw, 150px\" \/><\/a>&nbsp;<\/td>\n<td style=\"width: 33%; text-align: center;\"><a href=\"\/wp-content\/uploads\/2017\/02\/caromax-1600-acqua-connection.jpg\"><img loading=\"lazy\" decoding=\"async\" class=\"alignnone wp-image-13706 size-thumbnail\" src=\"\/wp-content\/uploads\/2017\/02\/caromax-1600-acqua-connection-150x150.jpg\" width=\"150\" height=\"150\" srcset=\"https:\/\/www.maxima-dia.com\/wp-content\/uploads\/2017\/02\/caromax-1600-acqua-connection-150x150.jpg 150w, https:\/\/www.maxima-dia.com\/wp-content\/uploads\/2017\/02\/caromax-1600-acqua-connection-300x300.jpg 300w, https:\/\/www.maxima-dia.com\/wp-content\/uploads\/2017\/02\/caromax-1600-acqua-connection-768x770.jpg 768w, https:\/\/www.maxima-dia.com\/wp-content\/uploads\/2017\/02\/caromax-1600-acqua-connection-1021x1024.jpg 1021w, https:\/\/www.maxima-dia.com\/wp-content\/uploads\/2017\/02\/caromax-1600-acqua-connection-80x80.jpg 80w, https:\/\/www.maxima-dia.com\/wp-content\/uploads\/2017\/02\/caromax-1600-acqua-connection-500x500.jpg 500w, https:\/\/www.maxima-dia.com\/wp-content\/uploads\/2017\/02\/caromax-1600-acqua-connection-1000x1000.jpg 1000w, https:\/\/www.maxima-dia.com\/wp-content\/uploads\/2017\/02\/caromax-1600-acqua-connection.jpg 1200w\" sizes=\"(max-width: 150px) 100vw, 150px\" \/><\/a>&nbsp;<\/td>\n<\/tr>\n<tr>\n<td style=\"width: 33%; text-align: center;\">PRCD<\/td>\n<td style=\"width: 33%; text-align: center;\">Poziomnica<\/td>\n<td style=\"width: 33%; text-align: center;\">Przy\u0142\u0105cze 1 \u201d1\/4 &#8211; 1\/2<\/td>\n<\/tr>\n<\/tbody>\n<\/table>\n<p style=\"text-align: justify;\">&nbsp;<\/p>\n<table class=\"tabellatecnica\" style=\"width: 100%;\" border=\"0\" cellspacing=\"0\" cellpadding=\"0\">\n<thead>\n<tr>\n<td class=\"testata\" colspan=\"2\">W\u0142a\u015bciwo\u015bci techniczne<\/td>\n<\/tr>\n<\/thead>\n<tbody>\n<tr>\n<td class=\"coltesto1\" style=\"width: 50%;\">Moc: 2000 W &#8211; 230 V<\/td>\n<td class=\"coltesto2\" style=\"width: 50%;\">3 Pr\u0119dko\u015b\u0107 bez obci\u0105\u017cenia<\/td>\n<\/tr>\n<tr>\n<td class=\"coltesto1\" style=\"width: 50%;\">Maksymalna \u015brednica wiercenia na statywie: 160 mm<\/td>\n<td class=\"coltesto1\" style=\"width: 50%;\" rowspan=\"3\">1 &#8211; 900 rpm \/ min Zdolno\u015b\u0107 wiercenia: 90 &#8211; 160 mm<br \/>\n2 &#8211; 1900 rpm \/ min Zdolno\u015b\u0107 wiercenia: 40 &#8211; 70 mm<br \/>\n3 &#8211; 3900 rpm\/min Zdolno\u015b\u0107 wiercenia: 20 &#8211; 35 mm<\/td>\n<\/tr>\n<tr>\n<td class=\"coltesto1\" style=\"width: 50%;\">Przy\u0142\u0105cze: 1\/2 i 1 \u201d\/ 4<\/td>\n<\/tr>\n<tr>\n<td class=\"coltesto2\" style=\"width: 50%;\">Zintegrowany PRCD<\/td>\n<\/tr>\n<tr>\n<td class=\"coltesto2\" style=\"width: 50%;\">Waga: 5,9 Kg<\/td>\n<td class=\"coltesto2\" style=\"width: 50%;\">W dostawie: Wiertnica z akcesoriami w walizce<\/td>\n<\/tr>\n<\/tbody>\n<\/table>\n<p>[\/vc_column_text][\/vc_column][\/vc_row]<\/p>\n<\/div>","protected":false},"excerpt":{"rendered":"<p>[vc_row][vc_column text_align=&#8221;center&#8221; width=&#8221;1\/4&#8243;][vc_column_text] Wyprodukowany w certyfikat CE[\/vc_column_text][\/vc_column][vc_column width=&#8221;3\/4&#8243;][vc_column_text]Caromax 2000 Wet jest wiertnic\u0105, kt\u00f3rej&nbsp; najmocniejsz\u0105 cech\u0105 jest wszechstronno\u015b\u0107. Jest to mocna wiertnica na mokro o mocy 2000 W, i przy\u0142\u0105czach \u00bd i 1 \u201d1\/4 i przygotowana do monta\u017cu na statywie, jest to doskona\u0142a maszyna dla tych, kt\u00f3rzy potrzebuj\u0105 mocy i zwinno\u015bci. &nbsp; &nbsp; PRCD Poziomnica Przy\u0142\u0105cze 1 \u201d1\/4 &#8211; 1\/2 &nbsp; W\u0142a\u015bciwo\u015bci techniczne Moc: 2000 W &#8211; 230 V 3 Pr\u0119dko\u015b\u0107 bez obci\u0105\u017cenia Maksymalna \u015brednica wiercenia na statywie: 160 mm 1 &#8211; 900 rpm \/ min Zdolno\u015b\u0107 wiercenia: 90 &#8211; 160 mm 2 &#8211; 1900 rpm \/ min Zdolno\u015b\u0107 wiercenia: 40 &#8211; 70 mm 3 &#8211; 3900 rpm\/min Zdolno\u015b\u0107 wiercenia: 20 &#8211; 35 mm Przy\u0142\u0105cze: 1\/2 i 1 \u201d\/ 4 Zintegrowany PRCD Waga: 5,9 Kg W dostawie: Wiertnica z akcesoriami w walizce [\/vc_column_text][\/vc_column][\/vc_row]<\/p>\n","protected":false},"author":29,"featured_media":29877,"parent":20855,"menu_order":6,"comment_status":"closed","ping_status":"closed","template":"","meta":{"ngg_post_thumbnail":0,"_joinchat":[],"footnotes":""},"class_list":["post-21036","page","type-page","status-publish","has-post-thumbnail","hentry"],"yoast_head":"<!-- This site is optimized with the Yoast SEO plugin v25.5 - https:\/\/yoast.com\/wordpress\/plugins\/seo\/ -->\n<title>Caromax 2000 Wet - Maxima SpA<\/title>\n<meta name=\"robots\" content=\"index, follow, max-snippet:-1, max-image-preview:large, max-video-preview:-1\" \/>\n<link rel=\"canonical\" href=\"https:\/\/www.maxima-dia.com\/pl\/wiertnice\/caromax-2000-wet\/\" \/>\n<meta property=\"og:locale\" content=\"pl_PL\" \/>\n<meta property=\"og:type\" content=\"article\" \/>\n<meta property=\"og:title\" content=\"Caromax 2000 Wet - Maxima SpA\" \/>\n<meta property=\"og:description\" content=\"[vc_row][vc_column text_align=&#8221;center&#8221; width=&#8221;1\/4&#8243;][vc_column_text] Wyprodukowany w certyfikat CE[\/vc_column_text][\/vc_column][vc_column width=&#8221;3\/4&#8243;][vc_column_text]Caromax 2000 Wet jest wiertnic\u0105, kt\u00f3rej&nbsp; najmocniejsz\u0105 cech\u0105 jest wszechstronno\u015b\u0107. Jest to mocna wiertnica na mokro o mocy 2000 W, i przy\u0142\u0105czach \u00bd i 1 \u201d1\/4 i przygotowana do monta\u017cu na statywie, jest to doskona\u0142a maszyna dla tych, kt\u00f3rzy potrzebuj\u0105 mocy i zwinno\u015bci. &nbsp; &nbsp; PRCD Poziomnica Przy\u0142\u0105cze 1 \u201d1\/4 &#8211; 1\/2 &nbsp; W\u0142a\u015bciwo\u015bci techniczne Moc: 2000 W &#8211; 230 V 3 Pr\u0119dko\u015b\u0107 bez obci\u0105\u017cenia Maksymalna \u015brednica wiercenia na statywie: 160 mm 1 &#8211; 900 rpm \/ min Zdolno\u015b\u0107 wiercenia: 90 &#8211; 160 mm 2 &#8211; 1900 rpm \/ min Zdolno\u015b\u0107 wiercenia: 40 &#8211; 70 mm 3 &#8211; 3900 rpm\/min Zdolno\u015b\u0107 wiercenia: 20 &#8211; 35 mm Przy\u0142\u0105cze: 1\/2 i 1 \u201d\/ 4 Zintegrowany PRCD Waga: 5,9 Kg W dostawie: Wiertnica z akcesoriami w walizce [\/vc_column_text][\/vc_column][\/vc_row]\" \/>\n<meta property=\"og:url\" content=\"https:\/\/www.maxima-dia.com\/pl\/wiertnice\/caromax-2000-wet\/\" \/>\n<meta property=\"og:site_name\" content=\"Maxima SpA\" \/>\n<meta property=\"article:publisher\" content=\"https:\/\/www.facebook.com\/Maxima-spa-106098566139597\" \/>\n<meta property=\"article:modified_time\" content=\"2021-08-02T10:03:27+00:00\" \/>\n<meta property=\"og:image\" content=\"https:\/\/www.maxima-dia.com\/wp-content\/uploads\/2021\/07\/CAROMAX2000.jpg\" \/>\n\t<meta property=\"og:image:width\" content=\"1700\" \/>\n\t<meta property=\"og:image:height\" content=\"1700\" \/>\n\t<meta property=\"og:image:type\" content=\"image\/jpeg\" \/>\n<meta name=\"twitter:card\" content=\"summary_large_image\" \/>\n<meta name=\"twitter:site\" content=\"@Maximadia\" \/>\n<meta name=\"twitter:label1\" content=\"Szacowany czas czytania\" \/>\n\t<meta name=\"twitter:data1\" content=\"2 minuty\" \/>\n<script type=\"application\/ld+json\" class=\"yoast-schema-graph\">{\"@context\":\"https:\/\/schema.org\",\"@graph\":[{\"@type\":\"WebPage\",\"@id\":\"https:\/\/www.maxima-dia.com\/pl\/wiertnice\/caromax-2000-wet\/\",\"url\":\"https:\/\/www.maxima-dia.com\/pl\/wiertnice\/caromax-2000-wet\/\",\"name\":\"Caromax 2000 Wet - Maxima SpA\",\"isPartOf\":{\"@id\":\"https:\/\/www.maxima-dia.com\/pl\/#website\"},\"primaryImageOfPage\":{\"@id\":\"https:\/\/www.maxima-dia.com\/pl\/wiertnice\/caromax-2000-wet\/#primaryimage\"},\"image\":{\"@id\":\"https:\/\/www.maxima-dia.com\/pl\/wiertnice\/caromax-2000-wet\/#primaryimage\"},\"thumbnailUrl\":\"https:\/\/www.maxima-dia.com\/wp-content\/uploads\/2021\/07\/CAROMAX2000.jpg\",\"datePublished\":\"2019-07-25T15:52:56+00:00\",\"dateModified\":\"2021-08-02T10:03:27+00:00\",\"breadcrumb\":{\"@id\":\"https:\/\/www.maxima-dia.com\/pl\/wiertnice\/caromax-2000-wet\/#breadcrumb\"},\"inLanguage\":\"pl-PL\",\"potentialAction\":[{\"@type\":\"ReadAction\",\"target\":[\"https:\/\/www.maxima-dia.com\/pl\/wiertnice\/caromax-2000-wet\/\"]}]},{\"@type\":\"ImageObject\",\"inLanguage\":\"pl-PL\",\"@id\":\"https:\/\/www.maxima-dia.com\/pl\/wiertnice\/caromax-2000-wet\/#primaryimage\",\"url\":\"https:\/\/www.maxima-dia.com\/wp-content\/uploads\/2021\/07\/CAROMAX2000.jpg\",\"contentUrl\":\"https:\/\/www.maxima-dia.com\/wp-content\/uploads\/2021\/07\/CAROMAX2000.jpg\",\"width\":1700,\"height\":1700,\"caption\":\"CAROMAX 2000\"},{\"@type\":\"BreadcrumbList\",\"@id\":\"https:\/\/www.maxima-dia.com\/pl\/wiertnice\/caromax-2000-wet\/#breadcrumb\",\"itemListElement\":[{\"@type\":\"ListItem\",\"position\":1,\"name\":\"Home\",\"item\":\"https:\/\/www.maxima-dia.com\/pl\/\"},{\"@type\":\"ListItem\",\"position\":2,\"name\":\"Wiertnice\",\"item\":\"https:\/\/www.maxima-dia.com\/pl\/wiertnice\/\"},{\"@type\":\"ListItem\",\"position\":3,\"name\":\"Caromax 2000 Wet\"}]},{\"@type\":\"WebSite\",\"@id\":\"https:\/\/www.maxima-dia.com\/pl\/#website\",\"url\":\"https:\/\/www.maxima-dia.com\/pl\/\",\"name\":\"Maxima SpA\",\"description\":\"Only for the real professionals\",\"potentialAction\":[{\"@type\":\"SearchAction\",\"target\":{\"@type\":\"EntryPoint\",\"urlTemplate\":\"https:\/\/www.maxima-dia.com\/pl\/?s={search_term_string}\"},\"query-input\":{\"@type\":\"PropertyValueSpecification\",\"valueRequired\":true,\"valueName\":\"search_term_string\"}}],\"inLanguage\":\"pl-PL\"}]}<\/script>\n<!-- \/ Yoast SEO plugin. -->","yoast_head_json":{"title":"Caromax 2000 Wet - Maxima SpA","robots":{"index":"index","follow":"follow","max-snippet":"max-snippet:-1","max-image-preview":"max-image-preview:large","max-video-preview":"max-video-preview:-1"},"canonical":"https:\/\/www.maxima-dia.com\/pl\/wiertnice\/caromax-2000-wet\/","og_locale":"pl_PL","og_type":"article","og_title":"Caromax 2000 Wet - Maxima SpA","og_description":"[vc_row][vc_column text_align=&#8221;center&#8221; width=&#8221;1\/4&#8243;][vc_column_text] Wyprodukowany w certyfikat CE[\/vc_column_text][\/vc_column][vc_column width=&#8221;3\/4&#8243;][vc_column_text]Caromax 2000 Wet jest wiertnic\u0105, kt\u00f3rej&nbsp; najmocniejsz\u0105 cech\u0105 jest wszechstronno\u015b\u0107. Jest to mocna wiertnica na mokro o mocy 2000 W, i przy\u0142\u0105czach \u00bd i 1 \u201d1\/4 i przygotowana do monta\u017cu na statywie, jest to doskona\u0142a maszyna dla tych, kt\u00f3rzy potrzebuj\u0105 mocy i zwinno\u015bci. &nbsp; &nbsp; PRCD Poziomnica Przy\u0142\u0105cze 1 \u201d1\/4 &#8211; 1\/2 &nbsp; W\u0142a\u015bciwo\u015bci techniczne Moc: 2000 W &#8211; 230 V 3 Pr\u0119dko\u015b\u0107 bez obci\u0105\u017cenia Maksymalna \u015brednica wiercenia na statywie: 160 mm 1 &#8211; 900 rpm \/ min Zdolno\u015b\u0107 wiercenia: 90 &#8211; 160 mm 2 &#8211; 1900 rpm \/ min Zdolno\u015b\u0107 wiercenia: 40 &#8211; 70 mm 3 &#8211; 3900 rpm\/min Zdolno\u015b\u0107 wiercenia: 20 &#8211; 35 mm Przy\u0142\u0105cze: 1\/2 i 1 \u201d\/ 4 Zintegrowany PRCD Waga: 5,9 Kg W dostawie: Wiertnica z akcesoriami w walizce [\/vc_column_text][\/vc_column][\/vc_row]","og_url":"https:\/\/www.maxima-dia.com\/pl\/wiertnice\/caromax-2000-wet\/","og_site_name":"Maxima SpA","article_publisher":"https:\/\/www.facebook.com\/Maxima-spa-106098566139597","article_modified_time":"2021-08-02T10:03:27+00:00","og_image":[{"width":1700,"height":1700,"url":"https:\/\/www.maxima-dia.com\/wp-content\/uploads\/2021\/07\/CAROMAX2000.jpg","type":"image\/jpeg"}],"twitter_card":"summary_large_image","twitter_site":"@Maximadia","twitter_misc":{"Szacowany czas czytania":"2 minuty"},"schema":{"@context":"https:\/\/schema.org","@graph":[{"@type":"WebPage","@id":"https:\/\/www.maxima-dia.com\/pl\/wiertnice\/caromax-2000-wet\/","url":"https:\/\/www.maxima-dia.com\/pl\/wiertnice\/caromax-2000-wet\/","name":"Caromax 2000 Wet - Maxima SpA","isPartOf":{"@id":"https:\/\/www.maxima-dia.com\/pl\/#website"},"primaryImageOfPage":{"@id":"https:\/\/www.maxima-dia.com\/pl\/wiertnice\/caromax-2000-wet\/#primaryimage"},"image":{"@id":"https:\/\/www.maxima-dia.com\/pl\/wiertnice\/caromax-2000-wet\/#primaryimage"},"thumbnailUrl":"https:\/\/www.maxima-dia.com\/wp-content\/uploads\/2021\/07\/CAROMAX2000.jpg","datePublished":"2019-07-25T15:52:56+00:00","dateModified":"2021-08-02T10:03:27+00:00","breadcrumb":{"@id":"https:\/\/www.maxima-dia.com\/pl\/wiertnice\/caromax-2000-wet\/#breadcrumb"},"inLanguage":"pl-PL","potentialAction":[{"@type":"ReadAction","target":["https:\/\/www.maxima-dia.com\/pl\/wiertnice\/caromax-2000-wet\/"]}]},{"@type":"ImageObject","inLanguage":"pl-PL","@id":"https:\/\/www.maxima-dia.com\/pl\/wiertnice\/caromax-2000-wet\/#primaryimage","url":"https:\/\/www.maxima-dia.com\/wp-content\/uploads\/2021\/07\/CAROMAX2000.jpg","contentUrl":"https:\/\/www.maxima-dia.com\/wp-content\/uploads\/2021\/07\/CAROMAX2000.jpg","width":1700,"height":1700,"caption":"CAROMAX 2000"},{"@type":"BreadcrumbList","@id":"https:\/\/www.maxima-dia.com\/pl\/wiertnice\/caromax-2000-wet\/#breadcrumb","itemListElement":[{"@type":"ListItem","position":1,"name":"Home","item":"https:\/\/www.maxima-dia.com\/pl\/"},{"@type":"ListItem","position":2,"name":"Wiertnice","item":"https:\/\/www.maxima-dia.com\/pl\/wiertnice\/"},{"@type":"ListItem","position":3,"name":"Caromax 2000 Wet"}]},{"@type":"WebSite","@id":"https:\/\/www.maxima-dia.com\/pl\/#website","url":"https:\/\/www.maxima-dia.com\/pl\/","name":"Maxima SpA","description":"Only for the real professionals","potentialAction":[{"@type":"SearchAction","target":{"@type":"EntryPoint","urlTemplate":"https:\/\/www.maxima-dia.com\/pl\/?s={search_term_string}"},"query-input":{"@type":"PropertyValueSpecification","valueRequired":true,"valueName":"search_term_string"}}],"inLanguage":"pl-PL"}]}},"_links":{"self":[{"href":"https:\/\/www.maxima-dia.com\/pl\/wp-json\/wp\/v2\/pages\/21036"}],"collection":[{"href":"https:\/\/www.maxima-dia.com\/pl\/wp-json\/wp\/v2\/pages"}],"about":[{"href":"https:\/\/www.maxima-dia.com\/pl\/wp-json\/wp\/v2\/types\/page"}],"author":[{"embeddable":true,"href":"https:\/\/www.maxima-dia.com\/pl\/wp-json\/wp\/v2\/users\/29"}],"replies":[{"embeddable":true,"href":"https:\/\/www.maxima-dia.com\/pl\/wp-json\/wp\/v2\/comments?post=21036"}],"version-history":[{"count":0,"href":"https:\/\/www.maxima-dia.com\/pl\/wp-json\/wp\/v2\/pages\/21036\/revisions"}],"up":[{"embeddable":true,"href":"https:\/\/www.maxima-dia.com\/pl\/wp-json\/wp\/v2\/pages\/20855"}],"wp:featuredmedia":[{"embeddable":true,"href":"https:\/\/www.maxima-dia.com\/pl\/wp-json\/wp\/v2\/media\/29877"}],"wp:attachment":[{"href":"https:\/\/www.maxima-dia.com\/pl\/wp-json\/wp\/v2\/media?parent=21036"}],"curies":[{"name":"wp","href":"https:\/\/api.w.org\/{rel}","templated":true}]}}