{"id":21055,"date":"2019-07-26T11:23:01","date_gmt":"2019-07-26T09:23:01","guid":{"rendered":"https:\/\/www.maxima-dia.com\/?page_id=21055"},"modified":"2021-08-02T12:03:33","modified_gmt":"2021-08-02T10:03:33","slug":"caromax-400","status":"publish","type":"page","link":"https:\/\/www.maxima-dia.com\/pl\/wiertnice\/caromax-400\/","title":{"rendered":"Caromax 400"},"content":{"rendered":"<div class=\"wpb-content-wrapper\"><p>[vc_row][vc_column text_align=&#8221;center&#8221; width=&#8221;1\/4&#8243;][vc_column_text]<a href=\"\/wp-content\/uploads\/2017\/02\/caromax-400.jpg\"><img loading=\"lazy\" decoding=\"async\" class=\"alignnone size-thumbnail wp-image-13692\" src=\"\/wp-content\/uploads\/2017\/02\/caromax-400-150x150.jpg\" alt=\"CAROMAX 400\" width=\"150\" height=\"150\" srcset=\"https:\/\/www.maxima-dia.com\/wp-content\/uploads\/2017\/02\/caromax-400-150x150.jpg 150w, https:\/\/www.maxima-dia.com\/wp-content\/uploads\/2017\/02\/caromax-400-300x300.jpg 300w, https:\/\/www.maxima-dia.com\/wp-content\/uploads\/2017\/02\/caromax-400-768x768.jpg 768w, https:\/\/www.maxima-dia.com\/wp-content\/uploads\/2017\/02\/caromax-400-1024x1024.jpg 1024w, https:\/\/www.maxima-dia.com\/wp-content\/uploads\/2017\/02\/caromax-400-80x80.jpg 80w, https:\/\/www.maxima-dia.com\/wp-content\/uploads\/2017\/02\/caromax-400-500x500.jpg 500w, https:\/\/www.maxima-dia.com\/wp-content\/uploads\/2017\/02\/caromax-400-1000x1000.jpg 1000w, https:\/\/www.maxima-dia.com\/wp-content\/uploads\/2017\/02\/caromax-400.jpg 1200w\" sizes=\"(max-width: 150px) 100vw, 150px\" \/><\/a><\/p>\n<p><span style=\"font-family: arial,helvetica,sans-serif;\">Wyprodukowany w <img loading=\"lazy\" decoding=\"async\" src=\"\/wp-content\/uploads\/2013\/11\/eu.png\" alt=\"eu\" width=\"24\" height=\"16\"><br \/>\ncertyfikat CE<\/span>[\/vc_column_text][\/vc_column][vc_column width=&#8221;3\/4&#8243;][vc_column_text]Jak sama nazwa wskazuje, <strong>Caromax 400<\/strong> ma maksymaln\u0105 \u015brednic\u0119 wiercenia 400 mm. Nap\u0119d to 3200 W CWEK32. Idealny do prac o du\u017cej \u015brednicy w sektorze budowlanym; jego pr\u0119dko\u015b\u0107 obrotowa jest mniej odpowiednia dla \u015brednic mniejszych ni\u017c 80 mm. Nie nadaje si\u0119 do mocowania za pomoc\u0105 pomp pr\u00f3\u017cniowych.<\/p>\n<table class=\"tabellafotocarotaggio\" style=\"width: 100%;\">\n<tbody>\n<tr>\n<td style=\"width: 33%; text-align: center;\"><a href=\"\/wp-content\/uploads\/2017\/02\/caromax-400-1.jpg\"><img loading=\"lazy\" decoding=\"async\" class=\"alignnone wp-image-13689 size-thumbnail\" src=\"\/wp-content\/uploads\/2017\/02\/caromax-400-1-150x150.jpg\" width=\"150\" height=\"150\" srcset=\"https:\/\/www.maxima-dia.com\/wp-content\/uploads\/2017\/02\/caromax-400-1-150x150.jpg 150w, https:\/\/www.maxima-dia.com\/wp-content\/uploads\/2017\/02\/caromax-400-1-80x80.jpg 80w, https:\/\/www.maxima-dia.com\/wp-content\/uploads\/2017\/02\/caromax-400-1-500x500.jpg 500w, https:\/\/www.maxima-dia.com\/wp-content\/uploads\/2017\/02\/caromax-400-1-1000x1000.jpg 1000w\" sizes=\"(max-width: 150px) 100vw, 150px\" \/><\/a><\/td>\n<td style=\"width: 33%; text-align: center;\"><a href=\"\/wp-content\/uploads\/2017\/02\/caromax-400-2.jpg\"><img loading=\"lazy\" decoding=\"async\" class=\"alignnone wp-image-13690 size-thumbnail\" src=\"\/wp-content\/uploads\/2017\/02\/caromax-400-2-150x150.jpg\" width=\"150\" height=\"150\" srcset=\"https:\/\/www.maxima-dia.com\/wp-content\/uploads\/2017\/02\/caromax-400-2-150x150.jpg 150w, https:\/\/www.maxima-dia.com\/wp-content\/uploads\/2017\/02\/caromax-400-2-80x80.jpg 80w, https:\/\/www.maxima-dia.com\/wp-content\/uploads\/2017\/02\/caromax-400-2-500x500.jpg 500w, https:\/\/www.maxima-dia.com\/wp-content\/uploads\/2017\/02\/caromax-400-2-1000x1000.jpg 1000w\" sizes=\"(max-width: 150px) 100vw, 150px\" \/><\/a><\/td>\n<td style=\"width: 33%; text-align: center;\"><a href=\"\/wp-content\/uploads\/2017\/02\/caromax-400-3.jpg\"><img loading=\"lazy\" decoding=\"async\" class=\"alignnone wp-image-13691 size-thumbnail\" src=\"\/wp-content\/uploads\/2017\/02\/caromax-400-3-150x150.jpg\" width=\"150\" height=\"150\" srcset=\"https:\/\/www.maxima-dia.com\/wp-content\/uploads\/2017\/02\/caromax-400-3-150x150.jpg 150w, https:\/\/www.maxima-dia.com\/wp-content\/uploads\/2017\/02\/caromax-400-3-80x80.jpg 80w, https:\/\/www.maxima-dia.com\/wp-content\/uploads\/2017\/02\/caromax-400-3-500x500.jpg 500w\" sizes=\"(max-width: 150px) 100vw, 150px\" \/><\/a><\/td>\n<\/tr>\n<\/tbody>\n<\/table>\n<p>&nbsp;<\/p>\n<table class=\"tabellatecnica\" style=\"width: 100%; height: 190px;\" border=\"0\" cellspacing=\"0\" cellpadding=\"0\">\n<thead>\n<tr style=\"height: 24px;\">\n<td class=\"testata\" style=\"height: 24px; width: 100%;\" colspan=\"2\">W\u0142a\u015bciwo\u015bci techniczne<\/td>\n<\/tr>\n<\/thead>\n<tbody>\n<tr style=\"height: 24px;\">\n<td class=\"coltesto1\" style=\"width: 50%; height: 24px;\">Wiercenie na mokro 3200 W &#8211; 230 V<\/td>\n<td class=\"coltesto1\" style=\"width: 50%; height: 24px;\">3 pr\u0119dko\u015b\u0107 bez obci\u0105\u017cenia:<\/td>\n<\/tr>\n<tr style=\"height: 35px;\">\n<td class=\"coltesto1\" style=\"width: 50%; height: 35px;\">Maksymalna \u015brednica wiercenia: 400 mm<\/td>\n<td class=\"coltesto1\" style=\"width: 50%; height: 70px;\" rowspan=\"2\">1-420 rpm Zdolno\u015b\u0107 wiercenia: 165 &#8211; 350 mm<br \/>\n2-820 rpm Zdolno\u015b\u0107 wiercenia: 80-160 mm<br \/>\n3-1250 rpm Zdolno\u015b\u0107 wiercenia: 55-105 mm<\/td>\n<\/tr>\n<tr style=\"height: 35px;\">\n<td class=\"coltesto2\" style=\"width: 50%; height: 35px;\">Skok pracy: 500 mm &#8211; Wysoko\u015b\u0107 kolumny: 980 mm<\/td>\n<\/tr>\n<tr style=\"height: 24px;\">\n<td class=\"coltesto2\" style=\"width: 50%; height: 24px;\">Przy\u0142\u0105cze: 1 \u201d1\/4<\/td>\n<td class=\"coltesto2\" style=\"width: 50%; height: 24px;\">Double mechanical feeding of the trolley: 1:1 and 1:2<\/td>\n<\/tr>\n<tr style=\"height: 24px;\">\n<td class=\"coltesto2\" style=\"width: 50%; height: 24px;\">Uchylny pod k\u0105tem 45 \u00b0<\/td>\n<td class=\"coltesto2\" style=\"width: 50%; height: 24px;\">Waga statywu: 19 Kg<\/td>\n<\/tr>\n<tr style=\"height: 24px;\">\n<td class=\"coltesto2\" style=\"width: 50%; height: 24px;\">Szybkie zwolnienie nap\u0119du<\/td>\n<td class=\"coltesto2\" style=\"width: 50%; height: 24px;\">Masa silnika: 11.9 Kg<\/td>\n<\/tr>\n<\/tbody>\n<\/table>\n<p>&nbsp;[\/vc_column_text][\/vc_column][\/vc_row]<\/p>\n<\/div>","protected":false},"excerpt":{"rendered":"<p>[vc_row][vc_column text_align=&#8221;center&#8221; width=&#8221;1\/4&#8243;][vc_column_text] Wyprodukowany w certyfikat CE[\/vc_column_text][\/vc_column][vc_column width=&#8221;3\/4&#8243;][vc_column_text]Jak sama nazwa wskazuje, Caromax 400 ma maksymaln\u0105 \u015brednic\u0119 wiercenia 400 mm. Nap\u0119d to 3200 W CWEK32. Idealny do prac o du\u017cej \u015brednicy w sektorze budowlanym; jego pr\u0119dko\u015b\u0107 obrotowa jest mniej odpowiednia dla \u015brednic mniejszych ni\u017c 80 mm. Nie nadaje si\u0119 do mocowania za pomoc\u0105 pomp pr\u00f3\u017cniowych. &nbsp; W\u0142a\u015bciwo\u015bci techniczne Wiercenie na mokro 3200 W &#8211; 230 V 3 pr\u0119dko\u015b\u0107 bez obci\u0105\u017cenia: Maksymalna \u015brednica wiercenia: 400 mm 1-420 rpm Zdolno\u015b\u0107 wiercenia: 165 &#8211; 350 mm 2-820 rpm Zdolno\u015b\u0107 wiercenia: 80-160 mm 3-1250 rpm Zdolno\u015b\u0107 wiercenia: 55-105 mm Skok pracy: 500 mm &#8211; Wysoko\u015b\u0107 kolumny: 980 mm Przy\u0142\u0105cze: 1 \u201d1\/4 Double mechanical feeding of the trolley: 1:1 and 1:2 Uchylny pod k\u0105tem 45 \u00b0 Waga statywu: 19 Kg Szybkie zwolnienie nap\u0119du Masa silnika: 11.9 Kg &nbsp;[\/vc_column_text][\/vc_column][\/vc_row]<\/p>\n","protected":false},"author":29,"featured_media":21056,"parent":20855,"menu_order":14,"comment_status":"closed","ping_status":"closed","template":"","meta":{"ngg_post_thumbnail":0,"_joinchat":[],"footnotes":""},"class_list":["post-21055","page","type-page","status-publish","has-post-thumbnail","hentry"],"yoast_head":"<!-- This site is optimized with the Yoast SEO plugin v25.5 - https:\/\/yoast.com\/wordpress\/plugins\/seo\/ -->\n<title>Caromax 400 - Maxima SpA<\/title>\n<meta name=\"robots\" content=\"index, follow, max-snippet:-1, max-image-preview:large, max-video-preview:-1\" \/>\n<link rel=\"canonical\" href=\"https:\/\/www.maxima-dia.com\/pl\/wiertnice\/caromax-400\/\" \/>\n<meta property=\"og:locale\" content=\"pl_PL\" \/>\n<meta property=\"og:type\" content=\"article\" \/>\n<meta property=\"og:title\" content=\"Caromax 400 - Maxima SpA\" \/>\n<meta property=\"og:description\" content=\"[vc_row][vc_column text_align=&#8221;center&#8221; width=&#8221;1\/4&#8243;][vc_column_text] Wyprodukowany w certyfikat CE[\/vc_column_text][\/vc_column][vc_column width=&#8221;3\/4&#8243;][vc_column_text]Jak sama nazwa wskazuje, Caromax 400 ma maksymaln\u0105 \u015brednic\u0119 wiercenia 400 mm. Nap\u0119d to 3200 W CWEK32. Idealny do prac o du\u017cej \u015brednicy w sektorze budowlanym; jego pr\u0119dko\u015b\u0107 obrotowa jest mniej odpowiednia dla \u015brednic mniejszych ni\u017c 80 mm. Nie nadaje si\u0119 do mocowania za pomoc\u0105 pomp pr\u00f3\u017cniowych. &nbsp; W\u0142a\u015bciwo\u015bci techniczne Wiercenie na mokro 3200 W &#8211; 230 V 3 pr\u0119dko\u015b\u0107 bez obci\u0105\u017cenia: Maksymalna \u015brednica wiercenia: 400 mm 1-420 rpm Zdolno\u015b\u0107 wiercenia: 165 &#8211; 350 mm 2-820 rpm Zdolno\u015b\u0107 wiercenia: 80-160 mm 3-1250 rpm Zdolno\u015b\u0107 wiercenia: 55-105 mm Skok pracy: 500 mm &#8211; Wysoko\u015b\u0107 kolumny: 980 mm Przy\u0142\u0105cze: 1 \u201d1\/4 Double mechanical feeding of the trolley: 1:1 and 1:2 Uchylny pod k\u0105tem 45 \u00b0 Waga statywu: 19 Kg Szybkie zwolnienie nap\u0119du Masa silnika: 11.9 Kg &nbsp;[\/vc_column_text][\/vc_column][\/vc_row]\" \/>\n<meta property=\"og:url\" content=\"https:\/\/www.maxima-dia.com\/pl\/wiertnice\/caromax-400\/\" \/>\n<meta property=\"og:site_name\" content=\"Maxima SpA\" \/>\n<meta property=\"article:publisher\" content=\"https:\/\/www.facebook.com\/Maxima-spa-106098566139597\" \/>\n<meta property=\"article:modified_time\" content=\"2021-08-02T10:03:33+00:00\" \/>\n<meta property=\"og:image\" content=\"https:\/\/www.maxima-dia.com\/wp-content\/uploads\/2017\/02\/caromax-400.jpg\" \/>\n\t<meta property=\"og:image:width\" content=\"1200\" \/>\n\t<meta property=\"og:image:height\" content=\"1200\" \/>\n\t<meta property=\"og:image:type\" content=\"image\/jpeg\" \/>\n<meta name=\"twitter:card\" content=\"summary_large_image\" \/>\n<meta name=\"twitter:site\" content=\"@Maximadia\" \/>\n<meta name=\"twitter:label1\" content=\"Szacowany czas czytania\" \/>\n\t<meta name=\"twitter:data1\" content=\"1 minuta\" \/>\n<script type=\"application\/ld+json\" class=\"yoast-schema-graph\">{\"@context\":\"https:\/\/schema.org\",\"@graph\":[{\"@type\":\"WebPage\",\"@id\":\"https:\/\/www.maxima-dia.com\/pl\/wiertnice\/caromax-400\/\",\"url\":\"https:\/\/www.maxima-dia.com\/pl\/wiertnice\/caromax-400\/\",\"name\":\"Caromax 400 - Maxima SpA\",\"isPartOf\":{\"@id\":\"https:\/\/www.maxima-dia.com\/pl\/#website\"},\"primaryImageOfPage\":{\"@id\":\"https:\/\/www.maxima-dia.com\/pl\/wiertnice\/caromax-400\/#primaryimage\"},\"image\":{\"@id\":\"https:\/\/www.maxima-dia.com\/pl\/wiertnice\/caromax-400\/#primaryimage\"},\"thumbnailUrl\":\"https:\/\/www.maxima-dia.com\/wp-content\/uploads\/2017\/02\/caromax-400.jpg\",\"datePublished\":\"2019-07-26T09:23:01+00:00\",\"dateModified\":\"2021-08-02T10:03:33+00:00\",\"breadcrumb\":{\"@id\":\"https:\/\/www.maxima-dia.com\/pl\/wiertnice\/caromax-400\/#breadcrumb\"},\"inLanguage\":\"pl-PL\",\"potentialAction\":[{\"@type\":\"ReadAction\",\"target\":[\"https:\/\/www.maxima-dia.com\/pl\/wiertnice\/caromax-400\/\"]}]},{\"@type\":\"ImageObject\",\"inLanguage\":\"pl-PL\",\"@id\":\"https:\/\/www.maxima-dia.com\/pl\/wiertnice\/caromax-400\/#primaryimage\",\"url\":\"https:\/\/www.maxima-dia.com\/wp-content\/uploads\/2017\/02\/caromax-400.jpg\",\"contentUrl\":\"https:\/\/www.maxima-dia.com\/wp-content\/uploads\/2017\/02\/caromax-400.jpg\",\"width\":1200,\"height\":1200},{\"@type\":\"BreadcrumbList\",\"@id\":\"https:\/\/www.maxima-dia.com\/pl\/wiertnice\/caromax-400\/#breadcrumb\",\"itemListElement\":[{\"@type\":\"ListItem\",\"position\":1,\"name\":\"Home\",\"item\":\"https:\/\/www.maxima-dia.com\/pl\/\"},{\"@type\":\"ListItem\",\"position\":2,\"name\":\"Wiertnice\",\"item\":\"https:\/\/www.maxima-dia.com\/pl\/wiertnice\/\"},{\"@type\":\"ListItem\",\"position\":3,\"name\":\"Caromax 400\"}]},{\"@type\":\"WebSite\",\"@id\":\"https:\/\/www.maxima-dia.com\/pl\/#website\",\"url\":\"https:\/\/www.maxima-dia.com\/pl\/\",\"name\":\"Maxima SpA\",\"description\":\"Only for the real professionals\",\"potentialAction\":[{\"@type\":\"SearchAction\",\"target\":{\"@type\":\"EntryPoint\",\"urlTemplate\":\"https:\/\/www.maxima-dia.com\/pl\/?s={search_term_string}\"},\"query-input\":{\"@type\":\"PropertyValueSpecification\",\"valueRequired\":true,\"valueName\":\"search_term_string\"}}],\"inLanguage\":\"pl-PL\"}]}<\/script>\n<!-- \/ Yoast SEO plugin. -->","yoast_head_json":{"title":"Caromax 400 - Maxima SpA","robots":{"index":"index","follow":"follow","max-snippet":"max-snippet:-1","max-image-preview":"max-image-preview:large","max-video-preview":"max-video-preview:-1"},"canonical":"https:\/\/www.maxima-dia.com\/pl\/wiertnice\/caromax-400\/","og_locale":"pl_PL","og_type":"article","og_title":"Caromax 400 - Maxima SpA","og_description":"[vc_row][vc_column text_align=&#8221;center&#8221; width=&#8221;1\/4&#8243;][vc_column_text] Wyprodukowany w certyfikat CE[\/vc_column_text][\/vc_column][vc_column width=&#8221;3\/4&#8243;][vc_column_text]Jak sama nazwa wskazuje, Caromax 400 ma maksymaln\u0105 \u015brednic\u0119 wiercenia 400 mm. Nap\u0119d to 3200 W CWEK32. Idealny do prac o du\u017cej \u015brednicy w sektorze budowlanym; jego pr\u0119dko\u015b\u0107 obrotowa jest mniej odpowiednia dla \u015brednic mniejszych ni\u017c 80 mm. Nie nadaje si\u0119 do mocowania za pomoc\u0105 pomp pr\u00f3\u017cniowych. &nbsp; W\u0142a\u015bciwo\u015bci techniczne Wiercenie na mokro 3200 W &#8211; 230 V 3 pr\u0119dko\u015b\u0107 bez obci\u0105\u017cenia: Maksymalna \u015brednica wiercenia: 400 mm 1-420 rpm Zdolno\u015b\u0107 wiercenia: 165 &#8211; 350 mm 2-820 rpm Zdolno\u015b\u0107 wiercenia: 80-160 mm 3-1250 rpm Zdolno\u015b\u0107 wiercenia: 55-105 mm Skok pracy: 500 mm &#8211; Wysoko\u015b\u0107 kolumny: 980 mm Przy\u0142\u0105cze: 1 \u201d1\/4 Double mechanical feeding of the trolley: 1:1 and 1:2 Uchylny pod k\u0105tem 45 \u00b0 Waga statywu: 19 Kg Szybkie zwolnienie nap\u0119du Masa silnika: 11.9 Kg &nbsp;[\/vc_column_text][\/vc_column][\/vc_row]","og_url":"https:\/\/www.maxima-dia.com\/pl\/wiertnice\/caromax-400\/","og_site_name":"Maxima SpA","article_publisher":"https:\/\/www.facebook.com\/Maxima-spa-106098566139597","article_modified_time":"2021-08-02T10:03:33+00:00","og_image":[{"width":1200,"height":1200,"url":"https:\/\/www.maxima-dia.com\/wp-content\/uploads\/2017\/02\/caromax-400.jpg","type":"image\/jpeg"}],"twitter_card":"summary_large_image","twitter_site":"@Maximadia","twitter_misc":{"Szacowany czas czytania":"1 minuta"},"schema":{"@context":"https:\/\/schema.org","@graph":[{"@type":"WebPage","@id":"https:\/\/www.maxima-dia.com\/pl\/wiertnice\/caromax-400\/","url":"https:\/\/www.maxima-dia.com\/pl\/wiertnice\/caromax-400\/","name":"Caromax 400 - Maxima SpA","isPartOf":{"@id":"https:\/\/www.maxima-dia.com\/pl\/#website"},"primaryImageOfPage":{"@id":"https:\/\/www.maxima-dia.com\/pl\/wiertnice\/caromax-400\/#primaryimage"},"image":{"@id":"https:\/\/www.maxima-dia.com\/pl\/wiertnice\/caromax-400\/#primaryimage"},"thumbnailUrl":"https:\/\/www.maxima-dia.com\/wp-content\/uploads\/2017\/02\/caromax-400.jpg","datePublished":"2019-07-26T09:23:01+00:00","dateModified":"2021-08-02T10:03:33+00:00","breadcrumb":{"@id":"https:\/\/www.maxima-dia.com\/pl\/wiertnice\/caromax-400\/#breadcrumb"},"inLanguage":"pl-PL","potentialAction":[{"@type":"ReadAction","target":["https:\/\/www.maxima-dia.com\/pl\/wiertnice\/caromax-400\/"]}]},{"@type":"ImageObject","inLanguage":"pl-PL","@id":"https:\/\/www.maxima-dia.com\/pl\/wiertnice\/caromax-400\/#primaryimage","url":"https:\/\/www.maxima-dia.com\/wp-content\/uploads\/2017\/02\/caromax-400.jpg","contentUrl":"https:\/\/www.maxima-dia.com\/wp-content\/uploads\/2017\/02\/caromax-400.jpg","width":1200,"height":1200},{"@type":"BreadcrumbList","@id":"https:\/\/www.maxima-dia.com\/pl\/wiertnice\/caromax-400\/#breadcrumb","itemListElement":[{"@type":"ListItem","position":1,"name":"Home","item":"https:\/\/www.maxima-dia.com\/pl\/"},{"@type":"ListItem","position":2,"name":"Wiertnice","item":"https:\/\/www.maxima-dia.com\/pl\/wiertnice\/"},{"@type":"ListItem","position":3,"name":"Caromax 400"}]},{"@type":"WebSite","@id":"https:\/\/www.maxima-dia.com\/pl\/#website","url":"https:\/\/www.maxima-dia.com\/pl\/","name":"Maxima SpA","description":"Only for the real professionals","potentialAction":[{"@type":"SearchAction","target":{"@type":"EntryPoint","urlTemplate":"https:\/\/www.maxima-dia.com\/pl\/?s={search_term_string}"},"query-input":{"@type":"PropertyValueSpecification","valueRequired":true,"valueName":"search_term_string"}}],"inLanguage":"pl-PL"}]}},"_links":{"self":[{"href":"https:\/\/www.maxima-dia.com\/pl\/wp-json\/wp\/v2\/pages\/21055"}],"collection":[{"href":"https:\/\/www.maxima-dia.com\/pl\/wp-json\/wp\/v2\/pages"}],"about":[{"href":"https:\/\/www.maxima-dia.com\/pl\/wp-json\/wp\/v2\/types\/page"}],"author":[{"embeddable":true,"href":"https:\/\/www.maxima-dia.com\/pl\/wp-json\/wp\/v2\/users\/29"}],"replies":[{"embeddable":true,"href":"https:\/\/www.maxima-dia.com\/pl\/wp-json\/wp\/v2\/comments?post=21055"}],"version-history":[{"count":0,"href":"https:\/\/www.maxima-dia.com\/pl\/wp-json\/wp\/v2\/pages\/21055\/revisions"}],"up":[{"embeddable":true,"href":"https:\/\/www.maxima-dia.com\/pl\/wp-json\/wp\/v2\/pages\/20855"}],"wp:featuredmedia":[{"embeddable":true,"href":"https:\/\/www.maxima-dia.com\/pl\/wp-json\/wp\/v2\/media\/21056"}],"wp:attachment":[{"href":"https:\/\/www.maxima-dia.com\/pl\/wp-json\/wp\/v2\/media?parent=21055"}],"curies":[{"name":"wp","href":"https:\/\/api.w.org\/{rel}","templated":true}]}}