{"id":21060,"date":"2019-07-26T11:58:46","date_gmt":"2019-07-26T09:58:46","guid":{"rendered":"https:\/\/www.maxima-dia.com\/?page_id=21060"},"modified":"2021-08-02T12:21:04","modified_gmt":"2021-08-02T10:21:04","slug":"caromax-500","status":"publish","type":"page","link":"https:\/\/www.maxima-dia.com\/pl\/wiertnice\/caromax-500\/","title":{"rendered":"Caromax 500"},"content":{"rendered":"<div class=\"wpb-content-wrapper\"><p>[vc_row][vc_column text_align=&#8221;center&#8221; width=&#8221;1\/4&#8243;][vc_column_text]<a href=\"\/wp-content\/uploads\/2017\/02\/caromax-500.jpg\"><img loading=\"lazy\" decoding=\"async\" class=\"alignnone size-thumbnail wp-image-13694\" src=\"\/wp-content\/uploads\/2017\/02\/caromax-500-150x150.jpg\" alt=\"CAROMAX 500\" width=\"150\" height=\"150\" srcset=\"https:\/\/www.maxima-dia.com\/wp-content\/uploads\/2017\/02\/caromax-500-150x150.jpg 150w, https:\/\/www.maxima-dia.com\/wp-content\/uploads\/2017\/02\/caromax-500-300x300.jpg 300w, https:\/\/www.maxima-dia.com\/wp-content\/uploads\/2017\/02\/caromax-500-768x768.jpg 768w, https:\/\/www.maxima-dia.com\/wp-content\/uploads\/2017\/02\/caromax-500-1024x1024.jpg 1024w, https:\/\/www.maxima-dia.com\/wp-content\/uploads\/2017\/02\/caromax-500-80x80.jpg 80w, https:\/\/www.maxima-dia.com\/wp-content\/uploads\/2017\/02\/caromax-500-500x500.jpg 500w, https:\/\/www.maxima-dia.com\/wp-content\/uploads\/2017\/02\/caromax-500-1000x1000.jpg 1000w, https:\/\/www.maxima-dia.com\/wp-content\/uploads\/2017\/02\/caromax-500.jpg 1200w\" sizes=\"(max-width: 150px) 100vw, 150px\" \/><\/a><\/p>\n<p>Wyprodukowany w <img loading=\"lazy\" decoding=\"async\" src=\"\/wp-content\/uploads\/2013\/11\/eu.png\" alt=\"eu\" width=\"24\" height=\"16\"><br \/>\ncertyfikat CE[\/vc_column_text][\/vc_column][vc_column width=&#8221;3\/4&#8243;][vc_column_text]Jest to idealny system wiercenia, gdy konieczne jest wykonanie otwor\u00f3w o du\u017cej \u015brednicy, st\u0105d zastosowanie maszyn o wysokich mocach nominalnych. <strong>Caromax 500<\/strong> sk\u0142ada si\u0119 z nap\u0119du tr\u00f3jfazowego 6000 W i <strong>statywu 500<\/strong> do mocowania tylko za pomoc\u0105 specjalnych doskona\u0142ych \u015brub kotwi\u0105cych &#8211; mo\u017ce on wierci\u0107 do \u015brednicy 500 mm. Statyw mo\u017ce by\u0107 pochylony maksymalnie do 45 \u00b0.<\/p>\n<p><strong>Funkcje:<\/strong><br \/>\nStalowy statyw<br \/>\n\u0141o\u017cyska stalowe<\/p>\n<table class=\"tabellafotocarotaggio\" style=\"width: 100%;\">\n<tbody>\n<tr>\n<td style=\"text-align: center;\"><a href=\"\/wp-content\/uploads\/2017\/02\/caromax-500-1.jpg\"><img loading=\"lazy\" decoding=\"async\" class=\"alignnone wp-image-13693 size-thumbnail\" src=\"\/wp-content\/uploads\/2017\/02\/caromax-500-1-150x150.jpg\" width=\"150\" height=\"150\" srcset=\"https:\/\/www.maxima-dia.com\/wp-content\/uploads\/2017\/02\/caromax-500-1-150x150.jpg 150w, https:\/\/www.maxima-dia.com\/wp-content\/uploads\/2017\/02\/caromax-500-1-300x300.jpg 300w, https:\/\/www.maxima-dia.com\/wp-content\/uploads\/2017\/02\/caromax-500-1-768x768.jpg 768w, https:\/\/www.maxima-dia.com\/wp-content\/uploads\/2017\/02\/caromax-500-1-1024x1024.jpg 1024w, https:\/\/www.maxima-dia.com\/wp-content\/uploads\/2017\/02\/caromax-500-1-80x80.jpg 80w, https:\/\/www.maxima-dia.com\/wp-content\/uploads\/2017\/02\/caromax-500-1-500x500.jpg 500w, https:\/\/www.maxima-dia.com\/wp-content\/uploads\/2017\/02\/caromax-500-1-1000x1000.jpg 1000w, https:\/\/www.maxima-dia.com\/wp-content\/uploads\/2017\/02\/caromax-500-1.jpg 1200w\" sizes=\"(max-width: 150px) 100vw, 150px\" \/><\/a><\/td>\n<\/tr>\n<\/tbody>\n<\/table>\n<p>&nbsp;<\/p>\n<table class=\"tabellatecnica\" style=\"width: 100%;\" border=\"0\" cellspacing=\"0\" cellpadding=\"0\">\n<thead>\n<tr>\n<td class=\"testata\" colspan=\"2\">W\u0142a\u015bciwo\u015bci techniczne<\/td>\n<\/tr>\n<\/thead>\n<tbody>\n<tr>\n<td class=\"coltesto2\" style=\"width: 50%;\">Wiercenie na mokro CWEK32 5200 W- 400 V<\/td>\n<td class=\"coltesto2\" style=\"width: 50%;\">3 No-load speed:<\/td>\n<\/tr>\n<tr>\n<td class=\"coltesto2\" style=\"width: 50%;\">Maksymalna \u015brednica wiercenia: 500 mm<\/td>\n<td class=\"coltesto2\" style=\"width: 50%;\" rowspan=\"3\">1-140 rpm Zdolno\u015bc wiercenia: 320-500 mm<br \/>\n2-280 rpm&nbsp; Zdolno\u015bc wiercenia: 160-320 mm<br \/>\n3-430 rpm Zdolno\u015bc wiercenia: 110-210 mm<\/td>\n<\/tr>\n<tr>\n<td class=\"coltesto2\" style=\"width: 50%;\">Skok pracy: 690 mm<\/td>\n<\/tr>\n<tr>\n<td class=\"coltesto2\" style=\"width: 50%;\">Przy\u0142\u0105cze: 1 \u201d1\/4<\/td>\n<\/tr>\n<tr>\n<td class=\"coltesto2\" style=\"width: 50%;\">Uchylny pod k\u0105tem 90 \u00b0<\/td>\n<td class=\"coltesto2\" style=\"width: 50%;\">Waga kolumny: 26 Kg<\/td>\n<\/tr>\n<tr>\n<td class=\"coltesto2\" style=\"width: 50%;\">Szybkie zwolnienie nap\u0119du<\/td>\n<td class=\"coltesto2\" style=\"width: 50%;\">Masa silnika: 22.9 Kg<\/td>\n<\/tr>\n<tr>\n<td style=\"width: 50%;\">Wysoko\u015b\u0107 statywu: 1350 mm<\/td>\n<td style=\"width: 50%;\">&nbsp;<\/td>\n<\/tr>\n<\/tbody>\n<\/table>\n<p>[\/vc_column_text][\/vc_column][\/vc_row]<\/p>\n<\/div>","protected":false},"excerpt":{"rendered":"<p>[vc_row][vc_column text_align=&#8221;center&#8221; width=&#8221;1\/4&#8243;][vc_column_text] Wyprodukowany w certyfikat CE[\/vc_column_text][\/vc_column][vc_column width=&#8221;3\/4&#8243;][vc_column_text]Jest to idealny system wiercenia, gdy konieczne jest wykonanie otwor\u00f3w o du\u017cej \u015brednicy, st\u0105d zastosowanie maszyn o wysokich mocach nominalnych. Caromax 500 sk\u0142ada si\u0119 z nap\u0119du tr\u00f3jfazowego 6000 W i statywu 500 do mocowania tylko za pomoc\u0105 specjalnych doskona\u0142ych \u015brub kotwi\u0105cych &#8211; mo\u017ce on wierci\u0107 do \u015brednicy 500 mm. Statyw mo\u017ce by\u0107 pochylony maksymalnie do 45 \u00b0. Funkcje: Stalowy statyw \u0141o\u017cyska stalowe &nbsp; W\u0142a\u015bciwo\u015bci techniczne Wiercenie na mokro CWEK32 5200 W- 400 V 3 No-load speed: Maksymalna \u015brednica wiercenia: 500 mm 1-140 rpm Zdolno\u015bc wiercenia: 320-500 mm 2-280 rpm&nbsp; Zdolno\u015bc wiercenia: 160-320 mm 3-430 rpm Zdolno\u015bc wiercenia: 110-210 mm Skok pracy: 690 mm Przy\u0142\u0105cze: 1 \u201d1\/4 Uchylny pod k\u0105tem 90 \u00b0 Waga kolumny: 26 Kg Szybkie zwolnienie nap\u0119du Masa silnika: 22.9 Kg Wysoko\u015b\u0107 statywu: 1350 mm &nbsp; [\/vc_column_text][\/vc_column][\/vc_row]<\/p>\n","protected":false},"author":29,"featured_media":21073,"parent":20855,"menu_order":15,"comment_status":"closed","ping_status":"closed","template":"","meta":{"ngg_post_thumbnail":0,"_joinchat":[],"footnotes":""},"class_list":["post-21060","page","type-page","status-publish","has-post-thumbnail","hentry"],"yoast_head":"<!-- This site is optimized with the Yoast SEO plugin v25.5 - https:\/\/yoast.com\/wordpress\/plugins\/seo\/ -->\n<title>Caromax 500 - Maxima SpA<\/title>\n<meta name=\"robots\" content=\"index, follow, max-snippet:-1, max-image-preview:large, max-video-preview:-1\" \/>\n<link rel=\"canonical\" href=\"https:\/\/www.maxima-dia.com\/pl\/wiertnice\/caromax-500\/\" \/>\n<meta property=\"og:locale\" content=\"pl_PL\" \/>\n<meta property=\"og:type\" content=\"article\" \/>\n<meta property=\"og:title\" content=\"Caromax 500 - Maxima SpA\" \/>\n<meta property=\"og:description\" content=\"[vc_row][vc_column text_align=&#8221;center&#8221; width=&#8221;1\/4&#8243;][vc_column_text] Wyprodukowany w certyfikat CE[\/vc_column_text][\/vc_column][vc_column width=&#8221;3\/4&#8243;][vc_column_text]Jest to idealny system wiercenia, gdy konieczne jest wykonanie otwor\u00f3w o du\u017cej \u015brednicy, st\u0105d zastosowanie maszyn o wysokich mocach nominalnych. Caromax 500 sk\u0142ada si\u0119 z nap\u0119du tr\u00f3jfazowego 6000 W i statywu 500 do mocowania tylko za pomoc\u0105 specjalnych doskona\u0142ych \u015brub kotwi\u0105cych &#8211; mo\u017ce on wierci\u0107 do \u015brednicy 500 mm. Statyw mo\u017ce by\u0107 pochylony maksymalnie do 45 \u00b0. Funkcje: Stalowy statyw \u0141o\u017cyska stalowe &nbsp; W\u0142a\u015bciwo\u015bci techniczne Wiercenie na mokro CWEK32 5200 W- 400 V 3 No-load speed: Maksymalna \u015brednica wiercenia: 500 mm 1-140 rpm Zdolno\u015bc wiercenia: 320-500 mm 2-280 rpm&nbsp; Zdolno\u015bc wiercenia: 160-320 mm 3-430 rpm Zdolno\u015bc wiercenia: 110-210 mm Skok pracy: 690 mm Przy\u0142\u0105cze: 1 \u201d1\/4 Uchylny pod k\u0105tem 90 \u00b0 Waga kolumny: 26 Kg Szybkie zwolnienie nap\u0119du Masa silnika: 22.9 Kg Wysoko\u015b\u0107 statywu: 1350 mm &nbsp; [\/vc_column_text][\/vc_column][\/vc_row]\" \/>\n<meta property=\"og:url\" content=\"https:\/\/www.maxima-dia.com\/pl\/wiertnice\/caromax-500\/\" \/>\n<meta property=\"og:site_name\" content=\"Maxima SpA\" \/>\n<meta property=\"article:publisher\" content=\"https:\/\/www.facebook.com\/Maxima-spa-106098566139597\" \/>\n<meta property=\"article:modified_time\" content=\"2021-08-02T10:21:04+00:00\" \/>\n<meta property=\"og:image\" content=\"https:\/\/www.maxima-dia.com\/wp-content\/uploads\/2017\/02\/caromax-500.jpg\" \/>\n\t<meta property=\"og:image:width\" content=\"1200\" \/>\n\t<meta property=\"og:image:height\" content=\"1200\" \/>\n\t<meta property=\"og:image:type\" content=\"image\/jpeg\" \/>\n<meta name=\"twitter:card\" content=\"summary_large_image\" \/>\n<meta name=\"twitter:site\" content=\"@Maximadia\" \/>\n<meta name=\"twitter:label1\" content=\"Szacowany czas czytania\" \/>\n\t<meta name=\"twitter:data1\" content=\"2 minuty\" \/>\n<script type=\"application\/ld+json\" class=\"yoast-schema-graph\">{\"@context\":\"https:\/\/schema.org\",\"@graph\":[{\"@type\":\"WebPage\",\"@id\":\"https:\/\/www.maxima-dia.com\/pl\/wiertnice\/caromax-500\/\",\"url\":\"https:\/\/www.maxima-dia.com\/pl\/wiertnice\/caromax-500\/\",\"name\":\"Caromax 500 - Maxima SpA\",\"isPartOf\":{\"@id\":\"https:\/\/www.maxima-dia.com\/pl\/#website\"},\"primaryImageOfPage\":{\"@id\":\"https:\/\/www.maxima-dia.com\/pl\/wiertnice\/caromax-500\/#primaryimage\"},\"image\":{\"@id\":\"https:\/\/www.maxima-dia.com\/pl\/wiertnice\/caromax-500\/#primaryimage\"},\"thumbnailUrl\":\"https:\/\/www.maxima-dia.com\/wp-content\/uploads\/2017\/02\/caromax-500.jpg\",\"datePublished\":\"2019-07-26T09:58:46+00:00\",\"dateModified\":\"2021-08-02T10:21:04+00:00\",\"breadcrumb\":{\"@id\":\"https:\/\/www.maxima-dia.com\/pl\/wiertnice\/caromax-500\/#breadcrumb\"},\"inLanguage\":\"pl-PL\",\"potentialAction\":[{\"@type\":\"ReadAction\",\"target\":[\"https:\/\/www.maxima-dia.com\/pl\/wiertnice\/caromax-500\/\"]}]},{\"@type\":\"ImageObject\",\"inLanguage\":\"pl-PL\",\"@id\":\"https:\/\/www.maxima-dia.com\/pl\/wiertnice\/caromax-500\/#primaryimage\",\"url\":\"https:\/\/www.maxima-dia.com\/wp-content\/uploads\/2017\/02\/caromax-500.jpg\",\"contentUrl\":\"https:\/\/www.maxima-dia.com\/wp-content\/uploads\/2017\/02\/caromax-500.jpg\",\"width\":1200,\"height\":1200},{\"@type\":\"BreadcrumbList\",\"@id\":\"https:\/\/www.maxima-dia.com\/pl\/wiertnice\/caromax-500\/#breadcrumb\",\"itemListElement\":[{\"@type\":\"ListItem\",\"position\":1,\"name\":\"Home\",\"item\":\"https:\/\/www.maxima-dia.com\/pl\/\"},{\"@type\":\"ListItem\",\"position\":2,\"name\":\"Wiertnice\",\"item\":\"https:\/\/www.maxima-dia.com\/pl\/wiertnice\/\"},{\"@type\":\"ListItem\",\"position\":3,\"name\":\"Caromax 500\"}]},{\"@type\":\"WebSite\",\"@id\":\"https:\/\/www.maxima-dia.com\/pl\/#website\",\"url\":\"https:\/\/www.maxima-dia.com\/pl\/\",\"name\":\"Maxima SpA\",\"description\":\"Only for the real professionals\",\"potentialAction\":[{\"@type\":\"SearchAction\",\"target\":{\"@type\":\"EntryPoint\",\"urlTemplate\":\"https:\/\/www.maxima-dia.com\/pl\/?s={search_term_string}\"},\"query-input\":{\"@type\":\"PropertyValueSpecification\",\"valueRequired\":true,\"valueName\":\"search_term_string\"}}],\"inLanguage\":\"pl-PL\"}]}<\/script>\n<!-- \/ Yoast SEO plugin. -->","yoast_head_json":{"title":"Caromax 500 - Maxima SpA","robots":{"index":"index","follow":"follow","max-snippet":"max-snippet:-1","max-image-preview":"max-image-preview:large","max-video-preview":"max-video-preview:-1"},"canonical":"https:\/\/www.maxima-dia.com\/pl\/wiertnice\/caromax-500\/","og_locale":"pl_PL","og_type":"article","og_title":"Caromax 500 - Maxima SpA","og_description":"[vc_row][vc_column text_align=&#8221;center&#8221; width=&#8221;1\/4&#8243;][vc_column_text] Wyprodukowany w certyfikat CE[\/vc_column_text][\/vc_column][vc_column width=&#8221;3\/4&#8243;][vc_column_text]Jest to idealny system wiercenia, gdy konieczne jest wykonanie otwor\u00f3w o du\u017cej \u015brednicy, st\u0105d zastosowanie maszyn o wysokich mocach nominalnych. Caromax 500 sk\u0142ada si\u0119 z nap\u0119du tr\u00f3jfazowego 6000 W i statywu 500 do mocowania tylko za pomoc\u0105 specjalnych doskona\u0142ych \u015brub kotwi\u0105cych &#8211; mo\u017ce on wierci\u0107 do \u015brednicy 500 mm. Statyw mo\u017ce by\u0107 pochylony maksymalnie do 45 \u00b0. Funkcje: Stalowy statyw \u0141o\u017cyska stalowe &nbsp; W\u0142a\u015bciwo\u015bci techniczne Wiercenie na mokro CWEK32 5200 W- 400 V 3 No-load speed: Maksymalna \u015brednica wiercenia: 500 mm 1-140 rpm Zdolno\u015bc wiercenia: 320-500 mm 2-280 rpm&nbsp; Zdolno\u015bc wiercenia: 160-320 mm 3-430 rpm Zdolno\u015bc wiercenia: 110-210 mm Skok pracy: 690 mm Przy\u0142\u0105cze: 1 \u201d1\/4 Uchylny pod k\u0105tem 90 \u00b0 Waga kolumny: 26 Kg Szybkie zwolnienie nap\u0119du Masa silnika: 22.9 Kg Wysoko\u015b\u0107 statywu: 1350 mm &nbsp; [\/vc_column_text][\/vc_column][\/vc_row]","og_url":"https:\/\/www.maxima-dia.com\/pl\/wiertnice\/caromax-500\/","og_site_name":"Maxima SpA","article_publisher":"https:\/\/www.facebook.com\/Maxima-spa-106098566139597","article_modified_time":"2021-08-02T10:21:04+00:00","og_image":[{"width":1200,"height":1200,"url":"https:\/\/www.maxima-dia.com\/wp-content\/uploads\/2017\/02\/caromax-500.jpg","type":"image\/jpeg"}],"twitter_card":"summary_large_image","twitter_site":"@Maximadia","twitter_misc":{"Szacowany czas czytania":"2 minuty"},"schema":{"@context":"https:\/\/schema.org","@graph":[{"@type":"WebPage","@id":"https:\/\/www.maxima-dia.com\/pl\/wiertnice\/caromax-500\/","url":"https:\/\/www.maxima-dia.com\/pl\/wiertnice\/caromax-500\/","name":"Caromax 500 - Maxima SpA","isPartOf":{"@id":"https:\/\/www.maxima-dia.com\/pl\/#website"},"primaryImageOfPage":{"@id":"https:\/\/www.maxima-dia.com\/pl\/wiertnice\/caromax-500\/#primaryimage"},"image":{"@id":"https:\/\/www.maxima-dia.com\/pl\/wiertnice\/caromax-500\/#primaryimage"},"thumbnailUrl":"https:\/\/www.maxima-dia.com\/wp-content\/uploads\/2017\/02\/caromax-500.jpg","datePublished":"2019-07-26T09:58:46+00:00","dateModified":"2021-08-02T10:21:04+00:00","breadcrumb":{"@id":"https:\/\/www.maxima-dia.com\/pl\/wiertnice\/caromax-500\/#breadcrumb"},"inLanguage":"pl-PL","potentialAction":[{"@type":"ReadAction","target":["https:\/\/www.maxima-dia.com\/pl\/wiertnice\/caromax-500\/"]}]},{"@type":"ImageObject","inLanguage":"pl-PL","@id":"https:\/\/www.maxima-dia.com\/pl\/wiertnice\/caromax-500\/#primaryimage","url":"https:\/\/www.maxima-dia.com\/wp-content\/uploads\/2017\/02\/caromax-500.jpg","contentUrl":"https:\/\/www.maxima-dia.com\/wp-content\/uploads\/2017\/02\/caromax-500.jpg","width":1200,"height":1200},{"@type":"BreadcrumbList","@id":"https:\/\/www.maxima-dia.com\/pl\/wiertnice\/caromax-500\/#breadcrumb","itemListElement":[{"@type":"ListItem","position":1,"name":"Home","item":"https:\/\/www.maxima-dia.com\/pl\/"},{"@type":"ListItem","position":2,"name":"Wiertnice","item":"https:\/\/www.maxima-dia.com\/pl\/wiertnice\/"},{"@type":"ListItem","position":3,"name":"Caromax 500"}]},{"@type":"WebSite","@id":"https:\/\/www.maxima-dia.com\/pl\/#website","url":"https:\/\/www.maxima-dia.com\/pl\/","name":"Maxima SpA","description":"Only for the real professionals","potentialAction":[{"@type":"SearchAction","target":{"@type":"EntryPoint","urlTemplate":"https:\/\/www.maxima-dia.com\/pl\/?s={search_term_string}"},"query-input":{"@type":"PropertyValueSpecification","valueRequired":true,"valueName":"search_term_string"}}],"inLanguage":"pl-PL"}]}},"_links":{"self":[{"href":"https:\/\/www.maxima-dia.com\/pl\/wp-json\/wp\/v2\/pages\/21060"}],"collection":[{"href":"https:\/\/www.maxima-dia.com\/pl\/wp-json\/wp\/v2\/pages"}],"about":[{"href":"https:\/\/www.maxima-dia.com\/pl\/wp-json\/wp\/v2\/types\/page"}],"author":[{"embeddable":true,"href":"https:\/\/www.maxima-dia.com\/pl\/wp-json\/wp\/v2\/users\/29"}],"replies":[{"embeddable":true,"href":"https:\/\/www.maxima-dia.com\/pl\/wp-json\/wp\/v2\/comments?post=21060"}],"version-history":[{"count":0,"href":"https:\/\/www.maxima-dia.com\/pl\/wp-json\/wp\/v2\/pages\/21060\/revisions"}],"up":[{"embeddable":true,"href":"https:\/\/www.maxima-dia.com\/pl\/wp-json\/wp\/v2\/pages\/20855"}],"wp:featuredmedia":[{"embeddable":true,"href":"https:\/\/www.maxima-dia.com\/pl\/wp-json\/wp\/v2\/media\/21073"}],"wp:attachment":[{"href":"https:\/\/www.maxima-dia.com\/pl\/wp-json\/wp\/v2\/media?parent=21060"}],"curies":[{"name":"wp","href":"https:\/\/api.w.org\/{rel}","templated":true}]}}