{"id":21064,"date":"2019-07-29T14:32:19","date_gmt":"2019-07-29T12:32:19","guid":{"rendered":"https:\/\/www.maxima-dia.com\/?page_id=21064"},"modified":"2021-08-03T09:11:02","modified_gmt":"2021-08-03T07:11:02","slug":"caromax-1000","status":"publish","type":"page","link":"https:\/\/www.maxima-dia.com\/pl\/wiertnice\/caromax-1000\/","title":{"rendered":"Caromax 1000"},"content":{"rendered":"<div class=\"wpb-content-wrapper\"><p>[vc_row][vc_column text_align=&#8221;center&#8221; width=&#8221;1\/4&#8243;][vc_column_text]<a href=\"https:\/\/www.maxima-dia.com\/wp-content\/uploads\/2021\/08\/CAROMAX1000.jpg\"><img loading=\"lazy\" decoding=\"async\" class=\"alignnone wp-image-30115 size-thumbnail\" src=\"https:\/\/www.maxima-dia.com\/wp-content\/uploads\/2021\/08\/CAROMAX1000-150x150.jpg\" alt=\"\" width=\"150\" height=\"150\" srcset=\"https:\/\/www.maxima-dia.com\/wp-content\/uploads\/2021\/08\/CAROMAX1000-150x150.jpg 150w, https:\/\/www.maxima-dia.com\/wp-content\/uploads\/2021\/08\/CAROMAX1000-300x300.jpg 300w, https:\/\/www.maxima-dia.com\/wp-content\/uploads\/2021\/08\/CAROMAX1000-1024x1024.jpg 1024w, https:\/\/www.maxima-dia.com\/wp-content\/uploads\/2021\/08\/CAROMAX1000-768x768.jpg 768w, https:\/\/www.maxima-dia.com\/wp-content\/uploads\/2021\/08\/CAROMAX1000-1536x1536.jpg 1536w, https:\/\/www.maxima-dia.com\/wp-content\/uploads\/2021\/08\/CAROMAX1000-80x80.jpg 80w, https:\/\/www.maxima-dia.com\/wp-content\/uploads\/2021\/08\/CAROMAX1000-500x500.jpg 500w, https:\/\/www.maxima-dia.com\/wp-content\/uploads\/2021\/08\/CAROMAX1000-1000x1000.jpg 1000w, https:\/\/www.maxima-dia.com\/wp-content\/uploads\/2021\/08\/CAROMAX1000.jpg 1700w\" sizes=\"(max-width: 150px) 100vw, 150px\" \/><\/a><\/p>\n<p>Wyprodukowany w <img loading=\"lazy\" decoding=\"async\" src=\"\/wp-content\/uploads\/2013\/11\/eu.png\" alt=\"eu\" width=\"24\" height=\"16\"><br \/>\ncertyfikat CE[\/vc_column_text][\/vc_column][vc_column width=&#8221;3\/4&#8243;][vc_column_text]Caromax 1000 jest najlepszy w swojej klasie, jest to po\u0142\u0105czenie profesjonalnego statywu 1000 i tr\u00f3jfazowego nap\u0119du CWEKSR75. Ten system z nap\u0119dem 7500 W pozwala na wiercenie do \u015brednicy 1000 mm i g\u0142\u0119boko\u015bci do 1080 mm bez konieczno\u015bci stosowania przed\u0142u\u017ce\u0144. Wyposa\u017cony w stabilizator, szczeg\u00f3lnie polecany do ci\u0105g\u0142ego wiercenia o du\u017cych \u015brednicach. Statyw pozwala na nachylenia do 60 \u00b0 zar\u00f3wno z przodu, jak i z ty\u0142u.<\/p>\n<p><strong>Funkcje:<br \/>\n<\/strong>&#8211; Kolumna stalowa<br \/>\n&#8211; Bez wibracji<br \/>\n&#8211; Ca\u0142kowicie g\u0142adkie powierzchnie dla \u0142atwiejszego czyszczenia<br \/>\n&#8211; Bezobs\u0142ugowe dzi\u0119ki \u0142o\u017cysku ze stali nierdzewnej<br \/>\n&#8211; Wyposa\u017cone w ko\u0142a dla \u0142atwiejszej obs\u0142ugi<\/p>\n<table class=\"tabellafotocarotaggio\" style=\"width: 100%;\">\n<tbody>\n<tr>\n<td style=\"width: 33%; text-align: center;\"><a href=\"https:\/\/www.maxima-dia.com\/wp-content\/uploads\/2021\/08\/CAROMAX1000-2.jpg\"><img loading=\"lazy\" decoding=\"async\" class=\"alignnone size-thumbnail wp-image-30093\" src=\"https:\/\/www.maxima-dia.com\/wp-content\/uploads\/2021\/08\/CAROMAX1000-2-150x150.jpg\" alt=\"\" width=\"150\" height=\"150\" srcset=\"https:\/\/www.maxima-dia.com\/wp-content\/uploads\/2021\/08\/CAROMAX1000-2-150x150.jpg 150w, https:\/\/www.maxima-dia.com\/wp-content\/uploads\/2021\/08\/CAROMAX1000-2-300x300.jpg 300w, https:\/\/www.maxima-dia.com\/wp-content\/uploads\/2021\/08\/CAROMAX1000-2-1024x1024.jpg 1024w, https:\/\/www.maxima-dia.com\/wp-content\/uploads\/2021\/08\/CAROMAX1000-2-768x768.jpg 768w, https:\/\/www.maxima-dia.com\/wp-content\/uploads\/2021\/08\/CAROMAX1000-2-1536x1536.jpg 1536w, https:\/\/www.maxima-dia.com\/wp-content\/uploads\/2021\/08\/CAROMAX1000-2-80x80.jpg 80w, https:\/\/www.maxima-dia.com\/wp-content\/uploads\/2021\/08\/CAROMAX1000-2-500x500.jpg 500w, https:\/\/www.maxima-dia.com\/wp-content\/uploads\/2021\/08\/CAROMAX1000-2-1000x1000.jpg 1000w, https:\/\/www.maxima-dia.com\/wp-content\/uploads\/2021\/08\/CAROMAX1000-2.jpg 1700w\" sizes=\"(max-width: 150px) 100vw, 150px\" \/><\/a><\/td>\n<td style=\"width: 33%; text-align: center;\"><a href=\"https:\/\/www.maxima-dia.com\/wp-content\/uploads\/2021\/08\/CAROMAX1000-3.jpg\"><img loading=\"lazy\" decoding=\"async\" class=\"alignnone size-thumbnail wp-image-30099\" src=\"https:\/\/www.maxima-dia.com\/wp-content\/uploads\/2021\/08\/CAROMAX1000-3-150x150.jpg\" alt=\"\" width=\"150\" height=\"150\" srcset=\"https:\/\/www.maxima-dia.com\/wp-content\/uploads\/2021\/08\/CAROMAX1000-3-150x150.jpg 150w, https:\/\/www.maxima-dia.com\/wp-content\/uploads\/2021\/08\/CAROMAX1000-3-300x300.jpg 300w, https:\/\/www.maxima-dia.com\/wp-content\/uploads\/2021\/08\/CAROMAX1000-3-1024x1024.jpg 1024w, https:\/\/www.maxima-dia.com\/wp-content\/uploads\/2021\/08\/CAROMAX1000-3-768x768.jpg 768w, https:\/\/www.maxima-dia.com\/wp-content\/uploads\/2021\/08\/CAROMAX1000-3-1536x1536.jpg 1536w, https:\/\/www.maxima-dia.com\/wp-content\/uploads\/2021\/08\/CAROMAX1000-3-80x80.jpg 80w, https:\/\/www.maxima-dia.com\/wp-content\/uploads\/2021\/08\/CAROMAX1000-3-500x500.jpg 500w, https:\/\/www.maxima-dia.com\/wp-content\/uploads\/2021\/08\/CAROMAX1000-3-1000x1000.jpg 1000w, https:\/\/www.maxima-dia.com\/wp-content\/uploads\/2021\/08\/CAROMAX1000-3.jpg 1700w\" sizes=\"(max-width: 150px) 100vw, 150px\" \/><\/a><\/td>\n<td style=\"width: 33%; text-align: center;\"><a href=\"https:\/\/www.maxima-dia.com\/wp-content\/uploads\/2021\/08\/CAROMAX1000-4.jpg\"><img loading=\"lazy\" decoding=\"async\" class=\"alignnone size-thumbnail wp-image-30105\" src=\"https:\/\/www.maxima-dia.com\/wp-content\/uploads\/2021\/08\/CAROMAX1000-4-150x150.jpg\" alt=\"\" width=\"150\" height=\"150\" srcset=\"https:\/\/www.maxima-dia.com\/wp-content\/uploads\/2021\/08\/CAROMAX1000-4-150x150.jpg 150w, https:\/\/www.maxima-dia.com\/wp-content\/uploads\/2021\/08\/CAROMAX1000-4-300x300.jpg 300w, https:\/\/www.maxima-dia.com\/wp-content\/uploads\/2021\/08\/CAROMAX1000-4-1024x1024.jpg 1024w, https:\/\/www.maxima-dia.com\/wp-content\/uploads\/2021\/08\/CAROMAX1000-4-768x768.jpg 768w, https:\/\/www.maxima-dia.com\/wp-content\/uploads\/2021\/08\/CAROMAX1000-4-1536x1536.jpg 1536w, https:\/\/www.maxima-dia.com\/wp-content\/uploads\/2021\/08\/CAROMAX1000-4-80x80.jpg 80w, https:\/\/www.maxima-dia.com\/wp-content\/uploads\/2021\/08\/CAROMAX1000-4-500x500.jpg 500w, https:\/\/www.maxima-dia.com\/wp-content\/uploads\/2021\/08\/CAROMAX1000-4-1000x1000.jpg 1000w, https:\/\/www.maxima-dia.com\/wp-content\/uploads\/2021\/08\/CAROMAX1000-4.jpg 1700w\" sizes=\"(max-width: 150px) 100vw, 150px\" \/><\/a><\/td>\n<\/tr>\n<\/tbody>\n<\/table>\n<p>&nbsp;<\/p>\n<table class=\"tabellatecnica\" style=\"width: 100%; height: 192px;\" border=\"0\" cellspacing=\"0\" cellpadding=\"0\">\n<thead>\n<tr style=\"height: 24px;\">\n<td class=\"testata\" style=\"height: 24px;\" colspan=\"2\">W\u0142a\u015bciwo\u015bci techniczne<\/td>\n<\/tr>\n<\/thead>\n<tbody>\n<tr style=\"height: 24px;\">\n<td class=\"coltesto2\" style=\"width: 50%; height: 24px;\">Wiercenia na mokro CWEKSR75 7500 W &#8211; 400 V<\/td>\n<td class=\"coltesto2\" style=\"width: 50%; height: 24px;\">Stojak naprzeciwko strony silnika<\/td>\n<\/tr>\n<tr style=\"height: 24px;\">\n<td class=\"coltesto2\" style=\"width: 50%; height: 24px;\">Maksymalna \u015brednica wiercenia: 1000 mm<\/td>\n<td class=\"coltesto2\" style=\"width: 50%; height: 72px;\" rowspan=\"3\">3 pr\u0119dko\u015b\u0107i bez obci\u0105\u017cenia:<br \/>\n1-80 obr \/ min<br \/>\n2-160 obr \/ min<br \/>\n3-250 obr \/ min<\/td>\n<\/tr>\n<tr style=\"height: 24px;\">\n<td class=\"coltesto2\" style=\"width: 50%; height: 24px;\">Skok pracy: 1080 mm<\/td>\n<\/tr>\n<tr style=\"height: 24px;\">\n<td class=\"coltesto2\" style=\"width: 50%; height: 24px;\">Przy\u0142\u0105cze: 1 \u201d1\/4<\/td>\n<\/tr>\n<tr style=\"height: 24px;\">\n<td class=\"coltesto2\" style=\"width: 50%; height: 24px;\">Uchylny pod k\u0105tem 60 \u00b0<\/td>\n<td class=\"coltesto2\" style=\"width: 50%; height: 24px;\">Waga statywu: 37 Kg<\/td>\n<\/tr>\n<tr style=\"height: 24px;\">\n<td class=\"coltesto2\" style=\"width: 50%; height: 24px;\">Szybkie zwolnienie nap\u0119du<\/td>\n<td class=\"coltesto2\" style=\"width: 50%; height: 24px;\">Masa silnika: 19.5 Kg<\/td>\n<\/tr>\n<\/tbody>\n<\/table>\n<p>[\/vc_column_text][\/vc_column][\/vc_row]<\/p>\n<\/div>","protected":false},"excerpt":{"rendered":"<p>[vc_row][vc_column text_align=&#8221;center&#8221; width=&#8221;1\/4&#8243;][vc_column_text] Wyprodukowany w certyfikat CE[\/vc_column_text][\/vc_column][vc_column width=&#8221;3\/4&#8243;][vc_column_text]Caromax 1000 jest najlepszy w swojej klasie, jest to po\u0142\u0105czenie profesjonalnego statywu 1000 i tr\u00f3jfazowego nap\u0119du CWEKSR75. Ten system z nap\u0119dem 7500 W pozwala na wiercenie do \u015brednicy 1000 mm i g\u0142\u0119boko\u015bci do 1080 mm bez konieczno\u015bci stosowania przed\u0142u\u017ce\u0144. Wyposa\u017cony w stabilizator, szczeg\u00f3lnie polecany do ci\u0105g\u0142ego wiercenia o du\u017cych \u015brednicach. Statyw pozwala na nachylenia do 60 \u00b0 zar\u00f3wno z przodu, jak i z ty\u0142u. Funkcje: &#8211; Kolumna stalowa &#8211; Bez wibracji &#8211; Ca\u0142kowicie g\u0142adkie powierzchnie dla \u0142atwiejszego czyszczenia &#8211; Bezobs\u0142ugowe dzi\u0119ki \u0142o\u017cysku ze stali nierdzewnej &#8211; Wyposa\u017cone w ko\u0142a dla \u0142atwiejszej obs\u0142ugi &nbsp; W\u0142a\u015bciwo\u015bci techniczne Wiercenia na mokro CWEKSR75 7500 W &#8211; 400 V Stojak naprzeciwko strony silnika Maksymalna \u015brednica wiercenia: 1000 mm 3 pr\u0119dko\u015b\u0107i bez obci\u0105\u017cenia: 1-80 obr \/ min 2-160 obr \/ min 3-250 obr \/ min Skok pracy: 1080 mm Przy\u0142\u0105cze: 1 \u201d1\/4 Uchylny pod k\u0105tem 60 \u00b0 Waga statywu: 37 Kg Szybkie zwolnienie nap\u0119du Masa silnika: 19.5 Kg [\/vc_column_text][\/vc_column][\/vc_row]<\/p>\n","protected":false},"author":29,"featured_media":30115,"parent":20855,"menu_order":16,"comment_status":"closed","ping_status":"closed","template":"","meta":{"ngg_post_thumbnail":0,"_joinchat":[],"footnotes":""},"class_list":["post-21064","page","type-page","status-publish","has-post-thumbnail","hentry"],"yoast_head":"<!-- This site is optimized with the Yoast SEO plugin v25.5 - https:\/\/yoast.com\/wordpress\/plugins\/seo\/ -->\n<title>Caromax 1000 - Maxima SpA<\/title>\n<meta name=\"robots\" content=\"index, follow, max-snippet:-1, max-image-preview:large, max-video-preview:-1\" \/>\n<link rel=\"canonical\" href=\"https:\/\/www.maxima-dia.com\/pl\/wiertnice\/caromax-1000\/\" \/>\n<meta property=\"og:locale\" content=\"pl_PL\" \/>\n<meta property=\"og:type\" content=\"article\" \/>\n<meta property=\"og:title\" content=\"Caromax 1000 - Maxima SpA\" \/>\n<meta property=\"og:description\" content=\"[vc_row][vc_column text_align=&#8221;center&#8221; width=&#8221;1\/4&#8243;][vc_column_text] Wyprodukowany w certyfikat CE[\/vc_column_text][\/vc_column][vc_column width=&#8221;3\/4&#8243;][vc_column_text]Caromax 1000 jest najlepszy w swojej klasie, jest to po\u0142\u0105czenie profesjonalnego statywu 1000 i tr\u00f3jfazowego nap\u0119du CWEKSR75. Ten system z nap\u0119dem 7500 W pozwala na wiercenie do \u015brednicy 1000 mm i g\u0142\u0119boko\u015bci do 1080 mm bez konieczno\u015bci stosowania przed\u0142u\u017ce\u0144. Wyposa\u017cony w stabilizator, szczeg\u00f3lnie polecany do ci\u0105g\u0142ego wiercenia o du\u017cych \u015brednicach. Statyw pozwala na nachylenia do 60 \u00b0 zar\u00f3wno z przodu, jak i z ty\u0142u. Funkcje: &#8211; Kolumna stalowa &#8211; Bez wibracji &#8211; Ca\u0142kowicie g\u0142adkie powierzchnie dla \u0142atwiejszego czyszczenia &#8211; Bezobs\u0142ugowe dzi\u0119ki \u0142o\u017cysku ze stali nierdzewnej &#8211; Wyposa\u017cone w ko\u0142a dla \u0142atwiejszej obs\u0142ugi &nbsp; W\u0142a\u015bciwo\u015bci techniczne Wiercenia na mokro CWEKSR75 7500 W &#8211; 400 V Stojak naprzeciwko strony silnika Maksymalna \u015brednica wiercenia: 1000 mm 3 pr\u0119dko\u015b\u0107i bez obci\u0105\u017cenia: 1-80 obr \/ min 2-160 obr \/ min 3-250 obr \/ min Skok pracy: 1080 mm Przy\u0142\u0105cze: 1 \u201d1\/4 Uchylny pod k\u0105tem 60 \u00b0 Waga statywu: 37 Kg Szybkie zwolnienie nap\u0119du Masa silnika: 19.5 Kg [\/vc_column_text][\/vc_column][\/vc_row]\" \/>\n<meta property=\"og:url\" content=\"https:\/\/www.maxima-dia.com\/pl\/wiertnice\/caromax-1000\/\" \/>\n<meta property=\"og:site_name\" content=\"Maxima SpA\" \/>\n<meta property=\"article:publisher\" content=\"https:\/\/www.facebook.com\/Maxima-spa-106098566139597\" \/>\n<meta property=\"article:modified_time\" content=\"2021-08-03T07:11:02+00:00\" \/>\n<meta property=\"og:image\" content=\"https:\/\/www.maxima-dia.com\/wp-content\/uploads\/2021\/08\/CAROMAX1000.jpg\" \/>\n\t<meta property=\"og:image:width\" content=\"1700\" \/>\n\t<meta property=\"og:image:height\" content=\"1700\" \/>\n\t<meta property=\"og:image:type\" content=\"image\/jpeg\" \/>\n<meta name=\"twitter:card\" content=\"summary_large_image\" \/>\n<meta name=\"twitter:site\" content=\"@Maximadia\" \/>\n<meta name=\"twitter:label1\" content=\"Szacowany czas czytania\" \/>\n\t<meta name=\"twitter:data1\" content=\"2 minuty\" \/>\n<script type=\"application\/ld+json\" class=\"yoast-schema-graph\">{\"@context\":\"https:\/\/schema.org\",\"@graph\":[{\"@type\":\"WebPage\",\"@id\":\"https:\/\/www.maxima-dia.com\/pl\/wiertnice\/caromax-1000\/\",\"url\":\"https:\/\/www.maxima-dia.com\/pl\/wiertnice\/caromax-1000\/\",\"name\":\"Caromax 1000 - Maxima SpA\",\"isPartOf\":{\"@id\":\"https:\/\/www.maxima-dia.com\/pl\/#website\"},\"primaryImageOfPage\":{\"@id\":\"https:\/\/www.maxima-dia.com\/pl\/wiertnice\/caromax-1000\/#primaryimage\"},\"image\":{\"@id\":\"https:\/\/www.maxima-dia.com\/pl\/wiertnice\/caromax-1000\/#primaryimage\"},\"thumbnailUrl\":\"https:\/\/www.maxima-dia.com\/wp-content\/uploads\/2021\/08\/CAROMAX1000.jpg\",\"datePublished\":\"2019-07-29T12:32:19+00:00\",\"dateModified\":\"2021-08-03T07:11:02+00:00\",\"breadcrumb\":{\"@id\":\"https:\/\/www.maxima-dia.com\/pl\/wiertnice\/caromax-1000\/#breadcrumb\"},\"inLanguage\":\"pl-PL\",\"potentialAction\":[{\"@type\":\"ReadAction\",\"target\":[\"https:\/\/www.maxima-dia.com\/pl\/wiertnice\/caromax-1000\/\"]}]},{\"@type\":\"ImageObject\",\"inLanguage\":\"pl-PL\",\"@id\":\"https:\/\/www.maxima-dia.com\/pl\/wiertnice\/caromax-1000\/#primaryimage\",\"url\":\"https:\/\/www.maxima-dia.com\/wp-content\/uploads\/2021\/08\/CAROMAX1000.jpg\",\"contentUrl\":\"https:\/\/www.maxima-dia.com\/wp-content\/uploads\/2021\/08\/CAROMAX1000.jpg\",\"width\":1700,\"height\":1700},{\"@type\":\"BreadcrumbList\",\"@id\":\"https:\/\/www.maxima-dia.com\/pl\/wiertnice\/caromax-1000\/#breadcrumb\",\"itemListElement\":[{\"@type\":\"ListItem\",\"position\":1,\"name\":\"Home\",\"item\":\"https:\/\/www.maxima-dia.com\/pl\/\"},{\"@type\":\"ListItem\",\"position\":2,\"name\":\"Wiertnice\",\"item\":\"https:\/\/www.maxima-dia.com\/pl\/wiertnice\/\"},{\"@type\":\"ListItem\",\"position\":3,\"name\":\"Caromax 1000\"}]},{\"@type\":\"WebSite\",\"@id\":\"https:\/\/www.maxima-dia.com\/pl\/#website\",\"url\":\"https:\/\/www.maxima-dia.com\/pl\/\",\"name\":\"Maxima SpA\",\"description\":\"Only for the real professionals\",\"potentialAction\":[{\"@type\":\"SearchAction\",\"target\":{\"@type\":\"EntryPoint\",\"urlTemplate\":\"https:\/\/www.maxima-dia.com\/pl\/?s={search_term_string}\"},\"query-input\":{\"@type\":\"PropertyValueSpecification\",\"valueRequired\":true,\"valueName\":\"search_term_string\"}}],\"inLanguage\":\"pl-PL\"}]}<\/script>\n<!-- \/ Yoast SEO plugin. -->","yoast_head_json":{"title":"Caromax 1000 - Maxima SpA","robots":{"index":"index","follow":"follow","max-snippet":"max-snippet:-1","max-image-preview":"max-image-preview:large","max-video-preview":"max-video-preview:-1"},"canonical":"https:\/\/www.maxima-dia.com\/pl\/wiertnice\/caromax-1000\/","og_locale":"pl_PL","og_type":"article","og_title":"Caromax 1000 - Maxima SpA","og_description":"[vc_row][vc_column text_align=&#8221;center&#8221; width=&#8221;1\/4&#8243;][vc_column_text] Wyprodukowany w certyfikat CE[\/vc_column_text][\/vc_column][vc_column width=&#8221;3\/4&#8243;][vc_column_text]Caromax 1000 jest najlepszy w swojej klasie, jest to po\u0142\u0105czenie profesjonalnego statywu 1000 i tr\u00f3jfazowego nap\u0119du CWEKSR75. Ten system z nap\u0119dem 7500 W pozwala na wiercenie do \u015brednicy 1000 mm i g\u0142\u0119boko\u015bci do 1080 mm bez konieczno\u015bci stosowania przed\u0142u\u017ce\u0144. Wyposa\u017cony w stabilizator, szczeg\u00f3lnie polecany do ci\u0105g\u0142ego wiercenia o du\u017cych \u015brednicach. Statyw pozwala na nachylenia do 60 \u00b0 zar\u00f3wno z przodu, jak i z ty\u0142u. Funkcje: &#8211; Kolumna stalowa &#8211; Bez wibracji &#8211; Ca\u0142kowicie g\u0142adkie powierzchnie dla \u0142atwiejszego czyszczenia &#8211; Bezobs\u0142ugowe dzi\u0119ki \u0142o\u017cysku ze stali nierdzewnej &#8211; Wyposa\u017cone w ko\u0142a dla \u0142atwiejszej obs\u0142ugi &nbsp; W\u0142a\u015bciwo\u015bci techniczne Wiercenia na mokro CWEKSR75 7500 W &#8211; 400 V Stojak naprzeciwko strony silnika Maksymalna \u015brednica wiercenia: 1000 mm 3 pr\u0119dko\u015b\u0107i bez obci\u0105\u017cenia: 1-80 obr \/ min 2-160 obr \/ min 3-250 obr \/ min Skok pracy: 1080 mm Przy\u0142\u0105cze: 1 \u201d1\/4 Uchylny pod k\u0105tem 60 \u00b0 Waga statywu: 37 Kg Szybkie zwolnienie nap\u0119du Masa silnika: 19.5 Kg [\/vc_column_text][\/vc_column][\/vc_row]","og_url":"https:\/\/www.maxima-dia.com\/pl\/wiertnice\/caromax-1000\/","og_site_name":"Maxima SpA","article_publisher":"https:\/\/www.facebook.com\/Maxima-spa-106098566139597","article_modified_time":"2021-08-03T07:11:02+00:00","og_image":[{"width":1700,"height":1700,"url":"https:\/\/www.maxima-dia.com\/wp-content\/uploads\/2021\/08\/CAROMAX1000.jpg","type":"image\/jpeg"}],"twitter_card":"summary_large_image","twitter_site":"@Maximadia","twitter_misc":{"Szacowany czas czytania":"2 minuty"},"schema":{"@context":"https:\/\/schema.org","@graph":[{"@type":"WebPage","@id":"https:\/\/www.maxima-dia.com\/pl\/wiertnice\/caromax-1000\/","url":"https:\/\/www.maxima-dia.com\/pl\/wiertnice\/caromax-1000\/","name":"Caromax 1000 - Maxima SpA","isPartOf":{"@id":"https:\/\/www.maxima-dia.com\/pl\/#website"},"primaryImageOfPage":{"@id":"https:\/\/www.maxima-dia.com\/pl\/wiertnice\/caromax-1000\/#primaryimage"},"image":{"@id":"https:\/\/www.maxima-dia.com\/pl\/wiertnice\/caromax-1000\/#primaryimage"},"thumbnailUrl":"https:\/\/www.maxima-dia.com\/wp-content\/uploads\/2021\/08\/CAROMAX1000.jpg","datePublished":"2019-07-29T12:32:19+00:00","dateModified":"2021-08-03T07:11:02+00:00","breadcrumb":{"@id":"https:\/\/www.maxima-dia.com\/pl\/wiertnice\/caromax-1000\/#breadcrumb"},"inLanguage":"pl-PL","potentialAction":[{"@type":"ReadAction","target":["https:\/\/www.maxima-dia.com\/pl\/wiertnice\/caromax-1000\/"]}]},{"@type":"ImageObject","inLanguage":"pl-PL","@id":"https:\/\/www.maxima-dia.com\/pl\/wiertnice\/caromax-1000\/#primaryimage","url":"https:\/\/www.maxima-dia.com\/wp-content\/uploads\/2021\/08\/CAROMAX1000.jpg","contentUrl":"https:\/\/www.maxima-dia.com\/wp-content\/uploads\/2021\/08\/CAROMAX1000.jpg","width":1700,"height":1700},{"@type":"BreadcrumbList","@id":"https:\/\/www.maxima-dia.com\/pl\/wiertnice\/caromax-1000\/#breadcrumb","itemListElement":[{"@type":"ListItem","position":1,"name":"Home","item":"https:\/\/www.maxima-dia.com\/pl\/"},{"@type":"ListItem","position":2,"name":"Wiertnice","item":"https:\/\/www.maxima-dia.com\/pl\/wiertnice\/"},{"@type":"ListItem","position":3,"name":"Caromax 1000"}]},{"@type":"WebSite","@id":"https:\/\/www.maxima-dia.com\/pl\/#website","url":"https:\/\/www.maxima-dia.com\/pl\/","name":"Maxima SpA","description":"Only for the real professionals","potentialAction":[{"@type":"SearchAction","target":{"@type":"EntryPoint","urlTemplate":"https:\/\/www.maxima-dia.com\/pl\/?s={search_term_string}"},"query-input":{"@type":"PropertyValueSpecification","valueRequired":true,"valueName":"search_term_string"}}],"inLanguage":"pl-PL"}]}},"_links":{"self":[{"href":"https:\/\/www.maxima-dia.com\/pl\/wp-json\/wp\/v2\/pages\/21064"}],"collection":[{"href":"https:\/\/www.maxima-dia.com\/pl\/wp-json\/wp\/v2\/pages"}],"about":[{"href":"https:\/\/www.maxima-dia.com\/pl\/wp-json\/wp\/v2\/types\/page"}],"author":[{"embeddable":true,"href":"https:\/\/www.maxima-dia.com\/pl\/wp-json\/wp\/v2\/users\/29"}],"replies":[{"embeddable":true,"href":"https:\/\/www.maxima-dia.com\/pl\/wp-json\/wp\/v2\/comments?post=21064"}],"version-history":[{"count":0,"href":"https:\/\/www.maxima-dia.com\/pl\/wp-json\/wp\/v2\/pages\/21064\/revisions"}],"up":[{"embeddable":true,"href":"https:\/\/www.maxima-dia.com\/pl\/wp-json\/wp\/v2\/pages\/20855"}],"wp:featuredmedia":[{"embeddable":true,"href":"https:\/\/www.maxima-dia.com\/pl\/wp-json\/wp\/v2\/media\/30115"}],"wp:attachment":[{"href":"https:\/\/www.maxima-dia.com\/pl\/wp-json\/wp\/v2\/media?parent=21064"}],"curies":[{"name":"wp","href":"https:\/\/api.w.org\/{rel}","templated":true}]}}