{"id":21118,"date":"2019-07-29T15:13:39","date_gmt":"2019-07-29T13:13:39","guid":{"rendered":"https:\/\/www.maxima-dia.com\/?page_id=21118"},"modified":"2021-08-03T11:51:13","modified_gmt":"2021-08-03T09:51:13","slug":"aspiramax-50-l","status":"publish","type":"page","link":"https:\/\/www.maxima-dia.com\/pl\/wiertnice\/aspiramax-50-l\/","title":{"rendered":"Aspiramax 50 L"},"content":{"rendered":"<div class=\"wpb-content-wrapper\"><p>[vc_row][vc_column text_align=&#8221;center&#8221; width=&#8221;1\/4&#8243;][vc_column_text]<a href=\"https:\/\/www.maxima-dia.com\/wp-content\/uploads\/2021\/08\/ASPIRAMAX_50L.jpg\"><img loading=\"lazy\" decoding=\"async\" class=\"alignnone wp-image-30279 size-thumbnail\" src=\"https:\/\/www.maxima-dia.com\/wp-content\/uploads\/2021\/08\/ASPIRAMAX_50L-150x150.jpg\" alt=\"\" width=\"150\" height=\"150\" srcset=\"https:\/\/www.maxima-dia.com\/wp-content\/uploads\/2021\/08\/ASPIRAMAX_50L-150x150.jpg 150w, https:\/\/www.maxima-dia.com\/wp-content\/uploads\/2021\/08\/ASPIRAMAX_50L-300x300.jpg 300w, https:\/\/www.maxima-dia.com\/wp-content\/uploads\/2021\/08\/ASPIRAMAX_50L-1024x1024.jpg 1024w, https:\/\/www.maxima-dia.com\/wp-content\/uploads\/2021\/08\/ASPIRAMAX_50L-768x768.jpg 768w, https:\/\/www.maxima-dia.com\/wp-content\/uploads\/2021\/08\/ASPIRAMAX_50L-1536x1536.jpg 1536w, https:\/\/www.maxima-dia.com\/wp-content\/uploads\/2021\/08\/ASPIRAMAX_50L-80x80.jpg 80w, https:\/\/www.maxima-dia.com\/wp-content\/uploads\/2021\/08\/ASPIRAMAX_50L-500x500.jpg 500w, https:\/\/www.maxima-dia.com\/wp-content\/uploads\/2021\/08\/ASPIRAMAX_50L-1000x1000.jpg 1000w, https:\/\/www.maxima-dia.com\/wp-content\/uploads\/2021\/08\/ASPIRAMAX_50L.jpg 1700w\" sizes=\"(max-width: 150px) 100vw, 150px\" \/><\/a><\/p>\n<p>made in EU&nbsp;<img loading=\"lazy\" decoding=\"async\" src=\"\/wp-content\/uploads\/2013\/11\/eu.png\" alt=\"eu\" width=\"24\" height=\"16\"> &#8211; certificate&nbsp;<span style=\"font-family: arial,helvetica,sans-serif;\">CE<\/span>[\/vc_column_text][\/vc_column][vc_column width=&#8221;3\/4&#8243;][vc_column_text]Do zasysania py\u0142\u00f3w i p\u0142yn\u00f3w <strong>Aspiramax 50 L<\/strong> r\u00f3\u017cni si\u0119 od <strong>Aspiramax 1200<\/strong> pojemno\u015bci\u0105 zbiornika &#8211; w tym modelu jest 50 litr\u00f3w, aby lepiej zaspokoi\u0107 wymagania wiertnicze, kt\u00f3re wymagaj\u0105 du\u017cej ilo\u015bci wody. W komplecie z elastyczn\u0105 rur\u0105 o d\u0142ugo\u015bci 4,5 m oraz zestawem akcesori\u00f3w, kt\u00f3re obejmuj\u0105 zestaw narz\u0119dzi do u\u017cywania maszyny w r\u00f3\u017cnych dziedzinach. Idealny do <strong>Caromax 160<\/strong> i <strong>Caromax 250<\/strong>.<\/p>\n<table class=\"tabellafotocarotaggio\" style=\"width: 100%;\">\n<tbody>\n<tr>\n<td style=\"width: 25%; text-align: center;\"><a href=\"https:\/\/www.maxima-dia.com\/wp-content\/uploads\/2021\/08\/ASPIRAMAX_50L-2.jpg\"><img loading=\"lazy\" decoding=\"async\" class=\"alignnone size-thumbnail wp-image-30267\" src=\"https:\/\/www.maxima-dia.com\/wp-content\/uploads\/2021\/08\/ASPIRAMAX_50L-2-150x150.jpg\" alt=\"\" width=\"150\" height=\"150\" srcset=\"https:\/\/www.maxima-dia.com\/wp-content\/uploads\/2021\/08\/ASPIRAMAX_50L-2-150x150.jpg 150w, https:\/\/www.maxima-dia.com\/wp-content\/uploads\/2021\/08\/ASPIRAMAX_50L-2-300x300.jpg 300w, https:\/\/www.maxima-dia.com\/wp-content\/uploads\/2021\/08\/ASPIRAMAX_50L-2-1024x1024.jpg 1024w, https:\/\/www.maxima-dia.com\/wp-content\/uploads\/2021\/08\/ASPIRAMAX_50L-2-768x768.jpg 768w, https:\/\/www.maxima-dia.com\/wp-content\/uploads\/2021\/08\/ASPIRAMAX_50L-2-1536x1536.jpg 1536w, https:\/\/www.maxima-dia.com\/wp-content\/uploads\/2021\/08\/ASPIRAMAX_50L-2-80x80.jpg 80w, https:\/\/www.maxima-dia.com\/wp-content\/uploads\/2021\/08\/ASPIRAMAX_50L-2-500x500.jpg 500w, https:\/\/www.maxima-dia.com\/wp-content\/uploads\/2021\/08\/ASPIRAMAX_50L-2-1000x1000.jpg 1000w, https:\/\/www.maxima-dia.com\/wp-content\/uploads\/2021\/08\/ASPIRAMAX_50L-2.jpg 1700w\" sizes=\"(max-width: 150px) 100vw, 150px\" \/><\/a><\/td>\n<td style=\"width: 25%; text-align: center;\"><a href=\"https:\/\/www.maxima-dia.com\/wp-content\/uploads\/2021\/08\/ASPIRAMAX_50L-3.jpg\"><img loading=\"lazy\" decoding=\"async\" class=\"alignnone size-thumbnail wp-image-30286\" src=\"https:\/\/www.maxima-dia.com\/wp-content\/uploads\/2021\/08\/ASPIRAMAX_50L-3-150x150.jpg\" alt=\"\" width=\"150\" height=\"150\" srcset=\"https:\/\/www.maxima-dia.com\/wp-content\/uploads\/2021\/08\/ASPIRAMAX_50L-3-150x150.jpg 150w, https:\/\/www.maxima-dia.com\/wp-content\/uploads\/2021\/08\/ASPIRAMAX_50L-3-300x300.jpg 300w, https:\/\/www.maxima-dia.com\/wp-content\/uploads\/2021\/08\/ASPIRAMAX_50L-3-1024x1024.jpg 1024w, https:\/\/www.maxima-dia.com\/wp-content\/uploads\/2021\/08\/ASPIRAMAX_50L-3-768x768.jpg 768w, https:\/\/www.maxima-dia.com\/wp-content\/uploads\/2021\/08\/ASPIRAMAX_50L-3-1536x1536.jpg 1536w, https:\/\/www.maxima-dia.com\/wp-content\/uploads\/2021\/08\/ASPIRAMAX_50L-3-80x80.jpg 80w, https:\/\/www.maxima-dia.com\/wp-content\/uploads\/2021\/08\/ASPIRAMAX_50L-3-500x500.jpg 500w, https:\/\/www.maxima-dia.com\/wp-content\/uploads\/2021\/08\/ASPIRAMAX_50L-3-1000x1000.jpg 1000w, https:\/\/www.maxima-dia.com\/wp-content\/uploads\/2021\/08\/ASPIRAMAX_50L-3.jpg 1700w\" sizes=\"(max-width: 150px) 100vw, 150px\" \/><\/a><\/td>\n<td style=\"width: 25%; text-align: center;\"><a href=\"https:\/\/www.maxima-dia.com\/wp-content\/uploads\/2021\/08\/ASPIRAMAX_25L-3.jpg\"><img loading=\"lazy\" decoding=\"async\" class=\"alignnone size-thumbnail wp-image-30210\" src=\"https:\/\/www.maxima-dia.com\/wp-content\/uploads\/2021\/08\/ASPIRAMAX_25L-3-150x150.jpg\" alt=\"\" width=\"150\" height=\"150\" srcset=\"https:\/\/www.maxima-dia.com\/wp-content\/uploads\/2021\/08\/ASPIRAMAX_25L-3-150x150.jpg 150w, https:\/\/www.maxima-dia.com\/wp-content\/uploads\/2021\/08\/ASPIRAMAX_25L-3-300x300.jpg 300w, https:\/\/www.maxima-dia.com\/wp-content\/uploads\/2021\/08\/ASPIRAMAX_25L-3-1024x1024.jpg 1024w, https:\/\/www.maxima-dia.com\/wp-content\/uploads\/2021\/08\/ASPIRAMAX_25L-3-768x768.jpg 768w, https:\/\/www.maxima-dia.com\/wp-content\/uploads\/2021\/08\/ASPIRAMAX_25L-3-1536x1536.jpg 1536w, https:\/\/www.maxima-dia.com\/wp-content\/uploads\/2021\/08\/ASPIRAMAX_25L-3-80x80.jpg 80w, https:\/\/www.maxima-dia.com\/wp-content\/uploads\/2021\/08\/ASPIRAMAX_25L-3-500x500.jpg 500w, https:\/\/www.maxima-dia.com\/wp-content\/uploads\/2021\/08\/ASPIRAMAX_25L-3-1000x1000.jpg 1000w, https:\/\/www.maxima-dia.com\/wp-content\/uploads\/2021\/08\/ASPIRAMAX_25L-3.jpg 1700w\" sizes=\"(max-width: 150px) 100vw, 150px\" \/><\/a><\/td>\n<td style=\"width: 25%; text-align: center;\"><a href=\"https:\/\/www.maxima-dia.com\/wp-content\/uploads\/2021\/08\/ASPIRAMAX_25L-5.jpg\"><img loading=\"lazy\" decoding=\"async\" class=\"alignnone size-thumbnail wp-image-30222\" src=\"https:\/\/www.maxima-dia.com\/wp-content\/uploads\/2021\/08\/ASPIRAMAX_25L-5-150x150.jpg\" alt=\"\" width=\"150\" height=\"150\" srcset=\"https:\/\/www.maxima-dia.com\/wp-content\/uploads\/2021\/08\/ASPIRAMAX_25L-5-150x150.jpg 150w, https:\/\/www.maxima-dia.com\/wp-content\/uploads\/2021\/08\/ASPIRAMAX_25L-5-300x300.jpg 300w, https:\/\/www.maxima-dia.com\/wp-content\/uploads\/2021\/08\/ASPIRAMAX_25L-5-1024x1024.jpg 1024w, https:\/\/www.maxima-dia.com\/wp-content\/uploads\/2021\/08\/ASPIRAMAX_25L-5-768x768.jpg 768w, https:\/\/www.maxima-dia.com\/wp-content\/uploads\/2021\/08\/ASPIRAMAX_25L-5-1536x1536.jpg 1536w, https:\/\/www.maxima-dia.com\/wp-content\/uploads\/2021\/08\/ASPIRAMAX_25L-5-80x80.jpg 80w, https:\/\/www.maxima-dia.com\/wp-content\/uploads\/2021\/08\/ASPIRAMAX_25L-5-500x500.jpg 500w, https:\/\/www.maxima-dia.com\/wp-content\/uploads\/2021\/08\/ASPIRAMAX_25L-5-1000x1000.jpg 1000w, https:\/\/www.maxima-dia.com\/wp-content\/uploads\/2021\/08\/ASPIRAMAX_25L-5.jpg 1700w\" sizes=\"(max-width: 150px) 100vw, 150px\" \/><\/a><\/td>\n<\/tr>\n<\/tbody>\n<\/table>\n<p>&nbsp;<\/p>\n<table class=\"tabellatecnica\" style=\"width: 100%;\" border=\"0\" cellspacing=\"0\" cellpadding=\"0\">\n<thead>\n<tr>\n<td class=\"testata\" colspan=\"2\">W\u0142a\u015bciwo\u015bci techniczne<\/td>\n<\/tr>\n<\/thead>\n<tbody>\n<tr>\n<td class=\"coltesto1\" style=\"width: 50%;\">Moc: 1600 W &#8211; 230 V<\/td>\n<td class=\"coltesto1\" style=\"width: 50%;\">Nat\u0119\u017cenie przep\u0142ywu: 50 Lt<\/td>\n<\/tr>\n<tr>\n<td class=\"coltesto1\" style=\"width: 50%;\">Mo\u017cliwo\u015b\u0107 automatycznego prze\u0142\u0105czania &#8211; w\u0142\u0105czanie za pomoc\u0105 elektro &#8211; narz\u0119dzia<\/td>\n<td class=\"coltesto1\" style=\"width: 50%;\">D\u0142ugo\u015b\u0107 rury ss\u0105cej: 4,5 Mt<\/td>\n<\/tr>\n<tr>\n<td class=\"coltesto2\" style=\"width: 50%;\">Dwa innowacyjne filtry o \u0142\u0105cznej powierzchni 8600<\/td>\n<td class=\"coltesto2\" style=\"width: 50%;\">D\u0142ugo\u015b\u0107 kabla elektrycznego: 8 Mt<\/td>\n<\/tr>\n<tr>\n<td class=\"coltesto2\" style=\"width: 50%;\">cm2 zatrzymania py\u0142u zgodnie z BIA Cat. C<\/td>\n<td class=\"coltesto2\" style=\"width: 50%;\">Wymiary:: 58x47x64 Cm<\/td>\n<\/tr>\n<tr>\n<td class=\"coltesto2\" style=\"width: 50%;\">Automatyczne czyszczenie filtra za pomoc\u0105 pulsacji elektro-magnetycznych<\/td>\n<td class=\"coltesto2\" style=\"width: 50%;\">Waga: 15 Kg<\/td>\n<\/tr>\n<\/tbody>\n<\/table>\n<p>[\/vc_column_text][\/vc_column][\/vc_row]<\/p>\n<\/div>","protected":false},"excerpt":{"rendered":"<p>[vc_row][vc_column text_align=&#8221;center&#8221; width=&#8221;1\/4&#8243;][vc_column_text] made in EU&nbsp; &#8211; certificate&nbsp;CE[\/vc_column_text][\/vc_column][vc_column width=&#8221;3\/4&#8243;][vc_column_text]Do zasysania py\u0142\u00f3w i p\u0142yn\u00f3w Aspiramax 50 L r\u00f3\u017cni si\u0119 od Aspiramax 1200 pojemno\u015bci\u0105 zbiornika &#8211; w tym modelu jest 50 litr\u00f3w, aby lepiej zaspokoi\u0107 wymagania wiertnicze, kt\u00f3re wymagaj\u0105 du\u017cej ilo\u015bci wody. W komplecie z elastyczn\u0105 rur\u0105 o d\u0142ugo\u015bci 4,5 m oraz zestawem akcesori\u00f3w, kt\u00f3re obejmuj\u0105 zestaw narz\u0119dzi do u\u017cywania maszyny w r\u00f3\u017cnych dziedzinach. Idealny do Caromax 160 i Caromax 250. &nbsp; W\u0142a\u015bciwo\u015bci techniczne Moc: 1600 W &#8211; 230 V Nat\u0119\u017cenie przep\u0142ywu: 50 Lt Mo\u017cliwo\u015b\u0107 automatycznego prze\u0142\u0105czania &#8211; w\u0142\u0105czanie za pomoc\u0105 elektro &#8211; narz\u0119dzia D\u0142ugo\u015b\u0107 rury ss\u0105cej: 4,5 Mt Dwa innowacyjne filtry o \u0142\u0105cznej powierzchni 8600 D\u0142ugo\u015b\u0107 kabla elektrycznego: 8 Mt cm2 zatrzymania py\u0142u zgodnie z BIA Cat. C Wymiary:: 58x47x64 Cm Automatyczne czyszczenie filtra za pomoc\u0105 pulsacji elektro-magnetycznych Waga: 15 Kg [\/vc_column_text][\/vc_column][\/vc_row]<\/p>\n","protected":false},"author":29,"featured_media":30283,"parent":20855,"menu_order":23,"comment_status":"closed","ping_status":"closed","template":"","meta":{"ngg_post_thumbnail":0,"_joinchat":[],"footnotes":""},"class_list":["post-21118","page","type-page","status-publish","has-post-thumbnail","hentry"],"yoast_head":"<!-- This site is optimized with the Yoast SEO plugin v25.5 - https:\/\/yoast.com\/wordpress\/plugins\/seo\/ -->\n<title>Aspiramax 50 L - Maxima SpA<\/title>\n<meta name=\"robots\" content=\"index, follow, max-snippet:-1, max-image-preview:large, max-video-preview:-1\" \/>\n<link rel=\"canonical\" href=\"https:\/\/www.maxima-dia.com\/pl\/wiertnice\/aspiramax-50-l\/\" \/>\n<meta property=\"og:locale\" content=\"pl_PL\" \/>\n<meta property=\"og:type\" content=\"article\" \/>\n<meta property=\"og:title\" content=\"Aspiramax 50 L - Maxima SpA\" \/>\n<meta property=\"og:description\" content=\"[vc_row][vc_column text_align=&#8221;center&#8221; width=&#8221;1\/4&#8243;][vc_column_text] made in EU&nbsp; &#8211; certificate&nbsp;CE[\/vc_column_text][\/vc_column][vc_column width=&#8221;3\/4&#8243;][vc_column_text]Do zasysania py\u0142\u00f3w i p\u0142yn\u00f3w Aspiramax 50 L r\u00f3\u017cni si\u0119 od Aspiramax 1200 pojemno\u015bci\u0105 zbiornika &#8211; w tym modelu jest 50 litr\u00f3w, aby lepiej zaspokoi\u0107 wymagania wiertnicze, kt\u00f3re wymagaj\u0105 du\u017cej ilo\u015bci wody. W komplecie z elastyczn\u0105 rur\u0105 o d\u0142ugo\u015bci 4,5 m oraz zestawem akcesori\u00f3w, kt\u00f3re obejmuj\u0105 zestaw narz\u0119dzi do u\u017cywania maszyny w r\u00f3\u017cnych dziedzinach. Idealny do Caromax 160 i Caromax 250. &nbsp; W\u0142a\u015bciwo\u015bci techniczne Moc: 1600 W &#8211; 230 V Nat\u0119\u017cenie przep\u0142ywu: 50 Lt Mo\u017cliwo\u015b\u0107 automatycznego prze\u0142\u0105czania &#8211; w\u0142\u0105czanie za pomoc\u0105 elektro &#8211; narz\u0119dzia D\u0142ugo\u015b\u0107 rury ss\u0105cej: 4,5 Mt Dwa innowacyjne filtry o \u0142\u0105cznej powierzchni 8600 D\u0142ugo\u015b\u0107 kabla elektrycznego: 8 Mt cm2 zatrzymania py\u0142u zgodnie z BIA Cat. C Wymiary:: 58x47x64 Cm Automatyczne czyszczenie filtra za pomoc\u0105 pulsacji elektro-magnetycznych Waga: 15 Kg [\/vc_column_text][\/vc_column][\/vc_row]\" \/>\n<meta property=\"og:url\" content=\"https:\/\/www.maxima-dia.com\/pl\/wiertnice\/aspiramax-50-l\/\" \/>\n<meta property=\"og:site_name\" content=\"Maxima SpA\" \/>\n<meta property=\"article:publisher\" content=\"https:\/\/www.facebook.com\/Maxima-spa-106098566139597\" \/>\n<meta property=\"article:modified_time\" content=\"2021-08-03T09:51:13+00:00\" \/>\n<meta property=\"og:image\" content=\"https:\/\/www.maxima-dia.com\/wp-content\/uploads\/2021\/08\/ASPIRAMAX_50L.jpg\" \/>\n\t<meta property=\"og:image:width\" content=\"1700\" \/>\n\t<meta property=\"og:image:height\" content=\"1700\" \/>\n\t<meta property=\"og:image:type\" content=\"image\/jpeg\" \/>\n<meta name=\"twitter:card\" content=\"summary_large_image\" \/>\n<meta name=\"twitter:site\" content=\"@Maximadia\" \/>\n<meta name=\"twitter:label1\" content=\"Szacowany czas czytania\" \/>\n\t<meta name=\"twitter:data1\" content=\"2 minuty\" \/>\n<script type=\"application\/ld+json\" class=\"yoast-schema-graph\">{\"@context\":\"https:\/\/schema.org\",\"@graph\":[{\"@type\":\"WebPage\",\"@id\":\"https:\/\/www.maxima-dia.com\/pl\/wiertnice\/aspiramax-50-l\/\",\"url\":\"https:\/\/www.maxima-dia.com\/pl\/wiertnice\/aspiramax-50-l\/\",\"name\":\"Aspiramax 50 L - Maxima SpA\",\"isPartOf\":{\"@id\":\"https:\/\/www.maxima-dia.com\/pl\/#website\"},\"primaryImageOfPage\":{\"@id\":\"https:\/\/www.maxima-dia.com\/pl\/wiertnice\/aspiramax-50-l\/#primaryimage\"},\"image\":{\"@id\":\"https:\/\/www.maxima-dia.com\/pl\/wiertnice\/aspiramax-50-l\/#primaryimage\"},\"thumbnailUrl\":\"https:\/\/www.maxima-dia.com\/wp-content\/uploads\/2021\/08\/ASPIRAMAX_50L.jpg\",\"datePublished\":\"2019-07-29T13:13:39+00:00\",\"dateModified\":\"2021-08-03T09:51:13+00:00\",\"breadcrumb\":{\"@id\":\"https:\/\/www.maxima-dia.com\/pl\/wiertnice\/aspiramax-50-l\/#breadcrumb\"},\"inLanguage\":\"pl-PL\",\"potentialAction\":[{\"@type\":\"ReadAction\",\"target\":[\"https:\/\/www.maxima-dia.com\/pl\/wiertnice\/aspiramax-50-l\/\"]}]},{\"@type\":\"ImageObject\",\"inLanguage\":\"pl-PL\",\"@id\":\"https:\/\/www.maxima-dia.com\/pl\/wiertnice\/aspiramax-50-l\/#primaryimage\",\"url\":\"https:\/\/www.maxima-dia.com\/wp-content\/uploads\/2021\/08\/ASPIRAMAX_50L.jpg\",\"contentUrl\":\"https:\/\/www.maxima-dia.com\/wp-content\/uploads\/2021\/08\/ASPIRAMAX_50L.jpg\",\"width\":1700,\"height\":1700},{\"@type\":\"BreadcrumbList\",\"@id\":\"https:\/\/www.maxima-dia.com\/pl\/wiertnice\/aspiramax-50-l\/#breadcrumb\",\"itemListElement\":[{\"@type\":\"ListItem\",\"position\":1,\"name\":\"Home\",\"item\":\"https:\/\/www.maxima-dia.com\/pl\/\"},{\"@type\":\"ListItem\",\"position\":2,\"name\":\"Wiertnice\",\"item\":\"https:\/\/www.maxima-dia.com\/pl\/wiertnice\/\"},{\"@type\":\"ListItem\",\"position\":3,\"name\":\"Aspiramax 50 L\"}]},{\"@type\":\"WebSite\",\"@id\":\"https:\/\/www.maxima-dia.com\/pl\/#website\",\"url\":\"https:\/\/www.maxima-dia.com\/pl\/\",\"name\":\"Maxima SpA\",\"description\":\"Only for the real professionals\",\"potentialAction\":[{\"@type\":\"SearchAction\",\"target\":{\"@type\":\"EntryPoint\",\"urlTemplate\":\"https:\/\/www.maxima-dia.com\/pl\/?s={search_term_string}\"},\"query-input\":{\"@type\":\"PropertyValueSpecification\",\"valueRequired\":true,\"valueName\":\"search_term_string\"}}],\"inLanguage\":\"pl-PL\"}]}<\/script>\n<!-- \/ Yoast SEO plugin. -->","yoast_head_json":{"title":"Aspiramax 50 L - Maxima SpA","robots":{"index":"index","follow":"follow","max-snippet":"max-snippet:-1","max-image-preview":"max-image-preview:large","max-video-preview":"max-video-preview:-1"},"canonical":"https:\/\/www.maxima-dia.com\/pl\/wiertnice\/aspiramax-50-l\/","og_locale":"pl_PL","og_type":"article","og_title":"Aspiramax 50 L - Maxima SpA","og_description":"[vc_row][vc_column text_align=&#8221;center&#8221; width=&#8221;1\/4&#8243;][vc_column_text] made in EU&nbsp; &#8211; certificate&nbsp;CE[\/vc_column_text][\/vc_column][vc_column width=&#8221;3\/4&#8243;][vc_column_text]Do zasysania py\u0142\u00f3w i p\u0142yn\u00f3w Aspiramax 50 L r\u00f3\u017cni si\u0119 od Aspiramax 1200 pojemno\u015bci\u0105 zbiornika &#8211; w tym modelu jest 50 litr\u00f3w, aby lepiej zaspokoi\u0107 wymagania wiertnicze, kt\u00f3re wymagaj\u0105 du\u017cej ilo\u015bci wody. W komplecie z elastyczn\u0105 rur\u0105 o d\u0142ugo\u015bci 4,5 m oraz zestawem akcesori\u00f3w, kt\u00f3re obejmuj\u0105 zestaw narz\u0119dzi do u\u017cywania maszyny w r\u00f3\u017cnych dziedzinach. Idealny do Caromax 160 i Caromax 250. &nbsp; W\u0142a\u015bciwo\u015bci techniczne Moc: 1600 W &#8211; 230 V Nat\u0119\u017cenie przep\u0142ywu: 50 Lt Mo\u017cliwo\u015b\u0107 automatycznego prze\u0142\u0105czania &#8211; w\u0142\u0105czanie za pomoc\u0105 elektro &#8211; narz\u0119dzia D\u0142ugo\u015b\u0107 rury ss\u0105cej: 4,5 Mt Dwa innowacyjne filtry o \u0142\u0105cznej powierzchni 8600 D\u0142ugo\u015b\u0107 kabla elektrycznego: 8 Mt cm2 zatrzymania py\u0142u zgodnie z BIA Cat. C Wymiary:: 58x47x64 Cm Automatyczne czyszczenie filtra za pomoc\u0105 pulsacji elektro-magnetycznych Waga: 15 Kg [\/vc_column_text][\/vc_column][\/vc_row]","og_url":"https:\/\/www.maxima-dia.com\/pl\/wiertnice\/aspiramax-50-l\/","og_site_name":"Maxima SpA","article_publisher":"https:\/\/www.facebook.com\/Maxima-spa-106098566139597","article_modified_time":"2021-08-03T09:51:13+00:00","og_image":[{"width":1700,"height":1700,"url":"https:\/\/www.maxima-dia.com\/wp-content\/uploads\/2021\/08\/ASPIRAMAX_50L.jpg","type":"image\/jpeg"}],"twitter_card":"summary_large_image","twitter_site":"@Maximadia","twitter_misc":{"Szacowany czas czytania":"2 minuty"},"schema":{"@context":"https:\/\/schema.org","@graph":[{"@type":"WebPage","@id":"https:\/\/www.maxima-dia.com\/pl\/wiertnice\/aspiramax-50-l\/","url":"https:\/\/www.maxima-dia.com\/pl\/wiertnice\/aspiramax-50-l\/","name":"Aspiramax 50 L - Maxima SpA","isPartOf":{"@id":"https:\/\/www.maxima-dia.com\/pl\/#website"},"primaryImageOfPage":{"@id":"https:\/\/www.maxima-dia.com\/pl\/wiertnice\/aspiramax-50-l\/#primaryimage"},"image":{"@id":"https:\/\/www.maxima-dia.com\/pl\/wiertnice\/aspiramax-50-l\/#primaryimage"},"thumbnailUrl":"https:\/\/www.maxima-dia.com\/wp-content\/uploads\/2021\/08\/ASPIRAMAX_50L.jpg","datePublished":"2019-07-29T13:13:39+00:00","dateModified":"2021-08-03T09:51:13+00:00","breadcrumb":{"@id":"https:\/\/www.maxima-dia.com\/pl\/wiertnice\/aspiramax-50-l\/#breadcrumb"},"inLanguage":"pl-PL","potentialAction":[{"@type":"ReadAction","target":["https:\/\/www.maxima-dia.com\/pl\/wiertnice\/aspiramax-50-l\/"]}]},{"@type":"ImageObject","inLanguage":"pl-PL","@id":"https:\/\/www.maxima-dia.com\/pl\/wiertnice\/aspiramax-50-l\/#primaryimage","url":"https:\/\/www.maxima-dia.com\/wp-content\/uploads\/2021\/08\/ASPIRAMAX_50L.jpg","contentUrl":"https:\/\/www.maxima-dia.com\/wp-content\/uploads\/2021\/08\/ASPIRAMAX_50L.jpg","width":1700,"height":1700},{"@type":"BreadcrumbList","@id":"https:\/\/www.maxima-dia.com\/pl\/wiertnice\/aspiramax-50-l\/#breadcrumb","itemListElement":[{"@type":"ListItem","position":1,"name":"Home","item":"https:\/\/www.maxima-dia.com\/pl\/"},{"@type":"ListItem","position":2,"name":"Wiertnice","item":"https:\/\/www.maxima-dia.com\/pl\/wiertnice\/"},{"@type":"ListItem","position":3,"name":"Aspiramax 50 L"}]},{"@type":"WebSite","@id":"https:\/\/www.maxima-dia.com\/pl\/#website","url":"https:\/\/www.maxima-dia.com\/pl\/","name":"Maxima SpA","description":"Only for the real professionals","potentialAction":[{"@type":"SearchAction","target":{"@type":"EntryPoint","urlTemplate":"https:\/\/www.maxima-dia.com\/pl\/?s={search_term_string}"},"query-input":{"@type":"PropertyValueSpecification","valueRequired":true,"valueName":"search_term_string"}}],"inLanguage":"pl-PL"}]}},"_links":{"self":[{"href":"https:\/\/www.maxima-dia.com\/pl\/wp-json\/wp\/v2\/pages\/21118"}],"collection":[{"href":"https:\/\/www.maxima-dia.com\/pl\/wp-json\/wp\/v2\/pages"}],"about":[{"href":"https:\/\/www.maxima-dia.com\/pl\/wp-json\/wp\/v2\/types\/page"}],"author":[{"embeddable":true,"href":"https:\/\/www.maxima-dia.com\/pl\/wp-json\/wp\/v2\/users\/29"}],"replies":[{"embeddable":true,"href":"https:\/\/www.maxima-dia.com\/pl\/wp-json\/wp\/v2\/comments?post=21118"}],"version-history":[{"count":0,"href":"https:\/\/www.maxima-dia.com\/pl\/wp-json\/wp\/v2\/pages\/21118\/revisions"}],"up":[{"embeddable":true,"href":"https:\/\/www.maxima-dia.com\/pl\/wp-json\/wp\/v2\/pages\/20855"}],"wp:featuredmedia":[{"embeddable":true,"href":"https:\/\/www.maxima-dia.com\/pl\/wp-json\/wp\/v2\/media\/30283"}],"wp:attachment":[{"href":"https:\/\/www.maxima-dia.com\/pl\/wp-json\/wp\/v2\/media?parent=21118"}],"curies":[{"name":"wp","href":"https:\/\/api.w.org\/{rel}","templated":true}]}}