{"id":21125,"date":"2019-07-29T15:32:01","date_gmt":"2019-07-29T13:32:01","guid":{"rendered":"https:\/\/www.maxima-dia.com\/?page_id=21125"},"modified":"2025-10-03T09:43:53","modified_gmt":"2025-10-03T07:43:53","slug":"kontakty-i-adresy","status":"publish","type":"page","link":"https:\/\/www.maxima-dia.com\/pl\/kontakty-i-adresy\/","title":{"rendered":"Firma"},"content":{"rendered":"<div class=\"wpb-content-wrapper\"><p>[vc_row][vc_column width=&#8221;1\/3&#8243;][vc_column_text]<\/p>\n<h3>Dane kontaktowe<\/h3>\n<p><strong>DIA-MAX SP. Z O.O.<\/strong><br \/>\nNAGIETKOWA 7<br \/>\n65-012 ZIELONA G\u00d3RA<br \/>\n+48 509 722 522<br \/>\n<a href=\"mailto:polska@maxima-dia.com\" target=\"_blank\" rel=\"nofollow noopener\">polska@maxima-dia.com<\/a><\/p>\n<p>&nbsp; &nbsp; &nbsp;<\/p>\n<p><strong>MAXIMA S.p.A. a Socio Unico<\/strong><br \/>\nVia Matteotti, 6<br \/>\n42028 Poviglio (RE),&nbsp;ITALY<\/p>\n<p><strong>Ph:<\/strong>&nbsp;+39 0522 968011<br \/>\n<strong>Fax:<\/strong>&nbsp;+39 0522 967536<br \/>\n<strong>E-mail:&nbsp;<\/strong><a title=\"info@maxima-dia.com\" href=\"mailto:info@maxima-dia.com\">info@maxima-dia.com<\/a>[\/vc_column_text][vc_column_text]<\/p>\n<h3>Jak nas znale\u017a\u0107<\/h3>\n<p><iframe loading=\"lazy\" style=\"border: 0;\" src=\"https:\/\/www.google.com\/maps\/embed?pb=!1m14!1m8!1m3!1d5655.6455910115355!2d10.540019509273984!3d44.86590216758122!3m2!1i1024!2i768!4f13.1!3m3!1m2!1s0x0%3A0xa0da6eba604687c9!2sMaxima+S.p.A.!5e0!3m2!1sit!2sus!4v1543853164931&amp;hl=en\" width=\"250\" height=\"400\" frameborder=\"0\" allowfullscreen=\"allowfullscreen\"><\/iframe><br \/>\n<small><a style=\"color: #0000ff; text-align: left;\" href=\"https:\/\/maps.google.com\/maps?ll=44.865598,10.539644&amp;z=15&amp;t=m&amp;hl=en-EN&amp;gl=US&amp;mapclient=embed&amp;cid=11590698337749600201\" target=\"_blank\" rel=\"noopener noreferrer\">Enlarge the map<\/a><\/small>[\/vc_column_text][\/vc_column][vc_column width=&#8221;2\/3&#8243;][vc_column_text]<\/p>\n<h3>Formularz kontaktowy<\/h3>\n<p>[\/vc_column_text]\n<div class=\"wpcf7 no-js\" id=\"wpcf7-f23301-o1\" lang=\"en-US\" dir=\"ltr\" data-wpcf7-id=\"23301\">\n<div class=\"screen-reader-response\"><p role=\"status\" aria-live=\"polite\" aria-atomic=\"true\"><\/p> <ul><\/ul><\/div>\n<form action=\"\/pl\/wp-json\/wp\/v2\/pages\/21125#wpcf7-f23301-o1\" method=\"post\" class=\"wpcf7-form init\" aria-label=\"Contact form\" novalidate=\"novalidate\" data-status=\"init\">\n<div style=\"display: none;\">\n<input type=\"hidden\" name=\"_wpcf7\" value=\"23301\" \/>\n<input type=\"hidden\" name=\"_wpcf7_version\" value=\"6.0.6\" \/>\n<input type=\"hidden\" name=\"_wpcf7_locale\" value=\"en_US\" \/>\n<input type=\"hidden\" name=\"_wpcf7_unit_tag\" value=\"wpcf7-f23301-o1\" \/>\n<input type=\"hidden\" name=\"_wpcf7_container_post\" value=\"0\" \/>\n<input type=\"hidden\" name=\"_wpcf7_posted_data_hash\" value=\"\" \/>\n<input type=\"hidden\" name=\"_wpcf7_recaptcha_response\" value=\"\" \/>\n<\/div>\n<div class=\"main-contact-page\" style=\"margin: 10px 0 0 50px;\">\n\t<fieldset style=\"border: 2px solid red; padding: 20px;\">\n\t\t<legend style=\"padding: 0.2em 0.5em; border:1px solid red; color:red; font-size:90%; text-align:right;\">1] Dane osobowe\n\t\t<\/legend>\n\t\t<p>Imi\u0119 i nazwisko\n\t\t<\/p>\n\t\t<p><span class=\"wpcf7-form-control-wrap\" data-name=\"nominativo\"><input size=\"40\" maxlength=\"400\" class=\"wpcf7-form-control wpcf7-text wpcf7-validates-as-required\" aria-required=\"true\" aria-invalid=\"false\" value=\"\" type=\"text\" name=\"nominativo\" \/><\/span>\n\t\t<\/p>\n\t\t<p>Firma\n\t\t<\/p>\n\t\t<p><span class=\"wpcf7-form-control-wrap\" data-name=\"azienda\"><input size=\"40\" maxlength=\"400\" class=\"wpcf7-form-control wpcf7-text wpcf7-validates-as-required\" aria-required=\"true\" aria-invalid=\"false\" value=\"\" type=\"text\" name=\"azienda\" \/><\/span>\n\t\t<\/p>\n\t\t<p>E-mail\n\t\t<\/p>\n\t\t<p><span class=\"wpcf7-form-control-wrap\" data-name=\"emailpers\"><input size=\"40\" maxlength=\"400\" class=\"wpcf7-form-control wpcf7-email wpcf7-validates-as-required wpcf7-text wpcf7-validates-as-email\" aria-required=\"true\" aria-invalid=\"false\" value=\"\" type=\"email\" name=\"emailpers\" \/><\/span>\n\t\t<\/p>\n\t\t<p>Telefon\n\t\t<\/p>\n\t\t<p><span class=\"wpcf7-form-control-wrap\" data-name=\"telefono\"><input size=\"40\" maxlength=\"400\" class=\"wpcf7-form-control wpcf7-text wpcf7-validates-as-required\" aria-required=\"true\" aria-invalid=\"false\" value=\"\" type=\"text\" name=\"telefono\" \/><\/span>\n\t\t<\/p>\n\t\t<p>Adres\n\t\t<\/p>\n\t\t<p><span class=\"wpcf7-form-control-wrap\" data-name=\"via\"><input size=\"60\" maxlength=\"400\" class=\"wpcf7-form-control wpcf7-text wpcf7-validates-as-required\" aria-required=\"true\" aria-invalid=\"false\" value=\"\" type=\"text\" name=\"via\" \/><\/span>\n\t\t<\/p>\n\t\t<p>Kod pocztowy\n\t\t<\/p>\n\t\t<p><span class=\"wpcf7-form-control-wrap\" data-name=\"cap\"><input size=\"5\" maxlength=\"5\" class=\"wpcf7-form-control wpcf7-text wpcf7-validates-as-required\" aria-required=\"true\" aria-invalid=\"false\" value=\"\" type=\"text\" name=\"cap\" \/><\/span>\n\t\t<\/p>\n\t\t<p>Miasto\n\t\t<\/p>\n\t\t<p><span class=\"wpcf7-form-control-wrap\" data-name=\"citta\"><input size=\"60\" maxlength=\"400\" class=\"wpcf7-form-control wpcf7-text wpcf7-validates-as-required\" aria-required=\"true\" aria-invalid=\"false\" value=\"\" type=\"text\" name=\"citta\" \/><\/span>\n\t\t<\/p>\n\t\t<p>Kraj\n\t\t<\/p>\n\t\t<p><span class=\"wpcf7-form-control-wrap\" data-name=\"nazione\"><input size=\"40\" maxlength=\"400\" class=\"wpcf7-form-control wpcf7-text wpcf7-validates-as-required\" aria-required=\"true\" aria-invalid=\"false\" value=\"\" type=\"text\" name=\"nazione\" \/><\/span>\n\t\t<\/p>\n\t<\/fieldset>\n\t<fieldset style=\"border: 2px solid red; padding: 20px; margin: 30px 0;\">\n\t\t<legend style=\"padding: 0.2em 0.5em; border:1px solid red; color:red; font-size:90%; text-align:right;\">2] Wiadomo\u015b\u0107\n\t\t<\/legend>\n\t\t<p>Temat\n\t\t<\/p>\n\t\t<p><span class=\"wpcf7-form-control-wrap\" data-name=\"oggettomessaggio\"><input size=\"60\" maxlength=\"400\" class=\"wpcf7-form-control wpcf7-text wpcf7-validates-as-required\" aria-required=\"true\" aria-invalid=\"false\" value=\"\" type=\"text\" name=\"oggettomessaggio\" \/><\/span>\n\t\t<\/p>\n\t\t<p>Twoja wiadomo\u015b\u0107\n\t\t<\/p>\n\t\t<p><span class=\"wpcf7-form-control-wrap\" data-name=\"messaggiorichiesta\"><textarea cols=\"40\" rows=\"10\" maxlength=\"2000\" class=\"wpcf7-form-control wpcf7-textarea wpcf7-validates-as-required\" aria-required=\"true\" aria-invalid=\"false\" name=\"messaggiorichiesta\"><\/textarea><\/span>\n\t\t<\/p>\n\t<\/fieldset>\n\t<p>ZGODA NA PRZETWARZANIE DANYCH:<br \/>\nW odniesieniu do informacji o danych osobowych i prywatno\u015bci Rozporz\u0105dzenia (UE) 2016\/679, osoba, kt\u00f3rej dane dotycz\u0105, wyra\u017anie o\u015bwiadcza, \u017ce wyra\u017ca zgod\u0119 i tym samym upowa\u017cnia Maxima S.p.A. do przetwarzania i wykorzystywania jej danych osobowych.\n\t<\/p>\n\t<p>Wyra\u017cam zgod\u0119: <span class=\"wpcf7-form-control-wrap\" data-name=\"accettazioneprivacy\"><span class=\"wpcf7-form-control wpcf7-acceptance\"><span class=\"wpcf7-list-item\"><input type=\"checkbox\" name=\"accettazioneprivacy\" value=\"1\" aria-invalid=\"false\" \/><\/span><\/span><\/span>\n\t<\/p>\n\t<p>\n\t\n\t<\/p>\n\t<p>&nbsp;\n\t<\/p>\n\t<p><input class=\"wpcf7-form-control wpcf7-submit has-spinner submitsend\" type=\"submit\" value=\"WY\u015aLIJ\" \/>\n\t<\/p>\n<\/div><div class=\"wpcf7-response-output\" aria-hidden=\"true\"><\/div>\n<\/form>\n<\/div>\n[\/vc_column][\/vc_row]<\/p>\n<\/div>","protected":false},"excerpt":{"rendered":"<p>[vc_row][vc_column width=&#8221;1\/3&#8243;][vc_column_text] Dane kontaktowe DIA-MAX SP. Z O.O. NAGIETKOWA 7 65-012 ZIELONA G\u00d3RA +48 509 722 522 polska@maxima-dia.com &nbsp; &nbsp; &nbsp; MAXIMA S.p.A. a Socio Unico Via Matteotti, 6 42028 Poviglio (RE),&nbsp;ITALY Ph:&nbsp;+39 0522 968011 Fax:&nbsp;+39 0522 967536 E-mail:&nbsp;info@maxima-dia.com[\/vc_column_text][vc_column_text] Jak nas znale\u017a\u0107 Enlarge the map[\/vc_column_text][\/vc_column][vc_column width=&#8221;2\/3&#8243;][vc_column_text] Formularz kontaktowy [\/vc_column_text][\/vc_column][\/vc_row]<\/p>\n","protected":false},"author":29,"featured_media":0,"parent":0,"menu_order":292,"comment_status":"closed","ping_status":"closed","template":"","meta":{"ngg_post_thumbnail":0,"_joinchat":[],"footnotes":""},"class_list":["post-21125","page","type-page","status-publish","hentry"],"yoast_head":"<!-- This site is optimized with the Yoast SEO plugin v25.5 - https:\/\/yoast.com\/wordpress\/plugins\/seo\/ -->\n<title>Firma - Maxima SpA<\/title>\n<meta name=\"robots\" content=\"index, follow, max-snippet:-1, max-image-preview:large, max-video-preview:-1\" \/>\n<link rel=\"canonical\" href=\"https:\/\/www.maxima-dia.com\/pl\/kontakty-i-adresy\/\" \/>\n<meta property=\"og:locale\" content=\"pl_PL\" \/>\n<meta property=\"og:type\" content=\"article\" \/>\n<meta property=\"og:title\" content=\"Firma - Maxima SpA\" \/>\n<meta property=\"og:description\" content=\"[vc_row][vc_column width=&#8221;1\/3&#8243;][vc_column_text] Dane kontaktowe DIA-MAX SP. Z O.O. NAGIETKOWA 7 65-012 ZIELONA G\u00d3RA +48 509 722 522 polska@maxima-dia.com &nbsp; &nbsp; &nbsp; MAXIMA S.p.A. a Socio Unico Via Matteotti, 6 42028 Poviglio (RE),&nbsp;ITALY Ph:&nbsp;+39 0522 968011 Fax:&nbsp;+39 0522 967536 E-mail:&nbsp;info@maxima-dia.com[\/vc_column_text][vc_column_text] Jak nas znale\u017a\u0107 Enlarge the map[\/vc_column_text][\/vc_column][vc_column width=&#8221;2\/3&#8243;][vc_column_text] Formularz kontaktowy [\/vc_column_text][\/vc_column][\/vc_row]\" \/>\n<meta property=\"og:url\" content=\"https:\/\/www.maxima-dia.com\/pl\/kontakty-i-adresy\/\" \/>\n<meta property=\"og:site_name\" content=\"Maxima SpA\" \/>\n<meta property=\"article:publisher\" content=\"https:\/\/www.facebook.com\/Maxima-spa-106098566139597\" \/>\n<meta property=\"article:modified_time\" content=\"2025-10-03T07:43:53+00:00\" \/>\n<meta property=\"og:image\" content=\"https:\/\/www.maxima-dia.com\/wp-content\/uploads\/2022\/03\/MaximaSpA-logo-quadrato.jpg\" \/>\n\t<meta property=\"og:image:width\" content=\"500\" \/>\n\t<meta property=\"og:image:height\" content=\"500\" \/>\n\t<meta property=\"og:image:type\" content=\"image\/jpeg\" \/>\n<meta name=\"twitter:card\" content=\"summary_large_image\" \/>\n<meta name=\"twitter:site\" content=\"@Maximadia\" \/>\n<script type=\"application\/ld+json\" class=\"yoast-schema-graph\">{\"@context\":\"https:\/\/schema.org\",\"@graph\":[{\"@type\":\"WebPage\",\"@id\":\"https:\/\/www.maxima-dia.com\/pl\/kontakty-i-adresy\/\",\"url\":\"https:\/\/www.maxima-dia.com\/pl\/kontakty-i-adresy\/\",\"name\":\"Firma - Maxima SpA\",\"isPartOf\":{\"@id\":\"https:\/\/www.maxima-dia.com\/pl\/#website\"},\"datePublished\":\"2019-07-29T13:32:01+00:00\",\"dateModified\":\"2025-10-03T07:43:53+00:00\",\"breadcrumb\":{\"@id\":\"https:\/\/www.maxima-dia.com\/pl\/kontakty-i-adresy\/#breadcrumb\"},\"inLanguage\":\"pl-PL\",\"potentialAction\":[{\"@type\":\"ReadAction\",\"target\":[\"https:\/\/www.maxima-dia.com\/pl\/kontakty-i-adresy\/\"]}]},{\"@type\":\"BreadcrumbList\",\"@id\":\"https:\/\/www.maxima-dia.com\/pl\/kontakty-i-adresy\/#breadcrumb\",\"itemListElement\":[{\"@type\":\"ListItem\",\"position\":1,\"name\":\"Home\",\"item\":\"https:\/\/www.maxima-dia.com\/pl\/\"},{\"@type\":\"ListItem\",\"position\":2,\"name\":\"Firma\"}]},{\"@type\":\"WebSite\",\"@id\":\"https:\/\/www.maxima-dia.com\/pl\/#website\",\"url\":\"https:\/\/www.maxima-dia.com\/pl\/\",\"name\":\"Maxima SpA\",\"description\":\"Only for the real professionals\",\"potentialAction\":[{\"@type\":\"SearchAction\",\"target\":{\"@type\":\"EntryPoint\",\"urlTemplate\":\"https:\/\/www.maxima-dia.com\/pl\/?s={search_term_string}\"},\"query-input\":{\"@type\":\"PropertyValueSpecification\",\"valueRequired\":true,\"valueName\":\"search_term_string\"}}],\"inLanguage\":\"pl-PL\"}]}<\/script>\n<!-- \/ Yoast SEO plugin. -->","yoast_head_json":{"title":"Firma - Maxima SpA","robots":{"index":"index","follow":"follow","max-snippet":"max-snippet:-1","max-image-preview":"max-image-preview:large","max-video-preview":"max-video-preview:-1"},"canonical":"https:\/\/www.maxima-dia.com\/pl\/kontakty-i-adresy\/","og_locale":"pl_PL","og_type":"article","og_title":"Firma - Maxima SpA","og_description":"[vc_row][vc_column width=&#8221;1\/3&#8243;][vc_column_text] Dane kontaktowe DIA-MAX SP. Z O.O. NAGIETKOWA 7 65-012 ZIELONA G\u00d3RA +48 509 722 522 polska@maxima-dia.com &nbsp; &nbsp; &nbsp; MAXIMA S.p.A. a Socio Unico Via Matteotti, 6 42028 Poviglio (RE),&nbsp;ITALY Ph:&nbsp;+39 0522 968011 Fax:&nbsp;+39 0522 967536 E-mail:&nbsp;info@maxima-dia.com[\/vc_column_text][vc_column_text] Jak nas znale\u017a\u0107 Enlarge the map[\/vc_column_text][\/vc_column][vc_column width=&#8221;2\/3&#8243;][vc_column_text] Formularz kontaktowy [\/vc_column_text][\/vc_column][\/vc_row]","og_url":"https:\/\/www.maxima-dia.com\/pl\/kontakty-i-adresy\/","og_site_name":"Maxima SpA","article_publisher":"https:\/\/www.facebook.com\/Maxima-spa-106098566139597","article_modified_time":"2025-10-03T07:43:53+00:00","og_image":[{"width":500,"height":500,"url":"https:\/\/www.maxima-dia.com\/wp-content\/uploads\/2022\/03\/MaximaSpA-logo-quadrato.jpg","type":"image\/jpeg"}],"twitter_card":"summary_large_image","twitter_site":"@Maximadia","schema":{"@context":"https:\/\/schema.org","@graph":[{"@type":"WebPage","@id":"https:\/\/www.maxima-dia.com\/pl\/kontakty-i-adresy\/","url":"https:\/\/www.maxima-dia.com\/pl\/kontakty-i-adresy\/","name":"Firma - Maxima SpA","isPartOf":{"@id":"https:\/\/www.maxima-dia.com\/pl\/#website"},"datePublished":"2019-07-29T13:32:01+00:00","dateModified":"2025-10-03T07:43:53+00:00","breadcrumb":{"@id":"https:\/\/www.maxima-dia.com\/pl\/kontakty-i-adresy\/#breadcrumb"},"inLanguage":"pl-PL","potentialAction":[{"@type":"ReadAction","target":["https:\/\/www.maxima-dia.com\/pl\/kontakty-i-adresy\/"]}]},{"@type":"BreadcrumbList","@id":"https:\/\/www.maxima-dia.com\/pl\/kontakty-i-adresy\/#breadcrumb","itemListElement":[{"@type":"ListItem","position":1,"name":"Home","item":"https:\/\/www.maxima-dia.com\/pl\/"},{"@type":"ListItem","position":2,"name":"Firma"}]},{"@type":"WebSite","@id":"https:\/\/www.maxima-dia.com\/pl\/#website","url":"https:\/\/www.maxima-dia.com\/pl\/","name":"Maxima SpA","description":"Only for the real professionals","potentialAction":[{"@type":"SearchAction","target":{"@type":"EntryPoint","urlTemplate":"https:\/\/www.maxima-dia.com\/pl\/?s={search_term_string}"},"query-input":{"@type":"PropertyValueSpecification","valueRequired":true,"valueName":"search_term_string"}}],"inLanguage":"pl-PL"}]}},"_links":{"self":[{"href":"https:\/\/www.maxima-dia.com\/pl\/wp-json\/wp\/v2\/pages\/21125"}],"collection":[{"href":"https:\/\/www.maxima-dia.com\/pl\/wp-json\/wp\/v2\/pages"}],"about":[{"href":"https:\/\/www.maxima-dia.com\/pl\/wp-json\/wp\/v2\/types\/page"}],"author":[{"embeddable":true,"href":"https:\/\/www.maxima-dia.com\/pl\/wp-json\/wp\/v2\/users\/29"}],"replies":[{"embeddable":true,"href":"https:\/\/www.maxima-dia.com\/pl\/wp-json\/wp\/v2\/comments?post=21125"}],"version-history":[{"count":2,"href":"https:\/\/www.maxima-dia.com\/pl\/wp-json\/wp\/v2\/pages\/21125\/revisions"}],"predecessor-version":[{"id":46897,"href":"https:\/\/www.maxima-dia.com\/pl\/wp-json\/wp\/v2\/pages\/21125\/revisions\/46897"}],"wp:attachment":[{"href":"https:\/\/www.maxima-dia.com\/pl\/wp-json\/wp\/v2\/media?parent=21125"}],"curies":[{"name":"wp","href":"https:\/\/api.w.org\/{rel}","templated":true}]}}