{"id":21142,"date":"2019-07-29T16:58:52","date_gmt":"2019-07-29T14:58:52","guid":{"rendered":"https:\/\/www.maxima-dia.com\/?page_id=21142"},"modified":"2025-11-14T10:18:08","modified_gmt":"2025-11-14T09:18:08","slug":"produkty-maxima","status":"publish","type":"page","link":"https:\/\/www.maxima-dia.com\/pl\/produkty-maxima\/","title":{"rendered":"Produkty Maxima"},"content":{"rendered":"<div class=\"wpb-content-wrapper\"><p>[vc_row bottom_padding=&#8221;50&#8243;][vc_column width=&#8221;1\/2&#8243;][vc_column_text]<\/p>\n<h5><a href=\"https:\/\/www.youtube.com\/watch?v=Ts79ORtdBYM\" target=\"_blank\" rel=\"noopener noreferrer\">Maxima Caromax 1800<\/a><\/h5>\n<p><iframe loading=\"lazy\" title=\"YouTube video player\" src=\"https:\/\/www.youtube.com\/embed\/Ts79ORtdBYM?si=wfmJ5RfnljvaI500\" width=\"300\" height=\"169\" frameborder=\"0\" allowfullscreen=\"allowfullscreen\" data-mce-fragment=\"1\"><\/iframe>[\/vc_column_text][\/vc_column][vc_column width=&#8221;1\/2&#8243;][vc_column_text]<\/p>\n<h5>&nbsp;<a href=\"https:\/\/www.youtube.com\/watch?v=1AScHbe5MvY&amp;rel=0\" target=\"_blank\" rel=\"noopener noreferrer\">Maxima Caromax 800<\/a><\/h5>\n<p><iframe loading=\"lazy\" src=\"https:\/\/www.youtube.com\/embed\/1AScHbe5MvY?rel=0\" width=\"300\" height=\"169\" frameborder=\"0\" allowfullscreen=\"allowfullscreen\" data-mce-fragment=\"1\"><span data-mce-type=\"bookmark\" style=\"display: inline-block; width: 0px; overflow: hidden; line-height: 0;\" class=\"mce_SELRES_start\">\ufeff<\/span><\/iframe>[\/vc_column_text][\/vc_column][\/vc_row][vc_row bottom_padding=&#8221;50&#8243;][vc_column width=&#8221;1\/2&#8243;][vc_column_text]<\/p>\n<h5 id=\"watch-headline-title2\"><a href=\"https:\/\/www.youtube.com\/watch?v=OLslvq3JD6s&amp;rel=0\">Wiertnica do wiercenia na sucho CAROMAX 1800 z koron\u0105 LASER 250 i systemem odsysania py\u0142u<\/a><\/h5>\n<p><iframe loading=\"lazy\" src=\"https:\/\/www.youtube-nocookie.com\/embed\/OLslvq3JD6s?rel=0\" width=\"300\" height=\"169\" frameborder=\"0\" allowfullscreen=\"allowfullscreen\" data-mce-fragment=\"1\"><\/iframe><\/p>\n<p>Nasz najpopularniejszy film. Zobacz jak proste jest wiercenie w \u017celbecie z pomoc\u0105 CAROMAX 1800 i korony LASER 250. <strong>Brak pylenia dzi\u0119ki zintegrowanemu systemowi odsysania.<\/strong><\/p>\n<p>[\/vc_column_text][\/vc_column][vc_column width=&#8221;1\/2&#8243;][vc_column_text]<\/p>\n<h5 id=\"watch-headline-title\"><a href=\"https:\/\/www.youtube.com\/watch?v=9KDYX8C91s4&amp;rel=0\">CAROMAX 800 do wiercenia na mokro z koron\u0105 GOLD STONEWARE<\/a><\/h5>\n<p><iframe loading=\"lazy\" src=\"https:\/\/www.youtube-nocookie.com\/embed\/9KDYX8C91s4?rel=0\" width=\"300\" height=\"169\" frameborder=\"0\" allowfullscreen=\"allowfullscreen\" data-mce-fragment=\"1\"><\/iframe><\/p>\n<p>CAROMAX 800 i korony GOLD STONEWARE to niesamowita szybko\u015b\u0107 wiercenia w nawet najtwardszych materia\u0142ach, od kamienia i granitu do porfiru.<\/p>\n<p>[\/vc_column_text][\/vc_column][\/vc_row][vc_row bottom_padding=&#8221;50&#8243;][vc_column width=&#8221;1\/2&#8243;][vc_column_text]<\/p>\n<h5><strong><a href=\"https:\/\/www.youtube.com\/watch?v=wFQ4I3AjtZw&amp;rel=0\" target=\"_blank\" rel=\"noopener noreferrer\">Maxima Cer Amaranth<\/a><\/strong><\/h5>\n<p><iframe loading=\"lazy\" title=\"Maxima Cer Amaranto\" src=\"https:\/\/www.youtube-nocookie.com\/embed\/wFQ4I3AjtZw\" width=\"300\" height=\"169\" frameborder=\"0\" allowfullscreen=\"allowfullscreen\"><\/iframe>[\/vc_column_text][\/vc_column][vc_column width=&#8221;1\/2&#8243;][vc_column_text]<\/p>\n<h5><a href=\"https:\/\/www.youtube.com\/watch?v=ZaTf9R1xX34&amp;rel=0\">Cer Pink Turbo<\/a><\/h5>\n<p><iframe loading=\"lazy\" src=\"https:\/\/www.youtube-nocookie.com\/embed\/ZaTf9R1xX34?rel=0\" width=\"300\" height=\"169\" frameborder=\"0\" allowfullscreen=\"allowfullscreen\" data-mce-fragment=\"1\"><\/iframe><\/p>\n<p>Zobacz, dlaczego Cer Pink Turbo to nasz najlepiej sprzedaj\u0105cy si\u0119 produkt. Nie ma p\u0142ytek kt\u00f3rych nie da si\u0119 przeci\u0105\u0107 t\u0105 tarcz\u0105 diamentow\u0105.<\/p>\n<p>[\/vc_column_text][\/vc_column][\/vc_row][vc_row bottom_padding=&#8221;50&#8243;][vc_column width=&#8221;1\/2&#8243;][vc_column_text]<\/p>\n<h5><a href=\"https:\/\/youtu.be\/OT-cP0rz9j8?rel=0\">Laser Silver<\/a><\/h5>\n<p><iframe loading=\"lazy\" src=\"https:\/\/www.youtube-nocookie.com\/embed\/OT-cP0rz9j8?rel=0\" width=\"300\" height=\"169\" frameborder=\"0\" allowfullscreen=\"allowfullscreen\" data-mce-fragment=\"1\"><\/iframe><\/p>\n<p>Denerwuje Ci\u0119 konieczno\u015b\u0107 wymiany tarcz przy ci\u0119ciu r\u00f3\u017cnych rodzaj\u00f3w materia\u0142\u00f3w? Zobacz jak tarcze Laser Silver radz\u0105 sobie z praktycznie ka\u017cdym materia\u0142em.<\/p>\n<p>[\/vc_column_text][\/vc_column][vc_column width=&#8221;1\/2&#8243;][vc_column_text]<\/p>\n<h5><a href=\"https:\/\/youtu.be\/-N99qsZgH2k?rel=0\">Maszyna do ci\u0119cia MAXI 700 380V<\/a><\/h5>\n<p><iframe loading=\"lazy\" src=\"https:\/\/www.youtube.com\/embed\/-N99qsZgH2k?rel=0\" width=\"300\" height=\"169\" frameborder=\"0\" allowfullscreen=\"allowfullscreen\" data-mce-fragment=\"1\"><\/iframe><\/p>\n<p>Im wi\u0119kszy blok materia\u0142u, tym bardziej doceni\u0107 mo\u017cna mo\u017cliwo\u015bci Maxi 700. Zobacz jak \u0142atwo jest przeci\u0105\u0107 blok o grubo\u015bci 30cm.[\/vc_column_text][\/vc_column][\/vc_row][vc_row bottom_padding=&#8221;50&#8243;][vc_column width=&#8221;1\/2&#8243;][vc_column_text]<\/p>\n<h5><a href=\"https:\/\/youtu.be\/M6iDGt0fIoc?rel=0\">Maxi 200 Bridge<\/a><\/h5>\n<p><iframe loading=\"lazy\" src=\"https:\/\/www.youtube.com\/embed\/M6iDGt0fIoc?rel=0\" width=\"300\" height=\"169\" frameborder=\"0\" allowfullscreen=\"allowfullscreen\" data-mce-fragment=\"1\"><\/iframe><\/p>\n<p>Lekka i wytrzyma\u0142a maszyna, zboduwana ze stali i aluminium. Maxi 200 bridge to doskona\u0142e i precyzyjne rozwi\u0105zanie dla profesjonalnych instalator\u00f3w.&nbsp;[\/vc_column_text][\/vc_column][vc_column width=&#8221;1\/2&#8243;][vc_column_text]<\/p>\n<h5><a href=\"https:\/\/youtu.be\/f5-1WJEklgI?rel=0\">Bruzdownica SCANMAX 180<\/a><\/h5>\n<p><iframe loading=\"lazy\" src=\"https:\/\/www.youtube.com\/embed\/f5-1WJEklgI?rel=0\" width=\"300\" height=\"169\" frameborder=\"0\" allowfullscreen=\"allowfullscreen\" data-mce-fragment=\"1\"><\/iframe><\/p>\n<p>Zaprojektowana do nacinania szerokiej gamy materia\u0142\u00f3w, w tym betonu. Reglacja do wymiaru max. 6&#215;6 cm. Mo\u017cliwo\u015b\u0107 pod\u0142\u0105czenia odkurzacza Aspiramax 1200.[\/vc_column_text][\/vc_column][\/vc_row][vc_row bottom_padding=&#8221;50&#8243;][vc_column width=&#8221;1\/2&#8243;][vc_column_text]<\/p>\n<h5><a href=\"https:\/\/youtu.be\/FRYOk-tqzVg?rel=0\">Szlifierka Levimax 125 Z CUP<\/a><\/h5>\n<p><iframe loading=\"lazy\" src=\"https:\/\/www.youtube.com\/embed\/FRYOk-tqzVg?rel=0\" width=\"300\" height=\"169\" frameborder=\"0\" allowfullscreen=\"allowfullscreen\" data-mce-fragment=\"1\"><\/iframe><\/p>\n<p>Levimax szlifuje ka\u017cdy materia\u0142 konstrukcyjny. Ma kwadratowy kszta\u0142t, dzi\u0119ki czemu mo\u017ce pracowa\u0107 r\u00f3wno z powierzchni\u0105 \u015bciany.&nbsp;[\/vc_column_text][\/vc_column][vc_column width=&#8221;1\/2&#8243;][vc_column_text]<\/p>\n<h5 id=\"watch-headline-title\"><a href=\"https:\/\/youtu.be\/6YxedZH7OFI?rel=0\">Wiertnica CAROMAX 1800 z koron\u0105 LASER GOLD SPIRAL<\/a><\/h5>\n<p><iframe loading=\"lazy\" src=\"https:\/\/www.youtube.com\/embed\/6YxedZH7OFI?rel=0\" width=\"300\" height=\"169\" frameborder=\"0\" allowfullscreen=\"allowfullscreen\" data-mce-fragment=\"1\"><\/iframe><\/p>\n<p>Wiercenie w betonie zbrojonym nie jest ju\u017c problemem. Mo\u017cesz zapomnie\u0107 o wodzie, kurzu, monta\u017cu kolumn i \u015brub. Z CAROMAX 1800 mo\u017cesz wierci\u0107 w \u017celnbecie na sucho.[\/vc_column_text][\/vc_column][\/vc_row][vc_row bottom_padding=&#8221;50&#8243;][vc_column width=&#8221;1\/2&#8243;][vc_column_text]<\/p>\n<h5 id=\"watch-headline-title\"><a href=\"https:\/\/youtu.be\/XroJRHwripc?rel=0\">Wiertnica CAROMAX 1800 z koron\u0105 LASER SILVER SPIRAL<\/a><\/h5>\n<p><iframe loading=\"lazy\" src=\"https:\/\/www.youtube.com\/embed\/XroJRHwripc?rel=0\" width=\"300\" height=\"169\" frameborder=\"0\" allowfullscreen=\"allowfullscreen\" data-mce-fragment=\"1\"><\/iframe><\/p>\n<p>Wiercenie w betonie zbrojonym nie jest ju\u017c problemem. Mo\u017cesz zapomnie\u0107 o wodzie, kurzu, monta\u017cu kolumn i \u015brub. Z CAROMAX 1800 mo\u017cesz wierci\u0107 w \u017celnbecie na sucho.&nbsp;[\/vc_column_text][\/vc_column][vc_column width=&#8221;1\/2&#8243;][vc_column_text]<\/p>\n<h5 id=\"watch-headline-title\"><a href=\"https:\/\/youtu.be\/BtLTcmub7Lk?rel=0\">Wiertnica CAROMAX 160 do wiercenia na mokro z koron\u0105 LASER 450<\/a><\/h5>\n<p><iframe loading=\"lazy\" src=\"https:\/\/www.youtube.com\/embed\/BtLTcmub7Lk?rel=0\" width=\"300\" height=\"169\" frameborder=\"0\" allowfullscreen=\"allowfullscreen\" data-mce-fragment=\"1\"><\/iframe><\/p>\n<p>CAROMAX 160 to 4 wiertnice po\u0142\u0105czone w jedn\u0105. Doskona\u0142a do wiercenia na sucho i mokro, z u\u017cyciem kolumny, lub r\u0119cznie. Niezast\u0105pione uniwersanle narz\u0119dzie na placach budowy.[\/vc_column_text][\/vc_column][\/vc_row][vc_row bottom_padding=&#8221;50&#8243;][vc_column width=&#8221;1\/2&#8243;][vc_column_text]<\/p>\n<h5 id=\"watch-headline-title\"><a href=\"https:\/\/youtu.be\/FQW57Vxc6HY?rel=0\">Wiertnica CAROMAX 1800 do wiercenia na mokro z koron\u0105 LASER 300<\/a><\/h5>\n<p><iframe loading=\"lazy\" src=\"https:\/\/www.youtube.com\/embed\/FQW57Vxc6HY?rel=0\" width=\"300\" height=\"169\" frameborder=\"0\" allowfullscreen=\"allowfullscreen\" data-mce-fragment=\"1\"><\/iframe><\/p>\n<p>CAROMAX 1800 to niezast\u0105pione narz\u0119dzie do szybkiego wiercenia ma\u0142ych otwor\u00f3w metod\u0105 na mokro. Wyposa\u017cona w regulacj\u0119 obrot\u00f3w i sprz\u0119g\u0142o do wody.&nbsp;[\/vc_column_text][\/vc_column][vc_column width=&#8221;1\/2&#8243;][\/vc_column][\/vc_row][vc_row][vc_column][vc_column_text]<\/p>\n<div id=\"gtx-trans\" style=\"position: absolute; left: 26px; top: 5147.16px;\">\n<div class=\"gtx-trans-icon\">&nbsp;<\/div>\n<\/div>\n<p>[\/vc_column_text][\/vc_column][\/vc_row]<\/p>\n<\/div>","protected":false},"excerpt":{"rendered":"<p>[vc_row bottom_padding=&#8221;50&#8243;][vc_column width=&#8221;1\/2&#8243;][vc_column_text] Maxima Caromax 1800 [\/vc_column_text][\/vc_column][vc_column width=&#8221;1\/2&#8243;][vc_column_text] &nbsp;Maxima Caromax 800 \ufeff[\/vc_column_text][\/vc_column][\/vc_row][vc_row bottom_padding=&#8221;50&#8243;][vc_column width=&#8221;1\/2&#8243;][vc_column_text] Wiertnica do wiercenia na sucho CAROMAX 1800 z koron\u0105 LASER 250 i systemem odsysania py\u0142u Nasz najpopularniejszy film. Zobacz jak proste jest wiercenie w \u017celbecie z pomoc\u0105 CAROMAX 1800 i korony LASER 250. Brak pylenia dzi\u0119ki zintegrowanemu systemowi odsysania. [\/vc_column_text][\/vc_column][vc_column width=&#8221;1\/2&#8243;][vc_column_text] CAROMAX 800 do wiercenia na mokro z koron\u0105 GOLD STONEWARE CAROMAX 800 i korony GOLD STONEWARE to niesamowita szybko\u015b\u0107 wiercenia w nawet najtwardszych materia\u0142ach, od kamienia i granitu do porfiru. [\/vc_column_text][\/vc_column][\/vc_row][vc_row bottom_padding=&#8221;50&#8243;][vc_column width=&#8221;1\/2&#8243;][vc_column_text] Maxima Cer Amaranth [\/vc_column_text][\/vc_column][vc_column width=&#8221;1\/2&#8243;][vc_column_text] Cer Pink Turbo Zobacz, dlaczego Cer Pink Turbo to nasz najlepiej sprzedaj\u0105cy si\u0119 produkt. Nie ma p\u0142ytek kt\u00f3rych nie da si\u0119 przeci\u0105\u0107 t\u0105 tarcz\u0105 diamentow\u0105. [\/vc_column_text][\/vc_column][\/vc_row][vc_row bottom_padding=&#8221;50&#8243;][vc_column width=&#8221;1\/2&#8243;][vc_column_text] Laser Silver Denerwuje Ci\u0119 konieczno\u015b\u0107 wymiany tarcz przy ci\u0119ciu r\u00f3\u017cnych rodzaj\u00f3w materia\u0142\u00f3w? Zobacz jak tarcze Laser Silver radz\u0105 sobie z praktycznie ka\u017cdym materia\u0142em. [\/vc_column_text][\/vc_column][vc_column width=&#8221;1\/2&#8243;][vc_column_text] Maszyna do ci\u0119cia MAXI 700 380V Im wi\u0119kszy blok materia\u0142u, tym bardziej doceni\u0107 mo\u017cna mo\u017cliwo\u015bci Maxi 700. Zobacz jak \u0142atwo jest przeci\u0105\u0107 blok o grubo\u015bci 30cm.[\/vc_column_text][\/vc_column][\/vc_row][vc_row bottom_padding=&#8221;50&#8243;][vc_column width=&#8221;1\/2&#8243;][vc_column_text] Maxi 200 Bridge Lekka i wytrzyma\u0142a maszyna, zboduwana ze stali i aluminium. Maxi 200 bridge to doskona\u0142e i precyzyjne rozwi\u0105zanie dla profesjonalnych instalator\u00f3w.&nbsp;[\/vc_column_text][\/vc_column][vc_column width=&#8221;1\/2&#8243;][vc_column_text] Bruzdownica SCANMAX [&hellip;]<\/p>\n","protected":false},"author":29,"featured_media":0,"parent":0,"menu_order":702,"comment_status":"closed","ping_status":"closed","template":"","meta":{"ngg_post_thumbnail":0,"_joinchat":[],"footnotes":""},"class_list":["post-21142","page","type-page","status-publish","hentry"],"yoast_head":"<!-- This site is optimized with the Yoast SEO plugin v25.5 - https:\/\/yoast.com\/wordpress\/plugins\/seo\/ -->\n<title>Produkty Maxima - Maxima SpA<\/title>\n<meta name=\"robots\" content=\"index, follow, max-snippet:-1, max-image-preview:large, max-video-preview:-1\" \/>\n<link rel=\"canonical\" href=\"https:\/\/www.maxima-dia.com\/pl\/produkty-maxima\/\" \/>\n<meta property=\"og:locale\" content=\"pl_PL\" \/>\n<meta property=\"og:type\" content=\"article\" \/>\n<meta property=\"og:title\" content=\"Produkty Maxima - Maxima SpA\" \/>\n<meta property=\"og:description\" content=\"[vc_row bottom_padding=&#8221;50&#8243;][vc_column width=&#8221;1\/2&#8243;][vc_column_text] Maxima Caromax 1800 [\/vc_column_text][\/vc_column][vc_column width=&#8221;1\/2&#8243;][vc_column_text] &nbsp;Maxima Caromax 800 \ufeff[\/vc_column_text][\/vc_column][\/vc_row][vc_row bottom_padding=&#8221;50&#8243;][vc_column width=&#8221;1\/2&#8243;][vc_column_text] Wiertnica do wiercenia na sucho CAROMAX 1800 z koron\u0105 LASER 250 i systemem odsysania py\u0142u Nasz najpopularniejszy film. Zobacz jak proste jest wiercenie w \u017celbecie z pomoc\u0105 CAROMAX 1800 i korony LASER 250. Brak pylenia dzi\u0119ki zintegrowanemu systemowi odsysania. [\/vc_column_text][\/vc_column][vc_column width=&#8221;1\/2&#8243;][vc_column_text] CAROMAX 800 do wiercenia na mokro z koron\u0105 GOLD STONEWARE CAROMAX 800 i korony GOLD STONEWARE to niesamowita szybko\u015b\u0107 wiercenia w nawet najtwardszych materia\u0142ach, od kamienia i granitu do porfiru. [\/vc_column_text][\/vc_column][\/vc_row][vc_row bottom_padding=&#8221;50&#8243;][vc_column width=&#8221;1\/2&#8243;][vc_column_text] Maxima Cer Amaranth [\/vc_column_text][\/vc_column][vc_column width=&#8221;1\/2&#8243;][vc_column_text] Cer Pink Turbo Zobacz, dlaczego Cer Pink Turbo to nasz najlepiej sprzedaj\u0105cy si\u0119 produkt. Nie ma p\u0142ytek kt\u00f3rych nie da si\u0119 przeci\u0105\u0107 t\u0105 tarcz\u0105 diamentow\u0105. [\/vc_column_text][\/vc_column][\/vc_row][vc_row bottom_padding=&#8221;50&#8243;][vc_column width=&#8221;1\/2&#8243;][vc_column_text] Laser Silver Denerwuje Ci\u0119 konieczno\u015b\u0107 wymiany tarcz przy ci\u0119ciu r\u00f3\u017cnych rodzaj\u00f3w materia\u0142\u00f3w? Zobacz jak tarcze Laser Silver radz\u0105 sobie z praktycznie ka\u017cdym materia\u0142em. [\/vc_column_text][\/vc_column][vc_column width=&#8221;1\/2&#8243;][vc_column_text] Maszyna do ci\u0119cia MAXI 700 380V Im wi\u0119kszy blok materia\u0142u, tym bardziej doceni\u0107 mo\u017cna mo\u017cliwo\u015bci Maxi 700. Zobacz jak \u0142atwo jest przeci\u0105\u0107 blok o grubo\u015bci 30cm.[\/vc_column_text][\/vc_column][\/vc_row][vc_row bottom_padding=&#8221;50&#8243;][vc_column width=&#8221;1\/2&#8243;][vc_column_text] Maxi 200 Bridge Lekka i wytrzyma\u0142a maszyna, zboduwana ze stali i aluminium. Maxi 200 bridge to doskona\u0142e i precyzyjne rozwi\u0105zanie dla profesjonalnych instalator\u00f3w.&nbsp;[\/vc_column_text][\/vc_column][vc_column width=&#8221;1\/2&#8243;][vc_column_text] Bruzdownica SCANMAX [&hellip;]\" \/>\n<meta property=\"og:url\" content=\"https:\/\/www.maxima-dia.com\/pl\/produkty-maxima\/\" \/>\n<meta property=\"og:site_name\" content=\"Maxima SpA\" \/>\n<meta property=\"article:publisher\" content=\"https:\/\/www.facebook.com\/Maxima-spa-106098566139597\" \/>\n<meta property=\"article:modified_time\" content=\"2025-11-14T09:18:08+00:00\" \/>\n<meta property=\"og:image\" content=\"https:\/\/www.maxima-dia.com\/wp-content\/uploads\/2022\/03\/MaximaSpA-logo-quadrato.jpg\" \/>\n\t<meta property=\"og:image:width\" content=\"500\" \/>\n\t<meta property=\"og:image:height\" content=\"500\" \/>\n\t<meta property=\"og:image:type\" content=\"image\/jpeg\" \/>\n<meta name=\"twitter:card\" content=\"summary_large_image\" \/>\n<meta name=\"twitter:site\" content=\"@Maximadia\" \/>\n<meta name=\"twitter:label1\" content=\"Szacowany czas czytania\" \/>\n\t<meta name=\"twitter:data1\" content=\"3 minuty\" \/>\n<script type=\"application\/ld+json\" class=\"yoast-schema-graph\">{\"@context\":\"https:\/\/schema.org\",\"@graph\":[{\"@type\":\"WebPage\",\"@id\":\"https:\/\/www.maxima-dia.com\/pl\/produkty-maxima\/\",\"url\":\"https:\/\/www.maxima-dia.com\/pl\/produkty-maxima\/\",\"name\":\"Produkty Maxima - Maxima SpA\",\"isPartOf\":{\"@id\":\"https:\/\/www.maxima-dia.com\/pl\/#website\"},\"datePublished\":\"2019-07-29T14:58:52+00:00\",\"dateModified\":\"2025-11-14T09:18:08+00:00\",\"breadcrumb\":{\"@id\":\"https:\/\/www.maxima-dia.com\/pl\/produkty-maxima\/#breadcrumb\"},\"inLanguage\":\"pl-PL\",\"potentialAction\":[{\"@type\":\"ReadAction\",\"target\":[\"https:\/\/www.maxima-dia.com\/pl\/produkty-maxima\/\"]}]},{\"@type\":\"BreadcrumbList\",\"@id\":\"https:\/\/www.maxima-dia.com\/pl\/produkty-maxima\/#breadcrumb\",\"itemListElement\":[{\"@type\":\"ListItem\",\"position\":1,\"name\":\"Home\",\"item\":\"https:\/\/www.maxima-dia.com\/pl\/\"},{\"@type\":\"ListItem\",\"position\":2,\"name\":\"Produkty Maxima\"}]},{\"@type\":\"WebSite\",\"@id\":\"https:\/\/www.maxima-dia.com\/pl\/#website\",\"url\":\"https:\/\/www.maxima-dia.com\/pl\/\",\"name\":\"Maxima SpA\",\"description\":\"Only for the real professionals\",\"potentialAction\":[{\"@type\":\"SearchAction\",\"target\":{\"@type\":\"EntryPoint\",\"urlTemplate\":\"https:\/\/www.maxima-dia.com\/pl\/?s={search_term_string}\"},\"query-input\":{\"@type\":\"PropertyValueSpecification\",\"valueRequired\":true,\"valueName\":\"search_term_string\"}}],\"inLanguage\":\"pl-PL\"}]}<\/script>\n<!-- \/ Yoast SEO plugin. -->","yoast_head_json":{"title":"Produkty Maxima - Maxima SpA","robots":{"index":"index","follow":"follow","max-snippet":"max-snippet:-1","max-image-preview":"max-image-preview:large","max-video-preview":"max-video-preview:-1"},"canonical":"https:\/\/www.maxima-dia.com\/pl\/produkty-maxima\/","og_locale":"pl_PL","og_type":"article","og_title":"Produkty Maxima - Maxima SpA","og_description":"[vc_row bottom_padding=&#8221;50&#8243;][vc_column width=&#8221;1\/2&#8243;][vc_column_text] Maxima Caromax 1800 [\/vc_column_text][\/vc_column][vc_column width=&#8221;1\/2&#8243;][vc_column_text] &nbsp;Maxima Caromax 800 \ufeff[\/vc_column_text][\/vc_column][\/vc_row][vc_row bottom_padding=&#8221;50&#8243;][vc_column width=&#8221;1\/2&#8243;][vc_column_text] Wiertnica do wiercenia na sucho CAROMAX 1800 z koron\u0105 LASER 250 i systemem odsysania py\u0142u Nasz najpopularniejszy film. Zobacz jak proste jest wiercenie w \u017celbecie z pomoc\u0105 CAROMAX 1800 i korony LASER 250. Brak pylenia dzi\u0119ki zintegrowanemu systemowi odsysania. [\/vc_column_text][\/vc_column][vc_column width=&#8221;1\/2&#8243;][vc_column_text] CAROMAX 800 do wiercenia na mokro z koron\u0105 GOLD STONEWARE CAROMAX 800 i korony GOLD STONEWARE to niesamowita szybko\u015b\u0107 wiercenia w nawet najtwardszych materia\u0142ach, od kamienia i granitu do porfiru. [\/vc_column_text][\/vc_column][\/vc_row][vc_row bottom_padding=&#8221;50&#8243;][vc_column width=&#8221;1\/2&#8243;][vc_column_text] Maxima Cer Amaranth [\/vc_column_text][\/vc_column][vc_column width=&#8221;1\/2&#8243;][vc_column_text] Cer Pink Turbo Zobacz, dlaczego Cer Pink Turbo to nasz najlepiej sprzedaj\u0105cy si\u0119 produkt. Nie ma p\u0142ytek kt\u00f3rych nie da si\u0119 przeci\u0105\u0107 t\u0105 tarcz\u0105 diamentow\u0105. [\/vc_column_text][\/vc_column][\/vc_row][vc_row bottom_padding=&#8221;50&#8243;][vc_column width=&#8221;1\/2&#8243;][vc_column_text] Laser Silver Denerwuje Ci\u0119 konieczno\u015b\u0107 wymiany tarcz przy ci\u0119ciu r\u00f3\u017cnych rodzaj\u00f3w materia\u0142\u00f3w? Zobacz jak tarcze Laser Silver radz\u0105 sobie z praktycznie ka\u017cdym materia\u0142em. [\/vc_column_text][\/vc_column][vc_column width=&#8221;1\/2&#8243;][vc_column_text] Maszyna do ci\u0119cia MAXI 700 380V Im wi\u0119kszy blok materia\u0142u, tym bardziej doceni\u0107 mo\u017cna mo\u017cliwo\u015bci Maxi 700. Zobacz jak \u0142atwo jest przeci\u0105\u0107 blok o grubo\u015bci 30cm.[\/vc_column_text][\/vc_column][\/vc_row][vc_row bottom_padding=&#8221;50&#8243;][vc_column width=&#8221;1\/2&#8243;][vc_column_text] Maxi 200 Bridge Lekka i wytrzyma\u0142a maszyna, zboduwana ze stali i aluminium. Maxi 200 bridge to doskona\u0142e i precyzyjne rozwi\u0105zanie dla profesjonalnych instalator\u00f3w.&nbsp;[\/vc_column_text][\/vc_column][vc_column width=&#8221;1\/2&#8243;][vc_column_text] Bruzdownica SCANMAX [&hellip;]","og_url":"https:\/\/www.maxima-dia.com\/pl\/produkty-maxima\/","og_site_name":"Maxima SpA","article_publisher":"https:\/\/www.facebook.com\/Maxima-spa-106098566139597","article_modified_time":"2025-11-14T09:18:08+00:00","og_image":[{"width":500,"height":500,"url":"https:\/\/www.maxima-dia.com\/wp-content\/uploads\/2022\/03\/MaximaSpA-logo-quadrato.jpg","type":"image\/jpeg"}],"twitter_card":"summary_large_image","twitter_site":"@Maximadia","twitter_misc":{"Szacowany czas czytania":"3 minuty"},"schema":{"@context":"https:\/\/schema.org","@graph":[{"@type":"WebPage","@id":"https:\/\/www.maxima-dia.com\/pl\/produkty-maxima\/","url":"https:\/\/www.maxima-dia.com\/pl\/produkty-maxima\/","name":"Produkty Maxima - Maxima SpA","isPartOf":{"@id":"https:\/\/www.maxima-dia.com\/pl\/#website"},"datePublished":"2019-07-29T14:58:52+00:00","dateModified":"2025-11-14T09:18:08+00:00","breadcrumb":{"@id":"https:\/\/www.maxima-dia.com\/pl\/produkty-maxima\/#breadcrumb"},"inLanguage":"pl-PL","potentialAction":[{"@type":"ReadAction","target":["https:\/\/www.maxima-dia.com\/pl\/produkty-maxima\/"]}]},{"@type":"BreadcrumbList","@id":"https:\/\/www.maxima-dia.com\/pl\/produkty-maxima\/#breadcrumb","itemListElement":[{"@type":"ListItem","position":1,"name":"Home","item":"https:\/\/www.maxima-dia.com\/pl\/"},{"@type":"ListItem","position":2,"name":"Produkty Maxima"}]},{"@type":"WebSite","@id":"https:\/\/www.maxima-dia.com\/pl\/#website","url":"https:\/\/www.maxima-dia.com\/pl\/","name":"Maxima SpA","description":"Only for the real professionals","potentialAction":[{"@type":"SearchAction","target":{"@type":"EntryPoint","urlTemplate":"https:\/\/www.maxima-dia.com\/pl\/?s={search_term_string}"},"query-input":{"@type":"PropertyValueSpecification","valueRequired":true,"valueName":"search_term_string"}}],"inLanguage":"pl-PL"}]}},"_links":{"self":[{"href":"https:\/\/www.maxima-dia.com\/pl\/wp-json\/wp\/v2\/pages\/21142"}],"collection":[{"href":"https:\/\/www.maxima-dia.com\/pl\/wp-json\/wp\/v2\/pages"}],"about":[{"href":"https:\/\/www.maxima-dia.com\/pl\/wp-json\/wp\/v2\/types\/page"}],"author":[{"embeddable":true,"href":"https:\/\/www.maxima-dia.com\/pl\/wp-json\/wp\/v2\/users\/29"}],"replies":[{"embeddable":true,"href":"https:\/\/www.maxima-dia.com\/pl\/wp-json\/wp\/v2\/comments?post=21142"}],"version-history":[{"count":5,"href":"https:\/\/www.maxima-dia.com\/pl\/wp-json\/wp\/v2\/pages\/21142\/revisions"}],"predecessor-version":[{"id":47037,"href":"https:\/\/www.maxima-dia.com\/pl\/wp-json\/wp\/v2\/pages\/21142\/revisions\/47037"}],"wp:attachment":[{"href":"https:\/\/www.maxima-dia.com\/pl\/wp-json\/wp\/v2\/media?parent=21142"}],"curies":[{"name":"wp","href":"https:\/\/api.w.org\/{rel}","templated":true}]}}