{"id":32216,"date":"2021-11-29T11:59:02","date_gmt":"2021-11-29T10:59:02","guid":{"rendered":"https:\/\/www.maxima-dia.com\/?page_id=32216"},"modified":"2023-03-10T10:02:27","modified_gmt":"2023-03-10T09:02:27","slug":"produkty-szlifowanie","status":"publish","type":"page","link":"https:\/\/www.maxima-dia.com\/pl\/produkty-szlifowanie\/","title":{"rendered":"Produkty &#8211; Szlifowanie"},"content":{"rendered":"<div class=\"wpb-content-wrapper\"><p>[vc_row bottom_padding=&#8221;50&#8243;][vc_column width=&#8221;1\/1&#8243;][vc_column_text]Dla najbardziej wymagaj\u0105cych profesjonalist\u00f3w Maxima udost\u0119pnia najszersz\u0105 gam\u0119 produkt\u00f3w do szlifowania powierzchni, kt\u00f3ra obejmuje szlifierki i narz\u0119dzia diamentowe, takie jak pady i modu\u0142y, kt\u00f3re mo\u017cna stosowa\u0107 na szlifierkach <a href=\"https:\/\/www.maxima-dia.com\/pl\/maszyny-szlifierskie-dla-przemyslu-budowlanego\/levimax-125\/\">Levimax 125<\/a>, <a href=\"https:\/\/www.maxima-dia.com\/pl\/maszyny-szlifierskie-dla-przemyslu-budowlanego\/levimax-280\/\">Levimax 280<\/a> i <a href=\"https:\/\/www.maxima-dia.com\/pl\/maszyny-szlifierskie-dla-przemyslu-budowlanego\/levimax-550\/\">Levimax 550<\/a>. Specjalne produkty do szlifowania pod\u0142\u00f3g zar\u00f3wno na sucho ni\u017c z wod\u0105.<br \/>\nWszystkie nasze maszyny posiadaj\u0105 certyfikat CE i s\u0105 produkowane w Unii Europejskiej <img loading=\"lazy\" decoding=\"async\" class=\"alignnone wp-image-6471\" src=\"\/wp-content\/uploads\/2011\/09\/eu_flag.png\" alt=\"\" width=\"20\" height=\"16\">.[\/vc_column_text][\/vc_column][\/vc_row][vc_row bottom_padding=&#8221;50&#8243;][vc_column width=&#8221;1\/4&#8243;]<div class=\"single_image wpb_content_element align-left    \" data-animation=\"none\" data-delay=\"0\"><a href=\"\/pl\/maszyny-szlifierskie-dla-przemyslu-budowlanego\/\" target=\"_self\"><img loading=\"lazy\" decoding=\"async\" width=\"1500\" height=\"1500\" src=\"https:\/\/www.maxima-dia.com\/wp-content\/uploads\/2018\/10\/LEVIMAX-550-catalogo-02.jpg\" class=\"attachment-full\" alt=\"\" title=\"LEVIMAX 550\" srcset=\"https:\/\/www.maxima-dia.com\/wp-content\/uploads\/2018\/10\/LEVIMAX-550-catalogo-02.jpg 1500w, https:\/\/www.maxima-dia.com\/wp-content\/uploads\/2018\/10\/LEVIMAX-550-catalogo-02-150x150.jpg 150w, https:\/\/www.maxima-dia.com\/wp-content\/uploads\/2018\/10\/LEVIMAX-550-catalogo-02-300x300.jpg 300w, https:\/\/www.maxima-dia.com\/wp-content\/uploads\/2018\/10\/LEVIMAX-550-catalogo-02-768x768.jpg 768w, https:\/\/www.maxima-dia.com\/wp-content\/uploads\/2018\/10\/LEVIMAX-550-catalogo-02-1024x1024.jpg 1024w, https:\/\/www.maxima-dia.com\/wp-content\/uploads\/2018\/10\/LEVIMAX-550-catalogo-02-80x80.jpg 80w, https:\/\/www.maxima-dia.com\/wp-content\/uploads\/2018\/10\/LEVIMAX-550-catalogo-02-500x500.jpg 500w, https:\/\/www.maxima-dia.com\/wp-content\/uploads\/2018\/10\/LEVIMAX-550-catalogo-02-1000x1000.jpg 1000w\" sizes=\"(max-width: 1500px) 100vw, 1500px\" \/><\/a><\/div>[\/vc_column][vc_column width=&#8221;3\/4&#8243;][vc_column_text]<\/p>\n<h2><a href=\"\/pl\/maszyny-szlifierskie-dla-przemyslu-budowlanego\/\">Maszyny szlifierskie dla przemys\u0142u budowlanego<\/a><\/h2>\n<p>W tej sekcji przedstawiamy wszystkie maszyny budowlane do szlifowania, wraz z narz\u0119dziami diamentowymi z serii Maxima: Levimax i Aspiramax, kt\u00f3re stanowi\u0105 pe\u0142n\u0105 ofert\u0119 dla sprzedawc\u00f3w detalicznych oferuj\u0105cych lub wynajmuj\u0105cych sprz\u0119t dla firm budowlanych. Wszystkie nasze maszyny s\u0105 produkowane na terenie Unii Europejskiej , oraz posiadaj\u0105 certyfikat <strong>CE<\/strong>.[\/vc_column_text][\/vc_column][\/vc_row][vc_row bottom_padding=&#8221;50&#8243;][vc_column width=&#8221;1\/4&#8243;]<div class=\"single_image wpb_content_element align-left    \" data-animation=\"none\" data-delay=\"0\"><a href=\"\/pl\/tarcze-do-szlifowania\/\" target=\"_self\"><img loading=\"lazy\" decoding=\"async\" width=\"1500\" height=\"1500\" src=\"https:\/\/www.maxima-dia.com\/wp-content\/uploads\/2022\/11\/RESIN_CUP-11-2022-1.jpg\" class=\"attachment-full\" alt=\"\" title=\"RESIN_CUP-11-2022\" srcset=\"https:\/\/www.maxima-dia.com\/wp-content\/uploads\/2022\/11\/RESIN_CUP-11-2022-1.jpg 1500w, https:\/\/www.maxima-dia.com\/wp-content\/uploads\/2022\/11\/RESIN_CUP-11-2022-1-300x300.jpg 300w, https:\/\/www.maxima-dia.com\/wp-content\/uploads\/2022\/11\/RESIN_CUP-11-2022-1-1024x1024.jpg 1024w, https:\/\/www.maxima-dia.com\/wp-content\/uploads\/2022\/11\/RESIN_CUP-11-2022-1-150x150.jpg 150w, https:\/\/www.maxima-dia.com\/wp-content\/uploads\/2022\/11\/RESIN_CUP-11-2022-1-768x768.jpg 768w, https:\/\/www.maxima-dia.com\/wp-content\/uploads\/2022\/11\/RESIN_CUP-11-2022-1-80x80.jpg 80w, https:\/\/www.maxima-dia.com\/wp-content\/uploads\/2022\/11\/RESIN_CUP-11-2022-1-500x500.jpg 500w, https:\/\/www.maxima-dia.com\/wp-content\/uploads\/2022\/11\/RESIN_CUP-11-2022-1-1000x1000.jpg 1000w\" sizes=\"(max-width: 1500px) 100vw, 1500px\" \/><\/a><\/div>[\/vc_column][vc_column width=&#8221;3\/4&#8243;][vc_column_text]<\/p>\n<h2><a href=\"\/pl\/tarcze-do-szlifowania\/\">Tarcze do szlifowania<\/a><\/h2>\n<p>Gama diamentowych tarcz szlifierskich Maxima zosta\u0142a zaprojektowana zar\u00f3wno do uniwersalnego zastosowania w budownictwie, jak i do specyficznych zastosowa\u0144 w pracy kamieniem. Dost\u0119pne \u015brednice wynosz\u0105 od 100 do 180 mm.[\/vc_column_text][\/vc_column][\/vc_row]<\/p>\n<\/div>","protected":false},"excerpt":{"rendered":"<p>[vc_row bottom_padding=&#8221;50&#8243;][vc_column width=&#8221;1\/1&#8243;][vc_column_text]Dla najbardziej wymagaj\u0105cych profesjonalist\u00f3w Maxima udost\u0119pnia najszersz\u0105 gam\u0119 produkt\u00f3w do szlifowania powierzchni, kt\u00f3ra obejmuje szlifierki i narz\u0119dzia diamentowe, takie jak pady i modu\u0142y, kt\u00f3re mo\u017cna stosowa\u0107 na szlifierkach Levimax 125, Levimax 280 i Levimax 550. Specjalne produkty do szlifowania pod\u0142\u00f3g zar\u00f3wno na sucho ni\u017c z wod\u0105. Wszystkie nasze maszyny posiadaj\u0105 certyfikat CE i s\u0105 produkowane w Unii Europejskiej .[\/vc_column_text][\/vc_column][\/vc_row][vc_row bottom_padding=&#8221;50&#8243;][vc_column width=&#8221;1\/4&#8243;][\/vc_column][vc_column width=&#8221;3\/4&#8243;][vc_column_text] Maszyny szlifierskie dla przemys\u0142u budowlanego W tej sekcji przedstawiamy wszystkie maszyny budowlane do szlifowania, wraz z narz\u0119dziami diamentowymi z serii Maxima: Levimax i Aspiramax, kt\u00f3re stanowi\u0105 pe\u0142n\u0105 ofert\u0119 dla sprzedawc\u00f3w detalicznych oferuj\u0105cych lub wynajmuj\u0105cych sprz\u0119t dla firm budowlanych. Wszystkie nasze maszyny s\u0105 produkowane na terenie Unii Europejskiej , oraz posiadaj\u0105 certyfikat CE.[\/vc_column_text][\/vc_column][\/vc_row][vc_row bottom_padding=&#8221;50&#8243;][vc_column width=&#8221;1\/4&#8243;][\/vc_column][vc_column width=&#8221;3\/4&#8243;][vc_column_text] Tarcze do szlifowania Gama diamentowych tarcz szlifierskich Maxima zosta\u0142a zaprojektowana zar\u00f3wno do uniwersalnego zastosowania w budownictwie, jak i do specyficznych zastosowa\u0144 w pracy kamieniem. Dost\u0119pne \u015brednice wynosz\u0105 od 100 do 180 mm.[\/vc_column_text][\/vc_column][\/vc_row]<\/p>\n","protected":false},"author":29,"featured_media":0,"parent":0,"menu_order":0,"comment_status":"closed","ping_status":"closed","template":"","meta":{"ngg_post_thumbnail":0,"_joinchat":[],"footnotes":""},"class_list":["post-32216","page","type-page","status-publish","hentry"],"yoast_head":"<!-- This site is optimized with the Yoast SEO plugin v25.5 - https:\/\/yoast.com\/wordpress\/plugins\/seo\/ -->\n<title>Produkty - Szlifowanie - Maxima SpA<\/title>\n<meta name=\"description\" content=\"Najszersza gama produkt\u00f3w do szlifowania powierzchni, w tym szlifierki i narz\u0119dzia diamentowe, takie jak podk\u0142adki i modu\u0142y szlifierskie\" \/>\n<meta name=\"robots\" content=\"index, follow, max-snippet:-1, max-image-preview:large, max-video-preview:-1\" \/>\n<link rel=\"canonical\" href=\"https:\/\/www.maxima-dia.com\/pl\/produkty-szlifowanie\/\" \/>\n<meta property=\"og:locale\" content=\"pl_PL\" \/>\n<meta property=\"og:type\" content=\"article\" \/>\n<meta property=\"og:title\" content=\"Produkty - Szlifowanie - Maxima SpA\" \/>\n<meta property=\"og:description\" content=\"Najszersza gama produkt\u00f3w do szlifowania powierzchni, w tym szlifierki i narz\u0119dzia diamentowe, takie jak podk\u0142adki i modu\u0142y szlifierskie\" \/>\n<meta property=\"og:url\" content=\"https:\/\/www.maxima-dia.com\/pl\/produkty-szlifowanie\/\" \/>\n<meta property=\"og:site_name\" content=\"Maxima SpA\" \/>\n<meta property=\"article:publisher\" content=\"https:\/\/www.facebook.com\/Maxima-spa-106098566139597\" \/>\n<meta property=\"article:modified_time\" content=\"2023-03-10T09:02:27+00:00\" \/>\n<meta property=\"og:image\" content=\"https:\/\/www.maxima-dia.com\/wp-content\/uploads\/2022\/03\/MaximaSpA-logo-quadrato.jpg\" \/>\n\t<meta property=\"og:image:width\" content=\"500\" \/>\n\t<meta property=\"og:image:height\" content=\"500\" \/>\n\t<meta property=\"og:image:type\" content=\"image\/jpeg\" \/>\n<meta name=\"twitter:card\" content=\"summary_large_image\" \/>\n<meta name=\"twitter:site\" content=\"@Maximadia\" \/>\n<meta name=\"twitter:label1\" content=\"Szacowany czas czytania\" \/>\n\t<meta name=\"twitter:data1\" content=\"1 minuta\" \/>\n<script type=\"application\/ld+json\" class=\"yoast-schema-graph\">{\"@context\":\"https:\/\/schema.org\",\"@graph\":[{\"@type\":\"WebPage\",\"@id\":\"https:\/\/www.maxima-dia.com\/pl\/produkty-szlifowanie\/\",\"url\":\"https:\/\/www.maxima-dia.com\/pl\/produkty-szlifowanie\/\",\"name\":\"Produkty - Szlifowanie - Maxima SpA\",\"isPartOf\":{\"@id\":\"https:\/\/www.maxima-dia.com\/pl\/#website\"},\"datePublished\":\"2021-11-29T10:59:02+00:00\",\"dateModified\":\"2023-03-10T09:02:27+00:00\",\"description\":\"Najszersza gama produkt\u00f3w do szlifowania powierzchni, w tym szlifierki i narz\u0119dzia diamentowe, takie jak podk\u0142adki i modu\u0142y szlifierskie\",\"breadcrumb\":{\"@id\":\"https:\/\/www.maxima-dia.com\/pl\/produkty-szlifowanie\/#breadcrumb\"},\"inLanguage\":\"pl-PL\",\"potentialAction\":[{\"@type\":\"ReadAction\",\"target\":[\"https:\/\/www.maxima-dia.com\/pl\/produkty-szlifowanie\/\"]}]},{\"@type\":\"BreadcrumbList\",\"@id\":\"https:\/\/www.maxima-dia.com\/pl\/produkty-szlifowanie\/#breadcrumb\",\"itemListElement\":[{\"@type\":\"ListItem\",\"position\":1,\"name\":\"Home\",\"item\":\"https:\/\/www.maxima-dia.com\/pl\/\"},{\"@type\":\"ListItem\",\"position\":2,\"name\":\"Produkty &#8211; Szlifowanie\"}]},{\"@type\":\"WebSite\",\"@id\":\"https:\/\/www.maxima-dia.com\/pl\/#website\",\"url\":\"https:\/\/www.maxima-dia.com\/pl\/\",\"name\":\"Maxima SpA\",\"description\":\"Only for the real professionals\",\"potentialAction\":[{\"@type\":\"SearchAction\",\"target\":{\"@type\":\"EntryPoint\",\"urlTemplate\":\"https:\/\/www.maxima-dia.com\/pl\/?s={search_term_string}\"},\"query-input\":{\"@type\":\"PropertyValueSpecification\",\"valueRequired\":true,\"valueName\":\"search_term_string\"}}],\"inLanguage\":\"pl-PL\"}]}<\/script>\n<!-- \/ Yoast SEO plugin. -->","yoast_head_json":{"title":"Produkty - Szlifowanie - Maxima SpA","description":"Najszersza gama produkt\u00f3w do szlifowania powierzchni, w tym szlifierki i narz\u0119dzia diamentowe, takie jak podk\u0142adki i modu\u0142y szlifierskie","robots":{"index":"index","follow":"follow","max-snippet":"max-snippet:-1","max-image-preview":"max-image-preview:large","max-video-preview":"max-video-preview:-1"},"canonical":"https:\/\/www.maxima-dia.com\/pl\/produkty-szlifowanie\/","og_locale":"pl_PL","og_type":"article","og_title":"Produkty - Szlifowanie - Maxima SpA","og_description":"Najszersza gama produkt\u00f3w do szlifowania powierzchni, w tym szlifierki i narz\u0119dzia diamentowe, takie jak podk\u0142adki i modu\u0142y szlifierskie","og_url":"https:\/\/www.maxima-dia.com\/pl\/produkty-szlifowanie\/","og_site_name":"Maxima SpA","article_publisher":"https:\/\/www.facebook.com\/Maxima-spa-106098566139597","article_modified_time":"2023-03-10T09:02:27+00:00","og_image":[{"width":500,"height":500,"url":"https:\/\/www.maxima-dia.com\/wp-content\/uploads\/2022\/03\/MaximaSpA-logo-quadrato.jpg","type":"image\/jpeg"}],"twitter_card":"summary_large_image","twitter_site":"@Maximadia","twitter_misc":{"Szacowany czas czytania":"1 minuta"},"schema":{"@context":"https:\/\/schema.org","@graph":[{"@type":"WebPage","@id":"https:\/\/www.maxima-dia.com\/pl\/produkty-szlifowanie\/","url":"https:\/\/www.maxima-dia.com\/pl\/produkty-szlifowanie\/","name":"Produkty - Szlifowanie - Maxima SpA","isPartOf":{"@id":"https:\/\/www.maxima-dia.com\/pl\/#website"},"datePublished":"2021-11-29T10:59:02+00:00","dateModified":"2023-03-10T09:02:27+00:00","description":"Najszersza gama produkt\u00f3w do szlifowania powierzchni, w tym szlifierki i narz\u0119dzia diamentowe, takie jak podk\u0142adki i modu\u0142y szlifierskie","breadcrumb":{"@id":"https:\/\/www.maxima-dia.com\/pl\/produkty-szlifowanie\/#breadcrumb"},"inLanguage":"pl-PL","potentialAction":[{"@type":"ReadAction","target":["https:\/\/www.maxima-dia.com\/pl\/produkty-szlifowanie\/"]}]},{"@type":"BreadcrumbList","@id":"https:\/\/www.maxima-dia.com\/pl\/produkty-szlifowanie\/#breadcrumb","itemListElement":[{"@type":"ListItem","position":1,"name":"Home","item":"https:\/\/www.maxima-dia.com\/pl\/"},{"@type":"ListItem","position":2,"name":"Produkty &#8211; Szlifowanie"}]},{"@type":"WebSite","@id":"https:\/\/www.maxima-dia.com\/pl\/#website","url":"https:\/\/www.maxima-dia.com\/pl\/","name":"Maxima SpA","description":"Only for the real professionals","potentialAction":[{"@type":"SearchAction","target":{"@type":"EntryPoint","urlTemplate":"https:\/\/www.maxima-dia.com\/pl\/?s={search_term_string}"},"query-input":{"@type":"PropertyValueSpecification","valueRequired":true,"valueName":"search_term_string"}}],"inLanguage":"pl-PL"}]}},"_links":{"self":[{"href":"https:\/\/www.maxima-dia.com\/pl\/wp-json\/wp\/v2\/pages\/32216"}],"collection":[{"href":"https:\/\/www.maxima-dia.com\/pl\/wp-json\/wp\/v2\/pages"}],"about":[{"href":"https:\/\/www.maxima-dia.com\/pl\/wp-json\/wp\/v2\/types\/page"}],"author":[{"embeddable":true,"href":"https:\/\/www.maxima-dia.com\/pl\/wp-json\/wp\/v2\/users\/29"}],"replies":[{"embeddable":true,"href":"https:\/\/www.maxima-dia.com\/pl\/wp-json\/wp\/v2\/comments?post=32216"}],"version-history":[{"count":1,"href":"https:\/\/www.maxima-dia.com\/pl\/wp-json\/wp\/v2\/pages\/32216\/revisions"}],"predecessor-version":[{"id":39062,"href":"https:\/\/www.maxima-dia.com\/pl\/wp-json\/wp\/v2\/pages\/32216\/revisions\/39062"}],"wp:attachment":[{"href":"https:\/\/www.maxima-dia.com\/pl\/wp-json\/wp\/v2\/media?parent=32216"}],"curies":[{"name":"wp","href":"https:\/\/api.w.org\/{rel}","templated":true}]}}