{"id":33190,"date":"2021-12-03T11:34:11","date_gmt":"2021-12-03T10:34:11","guid":{"rendered":"https:\/\/www.maxima-dia.com\/?page_id=33190"},"modified":"2023-02-22T10:05:30","modified_gmt":"2023-02-22T09:05:30","slug":"maszyny-budowlane-do-zageszczania","status":"publish","type":"page","link":"https:\/\/www.maxima-dia.com\/pl\/maszyny-budowlane-do-zageszczania\/","title":{"rendered":"Maszyny budowlane do zag\u0119szczania"},"content":{"rendered":"<div class=\"wpb-content-wrapper\"><p>[vc_row bottom_padding=&#8221;50&#8243;][vc_column width=&#8221;1\/1&#8243;][vc_column_text]W tym dziale prezentujemy maszyny budowlane Vibramax, kt\u00f3re uzupe\u0142niaj\u0105 ofert\u0119 dla detalist\u00f3w oferuj\u0105cych sprz\u0119t dla firm budowlanych i drogowych. Wszystkie oferowane maszyny s\u0105 \u201emade in EU\u201d, czyli wyprodukowane na terenie Unii Europejskiej i wszystkie posiadaj\u0105 certyfikat <strong>CE<\/strong>.[\/vc_column_text][\/vc_column][\/vc_row][vc_row][vc_column width=&#8221;1\/1&#8243;][vc_basic_grid post_type=&#8221;custom&#8221; element_width=&#8221;3&#8243; gap=&#8221;10&#8243; item=&#8221;15386&#8243; initial_loading_animation=&#8221;none&#8221; grid_id=&#8221;vc_gid:1638527656640-6d887b66-d9bc-6&#8243; custom_query=&#8221;post_type=page&amp;post_parent=33190&amp;sort_column=menu_order&amp;orderby=menu_order&amp;order=ASC&amp;post_status=publish&amp;posts_per_page=100&#8243;][\/vc_column][\/vc_row]<\/p>\n<\/div>","protected":false},"excerpt":{"rendered":"<p>[vc_row bottom_padding=&#8221;50&#8243;][vc_column width=&#8221;1\/1&#8243;][vc_column_text]W tym dziale prezentujemy maszyny budowlane Vibramax, kt\u00f3re uzupe\u0142niaj\u0105 ofert\u0119 dla detalist\u00f3w oferuj\u0105cych sprz\u0119t dla firm budowlanych i drogowych. Wszystkie oferowane maszyny s\u0105 \u201emade in EU\u201d, czyli wyprodukowane na terenie Unii Europejskiej i wszystkie posiadaj\u0105 certyfikat CE.[\/vc_column_text][\/vc_column][\/vc_row][vc_row][vc_column width=&#8221;1\/1&#8243;][vc_basic_grid post_type=&#8221;custom&#8221; element_width=&#8221;3&#8243; gap=&#8221;10&#8243; item=&#8221;15386&#8243; initial_loading_animation=&#8221;none&#8221; grid_id=&#8221;vc_gid:1638527656640-6d887b66-d9bc-6&#8243; custom_query=&#8221;post_type=page&amp;post_parent=33190&amp;sort_column=menu_order&amp;orderby=menu_order&amp;order=ASC&amp;post_status=publish&amp;posts_per_page=100&#8243;][\/vc_column][\/vc_row]<\/p>\n","protected":false},"author":29,"featured_media":0,"parent":0,"menu_order":1,"comment_status":"closed","ping_status":"closed","template":"","meta":{"ngg_post_thumbnail":0,"_joinchat":[],"footnotes":""},"class_list":["post-33190","page","type-page","status-publish","hentry"],"yoast_head":"<!-- This site is optimized with the Yoast SEO plugin v25.5 - https:\/\/yoast.com\/wordpress\/plugins\/seo\/ -->\n<title>Maszyny budowlane do zag\u0119szczania - Maxima SpA<\/title>\n<meta name=\"description\" content=\"Maszyny budowlane do zag\u0119szczania Vibramax\" \/>\n<meta name=\"robots\" content=\"index, follow, max-snippet:-1, max-image-preview:large, max-video-preview:-1\" \/>\n<link rel=\"canonical\" href=\"https:\/\/www.maxima-dia.com\/pl\/maszyny-budowlane-do-zageszczania\/\" \/>\n<meta property=\"og:locale\" content=\"pl_PL\" \/>\n<meta property=\"og:type\" content=\"article\" \/>\n<meta property=\"og:title\" content=\"Maszyny budowlane do zag\u0119szczania - Maxima SpA\" \/>\n<meta property=\"og:description\" content=\"Maszyny budowlane do zag\u0119szczania Vibramax\" \/>\n<meta property=\"og:url\" content=\"https:\/\/www.maxima-dia.com\/pl\/maszyny-budowlane-do-zageszczania\/\" \/>\n<meta property=\"og:site_name\" content=\"Maxima SpA\" \/>\n<meta property=\"article:publisher\" content=\"https:\/\/www.facebook.com\/Maxima-spa-106098566139597\" \/>\n<meta property=\"article:modified_time\" content=\"2023-02-22T09:05:30+00:00\" \/>\n<meta property=\"og:image\" content=\"https:\/\/www.maxima-dia.com\/wp-content\/uploads\/2022\/03\/MaximaSpA-logo-quadrato.jpg\" \/>\n\t<meta property=\"og:image:width\" content=\"500\" \/>\n\t<meta property=\"og:image:height\" content=\"500\" \/>\n\t<meta property=\"og:image:type\" content=\"image\/jpeg\" \/>\n<meta name=\"twitter:card\" content=\"summary_large_image\" \/>\n<meta name=\"twitter:site\" content=\"@Maximadia\" \/>\n<meta name=\"twitter:label1\" content=\"Szacowany czas czytania\" \/>\n\t<meta name=\"twitter:data1\" content=\"1 minuta\" \/>\n<script type=\"application\/ld+json\" class=\"yoast-schema-graph\">{\"@context\":\"https:\/\/schema.org\",\"@graph\":[{\"@type\":\"WebPage\",\"@id\":\"https:\/\/www.maxima-dia.com\/pl\/maszyny-budowlane-do-zageszczania\/\",\"url\":\"https:\/\/www.maxima-dia.com\/pl\/maszyny-budowlane-do-zageszczania\/\",\"name\":\"Maszyny budowlane do zag\u0119szczania - Maxima SpA\",\"isPartOf\":{\"@id\":\"https:\/\/www.maxima-dia.com\/pl\/#website\"},\"datePublished\":\"2021-12-03T10:34:11+00:00\",\"dateModified\":\"2023-02-22T09:05:30+00:00\",\"description\":\"Maszyny budowlane do zag\u0119szczania Vibramax\",\"breadcrumb\":{\"@id\":\"https:\/\/www.maxima-dia.com\/pl\/maszyny-budowlane-do-zageszczania\/#breadcrumb\"},\"inLanguage\":\"pl-PL\",\"potentialAction\":[{\"@type\":\"ReadAction\",\"target\":[\"https:\/\/www.maxima-dia.com\/pl\/maszyny-budowlane-do-zageszczania\/\"]}]},{\"@type\":\"BreadcrumbList\",\"@id\":\"https:\/\/www.maxima-dia.com\/pl\/maszyny-budowlane-do-zageszczania\/#breadcrumb\",\"itemListElement\":[{\"@type\":\"ListItem\",\"position\":1,\"name\":\"Home\",\"item\":\"https:\/\/www.maxima-dia.com\/pl\/\"},{\"@type\":\"ListItem\",\"position\":2,\"name\":\"Maszyny budowlane do zag\u0119szczania\"}]},{\"@type\":\"WebSite\",\"@id\":\"https:\/\/www.maxima-dia.com\/pl\/#website\",\"url\":\"https:\/\/www.maxima-dia.com\/pl\/\",\"name\":\"Maxima SpA\",\"description\":\"Only for the real professionals\",\"potentialAction\":[{\"@type\":\"SearchAction\",\"target\":{\"@type\":\"EntryPoint\",\"urlTemplate\":\"https:\/\/www.maxima-dia.com\/pl\/?s={search_term_string}\"},\"query-input\":{\"@type\":\"PropertyValueSpecification\",\"valueRequired\":true,\"valueName\":\"search_term_string\"}}],\"inLanguage\":\"pl-PL\"}]}<\/script>\n<!-- \/ Yoast SEO plugin. -->","yoast_head_json":{"title":"Maszyny budowlane do zag\u0119szczania - Maxima SpA","description":"Maszyny budowlane do zag\u0119szczania Vibramax","robots":{"index":"index","follow":"follow","max-snippet":"max-snippet:-1","max-image-preview":"max-image-preview:large","max-video-preview":"max-video-preview:-1"},"canonical":"https:\/\/www.maxima-dia.com\/pl\/maszyny-budowlane-do-zageszczania\/","og_locale":"pl_PL","og_type":"article","og_title":"Maszyny budowlane do zag\u0119szczania - Maxima SpA","og_description":"Maszyny budowlane do zag\u0119szczania Vibramax","og_url":"https:\/\/www.maxima-dia.com\/pl\/maszyny-budowlane-do-zageszczania\/","og_site_name":"Maxima SpA","article_publisher":"https:\/\/www.facebook.com\/Maxima-spa-106098566139597","article_modified_time":"2023-02-22T09:05:30+00:00","og_image":[{"width":500,"height":500,"url":"https:\/\/www.maxima-dia.com\/wp-content\/uploads\/2022\/03\/MaximaSpA-logo-quadrato.jpg","type":"image\/jpeg"}],"twitter_card":"summary_large_image","twitter_site":"@Maximadia","twitter_misc":{"Szacowany czas czytania":"1 minuta"},"schema":{"@context":"https:\/\/schema.org","@graph":[{"@type":"WebPage","@id":"https:\/\/www.maxima-dia.com\/pl\/maszyny-budowlane-do-zageszczania\/","url":"https:\/\/www.maxima-dia.com\/pl\/maszyny-budowlane-do-zageszczania\/","name":"Maszyny budowlane do zag\u0119szczania - Maxima SpA","isPartOf":{"@id":"https:\/\/www.maxima-dia.com\/pl\/#website"},"datePublished":"2021-12-03T10:34:11+00:00","dateModified":"2023-02-22T09:05:30+00:00","description":"Maszyny budowlane do zag\u0119szczania Vibramax","breadcrumb":{"@id":"https:\/\/www.maxima-dia.com\/pl\/maszyny-budowlane-do-zageszczania\/#breadcrumb"},"inLanguage":"pl-PL","potentialAction":[{"@type":"ReadAction","target":["https:\/\/www.maxima-dia.com\/pl\/maszyny-budowlane-do-zageszczania\/"]}]},{"@type":"BreadcrumbList","@id":"https:\/\/www.maxima-dia.com\/pl\/maszyny-budowlane-do-zageszczania\/#breadcrumb","itemListElement":[{"@type":"ListItem","position":1,"name":"Home","item":"https:\/\/www.maxima-dia.com\/pl\/"},{"@type":"ListItem","position":2,"name":"Maszyny budowlane do zag\u0119szczania"}]},{"@type":"WebSite","@id":"https:\/\/www.maxima-dia.com\/pl\/#website","url":"https:\/\/www.maxima-dia.com\/pl\/","name":"Maxima SpA","description":"Only for the real professionals","potentialAction":[{"@type":"SearchAction","target":{"@type":"EntryPoint","urlTemplate":"https:\/\/www.maxima-dia.com\/pl\/?s={search_term_string}"},"query-input":{"@type":"PropertyValueSpecification","valueRequired":true,"valueName":"search_term_string"}}],"inLanguage":"pl-PL"}]}},"_links":{"self":[{"href":"https:\/\/www.maxima-dia.com\/pl\/wp-json\/wp\/v2\/pages\/33190"}],"collection":[{"href":"https:\/\/www.maxima-dia.com\/pl\/wp-json\/wp\/v2\/pages"}],"about":[{"href":"https:\/\/www.maxima-dia.com\/pl\/wp-json\/wp\/v2\/types\/page"}],"author":[{"embeddable":true,"href":"https:\/\/www.maxima-dia.com\/pl\/wp-json\/wp\/v2\/users\/29"}],"replies":[{"embeddable":true,"href":"https:\/\/www.maxima-dia.com\/pl\/wp-json\/wp\/v2\/comments?post=33190"}],"version-history":[{"count":0,"href":"https:\/\/www.maxima-dia.com\/pl\/wp-json\/wp\/v2\/pages\/33190\/revisions"}],"wp:attachment":[{"href":"https:\/\/www.maxima-dia.com\/pl\/wp-json\/wp\/v2\/media?parent=33190"}],"curies":[{"name":"wp","href":"https:\/\/api.w.org\/{rel}","templated":true}]}}