{"id":37268,"date":"2023-02-17T12:04:09","date_gmt":"2023-02-17T11:04:09","guid":{"rendered":"https:\/\/www.maxima-dia.com\/?page_id=37268"},"modified":"2023-02-17T12:04:09","modified_gmt":"2023-02-17T11:04:09","slug":"genemax-3000-is","status":"publish","type":"page","link":"https:\/\/www.maxima-dia.com\/pl\/generatory-pradu-zespoly-pradotworcze\/genemax-3000-is\/","title":{"rendered":"Genemax 3000 IS"},"content":{"rendered":"<div class=\"wpb-content-wrapper\"><p>[vc_row][vc_column text_align=&#8221;center&#8221; width=&#8221;1\/4&#8243;][vc_column_text]<a href=\"https:\/\/www.maxima-dia.com\/wp-content\/uploads\/2023\/02\/GENEMAX-3000i-12-10-2022-lato-A.jpg\"><img loading=\"lazy\" decoding=\"async\" class=\"alignnone wp-image-37275 size-thumbnail\" src=\"https:\/\/www.maxima-dia.com\/wp-content\/uploads\/2023\/02\/GENEMAX-3000i-12-10-2022-lato-A-150x150.jpg\" alt=\"\" width=\"150\" height=\"150\" srcset=\"https:\/\/www.maxima-dia.com\/wp-content\/uploads\/2023\/02\/GENEMAX-3000i-12-10-2022-lato-A-150x150.jpg 150w, https:\/\/www.maxima-dia.com\/wp-content\/uploads\/2023\/02\/GENEMAX-3000i-12-10-2022-lato-A-300x300.jpg 300w, https:\/\/www.maxima-dia.com\/wp-content\/uploads\/2023\/02\/GENEMAX-3000i-12-10-2022-lato-A-1024x1024.jpg 1024w, https:\/\/www.maxima-dia.com\/wp-content\/uploads\/2023\/02\/GENEMAX-3000i-12-10-2022-lato-A-768x768.jpg 768w, https:\/\/www.maxima-dia.com\/wp-content\/uploads\/2023\/02\/GENEMAX-3000i-12-10-2022-lato-A-80x80.jpg 80w, https:\/\/www.maxima-dia.com\/wp-content\/uploads\/2023\/02\/GENEMAX-3000i-12-10-2022-lato-A-500x500.jpg 500w, https:\/\/www.maxima-dia.com\/wp-content\/uploads\/2023\/02\/GENEMAX-3000i-12-10-2022-lato-A-1000x1000.jpg 1000w, https:\/\/www.maxima-dia.com\/wp-content\/uploads\/2023\/02\/GENEMAX-3000i-12-10-2022-lato-A.jpg 1200w\" sizes=\"(max-width: 150px) 100vw, 150px\" \/><\/a><\/p>\n<p>Certyfikat WE[\/vc_column_text][\/vc_column][vc_column width=&#8221;3\/4&#8243;][vc_column_text]<strong>GENEMAX 3000 IS<\/strong> to najbardziej kompaktowy generator w asortymencie Maxima, idealny do zasilania pr\u0105dem nawet najbardziej wyrafinowanych urz\u0105dze\u0144 gospodarstwa domowego i sprz\u0119tu wra\u017cliwego na zmiany napi\u0119cia i cz\u0119stotliwo\u015bci. Dzi\u0119ki starannie opracowanej technologii inwerterowej gwarantuje p\u0142ynn\u0105, sta\u0142\u0105 i pozbawion\u0105 waha\u0144 moc wyj\u015bciow\u0105. Generator jest w stanie generowa\u0107 maksymaln\u0105 moc 2,5 kW i posiada jednocylindrowy 4-suwowy silnik benzynowy o mocy 149 cm3.<br \/>\nPoziom ha\u0142asu wynosz\u0105cy zaledwie 64,7 dB sprawia, \u017ce jest wyj\u0105tkowo cichy i ekologiczny pod wzgl\u0119dem zanieczyszczenia ha\u0142asem; uchwyt i masa zaledwie 27 kg sprawiaj\u0105, \u017ce jest to wszechstronny model, kt\u00f3ry niezwykle \u0142atwo przenosi\u0107 i transportowa\u0107, nawet r\u0119cznie.<\/p>\n<table class=\"tabellafotocarotaggio\" style=\"width: 100.06%;\">\n<tbody>\n<tr>\n<td style=\"text-align: center; width: 25%;\"><a href=\"https:\/\/www.maxima-dia.com\/wp-content\/uploads\/2023\/02\/GENEMAX-3000i-12-10-2022-fronte.jpg\"><img loading=\"lazy\" decoding=\"async\" class=\"alignnone wp-image-37269 size-thumbnail\" src=\"https:\/\/www.maxima-dia.com\/wp-content\/uploads\/2023\/02\/GENEMAX-3000i-12-10-2022-fronte-150x150.jpg\" alt=\"\" width=\"150\" height=\"150\" srcset=\"https:\/\/www.maxima-dia.com\/wp-content\/uploads\/2023\/02\/GENEMAX-3000i-12-10-2022-fronte-150x150.jpg 150w, https:\/\/www.maxima-dia.com\/wp-content\/uploads\/2023\/02\/GENEMAX-3000i-12-10-2022-fronte-300x300.jpg 300w, https:\/\/www.maxima-dia.com\/wp-content\/uploads\/2023\/02\/GENEMAX-3000i-12-10-2022-fronte-1024x1024.jpg 1024w, https:\/\/www.maxima-dia.com\/wp-content\/uploads\/2023\/02\/GENEMAX-3000i-12-10-2022-fronte-768x768.jpg 768w, https:\/\/www.maxima-dia.com\/wp-content\/uploads\/2023\/02\/GENEMAX-3000i-12-10-2022-fronte-80x80.jpg 80w, https:\/\/www.maxima-dia.com\/wp-content\/uploads\/2023\/02\/GENEMAX-3000i-12-10-2022-fronte-500x500.jpg 500w, https:\/\/www.maxima-dia.com\/wp-content\/uploads\/2023\/02\/GENEMAX-3000i-12-10-2022-fronte-1000x1000.jpg 1000w, https:\/\/www.maxima-dia.com\/wp-content\/uploads\/2023\/02\/GENEMAX-3000i-12-10-2022-fronte.jpg 1200w\" sizes=\"(max-width: 150px) 100vw, 150px\" \/><\/a>&nbsp;<\/td>\n<td style=\"text-align: center; width: 25%;\"><a href=\"https:\/\/www.maxima-dia.com\/wp-content\/uploads\/2023\/02\/GENEMAX-3000IS-COPERCHIO-CANDELA-25-11-2022.jpg\"><img loading=\"lazy\" decoding=\"async\" class=\"alignnone wp-image-37287 size-thumbnail\" src=\"https:\/\/www.maxima-dia.com\/wp-content\/uploads\/2023\/02\/GENEMAX-3000IS-COPERCHIO-CANDELA-25-11-2022-150x150.jpg\" alt=\"\" width=\"150\" height=\"150\" srcset=\"https:\/\/www.maxima-dia.com\/wp-content\/uploads\/2023\/02\/GENEMAX-3000IS-COPERCHIO-CANDELA-25-11-2022-150x150.jpg 150w, https:\/\/www.maxima-dia.com\/wp-content\/uploads\/2023\/02\/GENEMAX-3000IS-COPERCHIO-CANDELA-25-11-2022-300x300.jpg 300w, https:\/\/www.maxima-dia.com\/wp-content\/uploads\/2023\/02\/GENEMAX-3000IS-COPERCHIO-CANDELA-25-11-2022-1024x1024.jpg 1024w, https:\/\/www.maxima-dia.com\/wp-content\/uploads\/2023\/02\/GENEMAX-3000IS-COPERCHIO-CANDELA-25-11-2022-768x768.jpg 768w, https:\/\/www.maxima-dia.com\/wp-content\/uploads\/2023\/02\/GENEMAX-3000IS-COPERCHIO-CANDELA-25-11-2022-80x80.jpg 80w, https:\/\/www.maxima-dia.com\/wp-content\/uploads\/2023\/02\/GENEMAX-3000IS-COPERCHIO-CANDELA-25-11-2022-500x500.jpg 500w, https:\/\/www.maxima-dia.com\/wp-content\/uploads\/2023\/02\/GENEMAX-3000IS-COPERCHIO-CANDELA-25-11-2022-1000x1000.jpg 1000w, https:\/\/www.maxima-dia.com\/wp-content\/uploads\/2023\/02\/GENEMAX-3000IS-COPERCHIO-CANDELA-25-11-2022.jpg 1200w\" sizes=\"(max-width: 150px) 100vw, 150px\" \/><\/a><\/td>\n<td style=\"text-align: center; width: 25%;\"><a href=\"https:\/\/www.maxima-dia.com\/wp-content\/uploads\/2023\/02\/GENEMAX-3000IS-COPERCHIO-CARICO-OLIO-25-11-2022.jpg\"><img loading=\"lazy\" decoding=\"async\" class=\"alignnone wp-image-37293 size-thumbnail\" src=\"https:\/\/www.maxima-dia.com\/wp-content\/uploads\/2023\/02\/GENEMAX-3000IS-COPERCHIO-CARICO-OLIO-25-11-2022-150x150.jpg\" alt=\"\" width=\"150\" height=\"150\" srcset=\"https:\/\/www.maxima-dia.com\/wp-content\/uploads\/2023\/02\/GENEMAX-3000IS-COPERCHIO-CARICO-OLIO-25-11-2022-150x150.jpg 150w, https:\/\/www.maxima-dia.com\/wp-content\/uploads\/2023\/02\/GENEMAX-3000IS-COPERCHIO-CARICO-OLIO-25-11-2022-300x300.jpg 300w, https:\/\/www.maxima-dia.com\/wp-content\/uploads\/2023\/02\/GENEMAX-3000IS-COPERCHIO-CARICO-OLIO-25-11-2022-1024x1024.jpg 1024w, https:\/\/www.maxima-dia.com\/wp-content\/uploads\/2023\/02\/GENEMAX-3000IS-COPERCHIO-CARICO-OLIO-25-11-2022-768x768.jpg 768w, https:\/\/www.maxima-dia.com\/wp-content\/uploads\/2023\/02\/GENEMAX-3000IS-COPERCHIO-CARICO-OLIO-25-11-2022-80x80.jpg 80w, https:\/\/www.maxima-dia.com\/wp-content\/uploads\/2023\/02\/GENEMAX-3000IS-COPERCHIO-CARICO-OLIO-25-11-2022-500x500.jpg 500w, https:\/\/www.maxima-dia.com\/wp-content\/uploads\/2023\/02\/GENEMAX-3000IS-COPERCHIO-CARICO-OLIO-25-11-2022-1000x1000.jpg 1000w, https:\/\/www.maxima-dia.com\/wp-content\/uploads\/2023\/02\/GENEMAX-3000IS-COPERCHIO-CARICO-OLIO-25-11-2022.jpg 1200w\" sizes=\"(max-width: 150px) 100vw, 150px\" \/><\/a>&nbsp;&nbsp;<\/td>\n<td style=\"text-align: center; width: 25%;\"><a href=\"https:\/\/www.maxima-dia.com\/wp-content\/uploads\/2023\/02\/GENEMAX-3000i-12-10-2022-lato-B.jpg\"><img loading=\"lazy\" decoding=\"async\" class=\"alignnone wp-image-37281 size-thumbnail\" src=\"https:\/\/www.maxima-dia.com\/wp-content\/uploads\/2023\/02\/GENEMAX-3000i-12-10-2022-lato-B-150x150.jpg\" alt=\"\" width=\"150\" height=\"150\" srcset=\"https:\/\/www.maxima-dia.com\/wp-content\/uploads\/2023\/02\/GENEMAX-3000i-12-10-2022-lato-B-150x150.jpg 150w, https:\/\/www.maxima-dia.com\/wp-content\/uploads\/2023\/02\/GENEMAX-3000i-12-10-2022-lato-B-300x300.jpg 300w, https:\/\/www.maxima-dia.com\/wp-content\/uploads\/2023\/02\/GENEMAX-3000i-12-10-2022-lato-B-1024x1024.jpg 1024w, https:\/\/www.maxima-dia.com\/wp-content\/uploads\/2023\/02\/GENEMAX-3000i-12-10-2022-lato-B-768x768.jpg 768w, https:\/\/www.maxima-dia.com\/wp-content\/uploads\/2023\/02\/GENEMAX-3000i-12-10-2022-lato-B-80x80.jpg 80w, https:\/\/www.maxima-dia.com\/wp-content\/uploads\/2023\/02\/GENEMAX-3000i-12-10-2022-lato-B-500x500.jpg 500w, https:\/\/www.maxima-dia.com\/wp-content\/uploads\/2023\/02\/GENEMAX-3000i-12-10-2022-lato-B-1000x1000.jpg 1000w, https:\/\/www.maxima-dia.com\/wp-content\/uploads\/2023\/02\/GENEMAX-3000i-12-10-2022-lato-B.jpg 1200w\" sizes=\"(max-width: 150px) 100vw, 150px\" \/><\/a><\/td>\n<\/tr>\n<\/tbody>\n<\/table>\n<p>&nbsp;<\/p>\n<table class=\"tabellatecnica\" style=\"width: 100%; height: 192px;\" border=\"0\" cellspacing=\"0\" cellpadding=\"0\">\n<thead>\n<tr style=\"height: 24px;\">\n<td class=\"testata\" style=\"width: 100%; height: 24px;\" colspan=\"2\">W\u0141A\u015aCIWO\u015aCI TECHNICZNE<\/td>\n<\/tr>\n<\/thead>\n<tbody>\n<tr style=\"height: 24px;\">\n<td class=\"coltesto1\" style=\"width: 50%; height: 24px;\">Silnik (Maks.): 2,5 kW<\/td>\n<td class=\"coltesto2\" style=\"width: 50%; height: 24px;\">Uruchomienie: przerywane<\/td>\n<\/tr>\n<tr style=\"height: 24px;\">\n<td class=\"coltesto1\" style=\"width: 50%; height: 24px;\">Generowane (ci\u0105g\u0142e): 2,3 kW<\/td>\n<td class=\"coltesto2\" style=\"width: 50%; height: 24px;\">Jednofazowe: 230v<\/td>\n<\/tr>\n<tr style=\"height: 24px;\">\n<td class=\"coltesto1\" style=\"width: 50%; height: 24px;\">Silnik\/Moc silnika: Loncin\/149 cm<sup>3<\/sup><\/td>\n<td class=\"coltesto2\" style=\"width: 50%; height: 24px;\">Falownik\/Avr: falownik<\/td>\n<\/tr>\n<tr style=\"height: 24px;\">\n<td class=\"coltesto2\" style=\"width: 50%; height: 24px;\">Zbiornik: 4 litry<\/td>\n<td class=\"coltesto2\" style=\"width: 50%; height: 24px;\">Po\u0142\u0105czenie r\u00f3wnoleg\u0142e: tak<\/td>\n<\/tr>\n<tr style=\"height: 24px;\">\n<td class=\"coltesto2\" style=\"width: 50%; height: 24px;\">Ca\u0142kowita masa maszyny: 27 kg<\/td>\n<td class=\"coltesto2\" style=\"width: 50%; height: 24px;\">Cichy: tak<\/td>\n<\/tr>\n<tr style=\"height: 24px;\">\n<td class=\"coltesto2\" style=\"width: 50%; height: 24px;\">Rozdzielnica (gniazda): 2 Schuko (16A) + usb<\/td>\n<td class=\"coltesto2\" style=\"width: 50%; height: 24px;\">Ha\u0142as: 64,7 dB<\/td>\n<\/tr>\n<tr style=\"height: 24px;\">\n<td class=\"coltesto2\" style=\"width: 50%; height: 24px;\">Wymiary: 565 x 339 x 467 mm<\/td>\n<td class=\"coltesto2\" style=\"width: 50%; height: 24px;\">Paliwo: benzyna bezo\u0142owiowa<\/td>\n<\/tr>\n<\/tbody>\n<\/table>\n<p>[\/vc_column_text][\/vc_column][\/vc_row]<\/p>\n<\/div>","protected":false},"excerpt":{"rendered":"<p>[vc_row][vc_column text_align=&#8221;center&#8221; width=&#8221;1\/4&#8243;][vc_column_text] Certyfikat WE[\/vc_column_text][\/vc_column][vc_column width=&#8221;3\/4&#8243;][vc_column_text]GENEMAX 3000 IS to najbardziej kompaktowy generator w asortymencie Maxima, idealny do zasilania pr\u0105dem nawet najbardziej wyrafinowanych urz\u0105dze\u0144 gospodarstwa domowego i sprz\u0119tu wra\u017cliwego na zmiany napi\u0119cia i cz\u0119stotliwo\u015bci. Dzi\u0119ki starannie opracowanej technologii inwerterowej gwarantuje p\u0142ynn\u0105, sta\u0142\u0105 i pozbawion\u0105 waha\u0144 moc wyj\u015bciow\u0105. Generator jest w stanie generowa\u0107 maksymaln\u0105 moc 2,5 kW i posiada jednocylindrowy 4-suwowy silnik benzynowy o mocy 149 cm3. Poziom ha\u0142asu wynosz\u0105cy zaledwie 64,7 dB sprawia, \u017ce jest wyj\u0105tkowo cichy i ekologiczny pod wzgl\u0119dem zanieczyszczenia ha\u0142asem; uchwyt i masa zaledwie 27 kg sprawiaj\u0105, \u017ce jest to wszechstronny model, kt\u00f3ry niezwykle \u0142atwo przenosi\u0107 i transportowa\u0107, nawet r\u0119cznie. &nbsp; &nbsp;&nbsp; &nbsp; W\u0141A\u015aCIWO\u015aCI TECHNICZNE Silnik (Maks.): 2,5 kW Uruchomienie: przerywane Generowane (ci\u0105g\u0142e): 2,3 kW Jednofazowe: 230v Silnik\/Moc silnika: Loncin\/149 cm3 Falownik\/Avr: falownik Zbiornik: 4 litry Po\u0142\u0105czenie r\u00f3wnoleg\u0142e: tak Ca\u0142kowita masa maszyny: 27 kg Cichy: tak Rozdzielnica (gniazda): 2 Schuko (16A) + usb Ha\u0142as: 64,7 dB Wymiary: 565 x 339 x 467 mm Paliwo: benzyna bezo\u0142owiowa [\/vc_column_text][\/vc_column][\/vc_row]<\/p>\n","protected":false},"author":29,"featured_media":37279,"parent":38577,"menu_order":1,"comment_status":"closed","ping_status":"closed","template":"","meta":{"ngg_post_thumbnail":0,"_joinchat":[],"footnotes":""},"class_list":["post-37268","page","type-page","status-publish","has-post-thumbnail","hentry"],"yoast_head":"<!-- This site is optimized with the Yoast SEO plugin v25.5 - https:\/\/yoast.com\/wordpress\/plugins\/seo\/ -->\n<title>Genemax 3000 IS - Maxima SpA<\/title>\n<meta name=\"description\" content=\"Generator jest w stanie generowa\u0107 maksymaln\u0105 moc 2,5 kW i posiada jednocylindrowy 4-suwowy silnik benzynowy\" \/>\n<meta name=\"robots\" content=\"index, follow, max-snippet:-1, max-image-preview:large, max-video-preview:-1\" \/>\n<link rel=\"canonical\" href=\"https:\/\/www.maxima-dia.com\/pl\/generatory-pradu-zespoly-pradotworcze\/genemax-3000-is\/\" \/>\n<meta property=\"og:locale\" content=\"pl_PL\" \/>\n<meta property=\"og:type\" content=\"article\" \/>\n<meta property=\"og:title\" content=\"Genemax 3000 IS - Maxima SpA\" \/>\n<meta property=\"og:description\" content=\"Generator jest w stanie generowa\u0107 maksymaln\u0105 moc 2,5 kW i posiada jednocylindrowy 4-suwowy silnik benzynowy\" \/>\n<meta property=\"og:url\" content=\"https:\/\/www.maxima-dia.com\/pl\/generatory-pradu-zespoly-pradotworcze\/genemax-3000-is\/\" \/>\n<meta property=\"og:site_name\" content=\"Maxima SpA\" \/>\n<meta property=\"article:publisher\" content=\"https:\/\/www.facebook.com\/Maxima-spa-106098566139597\" \/>\n<meta property=\"og:image\" content=\"https:\/\/www.maxima-dia.com\/wp-content\/uploads\/2023\/02\/GENEMAX-3000i-12-10-2022-lato-A.jpg\" \/>\n\t<meta property=\"og:image:width\" content=\"1200\" \/>\n\t<meta property=\"og:image:height\" content=\"1200\" \/>\n\t<meta property=\"og:image:type\" content=\"image\/jpeg\" \/>\n<meta name=\"twitter:card\" content=\"summary_large_image\" \/>\n<meta name=\"twitter:site\" content=\"@Maximadia\" \/>\n<meta name=\"twitter:label1\" content=\"Szacowany czas czytania\" \/>\n\t<meta name=\"twitter:data1\" content=\"3 minuty\" \/>\n<script type=\"application\/ld+json\" class=\"yoast-schema-graph\">{\"@context\":\"https:\/\/schema.org\",\"@graph\":[{\"@type\":\"WebPage\",\"@id\":\"https:\/\/www.maxima-dia.com\/pl\/generatory-pradu-zespoly-pradotworcze\/genemax-3000-is\/\",\"url\":\"https:\/\/www.maxima-dia.com\/pl\/generatory-pradu-zespoly-pradotworcze\/genemax-3000-is\/\",\"name\":\"Genemax 3000 IS - Maxima SpA\",\"isPartOf\":{\"@id\":\"https:\/\/www.maxima-dia.com\/pl\/#website\"},\"primaryImageOfPage\":{\"@id\":\"https:\/\/www.maxima-dia.com\/pl\/generatory-pradu-zespoly-pradotworcze\/genemax-3000-is\/#primaryimage\"},\"image\":{\"@id\":\"https:\/\/www.maxima-dia.com\/pl\/generatory-pradu-zespoly-pradotworcze\/genemax-3000-is\/#primaryimage\"},\"thumbnailUrl\":\"https:\/\/www.maxima-dia.com\/wp-content\/uploads\/2023\/02\/GENEMAX-3000i-12-10-2022-lato-A.jpg\",\"datePublished\":\"2023-02-17T11:04:09+00:00\",\"description\":\"Generator jest w stanie generowa\u0107 maksymaln\u0105 moc 2,5 kW i posiada jednocylindrowy 4-suwowy silnik benzynowy\",\"breadcrumb\":{\"@id\":\"https:\/\/www.maxima-dia.com\/pl\/generatory-pradu-zespoly-pradotworcze\/genemax-3000-is\/#breadcrumb\"},\"inLanguage\":\"pl-PL\",\"potentialAction\":[{\"@type\":\"ReadAction\",\"target\":[\"https:\/\/www.maxima-dia.com\/pl\/generatory-pradu-zespoly-pradotworcze\/genemax-3000-is\/\"]}]},{\"@type\":\"ImageObject\",\"inLanguage\":\"pl-PL\",\"@id\":\"https:\/\/www.maxima-dia.com\/pl\/generatory-pradu-zespoly-pradotworcze\/genemax-3000-is\/#primaryimage\",\"url\":\"https:\/\/www.maxima-dia.com\/wp-content\/uploads\/2023\/02\/GENEMAX-3000i-12-10-2022-lato-A.jpg\",\"contentUrl\":\"https:\/\/www.maxima-dia.com\/wp-content\/uploads\/2023\/02\/GENEMAX-3000i-12-10-2022-lato-A.jpg\",\"width\":1200,\"height\":1200,\"caption\":\"GENEMAX 3000IS\"},{\"@type\":\"BreadcrumbList\",\"@id\":\"https:\/\/www.maxima-dia.com\/pl\/generatory-pradu-zespoly-pradotworcze\/genemax-3000-is\/#breadcrumb\",\"itemListElement\":[{\"@type\":\"ListItem\",\"position\":1,\"name\":\"Home\",\"item\":\"https:\/\/www.maxima-dia.com\/pl\/\"},{\"@type\":\"ListItem\",\"position\":2,\"name\":\"Generatory pr\u0105du Zespo\u0142y pr\u0105dotw\u00f3rcze\",\"item\":\"https:\/\/www.maxima-dia.com\/pl\/generatory-pradu-zespoly-pradotworcze\/\"},{\"@type\":\"ListItem\",\"position\":3,\"name\":\"Genemax 3000 IS\"}]},{\"@type\":\"WebSite\",\"@id\":\"https:\/\/www.maxima-dia.com\/pl\/#website\",\"url\":\"https:\/\/www.maxima-dia.com\/pl\/\",\"name\":\"Maxima SpA\",\"description\":\"Only for the real professionals\",\"potentialAction\":[{\"@type\":\"SearchAction\",\"target\":{\"@type\":\"EntryPoint\",\"urlTemplate\":\"https:\/\/www.maxima-dia.com\/pl\/?s={search_term_string}\"},\"query-input\":{\"@type\":\"PropertyValueSpecification\",\"valueRequired\":true,\"valueName\":\"search_term_string\"}}],\"inLanguage\":\"pl-PL\"}]}<\/script>\n<!-- \/ Yoast SEO plugin. -->","yoast_head_json":{"title":"Genemax 3000 IS - Maxima SpA","description":"Generator jest w stanie generowa\u0107 maksymaln\u0105 moc 2,5 kW i posiada jednocylindrowy 4-suwowy silnik benzynowy","robots":{"index":"index","follow":"follow","max-snippet":"max-snippet:-1","max-image-preview":"max-image-preview:large","max-video-preview":"max-video-preview:-1"},"canonical":"https:\/\/www.maxima-dia.com\/pl\/generatory-pradu-zespoly-pradotworcze\/genemax-3000-is\/","og_locale":"pl_PL","og_type":"article","og_title":"Genemax 3000 IS - Maxima SpA","og_description":"Generator jest w stanie generowa\u0107 maksymaln\u0105 moc 2,5 kW i posiada jednocylindrowy 4-suwowy silnik benzynowy","og_url":"https:\/\/www.maxima-dia.com\/pl\/generatory-pradu-zespoly-pradotworcze\/genemax-3000-is\/","og_site_name":"Maxima SpA","article_publisher":"https:\/\/www.facebook.com\/Maxima-spa-106098566139597","og_image":[{"width":1200,"height":1200,"url":"https:\/\/www.maxima-dia.com\/wp-content\/uploads\/2023\/02\/GENEMAX-3000i-12-10-2022-lato-A.jpg","type":"image\/jpeg"}],"twitter_card":"summary_large_image","twitter_site":"@Maximadia","twitter_misc":{"Szacowany czas czytania":"3 minuty"},"schema":{"@context":"https:\/\/schema.org","@graph":[{"@type":"WebPage","@id":"https:\/\/www.maxima-dia.com\/pl\/generatory-pradu-zespoly-pradotworcze\/genemax-3000-is\/","url":"https:\/\/www.maxima-dia.com\/pl\/generatory-pradu-zespoly-pradotworcze\/genemax-3000-is\/","name":"Genemax 3000 IS - Maxima SpA","isPartOf":{"@id":"https:\/\/www.maxima-dia.com\/pl\/#website"},"primaryImageOfPage":{"@id":"https:\/\/www.maxima-dia.com\/pl\/generatory-pradu-zespoly-pradotworcze\/genemax-3000-is\/#primaryimage"},"image":{"@id":"https:\/\/www.maxima-dia.com\/pl\/generatory-pradu-zespoly-pradotworcze\/genemax-3000-is\/#primaryimage"},"thumbnailUrl":"https:\/\/www.maxima-dia.com\/wp-content\/uploads\/2023\/02\/GENEMAX-3000i-12-10-2022-lato-A.jpg","datePublished":"2023-02-17T11:04:09+00:00","description":"Generator jest w stanie generowa\u0107 maksymaln\u0105 moc 2,5 kW i posiada jednocylindrowy 4-suwowy silnik benzynowy","breadcrumb":{"@id":"https:\/\/www.maxima-dia.com\/pl\/generatory-pradu-zespoly-pradotworcze\/genemax-3000-is\/#breadcrumb"},"inLanguage":"pl-PL","potentialAction":[{"@type":"ReadAction","target":["https:\/\/www.maxima-dia.com\/pl\/generatory-pradu-zespoly-pradotworcze\/genemax-3000-is\/"]}]},{"@type":"ImageObject","inLanguage":"pl-PL","@id":"https:\/\/www.maxima-dia.com\/pl\/generatory-pradu-zespoly-pradotworcze\/genemax-3000-is\/#primaryimage","url":"https:\/\/www.maxima-dia.com\/wp-content\/uploads\/2023\/02\/GENEMAX-3000i-12-10-2022-lato-A.jpg","contentUrl":"https:\/\/www.maxima-dia.com\/wp-content\/uploads\/2023\/02\/GENEMAX-3000i-12-10-2022-lato-A.jpg","width":1200,"height":1200,"caption":"GENEMAX 3000IS"},{"@type":"BreadcrumbList","@id":"https:\/\/www.maxima-dia.com\/pl\/generatory-pradu-zespoly-pradotworcze\/genemax-3000-is\/#breadcrumb","itemListElement":[{"@type":"ListItem","position":1,"name":"Home","item":"https:\/\/www.maxima-dia.com\/pl\/"},{"@type":"ListItem","position":2,"name":"Generatory pr\u0105du Zespo\u0142y pr\u0105dotw\u00f3rcze","item":"https:\/\/www.maxima-dia.com\/pl\/generatory-pradu-zespoly-pradotworcze\/"},{"@type":"ListItem","position":3,"name":"Genemax 3000 IS"}]},{"@type":"WebSite","@id":"https:\/\/www.maxima-dia.com\/pl\/#website","url":"https:\/\/www.maxima-dia.com\/pl\/","name":"Maxima SpA","description":"Only for the real professionals","potentialAction":[{"@type":"SearchAction","target":{"@type":"EntryPoint","urlTemplate":"https:\/\/www.maxima-dia.com\/pl\/?s={search_term_string}"},"query-input":{"@type":"PropertyValueSpecification","valueRequired":true,"valueName":"search_term_string"}}],"inLanguage":"pl-PL"}]}},"_links":{"self":[{"href":"https:\/\/www.maxima-dia.com\/pl\/wp-json\/wp\/v2\/pages\/37268"}],"collection":[{"href":"https:\/\/www.maxima-dia.com\/pl\/wp-json\/wp\/v2\/pages"}],"about":[{"href":"https:\/\/www.maxima-dia.com\/pl\/wp-json\/wp\/v2\/types\/page"}],"author":[{"embeddable":true,"href":"https:\/\/www.maxima-dia.com\/pl\/wp-json\/wp\/v2\/users\/29"}],"replies":[{"embeddable":true,"href":"https:\/\/www.maxima-dia.com\/pl\/wp-json\/wp\/v2\/comments?post=37268"}],"version-history":[{"count":2,"href":"https:\/\/www.maxima-dia.com\/pl\/wp-json\/wp\/v2\/pages\/37268\/revisions"}],"predecessor-version":[{"id":38583,"href":"https:\/\/www.maxima-dia.com\/pl\/wp-json\/wp\/v2\/pages\/37268\/revisions\/38583"}],"up":[{"embeddable":true,"href":"https:\/\/www.maxima-dia.com\/pl\/wp-json\/wp\/v2\/pages\/38577"}],"wp:featuredmedia":[{"embeddable":true,"href":"https:\/\/www.maxima-dia.com\/pl\/wp-json\/wp\/v2\/media\/37279"}],"wp:attachment":[{"href":"https:\/\/www.maxima-dia.com\/pl\/wp-json\/wp\/v2\/media?parent=37268"}],"curies":[{"name":"wp","href":"https:\/\/api.w.org\/{rel}","templated":true}]}}