{"id":37629,"date":"2023-02-17T12:13:41","date_gmt":"2023-02-17T11:13:41","guid":{"rendered":"https:\/\/www.maxima-dia.com\/?page_id=37629"},"modified":"2023-02-17T12:14:28","modified_gmt":"2023-02-17T11:14:28","slug":"genemax-7000-is","status":"publish","type":"page","link":"https:\/\/www.maxima-dia.com\/pl\/generatory-pradu-zespoly-pradotworcze\/genemax-7000-is\/","title":{"rendered":"Genemax 7000 IS"},"content":{"rendered":"<div class=\"wpb-content-wrapper\"><p>[vc_row][vc_column text_align=&#8221;center&#8221; width=&#8221;1\/4&#8243;][vc_column_text]<a href=\"https:\/\/www.maxima-dia.com\/wp-content\/uploads\/2023\/02\/GENEMAX-7000is-12-10-2022-bis.jpg\"><img loading=\"lazy\" decoding=\"async\" class=\"alignnone wp-image-37329 size-thumbnail\" src=\"https:\/\/www.maxima-dia.com\/wp-content\/uploads\/2023\/02\/GENEMAX-7000is-12-10-2022-bis-150x150.jpg\" alt=\"\" width=\"150\" height=\"150\" srcset=\"https:\/\/www.maxima-dia.com\/wp-content\/uploads\/2023\/02\/GENEMAX-7000is-12-10-2022-bis-150x150.jpg 150w, https:\/\/www.maxima-dia.com\/wp-content\/uploads\/2023\/02\/GENEMAX-7000is-12-10-2022-bis-300x300.jpg 300w, https:\/\/www.maxima-dia.com\/wp-content\/uploads\/2023\/02\/GENEMAX-7000is-12-10-2022-bis-1024x1024.jpg 1024w, https:\/\/www.maxima-dia.com\/wp-content\/uploads\/2023\/02\/GENEMAX-7000is-12-10-2022-bis-768x768.jpg 768w, https:\/\/www.maxima-dia.com\/wp-content\/uploads\/2023\/02\/GENEMAX-7000is-12-10-2022-bis-80x80.jpg 80w, https:\/\/www.maxima-dia.com\/wp-content\/uploads\/2023\/02\/GENEMAX-7000is-12-10-2022-bis-500x500.jpg 500w, https:\/\/www.maxima-dia.com\/wp-content\/uploads\/2023\/02\/GENEMAX-7000is-12-10-2022-bis-1000x1000.jpg 1000w, https:\/\/www.maxima-dia.com\/wp-content\/uploads\/2023\/02\/GENEMAX-7000is-12-10-2022-bis.jpg 1200w\" sizes=\"(max-width: 150px) 100vw, 150px\" \/><\/a><\/p>\n<p>Certyfikat WE[\/vc_column_text][\/vc_column][vc_column width=&#8221;3\/4&#8243;][vc_column_text]<strong>GENEMAX 7000 IS<\/strong> to najbardziej wydajny generator w asortymencie Maxima, o mocy roboczej 6 kW i maksymalnej 7 kW. Wyt\u0142umiona konstrukcja redukuje ha\u0142as do progu 70 dB, znacznie zmniejszaj\u0105c zanieczyszczenie ha\u0142asem. Generator jest wyposa\u017cony w cyfrowy wy\u015bwietlacz polece\u0144 i technologi\u0119 rozrusznika systemu Start i Stop. Standardowo na k\u00f3\u0142kach u\u0142atwiaj\u0105cych transport, gwarantuje doskona\u0142e dzia\u0142anie w sektorze komercyjnym, kempingowym, budownictwie zewn\u0119trznym i wynajmie. Dzi\u0119ki technologii inwerterowej wytwarza pr\u0105d o sta\u0142ej cz\u0119stotliwo\u015bci i napi\u0119ciu, dzi\u0119ki czemu idealnie nadaje si\u0119 do nawet skomplikowanych urz\u0105dze\u0144 elektronicznych.<\/p>\n<table class=\"tabellafotocarotaggio\" style=\"width: 100.06%;\">\n<tbody>\n<tr>\n<td style=\"text-align: center; width: 25%;\"><a href=\"https:\/\/www.maxima-dia.com\/wp-content\/uploads\/2023\/02\/GENEMAX-7000is-12-10-2022-fronte.jpg\"><img loading=\"lazy\" decoding=\"async\" class=\"alignnone wp-image-37335 size-thumbnail\" src=\"https:\/\/www.maxima-dia.com\/wp-content\/uploads\/2023\/02\/GENEMAX-7000is-12-10-2022-fronte-150x150.jpg\" alt=\"\" width=\"150\" height=\"150\" srcset=\"https:\/\/www.maxima-dia.com\/wp-content\/uploads\/2023\/02\/GENEMAX-7000is-12-10-2022-fronte-150x150.jpg 150w, https:\/\/www.maxima-dia.com\/wp-content\/uploads\/2023\/02\/GENEMAX-7000is-12-10-2022-fronte-300x300.jpg 300w, https:\/\/www.maxima-dia.com\/wp-content\/uploads\/2023\/02\/GENEMAX-7000is-12-10-2022-fronte-1024x1024.jpg 1024w, https:\/\/www.maxima-dia.com\/wp-content\/uploads\/2023\/02\/GENEMAX-7000is-12-10-2022-fronte-768x768.jpg 768w, https:\/\/www.maxima-dia.com\/wp-content\/uploads\/2023\/02\/GENEMAX-7000is-12-10-2022-fronte-80x80.jpg 80w, https:\/\/www.maxima-dia.com\/wp-content\/uploads\/2023\/02\/GENEMAX-7000is-12-10-2022-fronte-500x500.jpg 500w, https:\/\/www.maxima-dia.com\/wp-content\/uploads\/2023\/02\/GENEMAX-7000is-12-10-2022-fronte-1000x1000.jpg 1000w, https:\/\/www.maxima-dia.com\/wp-content\/uploads\/2023\/02\/GENEMAX-7000is-12-10-2022-fronte.jpg 1200w\" sizes=\"(max-width: 150px) 100vw, 150px\" \/><\/a>&nbsp;<\/td>\n<td style=\"text-align: center; width: 25%;\"><a href=\"https:\/\/www.maxima-dia.com\/wp-content\/uploads\/2023\/02\/GENEMAX-7000IS-BATTERIA-14-11-2022.jpg\"><img loading=\"lazy\" decoding=\"async\" class=\"alignnone wp-image-37347 size-thumbnail\" src=\"https:\/\/www.maxima-dia.com\/wp-content\/uploads\/2023\/02\/GENEMAX-7000IS-BATTERIA-14-11-2022-150x150.jpg\" alt=\"\" width=\"150\" height=\"150\" srcset=\"https:\/\/www.maxima-dia.com\/wp-content\/uploads\/2023\/02\/GENEMAX-7000IS-BATTERIA-14-11-2022-150x150.jpg 150w, https:\/\/www.maxima-dia.com\/wp-content\/uploads\/2023\/02\/GENEMAX-7000IS-BATTERIA-14-11-2022-300x300.jpg 300w, https:\/\/www.maxima-dia.com\/wp-content\/uploads\/2023\/02\/GENEMAX-7000IS-BATTERIA-14-11-2022-1024x1024.jpg 1024w, https:\/\/www.maxima-dia.com\/wp-content\/uploads\/2023\/02\/GENEMAX-7000IS-BATTERIA-14-11-2022-768x768.jpg 768w, https:\/\/www.maxima-dia.com\/wp-content\/uploads\/2023\/02\/GENEMAX-7000IS-BATTERIA-14-11-2022-80x80.jpg 80w, https:\/\/www.maxima-dia.com\/wp-content\/uploads\/2023\/02\/GENEMAX-7000IS-BATTERIA-14-11-2022-500x500.jpg 500w, https:\/\/www.maxima-dia.com\/wp-content\/uploads\/2023\/02\/GENEMAX-7000IS-BATTERIA-14-11-2022-1000x1000.jpg 1000w, https:\/\/www.maxima-dia.com\/wp-content\/uploads\/2023\/02\/GENEMAX-7000IS-BATTERIA-14-11-2022.jpg 1200w\" sizes=\"(max-width: 150px) 100vw, 150px\" \/><\/a><\/td>\n<td style=\"text-align: center; width: 25%;\"><a href=\"https:\/\/www.maxima-dia.com\/wp-content\/uploads\/2023\/02\/GENEMAX-7000IS-COPERCHIO-LAT-DX-25-11-2022.jpg\"><img loading=\"lazy\" decoding=\"async\" class=\"alignnone wp-image-37353 size-thumbnail\" src=\"https:\/\/www.maxima-dia.com\/wp-content\/uploads\/2023\/02\/GENEMAX-7000IS-COPERCHIO-LAT-DX-25-11-2022-150x150.jpg\" alt=\"\" width=\"150\" height=\"150\" srcset=\"https:\/\/www.maxima-dia.com\/wp-content\/uploads\/2023\/02\/GENEMAX-7000IS-COPERCHIO-LAT-DX-25-11-2022-150x150.jpg 150w, https:\/\/www.maxima-dia.com\/wp-content\/uploads\/2023\/02\/GENEMAX-7000IS-COPERCHIO-LAT-DX-25-11-2022-300x300.jpg 300w, https:\/\/www.maxima-dia.com\/wp-content\/uploads\/2023\/02\/GENEMAX-7000IS-COPERCHIO-LAT-DX-25-11-2022-1024x1024.jpg 1024w, https:\/\/www.maxima-dia.com\/wp-content\/uploads\/2023\/02\/GENEMAX-7000IS-COPERCHIO-LAT-DX-25-11-2022-768x768.jpg 768w, https:\/\/www.maxima-dia.com\/wp-content\/uploads\/2023\/02\/GENEMAX-7000IS-COPERCHIO-LAT-DX-25-11-2022-80x80.jpg 80w, https:\/\/www.maxima-dia.com\/wp-content\/uploads\/2023\/02\/GENEMAX-7000IS-COPERCHIO-LAT-DX-25-11-2022-500x500.jpg 500w, https:\/\/www.maxima-dia.com\/wp-content\/uploads\/2023\/02\/GENEMAX-7000IS-COPERCHIO-LAT-DX-25-11-2022-1000x1000.jpg 1000w, https:\/\/www.maxima-dia.com\/wp-content\/uploads\/2023\/02\/GENEMAX-7000IS-COPERCHIO-LAT-DX-25-11-2022.jpg 1200w\" sizes=\"(max-width: 150px) 100vw, 150px\" \/><\/a>&nbsp;&nbsp;<\/td>\n<td style=\"text-align: center; width: 25%;\"><a href=\"https:\/\/www.maxima-dia.com\/wp-content\/uploads\/2023\/02\/GENEMAX-7000is-12-10-2022.jpg\"><img loading=\"lazy\" decoding=\"async\" class=\"alignnone wp-image-37341 size-thumbnail\" src=\"https:\/\/www.maxima-dia.com\/wp-content\/uploads\/2023\/02\/GENEMAX-7000is-12-10-2022-150x150.jpg\" alt=\"\" width=\"150\" height=\"150\" srcset=\"https:\/\/www.maxima-dia.com\/wp-content\/uploads\/2023\/02\/GENEMAX-7000is-12-10-2022-150x150.jpg 150w, https:\/\/www.maxima-dia.com\/wp-content\/uploads\/2023\/02\/GENEMAX-7000is-12-10-2022-300x300.jpg 300w, https:\/\/www.maxima-dia.com\/wp-content\/uploads\/2023\/02\/GENEMAX-7000is-12-10-2022-1024x1024.jpg 1024w, https:\/\/www.maxima-dia.com\/wp-content\/uploads\/2023\/02\/GENEMAX-7000is-12-10-2022-768x768.jpg 768w, https:\/\/www.maxima-dia.com\/wp-content\/uploads\/2023\/02\/GENEMAX-7000is-12-10-2022-80x80.jpg 80w, https:\/\/www.maxima-dia.com\/wp-content\/uploads\/2023\/02\/GENEMAX-7000is-12-10-2022-500x500.jpg 500w, https:\/\/www.maxima-dia.com\/wp-content\/uploads\/2023\/02\/GENEMAX-7000is-12-10-2022-1000x1000.jpg 1000w, https:\/\/www.maxima-dia.com\/wp-content\/uploads\/2023\/02\/GENEMAX-7000is-12-10-2022.jpg 1200w\" sizes=\"(max-width: 150px) 100vw, 150px\" \/><\/a><\/td>\n<\/tr>\n<\/tbody>\n<\/table>\n<p>&nbsp;<\/p>\n<table class=\"tabellatecnica\" style=\"width: 100%; height: 144px;\" border=\"0\" cellspacing=\"0\" cellpadding=\"0\">\n<thead>\n<tr style=\"height: 24px;\">\n<td class=\"testata\" style=\"width: 100%; height: 24px;\" colspan=\"2\">W\u0141A\u015aCIWO\u015aCI TECHNICZNE<\/td>\n<\/tr>\n<\/thead>\n<tbody>\n<tr style=\"height: 24px;\">\n<td class=\"coltesto1\" style=\"width: 50%; height: 24px;\">Silnik (Maks.): 7 kW<\/td>\n<td class=\"coltesto2\" style=\"width: 50%; height: 24px;\">Uruchomienie: elektryczne<\/td>\n<\/tr>\n<tr style=\"height: 24px;\">\n<td class=\"coltesto1\" style=\"width: 50%; height: 24px;\">Generowane (ci\u0105g\u0142e): 6 kW<\/td>\n<td class=\"coltesto2\" style=\"width: 50%; height: 24px;\">Jednofazowe: 230v<\/td>\n<\/tr>\n<tr style=\"height: 24px;\">\n<td class=\"coltesto1\" style=\"width: 50%; height: 24px;\">Silnik\/Moc silnika: Loncin\/420 cm<sup>3<\/sup><\/td>\n<td class=\"coltesto2\" style=\"width: 50%; height: 24px;\">Falownik\/Avr: tak<\/td>\n<\/tr>\n<tr style=\"height: 24px;\">\n<td class=\"coltesto2\" style=\"width: 50%; height: 24px;\">Zbiornik: 25 litr\u00f3w<\/td>\n<td class=\"coltesto2\" style=\"width: 50%; height: 24px;\">Po\u0142\u0105czenie r\u00f3wnoleg\u0142e: tak<\/td>\n<\/tr>\n<tr style=\"height: 24px;\">\n<td class=\"coltesto2\" style=\"width: 50%; height: 24px;\">Ca\u0142kowita masa maszyny: 130 kg<\/td>\n<td class=\"coltesto2\" style=\"width: 50%; height: 24px;\">Cichy: tak<\/td>\n<\/tr>\n<tr style=\"height: 24px;\">\n<td class=\"coltesto2\" style=\"width: 50%; height: 24px;\">Rozdzielnica (gniazda): 2 przem. (16A) + 1 przem. (32A) + usb<\/td>\n<td class=\"coltesto2\" style=\"width: 50%; height: 24px;\">Ha\u0142as: 70 dB<\/td>\n<\/tr>\n<tr style=\"height: 24px;\">\n<td class=\"coltesto2\" style=\"width: 50%; height: 24px;\">Wymiary: 950 x 765 x 773 mm<\/td>\n<td class=\"coltesto2\" style=\"width: 50%; height: 24px;\">Paliwo: benzyna bezo\u0142owiowa<\/td>\n<\/tr>\n<\/tbody>\n<\/table>\n<p>[\/vc_column_text][\/vc_column][\/vc_row]<\/p>\n<\/div>","protected":false},"excerpt":{"rendered":"<p>[vc_row][vc_column text_align=&#8221;center&#8221; width=&#8221;1\/4&#8243;][vc_column_text] Certyfikat WE[\/vc_column_text][\/vc_column][vc_column width=&#8221;3\/4&#8243;][vc_column_text]GENEMAX 7000 IS to najbardziej wydajny generator w asortymencie Maxima, o mocy roboczej 6 kW i maksymalnej 7 kW. Wyt\u0142umiona konstrukcja redukuje ha\u0142as do progu 70 dB, znacznie zmniejszaj\u0105c zanieczyszczenie ha\u0142asem. Generator jest wyposa\u017cony w cyfrowy wy\u015bwietlacz polece\u0144 i technologi\u0119 rozrusznika systemu Start i Stop. Standardowo na k\u00f3\u0142kach u\u0142atwiaj\u0105cych transport, gwarantuje doskona\u0142e dzia\u0142anie w sektorze komercyjnym, kempingowym, budownictwie zewn\u0119trznym i wynajmie. Dzi\u0119ki technologii inwerterowej wytwarza pr\u0105d o sta\u0142ej cz\u0119stotliwo\u015bci i napi\u0119ciu, dzi\u0119ki czemu idealnie nadaje si\u0119 do nawet skomplikowanych urz\u0105dze\u0144 elektronicznych. &nbsp; &nbsp;&nbsp; &nbsp; W\u0141A\u015aCIWO\u015aCI TECHNICZNE Silnik (Maks.): 7 kW Uruchomienie: elektryczne Generowane (ci\u0105g\u0142e): 6 kW Jednofazowe: 230v Silnik\/Moc silnika: Loncin\/420 cm3 Falownik\/Avr: tak Zbiornik: 25 litr\u00f3w Po\u0142\u0105czenie r\u00f3wnoleg\u0142e: tak Ca\u0142kowita masa maszyny: 130 kg Cichy: tak Rozdzielnica (gniazda): 2 przem. (16A) + 1 przem. (32A) + usb Ha\u0142as: 70 dB Wymiary: 950 x 765 x 773 mm Paliwo: benzyna bezo\u0142owiowa [\/vc_column_text][\/vc_column][\/vc_row]<\/p>\n","protected":false},"author":29,"featured_media":37333,"parent":38577,"menu_order":4,"comment_status":"closed","ping_status":"closed","template":"","meta":{"ngg_post_thumbnail":0,"_joinchat":[],"footnotes":""},"class_list":["post-37629","page","type-page","status-publish","has-post-thumbnail","hentry"],"yoast_head":"<!-- This site is optimized with the Yoast SEO plugin v25.5 - https:\/\/yoast.com\/wordpress\/plugins\/seo\/ -->\n<title>Genemax 7000 IS - Maxima SpA<\/title>\n<meta name=\"description\" content=\"Wyj\u0105tkowa wydajno\u015b\u0107 generatora dla zaawansowanych urz\u0105dze\u0144 wra\u017cliwych technologii falownik\u00f3w moc 6 kW silnik benzynowy 4 suw\" \/>\n<meta name=\"robots\" content=\"index, follow, max-snippet:-1, max-image-preview:large, max-video-preview:-1\" \/>\n<link rel=\"canonical\" href=\"https:\/\/www.maxima-dia.com\/pl\/generatory-pradu-zespoly-pradotworcze\/genemax-7000-is\/\" \/>\n<meta property=\"og:locale\" content=\"pl_PL\" \/>\n<meta property=\"og:type\" content=\"article\" \/>\n<meta property=\"og:title\" content=\"Genemax 7000 IS - Maxima SpA\" \/>\n<meta property=\"og:description\" content=\"Wyj\u0105tkowa wydajno\u015b\u0107 generatora dla zaawansowanych urz\u0105dze\u0144 wra\u017cliwych technologii falownik\u00f3w moc 6 kW silnik benzynowy 4 suw\" \/>\n<meta property=\"og:url\" content=\"https:\/\/www.maxima-dia.com\/pl\/generatory-pradu-zespoly-pradotworcze\/genemax-7000-is\/\" \/>\n<meta property=\"og:site_name\" content=\"Maxima SpA\" \/>\n<meta property=\"article:publisher\" content=\"https:\/\/www.facebook.com\/Maxima-spa-106098566139597\" \/>\n<meta property=\"article:modified_time\" content=\"2023-02-17T11:14:28+00:00\" \/>\n<meta property=\"og:image\" content=\"https:\/\/www.maxima-dia.com\/wp-content\/uploads\/2023\/02\/GENEMAX-7000is-12-10-2022-bis.jpg\" \/>\n\t<meta property=\"og:image:width\" content=\"1200\" \/>\n\t<meta property=\"og:image:height\" content=\"1200\" \/>\n\t<meta property=\"og:image:type\" content=\"image\/jpeg\" \/>\n<meta name=\"twitter:card\" content=\"summary_large_image\" \/>\n<meta name=\"twitter:site\" content=\"@Maximadia\" \/>\n<meta name=\"twitter:label1\" content=\"Szacowany czas czytania\" \/>\n\t<meta name=\"twitter:data1\" content=\"3 minuty\" \/>\n<script type=\"application\/ld+json\" class=\"yoast-schema-graph\">{\"@context\":\"https:\/\/schema.org\",\"@graph\":[{\"@type\":\"WebPage\",\"@id\":\"https:\/\/www.maxima-dia.com\/pl\/generatory-pradu-zespoly-pradotworcze\/genemax-7000-is\/\",\"url\":\"https:\/\/www.maxima-dia.com\/pl\/generatory-pradu-zespoly-pradotworcze\/genemax-7000-is\/\",\"name\":\"Genemax 7000 IS - Maxima SpA\",\"isPartOf\":{\"@id\":\"https:\/\/www.maxima-dia.com\/pl\/#website\"},\"primaryImageOfPage\":{\"@id\":\"https:\/\/www.maxima-dia.com\/pl\/generatory-pradu-zespoly-pradotworcze\/genemax-7000-is\/#primaryimage\"},\"image\":{\"@id\":\"https:\/\/www.maxima-dia.com\/pl\/generatory-pradu-zespoly-pradotworcze\/genemax-7000-is\/#primaryimage\"},\"thumbnailUrl\":\"https:\/\/www.maxima-dia.com\/wp-content\/uploads\/2023\/02\/GENEMAX-7000is-12-10-2022-bis.jpg\",\"datePublished\":\"2023-02-17T11:13:41+00:00\",\"dateModified\":\"2023-02-17T11:14:28+00:00\",\"description\":\"Wyj\u0105tkowa wydajno\u015b\u0107 generatora dla zaawansowanych urz\u0105dze\u0144 wra\u017cliwych technologii falownik\u00f3w moc 6 kW silnik benzynowy 4 suw\",\"breadcrumb\":{\"@id\":\"https:\/\/www.maxima-dia.com\/pl\/generatory-pradu-zespoly-pradotworcze\/genemax-7000-is\/#breadcrumb\"},\"inLanguage\":\"pl-PL\",\"potentialAction\":[{\"@type\":\"ReadAction\",\"target\":[\"https:\/\/www.maxima-dia.com\/pl\/generatory-pradu-zespoly-pradotworcze\/genemax-7000-is\/\"]}]},{\"@type\":\"ImageObject\",\"inLanguage\":\"pl-PL\",\"@id\":\"https:\/\/www.maxima-dia.com\/pl\/generatory-pradu-zespoly-pradotworcze\/genemax-7000-is\/#primaryimage\",\"url\":\"https:\/\/www.maxima-dia.com\/wp-content\/uploads\/2023\/02\/GENEMAX-7000is-12-10-2022-bis.jpg\",\"contentUrl\":\"https:\/\/www.maxima-dia.com\/wp-content\/uploads\/2023\/02\/GENEMAX-7000is-12-10-2022-bis.jpg\",\"width\":1200,\"height\":1200,\"caption\":\"GENEMAX 7000IS\"},{\"@type\":\"BreadcrumbList\",\"@id\":\"https:\/\/www.maxima-dia.com\/pl\/generatory-pradu-zespoly-pradotworcze\/genemax-7000-is\/#breadcrumb\",\"itemListElement\":[{\"@type\":\"ListItem\",\"position\":1,\"name\":\"Home\",\"item\":\"https:\/\/www.maxima-dia.com\/pl\/\"},{\"@type\":\"ListItem\",\"position\":2,\"name\":\"Generatory pr\u0105du Zespo\u0142y pr\u0105dotw\u00f3rcze\",\"item\":\"https:\/\/www.maxima-dia.com\/pl\/generatory-pradu-zespoly-pradotworcze\/\"},{\"@type\":\"ListItem\",\"position\":3,\"name\":\"Genemax 7000 IS\"}]},{\"@type\":\"WebSite\",\"@id\":\"https:\/\/www.maxima-dia.com\/pl\/#website\",\"url\":\"https:\/\/www.maxima-dia.com\/pl\/\",\"name\":\"Maxima SpA\",\"description\":\"Only for the real professionals\",\"potentialAction\":[{\"@type\":\"SearchAction\",\"target\":{\"@type\":\"EntryPoint\",\"urlTemplate\":\"https:\/\/www.maxima-dia.com\/pl\/?s={search_term_string}\"},\"query-input\":{\"@type\":\"PropertyValueSpecification\",\"valueRequired\":true,\"valueName\":\"search_term_string\"}}],\"inLanguage\":\"pl-PL\"}]}<\/script>\n<!-- \/ Yoast SEO plugin. -->","yoast_head_json":{"title":"Genemax 7000 IS - Maxima SpA","description":"Wyj\u0105tkowa wydajno\u015b\u0107 generatora dla zaawansowanych urz\u0105dze\u0144 wra\u017cliwych technologii falownik\u00f3w moc 6 kW silnik benzynowy 4 suw","robots":{"index":"index","follow":"follow","max-snippet":"max-snippet:-1","max-image-preview":"max-image-preview:large","max-video-preview":"max-video-preview:-1"},"canonical":"https:\/\/www.maxima-dia.com\/pl\/generatory-pradu-zespoly-pradotworcze\/genemax-7000-is\/","og_locale":"pl_PL","og_type":"article","og_title":"Genemax 7000 IS - Maxima SpA","og_description":"Wyj\u0105tkowa wydajno\u015b\u0107 generatora dla zaawansowanych urz\u0105dze\u0144 wra\u017cliwych technologii falownik\u00f3w moc 6 kW silnik benzynowy 4 suw","og_url":"https:\/\/www.maxima-dia.com\/pl\/generatory-pradu-zespoly-pradotworcze\/genemax-7000-is\/","og_site_name":"Maxima SpA","article_publisher":"https:\/\/www.facebook.com\/Maxima-spa-106098566139597","article_modified_time":"2023-02-17T11:14:28+00:00","og_image":[{"width":1200,"height":1200,"url":"https:\/\/www.maxima-dia.com\/wp-content\/uploads\/2023\/02\/GENEMAX-7000is-12-10-2022-bis.jpg","type":"image\/jpeg"}],"twitter_card":"summary_large_image","twitter_site":"@Maximadia","twitter_misc":{"Szacowany czas czytania":"3 minuty"},"schema":{"@context":"https:\/\/schema.org","@graph":[{"@type":"WebPage","@id":"https:\/\/www.maxima-dia.com\/pl\/generatory-pradu-zespoly-pradotworcze\/genemax-7000-is\/","url":"https:\/\/www.maxima-dia.com\/pl\/generatory-pradu-zespoly-pradotworcze\/genemax-7000-is\/","name":"Genemax 7000 IS - Maxima SpA","isPartOf":{"@id":"https:\/\/www.maxima-dia.com\/pl\/#website"},"primaryImageOfPage":{"@id":"https:\/\/www.maxima-dia.com\/pl\/generatory-pradu-zespoly-pradotworcze\/genemax-7000-is\/#primaryimage"},"image":{"@id":"https:\/\/www.maxima-dia.com\/pl\/generatory-pradu-zespoly-pradotworcze\/genemax-7000-is\/#primaryimage"},"thumbnailUrl":"https:\/\/www.maxima-dia.com\/wp-content\/uploads\/2023\/02\/GENEMAX-7000is-12-10-2022-bis.jpg","datePublished":"2023-02-17T11:13:41+00:00","dateModified":"2023-02-17T11:14:28+00:00","description":"Wyj\u0105tkowa wydajno\u015b\u0107 generatora dla zaawansowanych urz\u0105dze\u0144 wra\u017cliwych technologii falownik\u00f3w moc 6 kW silnik benzynowy 4 suw","breadcrumb":{"@id":"https:\/\/www.maxima-dia.com\/pl\/generatory-pradu-zespoly-pradotworcze\/genemax-7000-is\/#breadcrumb"},"inLanguage":"pl-PL","potentialAction":[{"@type":"ReadAction","target":["https:\/\/www.maxima-dia.com\/pl\/generatory-pradu-zespoly-pradotworcze\/genemax-7000-is\/"]}]},{"@type":"ImageObject","inLanguage":"pl-PL","@id":"https:\/\/www.maxima-dia.com\/pl\/generatory-pradu-zespoly-pradotworcze\/genemax-7000-is\/#primaryimage","url":"https:\/\/www.maxima-dia.com\/wp-content\/uploads\/2023\/02\/GENEMAX-7000is-12-10-2022-bis.jpg","contentUrl":"https:\/\/www.maxima-dia.com\/wp-content\/uploads\/2023\/02\/GENEMAX-7000is-12-10-2022-bis.jpg","width":1200,"height":1200,"caption":"GENEMAX 7000IS"},{"@type":"BreadcrumbList","@id":"https:\/\/www.maxima-dia.com\/pl\/generatory-pradu-zespoly-pradotworcze\/genemax-7000-is\/#breadcrumb","itemListElement":[{"@type":"ListItem","position":1,"name":"Home","item":"https:\/\/www.maxima-dia.com\/pl\/"},{"@type":"ListItem","position":2,"name":"Generatory pr\u0105du Zespo\u0142y pr\u0105dotw\u00f3rcze","item":"https:\/\/www.maxima-dia.com\/pl\/generatory-pradu-zespoly-pradotworcze\/"},{"@type":"ListItem","position":3,"name":"Genemax 7000 IS"}]},{"@type":"WebSite","@id":"https:\/\/www.maxima-dia.com\/pl\/#website","url":"https:\/\/www.maxima-dia.com\/pl\/","name":"Maxima SpA","description":"Only for the real professionals","potentialAction":[{"@type":"SearchAction","target":{"@type":"EntryPoint","urlTemplate":"https:\/\/www.maxima-dia.com\/pl\/?s={search_term_string}"},"query-input":{"@type":"PropertyValueSpecification","valueRequired":true,"valueName":"search_term_string"}}],"inLanguage":"pl-PL"}]}},"_links":{"self":[{"href":"https:\/\/www.maxima-dia.com\/pl\/wp-json\/wp\/v2\/pages\/37629"}],"collection":[{"href":"https:\/\/www.maxima-dia.com\/pl\/wp-json\/wp\/v2\/pages"}],"about":[{"href":"https:\/\/www.maxima-dia.com\/pl\/wp-json\/wp\/v2\/types\/page"}],"author":[{"embeddable":true,"href":"https:\/\/www.maxima-dia.com\/pl\/wp-json\/wp\/v2\/users\/29"}],"replies":[{"embeddable":true,"href":"https:\/\/www.maxima-dia.com\/pl\/wp-json\/wp\/v2\/comments?post=37629"}],"version-history":[{"count":2,"href":"https:\/\/www.maxima-dia.com\/pl\/wp-json\/wp\/v2\/pages\/37629\/revisions"}],"predecessor-version":[{"id":38586,"href":"https:\/\/www.maxima-dia.com\/pl\/wp-json\/wp\/v2\/pages\/37629\/revisions\/38586"}],"up":[{"embeddable":true,"href":"https:\/\/www.maxima-dia.com\/pl\/wp-json\/wp\/v2\/pages\/38577"}],"wp:featuredmedia":[{"embeddable":true,"href":"https:\/\/www.maxima-dia.com\/pl\/wp-json\/wp\/v2\/media\/37333"}],"wp:attachment":[{"href":"https:\/\/www.maxima-dia.com\/pl\/wp-json\/wp\/v2\/media?parent=37629"}],"curies":[{"name":"wp","href":"https:\/\/api.w.org\/{rel}","templated":true}]}}