{"id":37636,"date":"2023-02-17T12:10:19","date_gmt":"2023-02-17T11:10:19","guid":{"rendered":"https:\/\/www.maxima-dia.com\/?page_id=37636"},"modified":"2023-02-17T12:11:26","modified_gmt":"2023-02-17T11:11:26","slug":"genemax-3500-is","status":"publish","type":"page","link":"https:\/\/www.maxima-dia.com\/pl\/generatory-pradu-zespoly-pradotworcze\/genemax-3500-is\/","title":{"rendered":"Genemax 3500 IS"},"content":{"rendered":"<div class=\"wpb-content-wrapper\"><p>[vc_row][vc_column text_align=&#8221;center&#8221; width=&#8221;1\/4&#8243;][vc_column_text]<a href=\"https:\/\/www.maxima-dia.com\/wp-content\/uploads\/2023\/02\/GENEMAX-3500is-12-10-2022.jpg\"><img loading=\"lazy\" decoding=\"async\" class=\"alignnone wp-image-37311 size-thumbnail\" src=\"https:\/\/www.maxima-dia.com\/wp-content\/uploads\/2023\/02\/GENEMAX-3500is-12-10-2022-150x150.jpg\" alt=\"\" width=\"150\" height=\"150\" srcset=\"https:\/\/www.maxima-dia.com\/wp-content\/uploads\/2023\/02\/GENEMAX-3500is-12-10-2022-150x150.jpg 150w, https:\/\/www.maxima-dia.com\/wp-content\/uploads\/2023\/02\/GENEMAX-3500is-12-10-2022-300x300.jpg 300w, https:\/\/www.maxima-dia.com\/wp-content\/uploads\/2023\/02\/GENEMAX-3500is-12-10-2022-1024x1024.jpg 1024w, https:\/\/www.maxima-dia.com\/wp-content\/uploads\/2023\/02\/GENEMAX-3500is-12-10-2022-768x768.jpg 768w, https:\/\/www.maxima-dia.com\/wp-content\/uploads\/2023\/02\/GENEMAX-3500is-12-10-2022-80x80.jpg 80w, https:\/\/www.maxima-dia.com\/wp-content\/uploads\/2023\/02\/GENEMAX-3500is-12-10-2022-500x500.jpg 500w, https:\/\/www.maxima-dia.com\/wp-content\/uploads\/2023\/02\/GENEMAX-3500is-12-10-2022-1000x1000.jpg 1000w, https:\/\/www.maxima-dia.com\/wp-content\/uploads\/2023\/02\/GENEMAX-3500is-12-10-2022.jpg 1200w\" sizes=\"(max-width: 150px) 100vw, 150px\" \/><\/a><\/p>\n<p>Certyfikat WE[\/vc_column_text][\/vc_column][vc_column width=&#8221;3\/4&#8243;][vc_column_text]<strong>GENEMAX 3500 IS<\/strong>, dzi\u0119ki systemowi steruj\u0105cemu obrotami silnika w zale\u017cno\u015bci od rzeczywi\u015bcie wykorzystywanej mocy, a tym samym absorpcji, pozwala na oszcz\u0119dno\u015b\u0107 benzyny na poziomie 30% w por\u00f3wnaniu do klasycznych generator\u00f3w. Ca\u0142kowicie wyciszony i wyposa\u017cony w w\u00f3zek u\u0142atwiaj\u0105cy jego transport, jest w stanie wydoby\u0107 maksymaln\u0105 moc 3,3 kW i posiada jednocylindrowy 4-suwowy silnik benzynowy o pojemno\u015bci 212 cm3. Dzi\u0119ki technologii inwerterowej wytwarza pr\u0105d o sta\u0142ej cz\u0119stotliwo\u015bci i napi\u0119ciu, dzi\u0119ki czemu idealnie nadaje si\u0119 do nawet skomplikowanych urz\u0105dze\u0144 elektronicznych. Jest kompaktowy i wa\u017cy tylko 45 kg, z zabezpieczeniem przed przeci\u0105\u017ceniem zar\u00f3wno dla pr\u0105du przemiennego, jak i sta\u0142ego oraz wy\u015bwietlaczem z lamp\u0105 kontroln\u0105 i wska\u017anikiem zasilania.<\/p>\n<table class=\"tabellafotocarotaggio\" style=\"width: 100.06%;\">\n<tbody>\n<tr>\n<td style=\"text-align: center; width: 25%;\"><a href=\"https:\/\/www.maxima-dia.com\/wp-content\/uploads\/2023\/02\/GENEMAX-3500is-12-10-2022-fronte.jpg\"><img loading=\"lazy\" decoding=\"async\" class=\"alignnone wp-image-37299 size-thumbnail\" src=\"https:\/\/www.maxima-dia.com\/wp-content\/uploads\/2023\/02\/GENEMAX-3500is-12-10-2022-fronte-150x150.jpg\" alt=\"\" width=\"150\" height=\"150\" srcset=\"https:\/\/www.maxima-dia.com\/wp-content\/uploads\/2023\/02\/GENEMAX-3500is-12-10-2022-fronte-150x150.jpg 150w, https:\/\/www.maxima-dia.com\/wp-content\/uploads\/2023\/02\/GENEMAX-3500is-12-10-2022-fronte-300x300.jpg 300w, https:\/\/www.maxima-dia.com\/wp-content\/uploads\/2023\/02\/GENEMAX-3500is-12-10-2022-fronte-1024x1024.jpg 1024w, https:\/\/www.maxima-dia.com\/wp-content\/uploads\/2023\/02\/GENEMAX-3500is-12-10-2022-fronte-768x768.jpg 768w, https:\/\/www.maxima-dia.com\/wp-content\/uploads\/2023\/02\/GENEMAX-3500is-12-10-2022-fronte-80x80.jpg 80w, https:\/\/www.maxima-dia.com\/wp-content\/uploads\/2023\/02\/GENEMAX-3500is-12-10-2022-fronte-500x500.jpg 500w, https:\/\/www.maxima-dia.com\/wp-content\/uploads\/2023\/02\/GENEMAX-3500is-12-10-2022-fronte-1000x1000.jpg 1000w, https:\/\/www.maxima-dia.com\/wp-content\/uploads\/2023\/02\/GENEMAX-3500is-12-10-2022-fronte.jpg 1200w\" sizes=\"(max-width: 150px) 100vw, 150px\" \/><\/a>&nbsp;<\/td>\n<td style=\"text-align: center; width: 25%;\"><a href=\"https:\/\/www.maxima-dia.com\/wp-content\/uploads\/2023\/02\/GENEMAX-3500IS-BATTERIA-14-11-2022.jpg\"><img loading=\"lazy\" decoding=\"async\" class=\"alignnone wp-image-37317 size-thumbnail\" src=\"https:\/\/www.maxima-dia.com\/wp-content\/uploads\/2023\/02\/GENEMAX-3500IS-BATTERIA-14-11-2022-150x150.jpg\" alt=\"\" width=\"150\" height=\"150\" srcset=\"https:\/\/www.maxima-dia.com\/wp-content\/uploads\/2023\/02\/GENEMAX-3500IS-BATTERIA-14-11-2022-150x150.jpg 150w, https:\/\/www.maxima-dia.com\/wp-content\/uploads\/2023\/02\/GENEMAX-3500IS-BATTERIA-14-11-2022-300x300.jpg 300w, https:\/\/www.maxima-dia.com\/wp-content\/uploads\/2023\/02\/GENEMAX-3500IS-BATTERIA-14-11-2022-1024x1024.jpg 1024w, https:\/\/www.maxima-dia.com\/wp-content\/uploads\/2023\/02\/GENEMAX-3500IS-BATTERIA-14-11-2022-768x768.jpg 768w, https:\/\/www.maxima-dia.com\/wp-content\/uploads\/2023\/02\/GENEMAX-3500IS-BATTERIA-14-11-2022-80x80.jpg 80w, https:\/\/www.maxima-dia.com\/wp-content\/uploads\/2023\/02\/GENEMAX-3500IS-BATTERIA-14-11-2022-500x500.jpg 500w, https:\/\/www.maxima-dia.com\/wp-content\/uploads\/2023\/02\/GENEMAX-3500IS-BATTERIA-14-11-2022-1000x1000.jpg 1000w, https:\/\/www.maxima-dia.com\/wp-content\/uploads\/2023\/02\/GENEMAX-3500IS-BATTERIA-14-11-2022.jpg 1200w\" sizes=\"(max-width: 150px) 100vw, 150px\" \/><\/a><\/td>\n<td style=\"text-align: center; width: 25%;\"><a href=\"https:\/\/www.maxima-dia.com\/wp-content\/uploads\/2023\/02\/GENEMAX-3500IS-COPERCHIO-OLIO-25-11-2022.jpg\"><img loading=\"lazy\" decoding=\"async\" class=\"alignnone wp-image-37323 size-thumbnail\" src=\"https:\/\/www.maxima-dia.com\/wp-content\/uploads\/2023\/02\/GENEMAX-3500IS-COPERCHIO-OLIO-25-11-2022-150x150.jpg\" alt=\"\" width=\"150\" height=\"150\" srcset=\"https:\/\/www.maxima-dia.com\/wp-content\/uploads\/2023\/02\/GENEMAX-3500IS-COPERCHIO-OLIO-25-11-2022-150x150.jpg 150w, https:\/\/www.maxima-dia.com\/wp-content\/uploads\/2023\/02\/GENEMAX-3500IS-COPERCHIO-OLIO-25-11-2022-300x300.jpg 300w, https:\/\/www.maxima-dia.com\/wp-content\/uploads\/2023\/02\/GENEMAX-3500IS-COPERCHIO-OLIO-25-11-2022-1024x1024.jpg 1024w, https:\/\/www.maxima-dia.com\/wp-content\/uploads\/2023\/02\/GENEMAX-3500IS-COPERCHIO-OLIO-25-11-2022-768x768.jpg 768w, https:\/\/www.maxima-dia.com\/wp-content\/uploads\/2023\/02\/GENEMAX-3500IS-COPERCHIO-OLIO-25-11-2022-80x80.jpg 80w, https:\/\/www.maxima-dia.com\/wp-content\/uploads\/2023\/02\/GENEMAX-3500IS-COPERCHIO-OLIO-25-11-2022-500x500.jpg 500w, https:\/\/www.maxima-dia.com\/wp-content\/uploads\/2023\/02\/GENEMAX-3500IS-COPERCHIO-OLIO-25-11-2022-1000x1000.jpg 1000w, https:\/\/www.maxima-dia.com\/wp-content\/uploads\/2023\/02\/GENEMAX-3500IS-COPERCHIO-OLIO-25-11-2022.jpg 1200w\" sizes=\"(max-width: 150px) 100vw, 150px\" \/><\/a>&nbsp;&nbsp;<\/td>\n<td style=\"text-align: center; width: 25%;\"><a href=\"https:\/\/www.maxima-dia.com\/wp-content\/uploads\/2023\/02\/GENEMAX-3500is-12-10-2022-lato-A.jpg\"><img loading=\"lazy\" decoding=\"async\" class=\"alignnone wp-image-37305 size-thumbnail\" src=\"https:\/\/www.maxima-dia.com\/wp-content\/uploads\/2023\/02\/GENEMAX-3500is-12-10-2022-lato-A-150x150.jpg\" alt=\"\" width=\"150\" height=\"150\" srcset=\"https:\/\/www.maxima-dia.com\/wp-content\/uploads\/2023\/02\/GENEMAX-3500is-12-10-2022-lato-A-150x150.jpg 150w, https:\/\/www.maxima-dia.com\/wp-content\/uploads\/2023\/02\/GENEMAX-3500is-12-10-2022-lato-A-300x300.jpg 300w, https:\/\/www.maxima-dia.com\/wp-content\/uploads\/2023\/02\/GENEMAX-3500is-12-10-2022-lato-A-1024x1024.jpg 1024w, https:\/\/www.maxima-dia.com\/wp-content\/uploads\/2023\/02\/GENEMAX-3500is-12-10-2022-lato-A-768x768.jpg 768w, https:\/\/www.maxima-dia.com\/wp-content\/uploads\/2023\/02\/GENEMAX-3500is-12-10-2022-lato-A-80x80.jpg 80w, https:\/\/www.maxima-dia.com\/wp-content\/uploads\/2023\/02\/GENEMAX-3500is-12-10-2022-lato-A-500x500.jpg 500w, https:\/\/www.maxima-dia.com\/wp-content\/uploads\/2023\/02\/GENEMAX-3500is-12-10-2022-lato-A-1000x1000.jpg 1000w, https:\/\/www.maxima-dia.com\/wp-content\/uploads\/2023\/02\/GENEMAX-3500is-12-10-2022-lato-A.jpg 1200w\" sizes=\"(max-width: 150px) 100vw, 150px\" \/><\/a><\/td>\n<\/tr>\n<\/tbody>\n<\/table>\n<p>&nbsp;<\/p>\n<table class=\"tabellatecnica\" style=\"width: 100%; height: 144px;\" border=\"0\" cellspacing=\"0\" cellpadding=\"0\">\n<thead>\n<tr style=\"height: 24px;\">\n<td class=\"testata\" style=\"width: 100%; height: 24px;\" colspan=\"2\">W\u0141A\u015aCIWO\u015aCI TECHNICZNE<\/td>\n<\/tr>\n<\/thead>\n<tbody>\n<tr style=\"height: 24px;\">\n<td class=\"coltesto1\" style=\"width: 50%; height: 24px;\">Silnik (Maks.): 3,3 kW<\/td>\n<td class=\"coltesto2\" style=\"width: 50%; height: 24px;\">Uruchomienie: elektryczne + przerywane<\/td>\n<\/tr>\n<tr style=\"height: 24px;\">\n<td class=\"coltesto1\" style=\"width: 50%; height: 24px;\">Generowane (ci\u0105g\u0142e): 3 kW<\/td>\n<td class=\"coltesto2\" style=\"width: 50%; height: 24px;\">Jednofazowe: 230v<\/td>\n<\/tr>\n<tr style=\"height: 24px;\">\n<td class=\"coltesto1\" style=\"width: 50%; height: 24px;\">Silnik\/Moc silnika: Loncin\/212 cm<sup>3<\/sup><\/td>\n<td class=\"coltesto2\" style=\"width: 50%; height: 24px;\">Falownik\/Avr: tak<\/td>\n<\/tr>\n<tr style=\"height: 24px;\">\n<td class=\"coltesto2\" style=\"width: 50%; height: 24px;\">Zbiornik: 10 litr\u00f3w<\/td>\n<td class=\"coltesto2\" style=\"width: 50%; height: 24px;\">Po\u0142\u0105czenie r\u00f3wnoleg\u0142e: tak<\/td>\n<\/tr>\n<tr style=\"height: 24px;\">\n<td class=\"coltesto2\" style=\"width: 50%; height: 24px;\">Ca\u0142kowita masa maszyny: 45 kg<\/td>\n<td class=\"coltesto2\" style=\"width: 50%; height: 24px;\">Cichy: tak<\/td>\n<\/tr>\n<tr style=\"height: 24px;\">\n<td class=\"coltesto2\" style=\"width: 50%; height: 24px;\">Rozdzielnica (gniazda): 1 przem. (32A) + 1 schuko (16A) + usb<\/td>\n<td class=\"coltesto2\" style=\"width: 50%; height: 24px;\">Ha\u0142as: 65 dB<\/td>\n<\/tr>\n<tr style=\"height: 24px;\">\n<td class=\"coltesto2\" style=\"width: 50%; height: 24px;\">Wymiary: 678 x 440 x 510 mm<\/td>\n<td class=\"coltesto2\" style=\"width: 50%; height: 24px;\">Paliwo: benzyna bezo\u0142owiowa\/Zestaw k\u00f3\u0142: 4 ko\u0142a<\/td>\n<\/tr>\n<\/tbody>\n<\/table>\n<p>[\/vc_column_text][\/vc_column][\/vc_row]<\/p>\n<\/div>","protected":false},"excerpt":{"rendered":"<p>[vc_row][vc_column text_align=&#8221;center&#8221; width=&#8221;1\/4&#8243;][vc_column_text] Certyfikat WE[\/vc_column_text][\/vc_column][vc_column width=&#8221;3\/4&#8243;][vc_column_text]GENEMAX 3500 IS, dzi\u0119ki systemowi steruj\u0105cemu obrotami silnika w zale\u017cno\u015bci od rzeczywi\u015bcie wykorzystywanej mocy, a tym samym absorpcji, pozwala na oszcz\u0119dno\u015b\u0107 benzyny na poziomie 30% w por\u00f3wnaniu do klasycznych generator\u00f3w. Ca\u0142kowicie wyciszony i wyposa\u017cony w w\u00f3zek u\u0142atwiaj\u0105cy jego transport, jest w stanie wydoby\u0107 maksymaln\u0105 moc 3,3 kW i posiada jednocylindrowy 4-suwowy silnik benzynowy o pojemno\u015bci 212 cm3. Dzi\u0119ki technologii inwerterowej wytwarza pr\u0105d o sta\u0142ej cz\u0119stotliwo\u015bci i napi\u0119ciu, dzi\u0119ki czemu idealnie nadaje si\u0119 do nawet skomplikowanych urz\u0105dze\u0144 elektronicznych. Jest kompaktowy i wa\u017cy tylko 45 kg, z zabezpieczeniem przed przeci\u0105\u017ceniem zar\u00f3wno dla pr\u0105du przemiennego, jak i sta\u0142ego oraz wy\u015bwietlaczem z lamp\u0105 kontroln\u0105 i wska\u017anikiem zasilania. &nbsp; &nbsp;&nbsp; &nbsp; W\u0141A\u015aCIWO\u015aCI TECHNICZNE Silnik (Maks.): 3,3 kW Uruchomienie: elektryczne + przerywane Generowane (ci\u0105g\u0142e): 3 kW Jednofazowe: 230v Silnik\/Moc silnika: Loncin\/212 cm3 Falownik\/Avr: tak Zbiornik: 10 litr\u00f3w Po\u0142\u0105czenie r\u00f3wnoleg\u0142e: tak Ca\u0142kowita masa maszyny: 45 kg Cichy: tak Rozdzielnica (gniazda): 1 przem. (32A) + 1 schuko (16A) + usb Ha\u0142as: 65 dB Wymiary: 678 x 440 x 510 mm Paliwo: benzyna bezo\u0142owiowa\/Zestaw k\u00f3\u0142: 4 ko\u0142a [\/vc_column_text][\/vc_column][\/vc_row]<\/p>\n","protected":false},"author":29,"featured_media":37315,"parent":38577,"menu_order":2,"comment_status":"closed","ping_status":"closed","template":"","meta":{"ngg_post_thumbnail":0,"_joinchat":[],"footnotes":""},"class_list":["post-37636","page","type-page","status-publish","has-post-thumbnail","hentry"],"yoast_head":"<!-- This site is optimized with the Yoast SEO plugin v25.5 - https:\/\/yoast.com\/wordpress\/plugins\/seo\/ -->\n<title>Genemax 3500 IS - Maxima SpA<\/title>\n<meta name=\"description\" content=\"Kompaktowy generator idealny do urz\u0105dze\u0144 gospodarstwa domowego Wyrafinowana technologia falownika moc 3,3 kW silnik benzynowy 4 suw\" \/>\n<meta name=\"robots\" content=\"index, follow, max-snippet:-1, max-image-preview:large, max-video-preview:-1\" \/>\n<link rel=\"canonical\" href=\"https:\/\/www.maxima-dia.com\/pl\/generatory-pradu-zespoly-pradotworcze\/genemax-3500-is\/\" \/>\n<meta property=\"og:locale\" content=\"pl_PL\" \/>\n<meta property=\"og:type\" content=\"article\" \/>\n<meta property=\"og:title\" content=\"Genemax 3500 IS - Maxima SpA\" \/>\n<meta property=\"og:description\" content=\"Kompaktowy generator idealny do urz\u0105dze\u0144 gospodarstwa domowego Wyrafinowana technologia falownika moc 3,3 kW silnik benzynowy 4 suw\" \/>\n<meta property=\"og:url\" content=\"https:\/\/www.maxima-dia.com\/pl\/generatory-pradu-zespoly-pradotworcze\/genemax-3500-is\/\" \/>\n<meta property=\"og:site_name\" content=\"Maxima SpA\" \/>\n<meta property=\"article:publisher\" content=\"https:\/\/www.facebook.com\/Maxima-spa-106098566139597\" \/>\n<meta property=\"article:modified_time\" content=\"2023-02-17T11:11:26+00:00\" \/>\n<meta property=\"og:image\" content=\"https:\/\/www.maxima-dia.com\/wp-content\/uploads\/2023\/02\/GENEMAX-3500is-12-10-2022.jpg\" \/>\n\t<meta property=\"og:image:width\" content=\"1200\" \/>\n\t<meta property=\"og:image:height\" content=\"1200\" \/>\n\t<meta property=\"og:image:type\" content=\"image\/jpeg\" \/>\n<meta name=\"twitter:card\" content=\"summary_large_image\" \/>\n<meta name=\"twitter:site\" content=\"@Maximadia\" \/>\n<meta name=\"twitter:label1\" content=\"Szacowany czas czytania\" \/>\n\t<meta name=\"twitter:data1\" content=\"3 minuty\" \/>\n<script type=\"application\/ld+json\" class=\"yoast-schema-graph\">{\"@context\":\"https:\/\/schema.org\",\"@graph\":[{\"@type\":\"WebPage\",\"@id\":\"https:\/\/www.maxima-dia.com\/pl\/generatory-pradu-zespoly-pradotworcze\/genemax-3500-is\/\",\"url\":\"https:\/\/www.maxima-dia.com\/pl\/generatory-pradu-zespoly-pradotworcze\/genemax-3500-is\/\",\"name\":\"Genemax 3500 IS - Maxima SpA\",\"isPartOf\":{\"@id\":\"https:\/\/www.maxima-dia.com\/pl\/#website\"},\"primaryImageOfPage\":{\"@id\":\"https:\/\/www.maxima-dia.com\/pl\/generatory-pradu-zespoly-pradotworcze\/genemax-3500-is\/#primaryimage\"},\"image\":{\"@id\":\"https:\/\/www.maxima-dia.com\/pl\/generatory-pradu-zespoly-pradotworcze\/genemax-3500-is\/#primaryimage\"},\"thumbnailUrl\":\"https:\/\/www.maxima-dia.com\/wp-content\/uploads\/2023\/02\/GENEMAX-3500is-12-10-2022.jpg\",\"datePublished\":\"2023-02-17T11:10:19+00:00\",\"dateModified\":\"2023-02-17T11:11:26+00:00\",\"description\":\"Kompaktowy generator idealny do urz\u0105dze\u0144 gospodarstwa domowego Wyrafinowana technologia falownika moc 3,3 kW silnik benzynowy 4 suw\",\"breadcrumb\":{\"@id\":\"https:\/\/www.maxima-dia.com\/pl\/generatory-pradu-zespoly-pradotworcze\/genemax-3500-is\/#breadcrumb\"},\"inLanguage\":\"pl-PL\",\"potentialAction\":[{\"@type\":\"ReadAction\",\"target\":[\"https:\/\/www.maxima-dia.com\/pl\/generatory-pradu-zespoly-pradotworcze\/genemax-3500-is\/\"]}]},{\"@type\":\"ImageObject\",\"inLanguage\":\"pl-PL\",\"@id\":\"https:\/\/www.maxima-dia.com\/pl\/generatory-pradu-zespoly-pradotworcze\/genemax-3500-is\/#primaryimage\",\"url\":\"https:\/\/www.maxima-dia.com\/wp-content\/uploads\/2023\/02\/GENEMAX-3500is-12-10-2022.jpg\",\"contentUrl\":\"https:\/\/www.maxima-dia.com\/wp-content\/uploads\/2023\/02\/GENEMAX-3500is-12-10-2022.jpg\",\"width\":1200,\"height\":1200,\"caption\":\"GENEMAX 3500IS\"},{\"@type\":\"BreadcrumbList\",\"@id\":\"https:\/\/www.maxima-dia.com\/pl\/generatory-pradu-zespoly-pradotworcze\/genemax-3500-is\/#breadcrumb\",\"itemListElement\":[{\"@type\":\"ListItem\",\"position\":1,\"name\":\"Home\",\"item\":\"https:\/\/www.maxima-dia.com\/pl\/\"},{\"@type\":\"ListItem\",\"position\":2,\"name\":\"Generatory pr\u0105du Zespo\u0142y pr\u0105dotw\u00f3rcze\",\"item\":\"https:\/\/www.maxima-dia.com\/pl\/generatory-pradu-zespoly-pradotworcze\/\"},{\"@type\":\"ListItem\",\"position\":3,\"name\":\"Genemax 3500 IS\"}]},{\"@type\":\"WebSite\",\"@id\":\"https:\/\/www.maxima-dia.com\/pl\/#website\",\"url\":\"https:\/\/www.maxima-dia.com\/pl\/\",\"name\":\"Maxima SpA\",\"description\":\"Only for the real professionals\",\"potentialAction\":[{\"@type\":\"SearchAction\",\"target\":{\"@type\":\"EntryPoint\",\"urlTemplate\":\"https:\/\/www.maxima-dia.com\/pl\/?s={search_term_string}\"},\"query-input\":{\"@type\":\"PropertyValueSpecification\",\"valueRequired\":true,\"valueName\":\"search_term_string\"}}],\"inLanguage\":\"pl-PL\"}]}<\/script>\n<!-- \/ Yoast SEO plugin. -->","yoast_head_json":{"title":"Genemax 3500 IS - Maxima SpA","description":"Kompaktowy generator idealny do urz\u0105dze\u0144 gospodarstwa domowego Wyrafinowana technologia falownika moc 3,3 kW silnik benzynowy 4 suw","robots":{"index":"index","follow":"follow","max-snippet":"max-snippet:-1","max-image-preview":"max-image-preview:large","max-video-preview":"max-video-preview:-1"},"canonical":"https:\/\/www.maxima-dia.com\/pl\/generatory-pradu-zespoly-pradotworcze\/genemax-3500-is\/","og_locale":"pl_PL","og_type":"article","og_title":"Genemax 3500 IS - Maxima SpA","og_description":"Kompaktowy generator idealny do urz\u0105dze\u0144 gospodarstwa domowego Wyrafinowana technologia falownika moc 3,3 kW silnik benzynowy 4 suw","og_url":"https:\/\/www.maxima-dia.com\/pl\/generatory-pradu-zespoly-pradotworcze\/genemax-3500-is\/","og_site_name":"Maxima SpA","article_publisher":"https:\/\/www.facebook.com\/Maxima-spa-106098566139597","article_modified_time":"2023-02-17T11:11:26+00:00","og_image":[{"width":1200,"height":1200,"url":"https:\/\/www.maxima-dia.com\/wp-content\/uploads\/2023\/02\/GENEMAX-3500is-12-10-2022.jpg","type":"image\/jpeg"}],"twitter_card":"summary_large_image","twitter_site":"@Maximadia","twitter_misc":{"Szacowany czas czytania":"3 minuty"},"schema":{"@context":"https:\/\/schema.org","@graph":[{"@type":"WebPage","@id":"https:\/\/www.maxima-dia.com\/pl\/generatory-pradu-zespoly-pradotworcze\/genemax-3500-is\/","url":"https:\/\/www.maxima-dia.com\/pl\/generatory-pradu-zespoly-pradotworcze\/genemax-3500-is\/","name":"Genemax 3500 IS - Maxima SpA","isPartOf":{"@id":"https:\/\/www.maxima-dia.com\/pl\/#website"},"primaryImageOfPage":{"@id":"https:\/\/www.maxima-dia.com\/pl\/generatory-pradu-zespoly-pradotworcze\/genemax-3500-is\/#primaryimage"},"image":{"@id":"https:\/\/www.maxima-dia.com\/pl\/generatory-pradu-zespoly-pradotworcze\/genemax-3500-is\/#primaryimage"},"thumbnailUrl":"https:\/\/www.maxima-dia.com\/wp-content\/uploads\/2023\/02\/GENEMAX-3500is-12-10-2022.jpg","datePublished":"2023-02-17T11:10:19+00:00","dateModified":"2023-02-17T11:11:26+00:00","description":"Kompaktowy generator idealny do urz\u0105dze\u0144 gospodarstwa domowego Wyrafinowana technologia falownika moc 3,3 kW silnik benzynowy 4 suw","breadcrumb":{"@id":"https:\/\/www.maxima-dia.com\/pl\/generatory-pradu-zespoly-pradotworcze\/genemax-3500-is\/#breadcrumb"},"inLanguage":"pl-PL","potentialAction":[{"@type":"ReadAction","target":["https:\/\/www.maxima-dia.com\/pl\/generatory-pradu-zespoly-pradotworcze\/genemax-3500-is\/"]}]},{"@type":"ImageObject","inLanguage":"pl-PL","@id":"https:\/\/www.maxima-dia.com\/pl\/generatory-pradu-zespoly-pradotworcze\/genemax-3500-is\/#primaryimage","url":"https:\/\/www.maxima-dia.com\/wp-content\/uploads\/2023\/02\/GENEMAX-3500is-12-10-2022.jpg","contentUrl":"https:\/\/www.maxima-dia.com\/wp-content\/uploads\/2023\/02\/GENEMAX-3500is-12-10-2022.jpg","width":1200,"height":1200,"caption":"GENEMAX 3500IS"},{"@type":"BreadcrumbList","@id":"https:\/\/www.maxima-dia.com\/pl\/generatory-pradu-zespoly-pradotworcze\/genemax-3500-is\/#breadcrumb","itemListElement":[{"@type":"ListItem","position":1,"name":"Home","item":"https:\/\/www.maxima-dia.com\/pl\/"},{"@type":"ListItem","position":2,"name":"Generatory pr\u0105du Zespo\u0142y pr\u0105dotw\u00f3rcze","item":"https:\/\/www.maxima-dia.com\/pl\/generatory-pradu-zespoly-pradotworcze\/"},{"@type":"ListItem","position":3,"name":"Genemax 3500 IS"}]},{"@type":"WebSite","@id":"https:\/\/www.maxima-dia.com\/pl\/#website","url":"https:\/\/www.maxima-dia.com\/pl\/","name":"Maxima SpA","description":"Only for the real professionals","potentialAction":[{"@type":"SearchAction","target":{"@type":"EntryPoint","urlTemplate":"https:\/\/www.maxima-dia.com\/pl\/?s={search_term_string}"},"query-input":{"@type":"PropertyValueSpecification","valueRequired":true,"valueName":"search_term_string"}}],"inLanguage":"pl-PL"}]}},"_links":{"self":[{"href":"https:\/\/www.maxima-dia.com\/pl\/wp-json\/wp\/v2\/pages\/37636"}],"collection":[{"href":"https:\/\/www.maxima-dia.com\/pl\/wp-json\/wp\/v2\/pages"}],"about":[{"href":"https:\/\/www.maxima-dia.com\/pl\/wp-json\/wp\/v2\/types\/page"}],"author":[{"embeddable":true,"href":"https:\/\/www.maxima-dia.com\/pl\/wp-json\/wp\/v2\/users\/29"}],"replies":[{"embeddable":true,"href":"https:\/\/www.maxima-dia.com\/pl\/wp-json\/wp\/v2\/comments?post=37636"}],"version-history":[{"count":2,"href":"https:\/\/www.maxima-dia.com\/pl\/wp-json\/wp\/v2\/pages\/37636\/revisions"}],"predecessor-version":[{"id":38585,"href":"https:\/\/www.maxima-dia.com\/pl\/wp-json\/wp\/v2\/pages\/37636\/revisions\/38585"}],"up":[{"embeddable":true,"href":"https:\/\/www.maxima-dia.com\/pl\/wp-json\/wp\/v2\/pages\/38577"}],"wp:featuredmedia":[{"embeddable":true,"href":"https:\/\/www.maxima-dia.com\/pl\/wp-json\/wp\/v2\/media\/37315"}],"wp:attachment":[{"href":"https:\/\/www.maxima-dia.com\/pl\/wp-json\/wp\/v2\/media?parent=37636"}],"curies":[{"name":"wp","href":"https:\/\/api.w.org\/{rel}","templated":true}]}}