{"id":37680,"date":"2023-02-21T09:24:53","date_gmt":"2023-02-21T08:24:53","guid":{"rendered":"https:\/\/www.maxima-dia.com\/?page_id=37680"},"modified":"2024-09-03T10:35:25","modified_gmt":"2024-09-03T08:35:25","slug":"caromax-2000-asp","status":"publish","type":"page","link":"https:\/\/www.maxima-dia.com\/pl\/wiertnice\/caromax-2000-asp\/","title":{"rendered":"Caromax 2000 ASP"},"content":{"rendered":"<div class=\"wpb-content-wrapper\"><p>[vc_row][vc_column text_align=&#8221;center&#8221; width=&#8221;1\/4&#8243;][vc_column_text]<a href=\"https:\/\/www.maxima-dia.com\/wp-content\/uploads\/2023\/02\/CAROMAX-2000-ASP.jpg\"><img loading=\"lazy\" decoding=\"async\" class=\"alignnone wp-image-37727 size-thumbnail\" src=\"https:\/\/www.maxima-dia.com\/wp-content\/uploads\/2023\/02\/CAROMAX-2000-ASP-150x150.jpg\" alt=\"\" width=\"150\" height=\"150\" srcset=\"https:\/\/www.maxima-dia.com\/wp-content\/uploads\/2023\/02\/CAROMAX-2000-ASP-150x150.jpg 150w, https:\/\/www.maxima-dia.com\/wp-content\/uploads\/2023\/02\/CAROMAX-2000-ASP-300x300.jpg 300w, https:\/\/www.maxima-dia.com\/wp-content\/uploads\/2023\/02\/CAROMAX-2000-ASP-1024x1024.jpg 1024w, https:\/\/www.maxima-dia.com\/wp-content\/uploads\/2023\/02\/CAROMAX-2000-ASP-768x768.jpg 768w, https:\/\/www.maxima-dia.com\/wp-content\/uploads\/2023\/02\/CAROMAX-2000-ASP-80x80.jpg 80w, https:\/\/www.maxima-dia.com\/wp-content\/uploads\/2023\/02\/CAROMAX-2000-ASP-500x500.jpg 500w, https:\/\/www.maxima-dia.com\/wp-content\/uploads\/2023\/02\/CAROMAX-2000-ASP-1000x1000.jpg 1000w, https:\/\/www.maxima-dia.com\/wp-content\/uploads\/2023\/02\/CAROMAX-2000-ASP.jpg 1200w\" sizes=\"(max-width: 150px) 100vw, 150px\" \/><\/a><\/p>\n<p>Wyprodukowany w&nbsp;<img loading=\"lazy\" decoding=\"async\" src=\"https:\/\/www.maxima-dia.com\/wp-content\/uploads\/2013\/11\/eu.png\" alt=\"eu\" width=\"24\" height=\"16\"> certyfikat CE[\/vc_column_text][\/vc_column][vc_column width=&#8221;3\/4&#8243;][vc_column_text]<strong>CAROMAX 2000 ASP<\/strong> to najmocniejsza wiertnica rdzeniowa do wiercenia na sucho z asortymentu Maxima, idealna do wiercenia otwor\u00f3w przelotowych w betonie, murze i kamieniu, otwor\u00f3w wentylacyjnych, ci\u0105g\u0142ego wiercenia otwor\u00f3w przelotowych w systemach wodno-kanalizacyjnych i klimatyzacyjnych oraz we wszystkich przypadkach, w kt\u00f3rych we wra\u017cliwych obszarach, gdzie u\u017cycie wody jest niedozwolone lub wskazane ze wzgl\u0119du na wydajny system odsysania py\u0142u, w kt\u00f3ry jest wyposa\u017cony.<br \/>\nSprz\u0119g\u0142o elektroniczne gwarantuje prac\u0119 w warunkach maksymalnego bezpiecze\u0144stwa dla u\u017cytkownika oraz ochron\u0119 silnika.<br \/>\nDwubiegowa skrzynia bieg\u00f3w w po\u0142\u0105czeniu z wyj\u0105tkow\u0105 wydajno\u015bci\u0105 silnika i przek\u0142adni pozwala na uzyskanie wyj\u0105tkowej wydajno\u015bci wiercenia. System mikro udarowy wspiera pot\u0119\u017cny silnik i przyspiesza post\u0119p pracy. U\u017cywanie r\u0119czne lub na kolumnie, zaleca si\u0119 monta\u017c wierte\u0142 rdzeniowych Maxima w celu uzyskania optymalnych rezultat\u00f3w i w kr\u00f3tkim czasie.<\/p>\n<table class=\"tabellafotocarotaggio\" style=\"width: 100%;\">\n<tbody>\n<tr>\n<td style=\"text-align: center;\"><a href=\"https:\/\/www.maxima-dia.com\/wp-content\/uploads\/2023\/02\/CAROMAX-2000-ASP-ALTO-SENZA-FORETTO-30-11-2022.jpg\"><img loading=\"lazy\" decoding=\"async\" class=\"alignnone wp-image-37365 size-thumbnail\" src=\"https:\/\/www.maxima-dia.com\/wp-content\/uploads\/2023\/02\/CAROMAX-2000-ASP-ALTO-SENZA-FORETTO-30-11-2022-150x150.jpg\" alt=\"\" width=\"150\" height=\"150\" srcset=\"https:\/\/www.maxima-dia.com\/wp-content\/uploads\/2023\/02\/CAROMAX-2000-ASP-ALTO-SENZA-FORETTO-30-11-2022-150x150.jpg 150w, https:\/\/www.maxima-dia.com\/wp-content\/uploads\/2023\/02\/CAROMAX-2000-ASP-ALTO-SENZA-FORETTO-30-11-2022-300x300.jpg 300w, https:\/\/www.maxima-dia.com\/wp-content\/uploads\/2023\/02\/CAROMAX-2000-ASP-ALTO-SENZA-FORETTO-30-11-2022-1024x1024.jpg 1024w, https:\/\/www.maxima-dia.com\/wp-content\/uploads\/2023\/02\/CAROMAX-2000-ASP-ALTO-SENZA-FORETTO-30-11-2022-768x768.jpg 768w, https:\/\/www.maxima-dia.com\/wp-content\/uploads\/2023\/02\/CAROMAX-2000-ASP-ALTO-SENZA-FORETTO-30-11-2022-80x80.jpg 80w, https:\/\/www.maxima-dia.com\/wp-content\/uploads\/2023\/02\/CAROMAX-2000-ASP-ALTO-SENZA-FORETTO-30-11-2022-500x500.jpg 500w, https:\/\/www.maxima-dia.com\/wp-content\/uploads\/2023\/02\/CAROMAX-2000-ASP-ALTO-SENZA-FORETTO-30-11-2022-1000x1000.jpg 1000w, https:\/\/www.maxima-dia.com\/wp-content\/uploads\/2023\/02\/CAROMAX-2000-ASP-ALTO-SENZA-FORETTO-30-11-2022.jpg 1200w\" sizes=\"(max-width: 150px) 100vw, 150px\" \/><\/a><\/td>\n<td style=\"text-align: center;\"><a href=\"https:\/\/www.maxima-dia.com\/wp-content\/uploads\/2023\/02\/CAROMAX-2000-ASP-LATO-SINISTRO-SENZA-IMPUGNATURA-30-11-2022.jpg\"><img loading=\"lazy\" decoding=\"async\" class=\"alignnone wp-image-37383 size-thumbnail\" src=\"https:\/\/www.maxima-dia.com\/wp-content\/uploads\/2023\/02\/CAROMAX-2000-ASP-LATO-SINISTRO-SENZA-IMPUGNATURA-30-11-2022-150x150.jpg\" alt=\"\" width=\"150\" height=\"150\" srcset=\"https:\/\/www.maxima-dia.com\/wp-content\/uploads\/2023\/02\/CAROMAX-2000-ASP-LATO-SINISTRO-SENZA-IMPUGNATURA-30-11-2022-150x150.jpg 150w, https:\/\/www.maxima-dia.com\/wp-content\/uploads\/2023\/02\/CAROMAX-2000-ASP-LATO-SINISTRO-SENZA-IMPUGNATURA-30-11-2022-300x300.jpg 300w, https:\/\/www.maxima-dia.com\/wp-content\/uploads\/2023\/02\/CAROMAX-2000-ASP-LATO-SINISTRO-SENZA-IMPUGNATURA-30-11-2022-1024x1024.jpg 1024w, https:\/\/www.maxima-dia.com\/wp-content\/uploads\/2023\/02\/CAROMAX-2000-ASP-LATO-SINISTRO-SENZA-IMPUGNATURA-30-11-2022-768x768.jpg 768w, https:\/\/www.maxima-dia.com\/wp-content\/uploads\/2023\/02\/CAROMAX-2000-ASP-LATO-SINISTRO-SENZA-IMPUGNATURA-30-11-2022-80x80.jpg 80w, https:\/\/www.maxima-dia.com\/wp-content\/uploads\/2023\/02\/CAROMAX-2000-ASP-LATO-SINISTRO-SENZA-IMPUGNATURA-30-11-2022-500x500.jpg 500w, https:\/\/www.maxima-dia.com\/wp-content\/uploads\/2023\/02\/CAROMAX-2000-ASP-LATO-SINISTRO-SENZA-IMPUGNATURA-30-11-2022-1000x1000.jpg 1000w, https:\/\/www.maxima-dia.com\/wp-content\/uploads\/2023\/02\/CAROMAX-2000-ASP-LATO-SINISTRO-SENZA-IMPUGNATURA-30-11-2022.jpg 1200w\" sizes=\"(max-width: 150px) 100vw, 150px\" \/><\/a><\/td>\n<td style=\"text-align: center;\"><a href=\"https:\/\/www.maxima-dia.com\/wp-content\/uploads\/2023\/02\/CAROMAX-2000-ASP-LATO-SINISTRO-CON-IMPUGNATURA-30-11-2022.jpg\"><img loading=\"lazy\" decoding=\"async\" class=\"alignnone wp-image-37377 size-thumbnail\" src=\"https:\/\/www.maxima-dia.com\/wp-content\/uploads\/2023\/02\/CAROMAX-2000-ASP-LATO-SINISTRO-CON-IMPUGNATURA-30-11-2022-150x150.jpg\" alt=\"\" width=\"150\" height=\"150\" srcset=\"https:\/\/www.maxima-dia.com\/wp-content\/uploads\/2023\/02\/CAROMAX-2000-ASP-LATO-SINISTRO-CON-IMPUGNATURA-30-11-2022-150x150.jpg 150w, https:\/\/www.maxima-dia.com\/wp-content\/uploads\/2023\/02\/CAROMAX-2000-ASP-LATO-SINISTRO-CON-IMPUGNATURA-30-11-2022-300x300.jpg 300w, https:\/\/www.maxima-dia.com\/wp-content\/uploads\/2023\/02\/CAROMAX-2000-ASP-LATO-SINISTRO-CON-IMPUGNATURA-30-11-2022-1024x1024.jpg 1024w, https:\/\/www.maxima-dia.com\/wp-content\/uploads\/2023\/02\/CAROMAX-2000-ASP-LATO-SINISTRO-CON-IMPUGNATURA-30-11-2022-768x768.jpg 768w, https:\/\/www.maxima-dia.com\/wp-content\/uploads\/2023\/02\/CAROMAX-2000-ASP-LATO-SINISTRO-CON-IMPUGNATURA-30-11-2022-80x80.jpg 80w, https:\/\/www.maxima-dia.com\/wp-content\/uploads\/2023\/02\/CAROMAX-2000-ASP-LATO-SINISTRO-CON-IMPUGNATURA-30-11-2022-500x500.jpg 500w, https:\/\/www.maxima-dia.com\/wp-content\/uploads\/2023\/02\/CAROMAX-2000-ASP-LATO-SINISTRO-CON-IMPUGNATURA-30-11-2022-1000x1000.jpg 1000w, https:\/\/www.maxima-dia.com\/wp-content\/uploads\/2023\/02\/CAROMAX-2000-ASP-LATO-SINISTRO-CON-IMPUGNATURA-30-11-2022.jpg 1200w\" sizes=\"(max-width: 150px) 100vw, 150px\" \/><\/a>&nbsp;<\/td>\n<td style=\"text-align: center;\"><a href=\"https:\/\/www.maxima-dia.com\/wp-content\/uploads\/2023\/02\/CAROMAX-2000-ASP-PARTICOLARE-IMPUGNATURA-03-05-12-2022.jpg\"><img loading=\"lazy\" decoding=\"async\" class=\"alignnone wp-image-37389 size-thumbnail\" src=\"https:\/\/www.maxima-dia.com\/wp-content\/uploads\/2023\/02\/CAROMAX-2000-ASP-PARTICOLARE-IMPUGNATURA-03-05-12-2022-150x150.jpg\" alt=\"\" width=\"150\" height=\"150\" srcset=\"https:\/\/www.maxima-dia.com\/wp-content\/uploads\/2023\/02\/CAROMAX-2000-ASP-PARTICOLARE-IMPUGNATURA-03-05-12-2022-150x150.jpg 150w, https:\/\/www.maxima-dia.com\/wp-content\/uploads\/2023\/02\/CAROMAX-2000-ASP-PARTICOLARE-IMPUGNATURA-03-05-12-2022-300x300.jpg 300w, https:\/\/www.maxima-dia.com\/wp-content\/uploads\/2023\/02\/CAROMAX-2000-ASP-PARTICOLARE-IMPUGNATURA-03-05-12-2022-1024x1024.jpg 1024w, https:\/\/www.maxima-dia.com\/wp-content\/uploads\/2023\/02\/CAROMAX-2000-ASP-PARTICOLARE-IMPUGNATURA-03-05-12-2022-768x768.jpg 768w, https:\/\/www.maxima-dia.com\/wp-content\/uploads\/2023\/02\/CAROMAX-2000-ASP-PARTICOLARE-IMPUGNATURA-03-05-12-2022-80x80.jpg 80w, https:\/\/www.maxima-dia.com\/wp-content\/uploads\/2023\/02\/CAROMAX-2000-ASP-PARTICOLARE-IMPUGNATURA-03-05-12-2022-500x500.jpg 500w, https:\/\/www.maxima-dia.com\/wp-content\/uploads\/2023\/02\/CAROMAX-2000-ASP-PARTICOLARE-IMPUGNATURA-03-05-12-2022-1000x1000.jpg 1000w, https:\/\/www.maxima-dia.com\/wp-content\/uploads\/2023\/02\/CAROMAX-2000-ASP-PARTICOLARE-IMPUGNATURA-03-05-12-2022.jpg 1200w\" sizes=\"(max-width: 150px) 100vw, 150px\" \/><\/a>&nbsp;<\/td>\n<td style=\"text-align: center;\"><a href=\"https:\/\/www.maxima-dia.com\/wp-content\/uploads\/2023\/02\/CAROMAX-2000-ASP-IMPUGNATURE.jpg\"><img loading=\"lazy\" decoding=\"async\" class=\"alignnone wp-image-37371 size-thumbnail\" src=\"https:\/\/www.maxima-dia.com\/wp-content\/uploads\/2023\/02\/CAROMAX-2000-ASP-IMPUGNATURE-150x150.jpg\" alt=\"\" width=\"150\" height=\"150\" srcset=\"https:\/\/www.maxima-dia.com\/wp-content\/uploads\/2023\/02\/CAROMAX-2000-ASP-IMPUGNATURE-150x150.jpg 150w, https:\/\/www.maxima-dia.com\/wp-content\/uploads\/2023\/02\/CAROMAX-2000-ASP-IMPUGNATURE-300x300.jpg 300w, https:\/\/www.maxima-dia.com\/wp-content\/uploads\/2023\/02\/CAROMAX-2000-ASP-IMPUGNATURE-1024x1024.jpg 1024w, https:\/\/www.maxima-dia.com\/wp-content\/uploads\/2023\/02\/CAROMAX-2000-ASP-IMPUGNATURE-768x768.jpg 768w, https:\/\/www.maxima-dia.com\/wp-content\/uploads\/2023\/02\/CAROMAX-2000-ASP-IMPUGNATURE-80x80.jpg 80w, https:\/\/www.maxima-dia.com\/wp-content\/uploads\/2023\/02\/CAROMAX-2000-ASP-IMPUGNATURE-500x500.jpg 500w, https:\/\/www.maxima-dia.com\/wp-content\/uploads\/2023\/02\/CAROMAX-2000-ASP-IMPUGNATURE-1000x1000.jpg 1000w, https:\/\/www.maxima-dia.com\/wp-content\/uploads\/2023\/02\/CAROMAX-2000-ASP-IMPUGNATURE.jpg 1200w\" sizes=\"(max-width: 150px) 100vw, 150px\" \/><\/a><\/td>\n<\/tr>\n<\/tbody>\n<\/table>\n<p>&nbsp;<\/p>\n<table class=\"tabellatecnica\" border=\"0\" cellspacing=\"0\" cellpadding=\"0\">\n<thead>\n<tr>\n<td class=\"testata\" colspan=\"2\">W\u0141A\u015aCIWO\u015aCI TECHNICZNE<\/td>\n<\/tr>\n<\/thead>\n<tbody>\n<tr>\n<td class=\"coltesto1\">Moc silnika: 2000 W<\/td>\n<td class=\"coltesto2\">\u015arednice: 30-162 mm r\u0119cznie \/ 30-250 mm na kolumnie<\/td>\n<\/tr>\n<tr>\n<td class=\"coltesto1\">jednofazowy: 230 V<\/td>\n<td class=\"coltesto2\">Ca\u0142kowita masa maszyny: 6,2 kg<\/td>\n<\/tr>\n<tr>\n<td class=\"coltesto1\">Ampera\u017c: 9,3 amps<\/td>\n<td class=\"coltesto2\">Sprz\u0119g\u0142o elektroniczne: tak<\/td>\n<\/tr>\n<tr>\n<td class=\"coltesto1\">Regulacja obrot\u00f3w: 2 pr\u0119dko\u015bci<\/td>\n<td class=\"coltesto2\">Ochrona silnika: &#8222;intellitronic\u201d<\/td>\n<\/tr>\n<tr>\n<td class=\"coltesto1\">Obroty bez obci\u0105\u017cenia: 900 \/ 2000<\/td>\n<td class=\"coltesto2\">System mikro udarowy uderzenia: 34\u2019000<\/td>\n<\/tr>\n<tr>\n<td class=\"coltesto1\">Obroty z obci\u0105\u017ceniem: 540 \/ 1200<\/td>\n<td class=\"coltesto2\">System mikro udarowy: 0,1 d\u017cula<\/td>\n<\/tr>\n<tr>\n<td class=\"coltesto1\">Z\u0142\u0105cze: 1\/2 gas &#8211; 1\u2019\u20191\/4<\/td>\n<td class=\"coltesto2\">&nbsp;<\/td>\n<\/tr>\n<\/tbody>\n<\/table>\n<p>[\/vc_column_text][\/vc_column][\/vc_row]<\/p>\n<\/div>","protected":false},"excerpt":{"rendered":"<p>[vc_row][vc_column text_align=&#8221;center&#8221; width=&#8221;1\/4&#8243;][vc_column_text] Wyprodukowany w&nbsp; certyfikat CE[\/vc_column_text][\/vc_column][vc_column width=&#8221;3\/4&#8243;][vc_column_text]CAROMAX 2000 ASP to najmocniejsza wiertnica rdzeniowa do wiercenia na sucho z asortymentu Maxima, idealna do wiercenia otwor\u00f3w przelotowych w betonie, murze i kamieniu, otwor\u00f3w wentylacyjnych, ci\u0105g\u0142ego wiercenia otwor\u00f3w przelotowych w systemach wodno-kanalizacyjnych i klimatyzacyjnych oraz we wszystkich przypadkach, w kt\u00f3rych we wra\u017cliwych obszarach, gdzie u\u017cycie wody jest niedozwolone lub wskazane ze wzgl\u0119du na wydajny system odsysania py\u0142u, w kt\u00f3ry jest wyposa\u017cony. Sprz\u0119g\u0142o elektroniczne gwarantuje prac\u0119 w warunkach maksymalnego bezpiecze\u0144stwa dla u\u017cytkownika oraz ochron\u0119 silnika. Dwubiegowa skrzynia bieg\u00f3w w po\u0142\u0105czeniu z wyj\u0105tkow\u0105 wydajno\u015bci\u0105 silnika i przek\u0142adni pozwala na uzyskanie wyj\u0105tkowej wydajno\u015bci wiercenia. System mikro udarowy wspiera pot\u0119\u017cny silnik i przyspiesza post\u0119p pracy. U\u017cywanie r\u0119czne lub na kolumnie, zaleca si\u0119 monta\u017c wierte\u0142 rdzeniowych Maxima w celu uzyskania optymalnych rezultat\u00f3w i w kr\u00f3tkim czasie. &nbsp; &nbsp; &nbsp; W\u0141A\u015aCIWO\u015aCI TECHNICZNE Moc silnika: 2000 W \u015arednice: 30-162 mm r\u0119cznie \/ 30-250 mm na kolumnie jednofazowy: 230 V Ca\u0142kowita masa maszyny: 6,2 kg Ampera\u017c: 9,3 amps Sprz\u0119g\u0142o elektroniczne: tak Regulacja obrot\u00f3w: 2 pr\u0119dko\u015bci Ochrona silnika: &#8222;intellitronic\u201d Obroty bez obci\u0105\u017cenia: 900 \/ 2000 System mikro udarowy uderzenia: 34\u2019000 Obroty z obci\u0105\u017ceniem: 540 \/ 1200 System mikro udarowy: 0,1 d\u017cula Z\u0142\u0105cze: 1\/2 gas &#8211; 1\u2019\u20191\/4 &nbsp; [\/vc_column_text][\/vc_column][\/vc_row]<\/p>\n","protected":false},"author":29,"featured_media":37731,"parent":20855,"menu_order":7,"comment_status":"closed","ping_status":"closed","template":"","meta":{"ngg_post_thumbnail":0,"_joinchat":[],"footnotes":""},"class_list":["post-37680","page","type-page","status-publish","has-post-thumbnail","hentry"],"yoast_head":"<!-- This site is optimized with the Yoast SEO plugin v25.5 - https:\/\/yoast.com\/wordpress\/plugins\/seo\/ -->\n<title>Caromax 2000 ASP - Maxima SpA<\/title>\n<meta name=\"description\" content=\"Najmocniejsza wiertnica rdzeniowa idealna do betonie murze i kamieniu otwor\u00f3w wentylacyjnych ci\u0105g\u0142ego wiercenia otwor\u00f3w przelotowych w systemach wodno-kanalizacyjnych i klimatyzacyjnych\" \/>\n<meta name=\"robots\" content=\"index, follow, max-snippet:-1, max-image-preview:large, max-video-preview:-1\" \/>\n<link rel=\"canonical\" href=\"https:\/\/www.maxima-dia.com\/pl\/wiertnice\/caromax-2000-asp\/\" \/>\n<meta property=\"og:locale\" content=\"pl_PL\" \/>\n<meta property=\"og:type\" content=\"article\" \/>\n<meta property=\"og:title\" content=\"Caromax 2000 ASP - Maxima SpA\" \/>\n<meta property=\"og:description\" content=\"Najmocniejsza wiertnica rdzeniowa idealna do betonie murze i kamieniu otwor\u00f3w wentylacyjnych ci\u0105g\u0142ego wiercenia otwor\u00f3w przelotowych w systemach wodno-kanalizacyjnych i klimatyzacyjnych\" \/>\n<meta property=\"og:url\" content=\"https:\/\/www.maxima-dia.com\/pl\/wiertnice\/caromax-2000-asp\/\" \/>\n<meta property=\"og:site_name\" content=\"Maxima SpA\" \/>\n<meta property=\"article:publisher\" content=\"https:\/\/www.facebook.com\/Maxima-spa-106098566139597\" \/>\n<meta property=\"article:modified_time\" content=\"2024-09-03T08:35:25+00:00\" \/>\n<meta property=\"og:image\" content=\"https:\/\/www.maxima-dia.com\/wp-content\/uploads\/2023\/02\/CAROMAX-2000-ASP.jpg\" \/>\n\t<meta property=\"og:image:width\" content=\"1200\" \/>\n\t<meta property=\"og:image:height\" content=\"1200\" \/>\n\t<meta property=\"og:image:type\" content=\"image\/jpeg\" \/>\n<meta name=\"twitter:card\" content=\"summary_large_image\" \/>\n<meta name=\"twitter:site\" content=\"@Maximadia\" \/>\n<meta name=\"twitter:label1\" content=\"Szacowany czas czytania\" \/>\n\t<meta name=\"twitter:data1\" content=\"2 minuty\" \/>\n<script type=\"application\/ld+json\" class=\"yoast-schema-graph\">{\"@context\":\"https:\/\/schema.org\",\"@graph\":[{\"@type\":\"WebPage\",\"@id\":\"https:\/\/www.maxima-dia.com\/pl\/wiertnice\/caromax-2000-asp\/\",\"url\":\"https:\/\/www.maxima-dia.com\/pl\/wiertnice\/caromax-2000-asp\/\",\"name\":\"Caromax 2000 ASP - Maxima SpA\",\"isPartOf\":{\"@id\":\"https:\/\/www.maxima-dia.com\/pl\/#website\"},\"primaryImageOfPage\":{\"@id\":\"https:\/\/www.maxima-dia.com\/pl\/wiertnice\/caromax-2000-asp\/#primaryimage\"},\"image\":{\"@id\":\"https:\/\/www.maxima-dia.com\/pl\/wiertnice\/caromax-2000-asp\/#primaryimage\"},\"thumbnailUrl\":\"https:\/\/www.maxima-dia.com\/wp-content\/uploads\/2023\/02\/CAROMAX-2000-ASP.jpg\",\"datePublished\":\"2023-02-21T08:24:53+00:00\",\"dateModified\":\"2024-09-03T08:35:25+00:00\",\"description\":\"Najmocniejsza wiertnica rdzeniowa idealna do betonie murze i kamieniu otwor\u00f3w wentylacyjnych ci\u0105g\u0142ego wiercenia otwor\u00f3w przelotowych w systemach wodno-kanalizacyjnych i klimatyzacyjnych\",\"breadcrumb\":{\"@id\":\"https:\/\/www.maxima-dia.com\/pl\/wiertnice\/caromax-2000-asp\/#breadcrumb\"},\"inLanguage\":\"pl-PL\",\"potentialAction\":[{\"@type\":\"ReadAction\",\"target\":[\"https:\/\/www.maxima-dia.com\/pl\/wiertnice\/caromax-2000-asp\/\"]}]},{\"@type\":\"ImageObject\",\"inLanguage\":\"pl-PL\",\"@id\":\"https:\/\/www.maxima-dia.com\/pl\/wiertnice\/caromax-2000-asp\/#primaryimage\",\"url\":\"https:\/\/www.maxima-dia.com\/wp-content\/uploads\/2023\/02\/CAROMAX-2000-ASP.jpg\",\"contentUrl\":\"https:\/\/www.maxima-dia.com\/wp-content\/uploads\/2023\/02\/CAROMAX-2000-ASP.jpg\",\"width\":1200,\"height\":1200},{\"@type\":\"BreadcrumbList\",\"@id\":\"https:\/\/www.maxima-dia.com\/pl\/wiertnice\/caromax-2000-asp\/#breadcrumb\",\"itemListElement\":[{\"@type\":\"ListItem\",\"position\":1,\"name\":\"Home\",\"item\":\"https:\/\/www.maxima-dia.com\/pl\/\"},{\"@type\":\"ListItem\",\"position\":2,\"name\":\"Wiertnice\",\"item\":\"https:\/\/www.maxima-dia.com\/pl\/wiertnice\/\"},{\"@type\":\"ListItem\",\"position\":3,\"name\":\"Caromax 2000 ASP\"}]},{\"@type\":\"WebSite\",\"@id\":\"https:\/\/www.maxima-dia.com\/pl\/#website\",\"url\":\"https:\/\/www.maxima-dia.com\/pl\/\",\"name\":\"Maxima SpA\",\"description\":\"Only for the real professionals\",\"potentialAction\":[{\"@type\":\"SearchAction\",\"target\":{\"@type\":\"EntryPoint\",\"urlTemplate\":\"https:\/\/www.maxima-dia.com\/pl\/?s={search_term_string}\"},\"query-input\":{\"@type\":\"PropertyValueSpecification\",\"valueRequired\":true,\"valueName\":\"search_term_string\"}}],\"inLanguage\":\"pl-PL\"}]}<\/script>\n<!-- \/ Yoast SEO plugin. -->","yoast_head_json":{"title":"Caromax 2000 ASP - Maxima SpA","description":"Najmocniejsza wiertnica rdzeniowa idealna do betonie murze i kamieniu otwor\u00f3w wentylacyjnych ci\u0105g\u0142ego wiercenia otwor\u00f3w przelotowych w systemach wodno-kanalizacyjnych i klimatyzacyjnych","robots":{"index":"index","follow":"follow","max-snippet":"max-snippet:-1","max-image-preview":"max-image-preview:large","max-video-preview":"max-video-preview:-1"},"canonical":"https:\/\/www.maxima-dia.com\/pl\/wiertnice\/caromax-2000-asp\/","og_locale":"pl_PL","og_type":"article","og_title":"Caromax 2000 ASP - Maxima SpA","og_description":"Najmocniejsza wiertnica rdzeniowa idealna do betonie murze i kamieniu otwor\u00f3w wentylacyjnych ci\u0105g\u0142ego wiercenia otwor\u00f3w przelotowych w systemach wodno-kanalizacyjnych i klimatyzacyjnych","og_url":"https:\/\/www.maxima-dia.com\/pl\/wiertnice\/caromax-2000-asp\/","og_site_name":"Maxima SpA","article_publisher":"https:\/\/www.facebook.com\/Maxima-spa-106098566139597","article_modified_time":"2024-09-03T08:35:25+00:00","og_image":[{"width":1200,"height":1200,"url":"https:\/\/www.maxima-dia.com\/wp-content\/uploads\/2023\/02\/CAROMAX-2000-ASP.jpg","type":"image\/jpeg"}],"twitter_card":"summary_large_image","twitter_site":"@Maximadia","twitter_misc":{"Szacowany czas czytania":"2 minuty"},"schema":{"@context":"https:\/\/schema.org","@graph":[{"@type":"WebPage","@id":"https:\/\/www.maxima-dia.com\/pl\/wiertnice\/caromax-2000-asp\/","url":"https:\/\/www.maxima-dia.com\/pl\/wiertnice\/caromax-2000-asp\/","name":"Caromax 2000 ASP - Maxima SpA","isPartOf":{"@id":"https:\/\/www.maxima-dia.com\/pl\/#website"},"primaryImageOfPage":{"@id":"https:\/\/www.maxima-dia.com\/pl\/wiertnice\/caromax-2000-asp\/#primaryimage"},"image":{"@id":"https:\/\/www.maxima-dia.com\/pl\/wiertnice\/caromax-2000-asp\/#primaryimage"},"thumbnailUrl":"https:\/\/www.maxima-dia.com\/wp-content\/uploads\/2023\/02\/CAROMAX-2000-ASP.jpg","datePublished":"2023-02-21T08:24:53+00:00","dateModified":"2024-09-03T08:35:25+00:00","description":"Najmocniejsza wiertnica rdzeniowa idealna do betonie murze i kamieniu otwor\u00f3w wentylacyjnych ci\u0105g\u0142ego wiercenia otwor\u00f3w przelotowych w systemach wodno-kanalizacyjnych i klimatyzacyjnych","breadcrumb":{"@id":"https:\/\/www.maxima-dia.com\/pl\/wiertnice\/caromax-2000-asp\/#breadcrumb"},"inLanguage":"pl-PL","potentialAction":[{"@type":"ReadAction","target":["https:\/\/www.maxima-dia.com\/pl\/wiertnice\/caromax-2000-asp\/"]}]},{"@type":"ImageObject","inLanguage":"pl-PL","@id":"https:\/\/www.maxima-dia.com\/pl\/wiertnice\/caromax-2000-asp\/#primaryimage","url":"https:\/\/www.maxima-dia.com\/wp-content\/uploads\/2023\/02\/CAROMAX-2000-ASP.jpg","contentUrl":"https:\/\/www.maxima-dia.com\/wp-content\/uploads\/2023\/02\/CAROMAX-2000-ASP.jpg","width":1200,"height":1200},{"@type":"BreadcrumbList","@id":"https:\/\/www.maxima-dia.com\/pl\/wiertnice\/caromax-2000-asp\/#breadcrumb","itemListElement":[{"@type":"ListItem","position":1,"name":"Home","item":"https:\/\/www.maxima-dia.com\/pl\/"},{"@type":"ListItem","position":2,"name":"Wiertnice","item":"https:\/\/www.maxima-dia.com\/pl\/wiertnice\/"},{"@type":"ListItem","position":3,"name":"Caromax 2000 ASP"}]},{"@type":"WebSite","@id":"https:\/\/www.maxima-dia.com\/pl\/#website","url":"https:\/\/www.maxima-dia.com\/pl\/","name":"Maxima SpA","description":"Only for the real professionals","potentialAction":[{"@type":"SearchAction","target":{"@type":"EntryPoint","urlTemplate":"https:\/\/www.maxima-dia.com\/pl\/?s={search_term_string}"},"query-input":{"@type":"PropertyValueSpecification","valueRequired":true,"valueName":"search_term_string"}}],"inLanguage":"pl-PL"}]}},"_links":{"self":[{"href":"https:\/\/www.maxima-dia.com\/pl\/wp-json\/wp\/v2\/pages\/37680"}],"collection":[{"href":"https:\/\/www.maxima-dia.com\/pl\/wp-json\/wp\/v2\/pages"}],"about":[{"href":"https:\/\/www.maxima-dia.com\/pl\/wp-json\/wp\/v2\/types\/page"}],"author":[{"embeddable":true,"href":"https:\/\/www.maxima-dia.com\/pl\/wp-json\/wp\/v2\/users\/29"}],"replies":[{"embeddable":true,"href":"https:\/\/www.maxima-dia.com\/pl\/wp-json\/wp\/v2\/comments?post=37680"}],"version-history":[{"count":4,"href":"https:\/\/www.maxima-dia.com\/pl\/wp-json\/wp\/v2\/pages\/37680\/revisions"}],"predecessor-version":[{"id":44100,"href":"https:\/\/www.maxima-dia.com\/pl\/wp-json\/wp\/v2\/pages\/37680\/revisions\/44100"}],"up":[{"embeddable":true,"href":"https:\/\/www.maxima-dia.com\/pl\/wp-json\/wp\/v2\/pages\/20855"}],"wp:featuredmedia":[{"embeddable":true,"href":"https:\/\/www.maxima-dia.com\/pl\/wp-json\/wp\/v2\/media\/37731"}],"wp:attachment":[{"href":"https:\/\/www.maxima-dia.com\/pl\/wp-json\/wp\/v2\/media?parent=37680"}],"curies":[{"name":"wp","href":"https:\/\/api.w.org\/{rel}","templated":true}]}}