{"id":38950,"date":"2023-03-07T11:42:35","date_gmt":"2023-03-07T10:42:35","guid":{"rendered":"https:\/\/www.maxima-dia.com\/?page_id=38950"},"modified":"2023-03-07T11:45:48","modified_gmt":"2023-03-07T10:45:48","slug":"czarne-wiertlo-rdzeniowe-do-drewna","status":"publish","type":"page","link":"https:\/\/www.maxima-dia.com\/pl\/wiertla-do-wiercenia-na-sucho\/czarne-wiertlo-rdzeniowe-do-drewna\/","title":{"rendered":"Czarne wiert\u0142o rdzeniowe do drewna"},"content":{"rendered":"<div class=\"wpb-content-wrapper\"><p>[vc_row][vc_column text_align=&#8221;center&#8221; width=&#8221;1\/4&#8243;][vc_column_text]<a href=\"https:\/\/www.maxima-dia.com\/wp-content\/uploads\/2023\/02\/CAROMAX-2001-ASP-FORETTO-MEDIO.jpg\" rel=\"g1\"><img loading=\"lazy\" decoding=\"async\" class=\"alignnone wp-image-37431 size-thumbnail\" src=\"https:\/\/www.maxima-dia.com\/wp-content\/uploads\/2023\/02\/CAROMAX-2001-ASP-FORETTO-MEDIO-150x150.jpg\" alt=\"CAROMAX 2001 FORETTO PICCOLO\" width=\"150\" height=\"150\" srcset=\"https:\/\/www.maxima-dia.com\/wp-content\/uploads\/2023\/02\/CAROMAX-2001-ASP-FORETTO-MEDIO-150x150.jpg 150w, https:\/\/www.maxima-dia.com\/wp-content\/uploads\/2023\/02\/CAROMAX-2001-ASP-FORETTO-MEDIO-300x300.jpg 300w, https:\/\/www.maxima-dia.com\/wp-content\/uploads\/2023\/02\/CAROMAX-2001-ASP-FORETTO-MEDIO-1024x1024.jpg 1024w, https:\/\/www.maxima-dia.com\/wp-content\/uploads\/2023\/02\/CAROMAX-2001-ASP-FORETTO-MEDIO-768x768.jpg 768w, https:\/\/www.maxima-dia.com\/wp-content\/uploads\/2023\/02\/CAROMAX-2001-ASP-FORETTO-MEDIO-80x80.jpg 80w, https:\/\/www.maxima-dia.com\/wp-content\/uploads\/2023\/02\/CAROMAX-2001-ASP-FORETTO-MEDIO-500x500.jpg 500w, https:\/\/www.maxima-dia.com\/wp-content\/uploads\/2023\/02\/CAROMAX-2001-ASP-FORETTO-MEDIO-1000x1000.jpg 1000w, https:\/\/www.maxima-dia.com\/wp-content\/uploads\/2023\/02\/CAROMAX-2001-ASP-FORETTO-MEDIO.jpg 1200w\" sizes=\"(max-width: 150px) 100vw, 150px\" \/><\/a>[\/vc_column_text][\/vc_column][vc_column width=&#8221;3\/4&#8243;][vc_column_text]<strong>CZARNE WIERT\u0141O RDZENIOWE DO DREWNA<\/strong> s\u0142u\u017cy do wiercenia otwor\u00f3w do monta\u017cu w sufitach z litego drewna, w rurach do okap\u00f3w, rurach wydechowych, zsypach na pranie, otwor\u00f3w w \u015bciennych p\u0142ytach izolacyjnych, otwor\u00f3w w drewnie klejonym na rury grzewcze, otwor\u00f3w na kana\u0142y w poszyciu dachu do przewod\u00f3w kominowych, wentylacyjnych i o\u015bwietlenia naturalnego.<\/p>\n<p><strong>D\u0142ugo\u015b\u0107 wiert\u0142a: 300 mm<\/strong><\/p>\n<p>Szybkie wiercenie i ogromna oszcz\u0119dno\u015b\u0107 czasu dzi\u0119ki innowacyjnej technologii ci\u0119cia. G\u0142\u0119boko\u015b\u0107 wiercenia r\u00f3wnie\u017c w drewnie litym do 300 mm. Doskona\u0142a jako\u015b\u0107 wyko\u0144czenia kraw\u0119dzi otworu, \u0142atwe wyjmowanie rdzenia z wiert\u0142a, czyste,bezpy\u0142owe wiercenie z odsysaniem, r\u0119czne wiercenie wszystkich g\u0142\u00f3wnych \u015brednic za pomoc\u0105 wiert\u0142a rdzeniowego <a href=\"https:\/\/www.maxima-dia.com\/pl\/wiertnice\/caromax-2001\/\">CAROMAX 2001<\/a>. Przy stosowaniu trzpienia szybko centruj\u0105cego do drewna nie jest wymagany otw\u00f3r pilotuj\u0105cy PICE01L[\/vc_column_text][\/vc_column][\/vc_row]<\/p>\n<\/div>","protected":false},"excerpt":{"rendered":"<p>[vc_row][vc_column text_align=&#8221;center&#8221; width=&#8221;1\/4&#8243;][vc_column_text][\/vc_column_text][\/vc_column][vc_column width=&#8221;3\/4&#8243;][vc_column_text]CZARNE WIERT\u0141O RDZENIOWE DO DREWNA s\u0142u\u017cy do wiercenia otwor\u00f3w do monta\u017cu w sufitach z litego drewna, w rurach do okap\u00f3w, rurach wydechowych, zsypach na pranie, otwor\u00f3w w \u015bciennych p\u0142ytach izolacyjnych, otwor\u00f3w w drewnie klejonym na rury grzewcze, otwor\u00f3w na kana\u0142y w poszyciu dachu do przewod\u00f3w kominowych, wentylacyjnych i o\u015bwietlenia naturalnego. D\u0142ugo\u015b\u0107 wiert\u0142a: 300 mm Szybkie wiercenie i ogromna oszcz\u0119dno\u015b\u0107 czasu dzi\u0119ki innowacyjnej technologii ci\u0119cia. G\u0142\u0119boko\u015b\u0107 wiercenia r\u00f3wnie\u017c w drewnie litym do 300 mm. Doskona\u0142a jako\u015b\u0107 wyko\u0144czenia kraw\u0119dzi otworu, \u0142atwe wyjmowanie rdzenia z wiert\u0142a, czyste,bezpy\u0142owe wiercenie z odsysaniem, r\u0119czne wiercenie wszystkich g\u0142\u00f3wnych \u015brednic za pomoc\u0105 wiert\u0142a rdzeniowego CAROMAX 2001. Przy stosowaniu trzpienia szybko centruj\u0105cego do drewna nie jest wymagany otw\u00f3r pilotuj\u0105cy PICE01L[\/vc_column_text][\/vc_column][\/vc_row]<\/p>\n","protected":false},"author":29,"featured_media":37435,"parent":20712,"menu_order":12,"comment_status":"closed","ping_status":"closed","template":"","meta":{"ngg_post_thumbnail":0,"_joinchat":[],"footnotes":""},"class_list":["post-38950","page","type-page","status-publish","has-post-thumbnail","hentry"],"yoast_head":"<!-- This site is optimized with the Yoast SEO plugin v25.5 - https:\/\/yoast.com\/wordpress\/plugins\/seo\/ -->\n<title>Czarne wiert\u0142o rdzeniowe do drewna - Maxima SpA<\/title>\n<meta name=\"description\" content=\"S\u0142u\u017cy do wiercenia otwor\u00f3w do monta\u017cu w sufitach z litego drewna, w rurach do okap\u00f3w, rurach wydechowych, zsypach na pranie\" \/>\n<meta name=\"robots\" content=\"index, follow, max-snippet:-1, max-image-preview:large, max-video-preview:-1\" \/>\n<link rel=\"canonical\" href=\"https:\/\/www.maxima-dia.com\/pl\/wiertla-do-wiercenia-na-sucho\/czarne-wiertlo-rdzeniowe-do-drewna\/\" \/>\n<meta property=\"og:locale\" content=\"pl_PL\" \/>\n<meta property=\"og:type\" content=\"article\" \/>\n<meta property=\"og:title\" content=\"Czarne wiert\u0142o rdzeniowe do drewna - Maxima SpA\" \/>\n<meta property=\"og:description\" content=\"S\u0142u\u017cy do wiercenia otwor\u00f3w do monta\u017cu w sufitach z litego drewna, w rurach do okap\u00f3w, rurach wydechowych, zsypach na pranie\" \/>\n<meta property=\"og:url\" content=\"https:\/\/www.maxima-dia.com\/pl\/wiertla-do-wiercenia-na-sucho\/czarne-wiertlo-rdzeniowe-do-drewna\/\" \/>\n<meta property=\"og:site_name\" content=\"Maxima SpA\" \/>\n<meta property=\"article:publisher\" content=\"https:\/\/www.facebook.com\/Maxima-spa-106098566139597\" \/>\n<meta property=\"article:modified_time\" content=\"2023-03-07T10:45:48+00:00\" \/>\n<meta property=\"og:image\" content=\"https:\/\/www.maxima-dia.com\/wp-content\/uploads\/2023\/02\/CAROMAX-2001-ASP-FORETTO-MEDIO.jpg\" \/>\n\t<meta property=\"og:image:width\" content=\"1200\" \/>\n\t<meta property=\"og:image:height\" content=\"1200\" \/>\n\t<meta property=\"og:image:type\" content=\"image\/jpeg\" \/>\n<meta name=\"twitter:card\" content=\"summary_large_image\" \/>\n<meta name=\"twitter:site\" content=\"@Maximadia\" \/>\n<meta name=\"twitter:label1\" content=\"Szacowany czas czytania\" \/>\n\t<meta name=\"twitter:data1\" content=\"12 minut\" \/>\n<script type=\"application\/ld+json\" class=\"yoast-schema-graph\">{\"@context\":\"https:\/\/schema.org\",\"@graph\":[{\"@type\":\"WebPage\",\"@id\":\"https:\/\/www.maxima-dia.com\/pl\/wiertla-do-wiercenia-na-sucho\/czarne-wiertlo-rdzeniowe-do-drewna\/\",\"url\":\"https:\/\/www.maxima-dia.com\/pl\/wiertla-do-wiercenia-na-sucho\/czarne-wiertlo-rdzeniowe-do-drewna\/\",\"name\":\"Czarne wiert\u0142o rdzeniowe do drewna - Maxima SpA\",\"isPartOf\":{\"@id\":\"https:\/\/www.maxima-dia.com\/pl\/#website\"},\"primaryImageOfPage\":{\"@id\":\"https:\/\/www.maxima-dia.com\/pl\/wiertla-do-wiercenia-na-sucho\/czarne-wiertlo-rdzeniowe-do-drewna\/#primaryimage\"},\"image\":{\"@id\":\"https:\/\/www.maxima-dia.com\/pl\/wiertla-do-wiercenia-na-sucho\/czarne-wiertlo-rdzeniowe-do-drewna\/#primaryimage\"},\"thumbnailUrl\":\"https:\/\/www.maxima-dia.com\/wp-content\/uploads\/2023\/02\/CAROMAX-2001-ASP-FORETTO-MEDIO.jpg\",\"datePublished\":\"2023-03-07T10:42:35+00:00\",\"dateModified\":\"2023-03-07T10:45:48+00:00\",\"description\":\"S\u0142u\u017cy do wiercenia otwor\u00f3w do monta\u017cu w sufitach z litego drewna, w rurach do okap\u00f3w, rurach wydechowych, zsypach na pranie\",\"breadcrumb\":{\"@id\":\"https:\/\/www.maxima-dia.com\/pl\/wiertla-do-wiercenia-na-sucho\/czarne-wiertlo-rdzeniowe-do-drewna\/#breadcrumb\"},\"inLanguage\":\"pl-PL\",\"potentialAction\":[{\"@type\":\"ReadAction\",\"target\":[\"https:\/\/www.maxima-dia.com\/pl\/wiertla-do-wiercenia-na-sucho\/czarne-wiertlo-rdzeniowe-do-drewna\/\"]}]},{\"@type\":\"ImageObject\",\"inLanguage\":\"pl-PL\",\"@id\":\"https:\/\/www.maxima-dia.com\/pl\/wiertla-do-wiercenia-na-sucho\/czarne-wiertlo-rdzeniowe-do-drewna\/#primaryimage\",\"url\":\"https:\/\/www.maxima-dia.com\/wp-content\/uploads\/2023\/02\/CAROMAX-2001-ASP-FORETTO-MEDIO.jpg\",\"contentUrl\":\"https:\/\/www.maxima-dia.com\/wp-content\/uploads\/2023\/02\/CAROMAX-2001-ASP-FORETTO-MEDIO.jpg\",\"width\":1200,\"height\":1200,\"caption\":\"CAROMAX 2001\"},{\"@type\":\"BreadcrumbList\",\"@id\":\"https:\/\/www.maxima-dia.com\/pl\/wiertla-do-wiercenia-na-sucho\/czarne-wiertlo-rdzeniowe-do-drewna\/#breadcrumb\",\"itemListElement\":[{\"@type\":\"ListItem\",\"position\":1,\"name\":\"Home\",\"item\":\"https:\/\/www.maxima-dia.com\/pl\/\"},{\"@type\":\"ListItem\",\"position\":2,\"name\":\"Wiert\u0142a do Wiercenia na sucho\",\"item\":\"https:\/\/www.maxima-dia.com\/pl\/wiertla-do-wiercenia-na-sucho\/\"},{\"@type\":\"ListItem\",\"position\":3,\"name\":\"Czarne wiert\u0142o rdzeniowe do drewna\"}]},{\"@type\":\"WebSite\",\"@id\":\"https:\/\/www.maxima-dia.com\/pl\/#website\",\"url\":\"https:\/\/www.maxima-dia.com\/pl\/\",\"name\":\"Maxima SpA\",\"description\":\"Only for the real professionals\",\"potentialAction\":[{\"@type\":\"SearchAction\",\"target\":{\"@type\":\"EntryPoint\",\"urlTemplate\":\"https:\/\/www.maxima-dia.com\/pl\/?s={search_term_string}\"},\"query-input\":{\"@type\":\"PropertyValueSpecification\",\"valueRequired\":true,\"valueName\":\"search_term_string\"}}],\"inLanguage\":\"pl-PL\"}]}<\/script>\n<!-- \/ Yoast SEO plugin. -->","yoast_head_json":{"title":"Czarne wiert\u0142o rdzeniowe do drewna - Maxima SpA","description":"S\u0142u\u017cy do wiercenia otwor\u00f3w do monta\u017cu w sufitach z litego drewna, w rurach do okap\u00f3w, rurach wydechowych, zsypach na pranie","robots":{"index":"index","follow":"follow","max-snippet":"max-snippet:-1","max-image-preview":"max-image-preview:large","max-video-preview":"max-video-preview:-1"},"canonical":"https:\/\/www.maxima-dia.com\/pl\/wiertla-do-wiercenia-na-sucho\/czarne-wiertlo-rdzeniowe-do-drewna\/","og_locale":"pl_PL","og_type":"article","og_title":"Czarne wiert\u0142o rdzeniowe do drewna - Maxima SpA","og_description":"S\u0142u\u017cy do wiercenia otwor\u00f3w do monta\u017cu w sufitach z litego drewna, w rurach do okap\u00f3w, rurach wydechowych, zsypach na pranie","og_url":"https:\/\/www.maxima-dia.com\/pl\/wiertla-do-wiercenia-na-sucho\/czarne-wiertlo-rdzeniowe-do-drewna\/","og_site_name":"Maxima SpA","article_publisher":"https:\/\/www.facebook.com\/Maxima-spa-106098566139597","article_modified_time":"2023-03-07T10:45:48+00:00","og_image":[{"width":1200,"height":1200,"url":"https:\/\/www.maxima-dia.com\/wp-content\/uploads\/2023\/02\/CAROMAX-2001-ASP-FORETTO-MEDIO.jpg","type":"image\/jpeg"}],"twitter_card":"summary_large_image","twitter_site":"@Maximadia","twitter_misc":{"Szacowany czas czytania":"12 minut"},"schema":{"@context":"https:\/\/schema.org","@graph":[{"@type":"WebPage","@id":"https:\/\/www.maxima-dia.com\/pl\/wiertla-do-wiercenia-na-sucho\/czarne-wiertlo-rdzeniowe-do-drewna\/","url":"https:\/\/www.maxima-dia.com\/pl\/wiertla-do-wiercenia-na-sucho\/czarne-wiertlo-rdzeniowe-do-drewna\/","name":"Czarne wiert\u0142o rdzeniowe do drewna - Maxima SpA","isPartOf":{"@id":"https:\/\/www.maxima-dia.com\/pl\/#website"},"primaryImageOfPage":{"@id":"https:\/\/www.maxima-dia.com\/pl\/wiertla-do-wiercenia-na-sucho\/czarne-wiertlo-rdzeniowe-do-drewna\/#primaryimage"},"image":{"@id":"https:\/\/www.maxima-dia.com\/pl\/wiertla-do-wiercenia-na-sucho\/czarne-wiertlo-rdzeniowe-do-drewna\/#primaryimage"},"thumbnailUrl":"https:\/\/www.maxima-dia.com\/wp-content\/uploads\/2023\/02\/CAROMAX-2001-ASP-FORETTO-MEDIO.jpg","datePublished":"2023-03-07T10:42:35+00:00","dateModified":"2023-03-07T10:45:48+00:00","description":"S\u0142u\u017cy do wiercenia otwor\u00f3w do monta\u017cu w sufitach z litego drewna, w rurach do okap\u00f3w, rurach wydechowych, zsypach na pranie","breadcrumb":{"@id":"https:\/\/www.maxima-dia.com\/pl\/wiertla-do-wiercenia-na-sucho\/czarne-wiertlo-rdzeniowe-do-drewna\/#breadcrumb"},"inLanguage":"pl-PL","potentialAction":[{"@type":"ReadAction","target":["https:\/\/www.maxima-dia.com\/pl\/wiertla-do-wiercenia-na-sucho\/czarne-wiertlo-rdzeniowe-do-drewna\/"]}]},{"@type":"ImageObject","inLanguage":"pl-PL","@id":"https:\/\/www.maxima-dia.com\/pl\/wiertla-do-wiercenia-na-sucho\/czarne-wiertlo-rdzeniowe-do-drewna\/#primaryimage","url":"https:\/\/www.maxima-dia.com\/wp-content\/uploads\/2023\/02\/CAROMAX-2001-ASP-FORETTO-MEDIO.jpg","contentUrl":"https:\/\/www.maxima-dia.com\/wp-content\/uploads\/2023\/02\/CAROMAX-2001-ASP-FORETTO-MEDIO.jpg","width":1200,"height":1200,"caption":"CAROMAX 2001"},{"@type":"BreadcrumbList","@id":"https:\/\/www.maxima-dia.com\/pl\/wiertla-do-wiercenia-na-sucho\/czarne-wiertlo-rdzeniowe-do-drewna\/#breadcrumb","itemListElement":[{"@type":"ListItem","position":1,"name":"Home","item":"https:\/\/www.maxima-dia.com\/pl\/"},{"@type":"ListItem","position":2,"name":"Wiert\u0142a do Wiercenia na sucho","item":"https:\/\/www.maxima-dia.com\/pl\/wiertla-do-wiercenia-na-sucho\/"},{"@type":"ListItem","position":3,"name":"Czarne wiert\u0142o rdzeniowe do drewna"}]},{"@type":"WebSite","@id":"https:\/\/www.maxima-dia.com\/pl\/#website","url":"https:\/\/www.maxima-dia.com\/pl\/","name":"Maxima SpA","description":"Only for the real professionals","potentialAction":[{"@type":"SearchAction","target":{"@type":"EntryPoint","urlTemplate":"https:\/\/www.maxima-dia.com\/pl\/?s={search_term_string}"},"query-input":{"@type":"PropertyValueSpecification","valueRequired":true,"valueName":"search_term_string"}}],"inLanguage":"pl-PL"}]}},"_links":{"self":[{"href":"https:\/\/www.maxima-dia.com\/pl\/wp-json\/wp\/v2\/pages\/38950"}],"collection":[{"href":"https:\/\/www.maxima-dia.com\/pl\/wp-json\/wp\/v2\/pages"}],"about":[{"href":"https:\/\/www.maxima-dia.com\/pl\/wp-json\/wp\/v2\/types\/page"}],"author":[{"embeddable":true,"href":"https:\/\/www.maxima-dia.com\/pl\/wp-json\/wp\/v2\/users\/29"}],"replies":[{"embeddable":true,"href":"https:\/\/www.maxima-dia.com\/pl\/wp-json\/wp\/v2\/comments?post=38950"}],"version-history":[{"count":2,"href":"https:\/\/www.maxima-dia.com\/pl\/wp-json\/wp\/v2\/pages\/38950\/revisions"}],"predecessor-version":[{"id":38972,"href":"https:\/\/www.maxima-dia.com\/pl\/wp-json\/wp\/v2\/pages\/38950\/revisions\/38972"}],"up":[{"embeddable":true,"href":"https:\/\/www.maxima-dia.com\/pl\/wp-json\/wp\/v2\/pages\/20712"}],"wp:featuredmedia":[{"embeddable":true,"href":"https:\/\/www.maxima-dia.com\/pl\/wp-json\/wp\/v2\/media\/37435"}],"wp:attachment":[{"href":"https:\/\/www.maxima-dia.com\/pl\/wp-json\/wp\/v2\/media?parent=38950"}],"curies":[{"name":"wp","href":"https:\/\/api.w.org\/{rel}","templated":true}]}}