{"id":45783,"date":"2024-11-06T10:55:32","date_gmt":"2024-11-06T09:55:32","guid":{"rendered":"https:\/\/www.maxima-dia.com\/?page_id=45783"},"modified":"2024-11-06T10:55:32","modified_gmt":"2024-11-06T09:55:32","slug":"silver-core-bit-70","status":"publish","type":"page","link":"https:\/\/www.maxima-dia.com\/pl\/wiertla-do-wiercenia-na-sucho\/silver-core-bit-70\/","title":{"rendered":"Silver Core Bit 70"},"content":{"rendered":"<div class=\"wpb-content-wrapper\"><p>[vc_row][vc_column text_align=&#8221;center&#8221; width=&#8221;1\/4&#8243;][vc_column_text]<a href=\"https:\/\/www.maxima-dia.com\/wp-content\/uploads\/2024\/11\/FORETTO-LASER-ARGENTO-70_cop.jpg\"><img loading=\"lazy\" decoding=\"async\" class=\"alignnone wp-image-45764 size-thumbnail\" src=\"https:\/\/www.maxima-dia.com\/wp-content\/uploads\/2024\/11\/FORETTO-LASER-ARGENTO-70_cop-150x150.jpg\" alt=\"\" width=\"150\" height=\"150\" srcset=\"https:\/\/www.maxima-dia.com\/wp-content\/uploads\/2024\/11\/FORETTO-LASER-ARGENTO-70_cop-150x150.jpg 150w, https:\/\/www.maxima-dia.com\/wp-content\/uploads\/2024\/11\/FORETTO-LASER-ARGENTO-70_cop-300x300.jpg 300w, https:\/\/www.maxima-dia.com\/wp-content\/uploads\/2024\/11\/FORETTO-LASER-ARGENTO-70_cop-1024x1024.jpg 1024w, https:\/\/www.maxima-dia.com\/wp-content\/uploads\/2024\/11\/FORETTO-LASER-ARGENTO-70_cop-768x768.jpg 768w, https:\/\/www.maxima-dia.com\/wp-content\/uploads\/2024\/11\/FORETTO-LASER-ARGENTO-70_cop-80x80.jpg 80w, https:\/\/www.maxima-dia.com\/wp-content\/uploads\/2024\/11\/FORETTO-LASER-ARGENTO-70_cop-500x500.jpg 500w, https:\/\/www.maxima-dia.com\/wp-content\/uploads\/2024\/11\/FORETTO-LASER-ARGENTO-70_cop-1000x1000.jpg 1000w, https:\/\/www.maxima-dia.com\/wp-content\/uploads\/2024\/11\/FORETTO-LASER-ARGENTO-70_cop.jpg 1500w\" sizes=\"(max-width: 150px) 100vw, 150px\" \/><\/a><\/p>\n<p>&nbsp;[\/vc_column_text][\/vc_column][vc_column width=&#8221;3\/4&#8243;][vc_column_text]<strong>Silver Core Bit 70<\/strong> zosta\u0142 stworzony dla dostarczenia produktu identycznego z wiert\u0142em <strong>Silver Core Bit<\/strong> pod wzgl\u0119dem jako\u015bci, ale nie z tak wysok\u0105 wydajno\u015bci\u0105, dla tych, kt\u00f3rzy nie u\u017cywaj\u0105 go codziennie. Sk\u0142ad segment\u00f3w diamentowych jest taki sam, s\u0105 one zgrzewane laserowo na idealnie cylindrycznym korpusie.<br \/>\n<strong>D\u0142ugo\u015b\u0107 wiert\u0142a koronowego 150 mm.<\/strong><\/p>\n<table class=\"tabellatecnica\" style=\"width: 99.7965%;\" border=\"0\" cellspacing=\"0\" cellpadding=\"0\">\n<thead>\n<tr>\n<td class=\"testata\" style=\"width: 99.7965%;\" colspan=\"2\">Tabela techniczna<\/td>\n<\/tr>\n<\/thead>\n<tbody>\n<tr style=\"height: 35px;\">\n<td class=\"prima\" style=\"height: 35px; width: 75.0763%;\">Utwardzony beton \/ ceg\u0142y \/ dach\u00f3wki<\/td>\n<td class=\"seconda\" style=\"width: 24.7202%;\"><b class=\"txtred\">\u2605<\/b><b class=\"txtred\">\u2605<\/b><b class=\"txtred\">\u2605<\/b><b class=\"txtred\">\u2605<\/b><\/td>\n<\/tr>\n<tr style=\"height: 35px;\">\n<td class=\"prima\" style=\"height: 35px; width: 75.0763%;\">S\u0142aby \u017celbet<\/td>\n<td class=\"seconda\" style=\"width: 24.7202%;\"><b class=\"txtred\">\u2605<\/b><b class=\"txtred\">\u2605<\/b><\/td>\n<\/tr>\n<tr style=\"height: 35px;\">\n<td class=\"prima\" style=\"height: 35px; width: 75.0763%;\">Wysoce zbrojony beton<\/td>\n<td class=\"seconda\" style=\"width: 24.7202%;\"><b class=\"txtred\">\u2605<\/b><\/td>\n<\/tr>\n<tr style=\"height: 35px;\">\n<td class=\"prima\" style=\"height: 35px; width: 75.0763%;\">Granit \/ Kamie\u0144 naturalny \/ Porfiry<\/td>\n<td class=\"seconda\" style=\"width: 24.7202%;\"><b class=\"txtred\">\u2605<\/b><b class=\"txtred\">\u2605<\/b><\/td>\n<\/tr>\n<tr style=\"height: 35px;\">\n<td class=\"prima\" style=\"height: 35px; width: 75.0763%;\">Marmur<\/td>\n<td class=\"seconda\" style=\"width: 24.7202%;\">&nbsp;<\/td>\n<\/tr>\n<tr style=\"height: 35px;\">\n<td class=\"prima\" style=\"height: 35px; width: 75.0763%;\">Materia\u0142y ogniotrwa\u0142e<\/td>\n<td class=\"seconda\" style=\"width: 24.7202%;\"><b class=\"txtred\">\u2605<\/b><b class=\"txtred\">\u2605<\/b><\/td>\n<\/tr>\n<tr style=\"height: 35px;\">\n<td class=\"prima\" style=\"height: 35px; width: 75.0763%;\">\n<div dir=\"ltr\" data-angle=\"0\" data-font-name=\"g_font_4859_0\" data-canvas-width=\"160.9459263954163\">Piaskowiec \/ Umyte \u017cwirowe p\u0142yty<\/div>\n<\/td>\n<td class=\"seconda\" style=\"width: 24.7202%;\"><b class=\"txtred\">\u2605<\/b><b class=\"txtred\">\u2605<\/b><\/td>\n<\/tr>\n<tr style=\"height: 35px;\">\n<td class=\"prima\" style=\"height: 35px; width: 75.0763%;\">\n<div dir=\"ltr\" data-angle=\"0\" data-font-name=\"g_font_4859_0\" data-canvas-width=\"133.13664529037476\">Podw\u00f3jnie wypalane p\u0142ytki ceramiczne<\/div>\n<\/td>\n<td class=\"seconda\" style=\"width: 24.7202%;\"><b class=\"txtred\">\u2605<\/b><\/td>\n<\/tr>\n<tr style=\"height: 35px;\">\n<td class=\"prima\" style=\"height: 35px; width: 75.0763%;\">\n<div dir=\"ltr\" data-angle=\"0\" data-font-name=\"g_font_4859_0\" data-canvas-width=\"133.13664529037476\">\n<div dir=\"ltr\" data-angle=\"0\" data-font-name=\"g_font_4859_0\" data-canvas-width=\"128.0793650894165\">Single fired ceramic tiles<\/div>\n<\/div>\n<\/td>\n<td class=\"seconda\" style=\"width: 24.7202%;\"><b class=\"txtred\">\u2605<\/b><\/td>\n<\/tr>\n<tr style=\"height: 35px;\">\n<td class=\"prima\" style=\"height: 35px; width: 75.0763%;\">P\u0142ytki ceramiczne wypalane pojedynczo<\/td>\n<td class=\"seconda\" style=\"width: 24.7202%;\">&nbsp;<\/td>\n<\/tr>\n<tr style=\"height: 35px;\">\n<td class=\"prima\" style=\"height: 35px; width: 75.0763%;\">\n<div dir=\"ltr\" data-angle=\"0\" data-font-name=\"g_font_4859_0\" data-canvas-width=\"172.2470468444824\">\n<div dir=\"ltr\" data-angle=\"0\" data-font-name=\"g_font_4859_0\" data-canvas-width=\"69.90336277770997\">\u015awie\u017cy cement<\/div>\n<\/div>\n<\/td>\n<td class=\"seconda\" style=\"width: 24.7202%;\"><b class=\"txtred\">\u2605<\/b><\/td>\n<\/tr>\n<tr style=\"height: 24px;\">\n<td class=\"prima\" style=\"height: 24px; width: 75.0763%;\">Asfalt<\/td>\n<td class=\"seconda\" style=\"width: 24.7202%;\"><b class=\"txtred\">\u2605<\/b><\/td>\n<\/tr>\n<tr>\n<td class=\"intervallo\" style=\"width: 99.7965%;\" colspan=\"2\">&nbsp;<\/td>\n<\/tr>\n<tr style=\"height: 35px;\">\n<td class=\"prima\" style=\"height: 35px; width: 75.0763%;\">Pr\u0119dko\u015b\u0107 ci\u0119cia<\/td>\n<td class=\"seconda\" style=\"width: 24.7202%;\"><b class=\"txtred\">\u2605<\/b><b class=\"txtred\">\u2605<\/b><b class=\"txtred\">\u2605<\/b><\/td>\n<\/tr>\n<tr style=\"height: 24px;\">\n<td class=\"prima\" style=\"height: 24px; width: 75.0763%;\">\u015arednie \u017cycie dodatkowe<\/td>\n<td class=\"seconda\" style=\"width: 24.7202%;\"><b class=\"txtred\">\u2605<\/b><b class=\"txtred\">\u2605<\/b><b class=\"txtred\">\u2605<\/b><\/td>\n<\/tr>\n<tr>\n<td class=\"legenda\" style=\"width: 99.7965%;\" colspan=\"2\"><strong>Wystarczaj\u0105cy<\/strong> <b class=\"txtred\">\u2605<\/b> &nbsp;&nbsp; &nbsp;<strong>\u015aredni<\/strong><b class=\"txtred\">\u2605<\/b><b class=\"txtred\">\u2605<\/b> &nbsp;&nbsp; &nbsp;<strong>Dobry<\/strong><b class=\"txtred\">\u2605<\/b><b class=\"txtred\">\u2605<\/b><b class=\"txtred\">\u2605<\/b> &nbsp;&nbsp; &nbsp;<strong>Doskona\u0142y<\/strong><b class=\"txtred\">\u2605<\/b><b class=\"txtred\">\u2605<\/b><b class=\"txtred\">\u2605<\/b><b class=\"txtred\">\u2605<\/b> &nbsp;&nbsp; &nbsp;<strong>Wspania\u0142y<\/strong>&nbsp;<b class=\"txtred\">\u2605<\/b><b class=\"txtred\">\u2605<\/b><b class=\"txtred\">\u2605<\/b><b class=\"txtred\">\u2605<\/b><b class=\"txtred\">\u2605<\/b><\/td>\n<\/tr>\n<\/tbody>\n<\/table>\n<p>&nbsp;<\/p>\n<table class=\"tabellatecnica\" style=\"width: 80%;\" border=\"0\" cellspacing=\"0\" cellpadding=\"0\">\n<thead>\n<tr>\n<td class=\"testata\">Dost\u0119pne \u015brednice<\/td>\n<\/tr>\n<\/thead>\n<tbody>\n<tr>\n<td><img loading=\"lazy\" decoding=\"async\" class=\"alignleft\" src=\"\/wp-content\/uploads\/2013\/11\/s-m1.png\" alt=\"s-m1\" width=\"107\" height=\"30\">68-82-102-112<\/td>\n<\/tr>\n<\/tbody>\n<\/table>\n<p>&nbsp;[\/vc_column_text][\/vc_column][\/vc_row]<\/p>\n<\/div>","protected":false},"excerpt":{"rendered":"<p>[vc_row][vc_column text_align=&#8221;center&#8221; width=&#8221;1\/4&#8243;][vc_column_text] &nbsp;[\/vc_column_text][\/vc_column][vc_column width=&#8221;3\/4&#8243;][vc_column_text]Silver Core Bit 70 zosta\u0142 stworzony dla dostarczenia produktu identycznego z wiert\u0142em Silver Core Bit pod wzgl\u0119dem jako\u015bci, ale nie z tak wysok\u0105 wydajno\u015bci\u0105, dla tych, kt\u00f3rzy nie u\u017cywaj\u0105 go codziennie. Sk\u0142ad segment\u00f3w diamentowych jest taki sam, s\u0105 one zgrzewane laserowo na idealnie cylindrycznym korpusie. D\u0142ugo\u015b\u0107 wiert\u0142a koronowego 150 mm. Tabela techniczna Utwardzony beton \/ ceg\u0142y \/ dach\u00f3wki \u2605\u2605\u2605\u2605 S\u0142aby \u017celbet \u2605\u2605 Wysoce zbrojony beton \u2605 Granit \/ Kamie\u0144 naturalny \/ Porfiry \u2605\u2605 Marmur &nbsp; Materia\u0142y ogniotrwa\u0142e \u2605\u2605 Piaskowiec \/ Umyte \u017cwirowe p\u0142yty \u2605\u2605 Podw\u00f3jnie wypalane p\u0142ytki ceramiczne \u2605 Single fired ceramic tiles \u2605 P\u0142ytki ceramiczne wypalane pojedynczo &nbsp; \u015awie\u017cy cement \u2605 Asfalt \u2605 &nbsp; Pr\u0119dko\u015b\u0107 ci\u0119cia \u2605\u2605\u2605 \u015arednie \u017cycie dodatkowe \u2605\u2605\u2605 Wystarczaj\u0105cy \u2605 &nbsp;&nbsp; &nbsp;\u015aredni\u2605\u2605 &nbsp;&nbsp; &nbsp;Dobry\u2605\u2605\u2605 &nbsp;&nbsp; &nbsp;Doskona\u0142y\u2605\u2605\u2605\u2605 &nbsp;&nbsp; &nbsp;Wspania\u0142y&nbsp;\u2605\u2605\u2605\u2605\u2605 &nbsp; Dost\u0119pne \u015brednice 68-82-102-112 &nbsp;[\/vc_column_text][\/vc_column][\/vc_row]<\/p>\n","protected":false},"author":29,"featured_media":45768,"parent":20712,"menu_order":6,"comment_status":"closed","ping_status":"closed","template":"","meta":{"ngg_post_thumbnail":0,"_joinchat":[],"footnotes":""},"class_list":["post-45783","page","type-page","status-publish","has-post-thumbnail","hentry"],"yoast_head":"<!-- This site is optimized with the Yoast SEO plugin v25.5 - https:\/\/yoast.com\/wordpress\/plugins\/seo\/ -->\n<title>Silver Core Bit 70 - Maxima SpA<\/title>\n<meta name=\"robots\" content=\"index, follow, max-snippet:-1, max-image-preview:large, max-video-preview:-1\" \/>\n<link rel=\"canonical\" href=\"https:\/\/www.maxima-dia.com\/pl\/wiertla-do-wiercenia-na-sucho\/silver-core-bit-70\/\" \/>\n<meta property=\"og:locale\" content=\"pl_PL\" \/>\n<meta property=\"og:type\" content=\"article\" \/>\n<meta property=\"og:title\" content=\"Silver Core Bit 70 - Maxima SpA\" \/>\n<meta property=\"og:description\" content=\"[vc_row][vc_column text_align=&#8221;center&#8221; width=&#8221;1\/4&#8243;][vc_column_text] &nbsp;[\/vc_column_text][\/vc_column][vc_column width=&#8221;3\/4&#8243;][vc_column_text]Silver Core Bit 70 zosta\u0142 stworzony dla dostarczenia produktu identycznego z wiert\u0142em Silver Core Bit pod wzgl\u0119dem jako\u015bci, ale nie z tak wysok\u0105 wydajno\u015bci\u0105, dla tych, kt\u00f3rzy nie u\u017cywaj\u0105 go codziennie. Sk\u0142ad segment\u00f3w diamentowych jest taki sam, s\u0105 one zgrzewane laserowo na idealnie cylindrycznym korpusie. D\u0142ugo\u015b\u0107 wiert\u0142a koronowego 150 mm. Tabela techniczna Utwardzony beton \/ ceg\u0142y \/ dach\u00f3wki \u2605\u2605\u2605\u2605 S\u0142aby \u017celbet \u2605\u2605 Wysoce zbrojony beton \u2605 Granit \/ Kamie\u0144 naturalny \/ Porfiry \u2605\u2605 Marmur &nbsp; Materia\u0142y ogniotrwa\u0142e \u2605\u2605 Piaskowiec \/ Umyte \u017cwirowe p\u0142yty \u2605\u2605 Podw\u00f3jnie wypalane p\u0142ytki ceramiczne \u2605 Single fired ceramic tiles \u2605 P\u0142ytki ceramiczne wypalane pojedynczo &nbsp; \u015awie\u017cy cement \u2605 Asfalt \u2605 &nbsp; Pr\u0119dko\u015b\u0107 ci\u0119cia \u2605\u2605\u2605 \u015arednie \u017cycie dodatkowe \u2605\u2605\u2605 Wystarczaj\u0105cy \u2605 &nbsp;&nbsp; &nbsp;\u015aredni\u2605\u2605 &nbsp;&nbsp; &nbsp;Dobry\u2605\u2605\u2605 &nbsp;&nbsp; &nbsp;Doskona\u0142y\u2605\u2605\u2605\u2605 &nbsp;&nbsp; &nbsp;Wspania\u0142y&nbsp;\u2605\u2605\u2605\u2605\u2605 &nbsp; Dost\u0119pne \u015brednice 68-82-102-112 &nbsp;[\/vc_column_text][\/vc_column][\/vc_row]\" \/>\n<meta property=\"og:url\" content=\"https:\/\/www.maxima-dia.com\/pl\/wiertla-do-wiercenia-na-sucho\/silver-core-bit-70\/\" \/>\n<meta property=\"og:site_name\" content=\"Maxima SpA\" \/>\n<meta property=\"article:publisher\" content=\"https:\/\/www.facebook.com\/Maxima-spa-106098566139597\" \/>\n<meta property=\"og:image\" content=\"https:\/\/www.maxima-dia.com\/wp-content\/uploads\/2024\/11\/FORETTO-LASER-ARGENTO-70_cop.jpg\" \/>\n\t<meta property=\"og:image:width\" content=\"1500\" \/>\n\t<meta property=\"og:image:height\" content=\"1500\" \/>\n\t<meta property=\"og:image:type\" content=\"image\/jpeg\" \/>\n<meta name=\"twitter:card\" content=\"summary_large_image\" \/>\n<meta name=\"twitter:site\" content=\"@Maximadia\" \/>\n<meta name=\"twitter:label1\" content=\"Szacowany czas czytania\" \/>\n\t<meta name=\"twitter:data1\" content=\"1 minuta\" \/>\n<script type=\"application\/ld+json\" class=\"yoast-schema-graph\">{\"@context\":\"https:\/\/schema.org\",\"@graph\":[{\"@type\":\"WebPage\",\"@id\":\"https:\/\/www.maxima-dia.com\/pl\/wiertla-do-wiercenia-na-sucho\/silver-core-bit-70\/\",\"url\":\"https:\/\/www.maxima-dia.com\/pl\/wiertla-do-wiercenia-na-sucho\/silver-core-bit-70\/\",\"name\":\"Silver Core Bit 70 - Maxima SpA\",\"isPartOf\":{\"@id\":\"https:\/\/www.maxima-dia.com\/pl\/#website\"},\"primaryImageOfPage\":{\"@id\":\"https:\/\/www.maxima-dia.com\/pl\/wiertla-do-wiercenia-na-sucho\/silver-core-bit-70\/#primaryimage\"},\"image\":{\"@id\":\"https:\/\/www.maxima-dia.com\/pl\/wiertla-do-wiercenia-na-sucho\/silver-core-bit-70\/#primaryimage\"},\"thumbnailUrl\":\"https:\/\/www.maxima-dia.com\/wp-content\/uploads\/2024\/11\/FORETTO-LASER-ARGENTO-70_cop.jpg\",\"datePublished\":\"2024-11-06T09:55:32+00:00\",\"breadcrumb\":{\"@id\":\"https:\/\/www.maxima-dia.com\/pl\/wiertla-do-wiercenia-na-sucho\/silver-core-bit-70\/#breadcrumb\"},\"inLanguage\":\"pl-PL\",\"potentialAction\":[{\"@type\":\"ReadAction\",\"target\":[\"https:\/\/www.maxima-dia.com\/pl\/wiertla-do-wiercenia-na-sucho\/silver-core-bit-70\/\"]}]},{\"@type\":\"ImageObject\",\"inLanguage\":\"pl-PL\",\"@id\":\"https:\/\/www.maxima-dia.com\/pl\/wiertla-do-wiercenia-na-sucho\/silver-core-bit-70\/#primaryimage\",\"url\":\"https:\/\/www.maxima-dia.com\/wp-content\/uploads\/2024\/11\/FORETTO-LASER-ARGENTO-70_cop.jpg\",\"contentUrl\":\"https:\/\/www.maxima-dia.com\/wp-content\/uploads\/2024\/11\/FORETTO-LASER-ARGENTO-70_cop.jpg\",\"width\":1500,\"height\":1500},{\"@type\":\"BreadcrumbList\",\"@id\":\"https:\/\/www.maxima-dia.com\/pl\/wiertla-do-wiercenia-na-sucho\/silver-core-bit-70\/#breadcrumb\",\"itemListElement\":[{\"@type\":\"ListItem\",\"position\":1,\"name\":\"Home\",\"item\":\"https:\/\/www.maxima-dia.com\/pl\/\"},{\"@type\":\"ListItem\",\"position\":2,\"name\":\"Wiert\u0142a do Wiercenia na sucho\",\"item\":\"https:\/\/www.maxima-dia.com\/pl\/wiertla-do-wiercenia-na-sucho\/\"},{\"@type\":\"ListItem\",\"position\":3,\"name\":\"Silver Core Bit 70\"}]},{\"@type\":\"WebSite\",\"@id\":\"https:\/\/www.maxima-dia.com\/pl\/#website\",\"url\":\"https:\/\/www.maxima-dia.com\/pl\/\",\"name\":\"Maxima SpA\",\"description\":\"Only for the real professionals\",\"potentialAction\":[{\"@type\":\"SearchAction\",\"target\":{\"@type\":\"EntryPoint\",\"urlTemplate\":\"https:\/\/www.maxima-dia.com\/pl\/?s={search_term_string}\"},\"query-input\":{\"@type\":\"PropertyValueSpecification\",\"valueRequired\":true,\"valueName\":\"search_term_string\"}}],\"inLanguage\":\"pl-PL\"}]}<\/script>\n<!-- \/ Yoast SEO plugin. -->","yoast_head_json":{"title":"Silver Core Bit 70 - Maxima SpA","robots":{"index":"index","follow":"follow","max-snippet":"max-snippet:-1","max-image-preview":"max-image-preview:large","max-video-preview":"max-video-preview:-1"},"canonical":"https:\/\/www.maxima-dia.com\/pl\/wiertla-do-wiercenia-na-sucho\/silver-core-bit-70\/","og_locale":"pl_PL","og_type":"article","og_title":"Silver Core Bit 70 - Maxima SpA","og_description":"[vc_row][vc_column text_align=&#8221;center&#8221; width=&#8221;1\/4&#8243;][vc_column_text] &nbsp;[\/vc_column_text][\/vc_column][vc_column width=&#8221;3\/4&#8243;][vc_column_text]Silver Core Bit 70 zosta\u0142 stworzony dla dostarczenia produktu identycznego z wiert\u0142em Silver Core Bit pod wzgl\u0119dem jako\u015bci, ale nie z tak wysok\u0105 wydajno\u015bci\u0105, dla tych, kt\u00f3rzy nie u\u017cywaj\u0105 go codziennie. Sk\u0142ad segment\u00f3w diamentowych jest taki sam, s\u0105 one zgrzewane laserowo na idealnie cylindrycznym korpusie. D\u0142ugo\u015b\u0107 wiert\u0142a koronowego 150 mm. Tabela techniczna Utwardzony beton \/ ceg\u0142y \/ dach\u00f3wki \u2605\u2605\u2605\u2605 S\u0142aby \u017celbet \u2605\u2605 Wysoce zbrojony beton \u2605 Granit \/ Kamie\u0144 naturalny \/ Porfiry \u2605\u2605 Marmur &nbsp; Materia\u0142y ogniotrwa\u0142e \u2605\u2605 Piaskowiec \/ Umyte \u017cwirowe p\u0142yty \u2605\u2605 Podw\u00f3jnie wypalane p\u0142ytki ceramiczne \u2605 Single fired ceramic tiles \u2605 P\u0142ytki ceramiczne wypalane pojedynczo &nbsp; \u015awie\u017cy cement \u2605 Asfalt \u2605 &nbsp; Pr\u0119dko\u015b\u0107 ci\u0119cia \u2605\u2605\u2605 \u015arednie \u017cycie dodatkowe \u2605\u2605\u2605 Wystarczaj\u0105cy \u2605 &nbsp;&nbsp; &nbsp;\u015aredni\u2605\u2605 &nbsp;&nbsp; &nbsp;Dobry\u2605\u2605\u2605 &nbsp;&nbsp; &nbsp;Doskona\u0142y\u2605\u2605\u2605\u2605 &nbsp;&nbsp; &nbsp;Wspania\u0142y&nbsp;\u2605\u2605\u2605\u2605\u2605 &nbsp; Dost\u0119pne \u015brednice 68-82-102-112 &nbsp;[\/vc_column_text][\/vc_column][\/vc_row]","og_url":"https:\/\/www.maxima-dia.com\/pl\/wiertla-do-wiercenia-na-sucho\/silver-core-bit-70\/","og_site_name":"Maxima SpA","article_publisher":"https:\/\/www.facebook.com\/Maxima-spa-106098566139597","og_image":[{"width":1500,"height":1500,"url":"https:\/\/www.maxima-dia.com\/wp-content\/uploads\/2024\/11\/FORETTO-LASER-ARGENTO-70_cop.jpg","type":"image\/jpeg"}],"twitter_card":"summary_large_image","twitter_site":"@Maximadia","twitter_misc":{"Szacowany czas czytania":"1 minuta"},"schema":{"@context":"https:\/\/schema.org","@graph":[{"@type":"WebPage","@id":"https:\/\/www.maxima-dia.com\/pl\/wiertla-do-wiercenia-na-sucho\/silver-core-bit-70\/","url":"https:\/\/www.maxima-dia.com\/pl\/wiertla-do-wiercenia-na-sucho\/silver-core-bit-70\/","name":"Silver Core Bit 70 - Maxima SpA","isPartOf":{"@id":"https:\/\/www.maxima-dia.com\/pl\/#website"},"primaryImageOfPage":{"@id":"https:\/\/www.maxima-dia.com\/pl\/wiertla-do-wiercenia-na-sucho\/silver-core-bit-70\/#primaryimage"},"image":{"@id":"https:\/\/www.maxima-dia.com\/pl\/wiertla-do-wiercenia-na-sucho\/silver-core-bit-70\/#primaryimage"},"thumbnailUrl":"https:\/\/www.maxima-dia.com\/wp-content\/uploads\/2024\/11\/FORETTO-LASER-ARGENTO-70_cop.jpg","datePublished":"2024-11-06T09:55:32+00:00","breadcrumb":{"@id":"https:\/\/www.maxima-dia.com\/pl\/wiertla-do-wiercenia-na-sucho\/silver-core-bit-70\/#breadcrumb"},"inLanguage":"pl-PL","potentialAction":[{"@type":"ReadAction","target":["https:\/\/www.maxima-dia.com\/pl\/wiertla-do-wiercenia-na-sucho\/silver-core-bit-70\/"]}]},{"@type":"ImageObject","inLanguage":"pl-PL","@id":"https:\/\/www.maxima-dia.com\/pl\/wiertla-do-wiercenia-na-sucho\/silver-core-bit-70\/#primaryimage","url":"https:\/\/www.maxima-dia.com\/wp-content\/uploads\/2024\/11\/FORETTO-LASER-ARGENTO-70_cop.jpg","contentUrl":"https:\/\/www.maxima-dia.com\/wp-content\/uploads\/2024\/11\/FORETTO-LASER-ARGENTO-70_cop.jpg","width":1500,"height":1500},{"@type":"BreadcrumbList","@id":"https:\/\/www.maxima-dia.com\/pl\/wiertla-do-wiercenia-na-sucho\/silver-core-bit-70\/#breadcrumb","itemListElement":[{"@type":"ListItem","position":1,"name":"Home","item":"https:\/\/www.maxima-dia.com\/pl\/"},{"@type":"ListItem","position":2,"name":"Wiert\u0142a do Wiercenia na sucho","item":"https:\/\/www.maxima-dia.com\/pl\/wiertla-do-wiercenia-na-sucho\/"},{"@type":"ListItem","position":3,"name":"Silver Core Bit 70"}]},{"@type":"WebSite","@id":"https:\/\/www.maxima-dia.com\/pl\/#website","url":"https:\/\/www.maxima-dia.com\/pl\/","name":"Maxima SpA","description":"Only for the real professionals","potentialAction":[{"@type":"SearchAction","target":{"@type":"EntryPoint","urlTemplate":"https:\/\/www.maxima-dia.com\/pl\/?s={search_term_string}"},"query-input":{"@type":"PropertyValueSpecification","valueRequired":true,"valueName":"search_term_string"}}],"inLanguage":"pl-PL"}]}},"_links":{"self":[{"href":"https:\/\/www.maxima-dia.com\/pl\/wp-json\/wp\/v2\/pages\/45783"}],"collection":[{"href":"https:\/\/www.maxima-dia.com\/pl\/wp-json\/wp\/v2\/pages"}],"about":[{"href":"https:\/\/www.maxima-dia.com\/pl\/wp-json\/wp\/v2\/types\/page"}],"author":[{"embeddable":true,"href":"https:\/\/www.maxima-dia.com\/pl\/wp-json\/wp\/v2\/users\/29"}],"replies":[{"embeddable":true,"href":"https:\/\/www.maxima-dia.com\/pl\/wp-json\/wp\/v2\/comments?post=45783"}],"version-history":[{"count":2,"href":"https:\/\/www.maxima-dia.com\/pl\/wp-json\/wp\/v2\/pages\/45783\/revisions"}],"predecessor-version":[{"id":45785,"href":"https:\/\/www.maxima-dia.com\/pl\/wp-json\/wp\/v2\/pages\/45783\/revisions\/45785"}],"up":[{"embeddable":true,"href":"https:\/\/www.maxima-dia.com\/pl\/wp-json\/wp\/v2\/pages\/20712"}],"wp:featuredmedia":[{"embeddable":true,"href":"https:\/\/www.maxima-dia.com\/pl\/wp-json\/wp\/v2\/media\/45768"}],"wp:attachment":[{"href":"https:\/\/www.maxima-dia.com\/pl\/wp-json\/wp\/v2\/media?parent=45783"}],"curies":[{"name":"wp","href":"https:\/\/api.w.org\/{rel}","templated":true}]}}